{"id":5863,"date":"2025-07-27T03:17:47","date_gmt":"2025-07-27T03:17:47","guid":{"rendered":"https:\/\/puffvapestore.com\/?post_type=product&#038;p=5863"},"modified":"2026-02-05T03:54:29","modified_gmt":"2026-02-05T03:54:29","slug":"red-bull-blueberry-watermelon-apple-pear-bang-leader-80k","status":"publish","type":"product","link":"https:\/\/puffvapestore.com\/pl\/product\/red-bull-jagoda-arbuz-jablko-gruszka-bang-leader-80k\/","title":{"rendered":"Red Bull &amp; Blueberry Watermelon &amp; Apple Pear - Bang Leader 80000 3 w 1"},"content":{"rendered":"<div data-elementor-type=\"wp-post\" data-elementor-id=\"5863\" class=\"elementor elementor-5863\">\n\t\t\t\t<div class=\"elementor-element elementor-element-08c26f9 e-flex e-con-boxed e-con e-parent\" data-id=\"08c26f9\" data-element_type=\"container\" data-e-type=\"container\">\n\t\t\t\t\t<div class=\"e-con-inner\">\n\t\t\t\t<div class=\"elementor-element elementor-element-a005a97 elementor-widget elementor-widget-text-editor\" data-id=\"a005a97\" data-element_type=\"widget\" data-e-type=\"widget\" data-widget_type=\"text-editor.default\">\n\t\t\t\t<div class=\"elementor-widget-container\">\n\t\t\t\t\t\t\t\t\t<p>Bang Leader 80000 Red Bull, Blueberry, Watermelon, Apple and Pear 3 in 1 to elektroniczny papieros, kt\u00f3ry doskonale \u0142\u0105czy w sobie energi\u0119 i owocow\u0105 \u015bwie\u017co\u015b\u0107. Smak Red Bull oferuje klasyczne pobudzenie Red Bullem, smak Blueberry, Watermelon symfoni\u0119 owocowych aromat\u00f3w, a smak Apple and Pear ciep\u0142e jab\u0142kowo-gruszkowe wyko\u0144czenie. Jest to idealne rozwi\u0105zanie dla fan\u00f3w e-papieros\u00f3w, kt\u00f3rzy ceni\u0105 sobie r\u00f3\u017cnorodno\u015b\u0107 smak\u00f3w bez nadmiernej s\u0142odyczy.<\/p><h2>Red Bull: Uwolnij energi\u0119 i zrelaksuj si\u0119<\/h2><p>Po dniu sp\u0119dzonym na spacerach ulicami Pary\u017ca zapada noc, zapalaj\u0105 si\u0119 \u015bwiat\u0142a, a zaci\u0105gni\u0119cie si\u0119 elektronicznym papierosem o smaku Red Bulla jest jak zamiana ca\u0142ej butelki napoju energetycznego w delikatn\u0105 par\u0119 i wstrzykni\u0119cie jej do p\u0142uc, zapewniaj\u0105c subteln\u0105 s\u0142odycz i orze\u017awiaj\u0105ce pobudzenie. Bezkofeinowy smak sprawia, \u017ce noc staje si\u0119 bardziej dynamiczna i skoncentrowana.<\/p><h2>Blueberry Watermelon: owocowy letni smak, \u015bwie\u017cy i s\u0142odki<\/h2><p>Na wakacjach w Prowansji lub nad morzem, po\u0142\u0105cz s\u0142odycz jag\u00f3d ze \u015bwie\u017co\u015bci\u0105 arbuz\u00f3w i uwolnij delikatn\u0105, s\u0142odk\u0105 mgie\u0142k\u0119 w powietrzu. Zapach ten jest idealny do zaci\u0105gni\u0119cia si\u0119 elektronicznym papierosem o smaku bor\u00f3wki i arbuza podczas czytania, s\u0142uchania muzyki lub popijania drinka, tak jakby\u015b le\u017ca\u0142 w rattanowym fotelu na s\u0142onecznym balkonie, wdychaj\u0105c lato na najwy\u017cszych obrotach.<\/p><h2>Jab\u0142ko Gruszka: Verger \u00c9l\u00e9gant, Fra\u00eecheur Fran\u00e7aise<\/h2><p>Po\u0142\u0105czenie jab\u0142ka i gruszki to najbardziej znany owocowy smak na francuskich sto\u0142ach rodzinnych. Bang Leader przekszta\u0142ca t\u0119 znajomo\u015b\u0107 w eleganck\u0105, lekk\u0105 par\u0119, idealn\u0105 do zaci\u0105gni\u0119cia si\u0119 elektronicznym papierosem o smaku jab\u0142kowo-gruszkowym mi\u0119dzy dwiema godzinami pracy lub wieczorem w samotno\u015bci i wspominania s\u0142odkich chwil \u017cycia.<\/p><h2>R\u00f3\u017cne st\u0119\u017cenia nikotyny<\/h2><p>Bang Leader 80000 oferuje r\u00f3\u017cne st\u0119\u017cenia nikotyny, w tym 0 %, 2 %, 3 % i 5 %, aby zaspokoi\u0107 potrzeby ka\u017cdego u\u017cytkownika. Niezale\u017cnie od tego, czy szukasz wra\u017ce\u0144 bez nikotyny, czy wy\u017cszego st\u0119\u017cenia, aby zaspokoi\u0107 swoje pragnienia, ten elektroniczny papieros oferuje elastyczne opcje u\u017cytkowania dostosowane do twoich preferencji.<\/p><h2>Innowacyjna konstrukcja e-liquidu \"trzy w jednym<\/h2><p>Ten elektroniczny papieros oferuje 78 ml pojemno\u015bci bardzo du\u017cego p\u0142ynu, sprytnie podzielonego na trzy oddzielne zbiorniki o pojemno\u015bci 26 ml. Ta unikalna konstrukcja \"trzy w jednym\" nie tylko zwi\u0119ksza komfort u\u017cytkownika, ale tak\u017ce u\u0142atwia prze\u0142\u0105czanie si\u0119 z jednego smaku na inny, zapewniaj\u0105c r\u00f3\u017cnorodne doznania. Ka\u017cdy zbiornik zosta\u0142 starannie zaprojektowany, aby zapewni\u0107 bezpieczne przechowywanie i \u0142atw\u0105 wymian\u0119 p\u0142ynu.<\/p><p>Model Bang Leader 80000 oferuje do 80 tys. zaci\u0105gni\u0119\u0107 i zosta\u0142 zaprojektowany z my\u015bl\u0105 o d\u0142ugotrwa\u0142ym u\u017cytkowaniu. Niezale\u017cnie od tego, czy chodzi o codzienne u\u017cytkowanie, czy d\u0142u\u017csze wycieczki, urz\u0105dzenie to zapewnia ci\u0105g\u0142e i stabilne wra\u017cenia z waporyzacji, bez konieczno\u015bci cz\u0119stej wymiany lub uzupe\u0142niania. Idealny dla u\u017cytkownik\u00f3w poszukuj\u0105cych trwa\u0142o\u015bci.<\/p><h2>Wydajna bateria i szybkie \u0142adowanie<\/h2><p>Ten elektroniczny papieros ma wbudowany akumulator o pojemno\u015bci 850 mAh i obs\u0142uguje technologi\u0119 szybkiego \u0142adowania typu C, kt\u00f3re trwa zaledwie oko\u0142o 60 minut. Wydajny system zarz\u0105dzania bateri\u0105 zapewnia d\u0142u\u017csz\u0105 \u017cywotno\u015b\u0107 baterii, a funkcja szybkiego \u0142adowania umo\u017cliwia szybkie wznowienie u\u017cytkowania, zapewniaj\u0105c p\u0142ynne wra\u017cenia w dowolnym miejscu i czasie.<\/p><h2>Zoptymalizowana technologia odporno\u015bci siatki<\/h2><p>Model Bang Leader 80000 wykorzystuje rezystor siatkowy 1,0 \u03a9. Zapewnia to r\u00f3wnomierne ogrzewanie i bogat\u0105, kremow\u0105 par\u0119. Struktura rezystora siatkowego optymalizuje atomizacj\u0119 p\u0142ynu, gwarantuj\u0105c niezmiennie bogaty smak przy ka\u017cdym zaci\u0105gni\u0119ciu.<\/p>\t\t\t\t\t\t\t\t<\/div>\n\t\t\t\t<\/div>\n\t\t\t\t\t<\/div>\n\t\t\t\t<\/div>\n\t\t\t\t<\/div>","protected":false},"excerpt":{"rendered":"<p>La Bang Leader 80000 Red Bull, Myrtille, Past\u00e8que, Pomme et Poire 3 en 1 est une cigarette \u00e9lectronique alliant parfaitement \u00e9nergie et fra\u00eecheur fruit\u00e9e. La saveur Red Bull offre la stimulation classique de Red Bull, la saveur Myrtille, Past\u00e8que, une symphonie d&rsquo;ar\u00f4mes fruit\u00e9s, et la saveur Pomme et Poire, une finale chaleureuse de pommes et [&hellip;]<\/p>\n","protected":false},"featured_media":5725,"comment_status":"open","ping_status":"closed","template":"","meta":{"site-sidebar-layout":"no-sidebar","site-content-layout":"page-builder","ast-site-content-layout":"normal-width-container","site-content-style":"default","site-sidebar-style":"default","ast-global-header-display":"","ast-banner-title-visibility":"","ast-main-header-display":"","ast-hfb-above-header-display":"","ast-hfb-below-header-display":"","ast-hfb-mobile-header-display":"","site-post-title":"disabled","ast-breadcrumbs-content":"","ast-featured-img":"disabled","footer-sml-layout":"","ast-disable-related-posts":"","theme-transparent-header-meta":"default","adv-header-id-meta":"","stick-header-meta":"default","header-above-stick-meta":"","header-main-stick-meta":"","header-below-stick-meta":"","astra-migrate-meta-layouts":"set","ast-page-background-enabled":"default","ast-page-background-meta":{"desktop":{"background-color":"","background-image":"","background-repeat":"repeat","background-position":"center center","background-size":"auto","background-attachment":"scroll","background-type":"","background-media":"","overlay-type":"","overlay-color":"","overlay-opacity":"","overlay-gradient":""},"tablet":{"background-color":"","background-image":"","background-repeat":"repeat","background-position":"center center","background-size":"auto","background-attachment":"scroll","background-type":"","background-media":"","overlay-type":"","overlay-color":"","overlay-opacity":"","overlay-gradient":""},"mobile":{"background-color":"","background-image":"","background-repeat":"repeat","background-position":"center center","background-size":"auto","background-attachment":"scroll","background-type":"","background-media":"","overlay-type":"","overlay-color":"","overlay-opacity":"","overlay-gradient":""}},"ast-content-background-meta":{"desktop":{"background-color":"var(--ast-global-color-5)","background-image":"","background-repeat":"repeat","background-position":"center center","background-size":"auto","background-attachment":"scroll","background-type":"","background-media":"","overlay-type":"","overlay-color":"","overlay-opacity":"","overlay-gradient":""},"tablet":{"background-color":"var(--ast-global-color-5)","background-image":"","background-repeat":"repeat","background-position":"center center","background-size":"auto","background-attachment":"scroll","background-type":"","background-media":"","overlay-type":"","overlay-color":"","overlay-opacity":"","overlay-gradient":""},"mobile":{"background-color":"var(--ast-global-color-5)","background-image":"","background-repeat":"repeat","background-position":"center center","background-size":"auto","background-attachment":"scroll","background-type":"","background-media":"","overlay-type":"","overlay-color":"","overlay-opacity":"","overlay-gradient":""}}},"product_brand":[53],"product_cat":[54,106,15],"product_tag":[],"class_list":{"0":"post-5863","1":"product","2":"type-product","3":"status-publish","4":"has-post-thumbnail","6":"product_brand-bang-cree-une-cigarette-electronique-plus-confortable","7":"product_cat-bang-leader-80k-dispose-de-trois-reservoirs-de-liquide-independants-integres","8":"product_cat-puff-80k","9":"product_cat-magasin-cigarette-electronique","10":"desktop-align-center","11":"tablet-align-center","12":"mobile-align-center","13":"ast-product-gallery-layout-horizontal","14":"ast-product-gallery-with-no-image","15":"ast-product-single-variable","16":"ast-product-tabs-layout-horizontal","17":"ast-qv-on-image","19":"first","20":"outofstock","21":"sale","22":"shipping-taxable","23":"purchasable","24":"product-type-variable","25":"has-default-attributes"},"tiered_pricing_type":"fixed","tiered_pricing_fixed_rules":{"50":7.24,"100":6.45},"tiered_pricing_product_settings":{"layout":"default","base_unit_name":{"singular":null,"plural":null},"default_variation":null},"tiered_pricing_minimum_quantity":null,"tiered_pricing_roles_data":[],"tiered_pricing_percentage_rules":[],"_links":{"self":[{"href":"https:\/\/puffvapestore.com\/pl\/wp-json\/wp\/v2\/product\/5863","targetHints":{"allow":["GET"]}}],"collection":[{"href":"https:\/\/puffvapestore.com\/pl\/wp-json\/wp\/v2\/product"}],"about":[{"href":"https:\/\/puffvapestore.com\/pl\/wp-json\/wp\/v2\/types\/product"}],"replies":[{"embeddable":true,"href":"https:\/\/puffvapestore.com\/pl\/wp-json\/wp\/v2\/comments?post=5863"}],"version-history":[{"count":11,"href":"https:\/\/puffvapestore.com\/pl\/wp-json\/wp\/v2\/product\/5863\/revisions"}],"predecessor-version":[{"id":6221,"href":"https:\/\/puffvapestore.com\/pl\/wp-json\/wp\/v2\/product\/5863\/revisions\/6221"}],"wp:featuredmedia":[{"embeddable":true,"href":"https:\/\/puffvapestore.com\/pl\/wp-json\/wp\/v2\/media\/5725"}],"wp:attachment":[{"href":"https:\/\/puffvapestore.com\/pl\/wp-json\/wp\/v2\/media?parent=5863"}],"wp:term":[{"taxonomy":"product_brand","embeddable":true,"href":"https:\/\/puffvapestore.com\/pl\/wp-json\/wp\/v2\/product_brand?post=5863"},{"taxonomy":"product_cat","embeddable":true,"href":"https:\/\/puffvapestore.com\/pl\/wp-json\/wp\/v2\/product_cat?post=5863"},{"taxonomy":"product_tag","embeddable":true,"href":"https:\/\/puffvapestore.com\/pl\/wp-json\/wp\/v2\/product_tag?post=5863"}],"curies":[{"name":"wp","href":"https:\/\/api.w.org\/{rel}","templated":true}]}}