{"id":5841,"date":"2025-07-26T07:51:01","date_gmt":"2025-07-26T07:51:01","guid":{"rendered":"https:\/\/puffvapestore.com\/?post_type=product&#038;p=5841"},"modified":"2026-02-05T03:54:29","modified_gmt":"2026-02-05T03:54:29","slug":"bang-leader-80k-cola-ice-blueberry-raspberry-peach-mango-watermelon-une-detente-instantanee","status":"publish","type":"product","link":"https:\/\/puffvapestore.com\/pl\/product\/bang-leader-80k-cola-ice-blueberry-raspberry-peach-mango-watermelon-instant-relaxation\/","title":{"rendered":"Bang Leader 80000 3 w 1 - Cola Ice &amp; Blueberry Raspberry &amp; Peach Mango Watermelon"},"content":{"rendered":"<div data-elementor-type=\"wp-post\" data-elementor-id=\"5841\" class=\"elementor elementor-5841\">\n\t\t\t\t<div class=\"elementor-element elementor-element-08c26f9 e-flex e-con-boxed e-con e-parent\" data-id=\"08c26f9\" data-element_type=\"container\" data-e-type=\"container\">\n\t\t\t\t\t<div class=\"e-con-inner\">\n\t\t\t\t<div class=\"elementor-element elementor-element-a005a97 elementor-widget elementor-widget-text-editor\" data-id=\"a005a97\" data-element_type=\"widget\" data-e-type=\"widget\" data-widget_type=\"text-editor.default\">\n\t\t\t\t<div class=\"elementor-widget-container\">\n\t\t\t\t\t\t\t\t\t<p>Konstrukcja trzy w jednym elektronicznego papierosa Bang Leader 80000 jest jednym z jego g\u0142\u00f3wnych atut\u00f3w, szczeg\u00f3lnie na rynku takim jak Francja, gdzie smak jest najwa\u017cniejszy, oferuj\u0105c wi\u0119kszy wyb\u00f3r i mo\u017cliwo\u015bci. Aromat Cola Ice, niesiony przez dym, daje uczucie \u015bwie\u017co\u015bci i ch\u0142odu, jakby\u015b zosta\u0142 przeniesiony do nadmorskiej kawiarni w \u015brodku lata. Bryza miesza si\u0119 ze znajomym zapachem pianki sodowej, zapewniaj\u0105c natychmiastowy relaks. Smak Blueberry, Raspberry oferuje dojrzalsz\u0105, bardziej eleganck\u0105 s\u0142odycz. Cierpka, s\u0142odka mieszanka jag\u00f3d przywodzi na my\u015bl tart\u0119 owocow\u0105 na ulicach Pary\u017ca, s\u0142odk\u0105, ale nie t\u0142ust\u0105, pobudzaj\u0105c\u0105 zmys\u0142y. A je\u015bli pragniesz tropikalnego komfortu, soczysty, \u015bwie\u017cy smak brzoskwini, mango i arbuza przeniesie Ci\u0119 do \u015br\u00f3dziemnomorskiego s\u0142o\u0144ca, do serca sad\u00f3w, zrelaksowany i pe\u0142en energii.<\/p><h2>Specyfikacje Bang Leader 80000 Cola Ice &amp; Blueberry Raspberry &amp; Peach Mango Watermelon 3 w 1 :<\/h2><p>Liczba zaci\u0105gni\u0119\u0107: Ka\u017cdy Bang Leader 80000 Cola Ice &amp; Blueberry Raspberry &amp; Peach Mango Watermelon oferuje do 80000 zaci\u0105gni\u0119\u0107, zapewniaj\u0105c d\u0142ugotrwa\u0142e u\u017cytkowanie.<\/p><p>Pojemno\u015b\u0107: 78 ml p\u0142ynu, podzielone na trzy niezale\u017cne zbiorniki o pojemno\u015bci 26 ml.<\/p><p>Bateria: Akumulator o pojemno\u015bci 850 mAh, kompatybilny z szybkim \u0142adowaniem typu C, zapewniaj\u0105cy czas \u0142adowania wynosz\u0105cy oko\u0142o 60 minut.<\/p><p>St\u0119\u017cenia nikotyny: 0 %, 2 %, 3 % i 5 % s\u0105 dost\u0119pne, aby zaspokoi\u0107 potrzeby ka\u017cdego u\u017cytkownika.<\/p><p>Rezystor siatkowy: Rezystor siatkowy 1,0 \u03a9 zapewniaj\u0105cy r\u00f3wnomierne ogrzewanie i g\u0142adk\u0105 par\u0119.<\/p><h2>Cechy Bang Leader 80000 Cola Ice &amp; Blueberry Raspberry &amp; Peach Mango Watermelon 3 w 1 :<\/h2><p>Potr\u00f3jny system aromatyzacji: Wyposa\u017cony w trzy niezale\u017cne zbiorniki, selektor smaku u\u0142atwia zmian\u0119 smaku, unikaj\u0105c monotonii jednego smaku.<\/p><p>Wysokowydajny rezystor siatkowy: rezystor siatkowy 1,0 \u03a9 zapewnia g\u0142adk\u0105 par\u0119 i bogaty smak, gwarantuj\u0105c sp\u00f3jn\u0105 waporyzacj\u0119 przy ka\u017cdym zaci\u0105gni\u0119ciu.<\/p><p>Konstrukcja z mo\u017cliwo\u015bci\u0105 \u0142adowania: bateria 850 mAh z szybkim \u0142adowaniem typu C, skracaj\u0105ca przestoje i wyd\u0142u\u017caj\u0105ca \u017cywotno\u015b\u0107 baterii.<\/p><p>Ergonomiczna konstrukcja: przeno\u015bna, lekka i wygodna do trzymania, odpowiednia do codziennego transportu i cz\u0119stego u\u017cytkowania.<\/p><p>R\u00f3\u017cne opcje nikotyny: od nikotyny bez nikotyny (0 %) do nikotyny o wysokim st\u0119\u017ceniu (5 %), odpowiednie zar\u00f3wno dla pocz\u0105tkuj\u0105cych, jak i do\u015bwiadczonych waper\u00f3w.<\/p><p>Funkcje bezpiecze\u0144stwa: wbudowane zabezpieczenie przed przeci\u0105\u017ceniem, zwarciem i niskim napi\u0119ciem zapewniaj\u0105ce bezpieczn\u0105 prac\u0119.<\/p>\t\t\t\t\t\t\t\t<\/div>\n\t\t\t\t<\/div>\n\t\t\t\t\t<\/div>\n\t\t\t\t<\/div>\n\t\t\t\t<\/div>","protected":false},"excerpt":{"rendered":"<p>La conception trois en un de la cigarette \u00e9lectronique Bang Leader 80000 est l&rsquo;un de ses atouts majeurs, notamment sur un march\u00e9 comme la France, o\u00f9 le go\u00fbt est primordial, offrant un choix et des possibilit\u00e9s plus vastes. L&rsquo;ar\u00f4me Cola Ice, port\u00e9 par la fum\u00e9e, procure une sensation de fra\u00eecheur et de fra\u00eecheur, comme si [&hellip;]<\/p>\n","protected":false},"featured_media":5722,"comment_status":"open","ping_status":"closed","template":"","meta":{"site-sidebar-layout":"no-sidebar","site-content-layout":"page-builder","ast-site-content-layout":"normal-width-container","site-content-style":"default","site-sidebar-style":"default","ast-global-header-display":"","ast-banner-title-visibility":"","ast-main-header-display":"","ast-hfb-above-header-display":"","ast-hfb-below-header-display":"","ast-hfb-mobile-header-display":"","site-post-title":"disabled","ast-breadcrumbs-content":"","ast-featured-img":"disabled","footer-sml-layout":"","ast-disable-related-posts":"","theme-transparent-header-meta":"default","adv-header-id-meta":"","stick-header-meta":"default","header-above-stick-meta":"","header-main-stick-meta":"","header-below-stick-meta":"","astra-migrate-meta-layouts":"set","ast-page-background-enabled":"default","ast-page-background-meta":{"desktop":{"background-color":"","background-image":"","background-repeat":"repeat","background-position":"center center","background-size":"auto","background-attachment":"scroll","background-type":"","background-media":"","overlay-type":"","overlay-color":"","overlay-opacity":"","overlay-gradient":""},"tablet":{"background-color":"","background-image":"","background-repeat":"repeat","background-position":"center center","background-size":"auto","background-attachment":"scroll","background-type":"","background-media":"","overlay-type":"","overlay-color":"","overlay-opacity":"","overlay-gradient":""},"mobile":{"background-color":"","background-image":"","background-repeat":"repeat","background-position":"center center","background-size":"auto","background-attachment":"scroll","background-type":"","background-media":"","overlay-type":"","overlay-color":"","overlay-opacity":"","overlay-gradient":""}},"ast-content-background-meta":{"desktop":{"background-color":"var(--ast-global-color-5)","background-image":"","background-repeat":"repeat","background-position":"center center","background-size":"auto","background-attachment":"scroll","background-type":"","background-media":"","overlay-type":"","overlay-color":"","overlay-opacity":"","overlay-gradient":""},"tablet":{"background-color":"var(--ast-global-color-5)","background-image":"","background-repeat":"repeat","background-position":"center center","background-size":"auto","background-attachment":"scroll","background-type":"","background-media":"","overlay-type":"","overlay-color":"","overlay-opacity":"","overlay-gradient":""},"mobile":{"background-color":"var(--ast-global-color-5)","background-image":"","background-repeat":"repeat","background-position":"center center","background-size":"auto","background-attachment":"scroll","background-type":"","background-media":"","overlay-type":"","overlay-color":"","overlay-opacity":"","overlay-gradient":""}}},"product_brand":[53],"product_cat":[54,106,15],"product_tag":[],"class_list":{"0":"post-5841","1":"product","2":"type-product","3":"status-publish","4":"has-post-thumbnail","6":"product_brand-bang-cree-une-cigarette-electronique-plus-confortable","7":"product_cat-bang-leader-80k-dispose-de-trois-reservoirs-de-liquide-independants-integres","8":"product_cat-puff-80k","9":"product_cat-magasin-cigarette-electronique","10":"desktop-align-center","11":"tablet-align-center","12":"mobile-align-center","13":"ast-product-gallery-layout-horizontal","14":"ast-product-gallery-with-no-image","15":"ast-product-single-variable","16":"ast-product-tabs-layout-horizontal","17":"ast-qv-on-image","19":"first","20":"outofstock","21":"sale","22":"shipping-taxable","23":"purchasable","24":"product-type-variable","25":"has-default-attributes"},"tiered_pricing_type":"fixed","tiered_pricing_fixed_rules":{"50":7.24,"100":6.45},"tiered_pricing_product_settings":{"layout":"default","base_unit_name":{"singular":null,"plural":null},"default_variation":null},"tiered_pricing_minimum_quantity":null,"tiered_pricing_roles_data":[],"tiered_pricing_percentage_rules":[],"_links":{"self":[{"href":"https:\/\/puffvapestore.com\/pl\/wp-json\/wp\/v2\/product\/5841","targetHints":{"allow":["GET"]}}],"collection":[{"href":"https:\/\/puffvapestore.com\/pl\/wp-json\/wp\/v2\/product"}],"about":[{"href":"https:\/\/puffvapestore.com\/pl\/wp-json\/wp\/v2\/types\/product"}],"replies":[{"embeddable":true,"href":"https:\/\/puffvapestore.com\/pl\/wp-json\/wp\/v2\/comments?post=5841"}],"version-history":[{"count":7,"href":"https:\/\/puffvapestore.com\/pl\/wp-json\/wp\/v2\/product\/5841\/revisions"}],"predecessor-version":[{"id":6219,"href":"https:\/\/puffvapestore.com\/pl\/wp-json\/wp\/v2\/product\/5841\/revisions\/6219"}],"wp:featuredmedia":[{"embeddable":true,"href":"https:\/\/puffvapestore.com\/pl\/wp-json\/wp\/v2\/media\/5722"}],"wp:attachment":[{"href":"https:\/\/puffvapestore.com\/pl\/wp-json\/wp\/v2\/media?parent=5841"}],"wp:term":[{"taxonomy":"product_brand","embeddable":true,"href":"https:\/\/puffvapestore.com\/pl\/wp-json\/wp\/v2\/product_brand?post=5841"},{"taxonomy":"product_cat","embeddable":true,"href":"https:\/\/puffvapestore.com\/pl\/wp-json\/wp\/v2\/product_cat?post=5841"},{"taxonomy":"product_tag","embeddable":true,"href":"https:\/\/puffvapestore.com\/pl\/wp-json\/wp\/v2\/product_tag?post=5841"}],"curies":[{"name":"wp","href":"https:\/\/api.w.org\/{rel}","templated":true}]}}