{"id":5815,"date":"2025-07-26T02:28:09","date_gmt":"2025-07-26T02:28:09","guid":{"rendered":"https:\/\/puffvapestore.com\/?post_type=product&#038;p=5815"},"modified":"2026-02-05T03:54:29","modified_gmt":"2026-02-05T03:54:29","slug":"bang-leader-80000-strawberry-watermelon-grape-ice-rainbow-candy","status":"publish","type":"product","link":"https:\/\/puffvapestore.com\/pl\/product\/bang-leader-80000-truskawkowy-arbuzowy-winogronowy-lodowy-teczowy-cukierek\/","title":{"rendered":"Bang Leader 80000 3 w 1 - truskawkowy arbuz i winogronowy l\u00f3d oraz t\u0119czowe cukierki"},"content":{"rendered":"<div data-elementor-type=\"wp-post\" data-elementor-id=\"5815\" class=\"elementor elementor-5815\">\n\t\t\t\t<div class=\"elementor-element elementor-element-08c26f9 e-flex e-con-boxed e-con e-parent\" data-id=\"08c26f9\" data-element_type=\"container\" data-e-type=\"container\">\n\t\t\t\t\t<div class=\"e-con-inner\">\n\t\t\t\t<div class=\"elementor-element elementor-element-a005a97 elementor-widget elementor-widget-text-editor\" data-id=\"a005a97\" data-element_type=\"widget\" data-e-type=\"widget\" data-widget_type=\"text-editor.default\">\n\t\t\t\t<div class=\"elementor-widget-container\">\n\t\t\t\t\t\t\t\t\t<p>Trzy ca\u0142kowicie r\u00f3\u017cne i harmonijne smaki: \u00abStrawberry Watermelon\u00bb, \u00abIced Raspberry\u00bb i \u00abRainbow Candy\u00bb zosta\u0142y umiej\u0119tnie po\u0142\u0105czone w jednym elektronicznym papierosie. Mo\u017cesz dowolnie zmienia\u0107 smaki w zale\u017cno\u015bci od nastroju i sytuacji, tak jakby\u015b opuszkami palc\u00f3w sterowa\u0142 kolorow\u0105 podr\u00f3\u017c\u0105:<\/p><p>Popo\u0142udnie, s\u0142o\u0144ce \u015bwieci nad brzegiem Sekwany w Pary\u017cu. Zaci\u0105gnij si\u0119 elektronicznym papierosem Bonbon Arc-en-ciel, s\u0142odkim i pikantnym, jakby\u015b wraca\u0142 do beztroskich dni dzieci\u0144stwa.<\/p><p>Wieczorem porozmawiaj z kilkoma przyjaci\u00f3\u0142mi na tarasie kawiarni, dostosuj sw\u00f3j smak, zapal e-papierosa o smaku truskawkowym i arbuzowym, zaci\u0105gnij si\u0119 lekko, owocowy aromat rozprzestrzenia si\u0119 na czubku j\u0119zyka i zapomnij o zgie\u0142ku miasta; ;<\/p><p>Zrelaksuj si\u0119 samotnie na balkonie p\u00f3\u017ano w nocy, podziwiaj\u0105c \u015bwiat\u0142a miasta i pozwalaj\u0105c, by \u015bwie\u017co\u015b\u0107 zapachu Raisin Glac\u00e9 wype\u0142ni\u0142a Twoje gard\u0142o, przynosz\u0105c Ci chwil\u0119 wewn\u0119trznego spokoju.<\/p><h2>Specyfikacje Bang Leader 80000 3 w 1 :<\/h2><p>Liczba zaci\u0105gni\u0119\u0107: Ka\u017cdy Bang Leader 80000 Strawberry Watermelon &amp; Grape Ice &amp; Rainbow Candy oferuje do 80000 zaci\u0105gni\u0119\u0107, zapewniaj\u0105c d\u0142ugotrwa\u0142e u\u017cytkowanie.<\/p><p>Pojemno\u015b\u0107: 78 ml p\u0142ynu, podzielone na trzy niezale\u017cne zbiorniki o pojemno\u015bci 26 ml.<\/p><p>Bateria: Akumulator o pojemno\u015bci 850 mAh, kompatybilny z szybkim \u0142adowaniem typu C, zapewniaj\u0105cy czas \u0142adowania wynosz\u0105cy oko\u0142o 60 minut.<\/p><p>St\u0119\u017cenia nikotyny: 0 %, 2 %, 3 % i 5 % s\u0105 dost\u0119pne, aby zaspokoi\u0107 potrzeby ka\u017cdego u\u017cytkownika.<\/p><p>Rezystor siatkowy: Rezystor siatkowy 1,0 \u03a9 zapewniaj\u0105cy r\u00f3wnomierne ogrzewanie i g\u0142adk\u0105 par\u0119.<\/p><h2>Cechy Bang Leader 80000 Truskawkowy Arbuz &amp; Winogronowy L\u00f3d &amp; T\u0119czowe Cukierki 3 w 1 :<\/h2><p>Potr\u00f3jny system aromatyzacji: Wyposa\u017cony w trzy niezale\u017cne zbiorniki, selektor smaku u\u0142atwia zmian\u0119 smaku, unikaj\u0105c monotonii jednego smaku.<\/p><p>Wysokowydajny rezystor siatkowy: rezystor siatkowy 1,0 \u03a9 zapewnia g\u0142adk\u0105 par\u0119 i bogaty smak, gwarantuj\u0105c sp\u00f3jn\u0105 waporyzacj\u0119 przy ka\u017cdym zaci\u0105gni\u0119ciu.<\/p><p>Konstrukcja z mo\u017cliwo\u015bci\u0105 \u0142adowania: bateria 850 mAh z szybkim \u0142adowaniem typu C, skracaj\u0105ca przestoje i wyd\u0142u\u017caj\u0105ca \u017cywotno\u015b\u0107 baterii.<\/p><p>Ergonomiczna konstrukcja: przeno\u015bna, lekka i wygodna do trzymania, odpowiednia do codziennego transportu i cz\u0119stego u\u017cytkowania.<\/p><p>R\u00f3\u017cne opcje nikotyny: od nikotyny bez nikotyny (0 %) do nikotyny o wysokim st\u0119\u017ceniu (5 %), odpowiednie zar\u00f3wno dla pocz\u0105tkuj\u0105cych, jak i do\u015bwiadczonych waper\u00f3w.<\/p><p>Funkcje bezpiecze\u0144stwa: wbudowane zabezpieczenie przed przeci\u0105\u017ceniem, zwarciem i niskim napi\u0119ciem zapewniaj\u0105ce bezpieczn\u0105 prac\u0119.<\/p>\t\t\t\t\t\t\t\t<\/div>\n\t\t\t\t<\/div>\n\t\t\t\t\t<\/div>\n\t\t\t\t<\/div>\n\t\t\t\t<\/div>","protected":false},"excerpt":{"rendered":"<p>Trois saveurs totalement diff\u00e9rentes et harmonieuses\u00a0: \u00ab\u00a0Fraise Past\u00e8que\u00a0\u00bb, \u00ab\u00a0Raspberry Glac\u00e9\u00a0\u00bb et \u00ab\u00a0Bonbon Arc-en-ciel\u00a0\u00bb sont savamment combin\u00e9es dans une seule cigarette \u00e9lectronique. Vous pouvez alterner librement selon vos humeurs et vos sc\u00e8nes, comme si vous contr\u00f4liez un voyage color\u00e9 du bout des doigts\u00a0: L&rsquo;apr\u00e8s-midi, le soleil brille sur les quais de la Seine \u00e0 Paris. Prenez [&hellip;]<\/p>\n","protected":false},"featured_media":5728,"comment_status":"open","ping_status":"closed","template":"","meta":{"site-sidebar-layout":"no-sidebar","site-content-layout":"page-builder","ast-site-content-layout":"normal-width-container","site-content-style":"default","site-sidebar-style":"default","ast-global-header-display":"","ast-banner-title-visibility":"","ast-main-header-display":"","ast-hfb-above-header-display":"","ast-hfb-below-header-display":"","ast-hfb-mobile-header-display":"","site-post-title":"disabled","ast-breadcrumbs-content":"","ast-featured-img":"disabled","footer-sml-layout":"","ast-disable-related-posts":"","theme-transparent-header-meta":"default","adv-header-id-meta":"","stick-header-meta":"default","header-above-stick-meta":"","header-main-stick-meta":"","header-below-stick-meta":"","astra-migrate-meta-layouts":"set","ast-page-background-enabled":"default","ast-page-background-meta":{"desktop":{"background-color":"","background-image":"","background-repeat":"repeat","background-position":"center center","background-size":"auto","background-attachment":"scroll","background-type":"","background-media":"","overlay-type":"","overlay-color":"","overlay-opacity":"","overlay-gradient":""},"tablet":{"background-color":"","background-image":"","background-repeat":"repeat","background-position":"center center","background-size":"auto","background-attachment":"scroll","background-type":"","background-media":"","overlay-type":"","overlay-color":"","overlay-opacity":"","overlay-gradient":""},"mobile":{"background-color":"","background-image":"","background-repeat":"repeat","background-position":"center center","background-size":"auto","background-attachment":"scroll","background-type":"","background-media":"","overlay-type":"","overlay-color":"","overlay-opacity":"","overlay-gradient":""}},"ast-content-background-meta":{"desktop":{"background-color":"var(--ast-global-color-5)","background-image":"","background-repeat":"repeat","background-position":"center center","background-size":"auto","background-attachment":"scroll","background-type":"","background-media":"","overlay-type":"","overlay-color":"","overlay-opacity":"","overlay-gradient":""},"tablet":{"background-color":"var(--ast-global-color-5)","background-image":"","background-repeat":"repeat","background-position":"center center","background-size":"auto","background-attachment":"scroll","background-type":"","background-media":"","overlay-type":"","overlay-color":"","overlay-opacity":"","overlay-gradient":""},"mobile":{"background-color":"var(--ast-global-color-5)","background-image":"","background-repeat":"repeat","background-position":"center center","background-size":"auto","background-attachment":"scroll","background-type":"","background-media":"","overlay-type":"","overlay-color":"","overlay-opacity":"","overlay-gradient":""}}},"product_brand":[53],"product_cat":[54,106,15],"product_tag":[],"class_list":{"0":"post-5815","1":"product","2":"type-product","3":"status-publish","4":"has-post-thumbnail","6":"product_brand-bang-cree-une-cigarette-electronique-plus-confortable","7":"product_cat-bang-leader-80k-dispose-de-trois-reservoirs-de-liquide-independants-integres","8":"product_cat-puff-80k","9":"product_cat-magasin-cigarette-electronique","10":"desktop-align-center","11":"tablet-align-center","12":"mobile-align-center","13":"ast-product-gallery-layout-horizontal","14":"ast-product-gallery-with-no-image","15":"ast-product-single-variable","16":"ast-product-tabs-layout-horizontal","17":"ast-qv-on-image","19":"first","20":"outofstock","21":"sale","22":"shipping-taxable","23":"purchasable","24":"product-type-variable","25":"has-default-attributes"},"tiered_pricing_type":"fixed","tiered_pricing_fixed_rules":{"50":7.24,"100":6.45},"tiered_pricing_product_settings":{"layout":"default","base_unit_name":{"singular":null,"plural":null},"default_variation":null},"tiered_pricing_minimum_quantity":null,"tiered_pricing_roles_data":[],"tiered_pricing_percentage_rules":[],"_links":{"self":[{"href":"https:\/\/puffvapestore.com\/pl\/wp-json\/wp\/v2\/product\/5815","targetHints":{"allow":["GET"]}}],"collection":[{"href":"https:\/\/puffvapestore.com\/pl\/wp-json\/wp\/v2\/product"}],"about":[{"href":"https:\/\/puffvapestore.com\/pl\/wp-json\/wp\/v2\/types\/product"}],"replies":[{"embeddable":true,"href":"https:\/\/puffvapestore.com\/pl\/wp-json\/wp\/v2\/comments?post=5815"}],"version-history":[{"count":11,"href":"https:\/\/puffvapestore.com\/pl\/wp-json\/wp\/v2\/product\/5815\/revisions"}],"predecessor-version":[{"id":6217,"href":"https:\/\/puffvapestore.com\/pl\/wp-json\/wp\/v2\/product\/5815\/revisions\/6217"}],"wp:featuredmedia":[{"embeddable":true,"href":"https:\/\/puffvapestore.com\/pl\/wp-json\/wp\/v2\/media\/5728"}],"wp:attachment":[{"href":"https:\/\/puffvapestore.com\/pl\/wp-json\/wp\/v2\/media?parent=5815"}],"wp:term":[{"taxonomy":"product_brand","embeddable":true,"href":"https:\/\/puffvapestore.com\/pl\/wp-json\/wp\/v2\/product_brand?post=5815"},{"taxonomy":"product_cat","embeddable":true,"href":"https:\/\/puffvapestore.com\/pl\/wp-json\/wp\/v2\/product_cat?post=5815"},{"taxonomy":"product_tag","embeddable":true,"href":"https:\/\/puffvapestore.com\/pl\/wp-json\/wp\/v2\/product_tag?post=5815"}],"curies":[{"name":"wp","href":"https:\/\/api.w.org\/{rel}","templated":true}]}}