{"id":5751,"date":"2025-07-24T11:00:28","date_gmt":"2025-07-24T11:00:28","guid":{"rendered":"https:\/\/puffvapestore.com\/?post_type=product&#038;p=5751"},"modified":"2026-02-05T03:54:29","modified_gmt":"2026-02-05T03:54:29","slug":"bang-leader-80000-avec-78ml-de-liquide","status":"publish","type":"product","link":"https:\/\/puffvapestore.com\/pl\/product\/bang-leader-80000-z-78-ml-plynu\/","title":{"rendered":"Bang Leader 80K 3 w 1: 80000 zaci\u0105gni\u0119\u0107 dymu, 78 ml e-liquidu, akumulator 850 mAh i rezystor siatkowy"},"content":{"rendered":"<div data-elementor-type=\"wp-post\" data-elementor-id=\"5751\" class=\"elementor elementor-5751\">\n\t\t\t\t<div class=\"elementor-element elementor-element-08c26f9 e-flex e-con-boxed e-con e-parent\" data-id=\"08c26f9\" data-element_type=\"container\" data-e-type=\"container\">\n\t\t\t\t\t<div class=\"e-con-inner\">\n\t\t\t\t<div class=\"elementor-element elementor-element-a005a97 elementor-widget elementor-widget-text-editor\" data-id=\"a005a97\" data-element_type=\"widget\" data-e-type=\"widget\" data-widget_type=\"text-editor.default\">\n\t\t\t\t<div class=\"elementor-widget-container\">\n\t\t\t\t\t\t\t\t\t<h2>Specyfikacje Bang Leader 80000 3 w 1 :<\/h2><p>Liczba zaci\u0105gni\u0119\u0107: Ka\u017cdy Bang Leader 80000 oferuje do 80000 zaci\u0105gni\u0119\u0107, zapewniaj\u0105c d\u0142ugotrwa\u0142e u\u017cytkowanie.<\/p><p>Pojemno\u015b\u0107: 78 ml p\u0142ynu, podzielone na trzy niezale\u017cne zbiorniki o pojemno\u015bci 26 ml.<\/p><p>Bateria: Akumulator o pojemno\u015bci 850 mAh, kompatybilny z szybkim \u0142adowaniem typu C, zapewniaj\u0105cy czas \u0142adowania wynosz\u0105cy oko\u0142o 60 minut.<\/p><p>St\u0119\u017cenia nikotyny: 0 %, 2 %, 3 % i 5 % s\u0105 dost\u0119pne, aby zaspokoi\u0107 potrzeby ka\u017cdego u\u017cytkownika.<\/p><p>Rezystor siatkowy: Rezystor siatkowy 1,0 \u03a9 zapewniaj\u0105cy r\u00f3wnomierne ogrzewanie i g\u0142adk\u0105 par\u0119.<\/p><h2>Cechy Bang Leader 80000 3 w 1 :<\/h2><p>Potr\u00f3jny system aromatyzacji: Wyposa\u017cony w trzy niezale\u017cne zbiorniki, selektor smaku u\u0142atwia zmian\u0119 smaku, unikaj\u0105c monotonii jednego smaku.<\/p><p>Wysokowydajny rezystor siatkowy: rezystor siatkowy 1,0 \u03a9 zapewnia g\u0142adk\u0105 par\u0119 i bogaty smak, gwarantuj\u0105c sp\u00f3jn\u0105 waporyzacj\u0119 przy ka\u017cdym zaci\u0105gni\u0119ciu.<\/p><p>Konstrukcja z mo\u017cliwo\u015bci\u0105 \u0142adowania: bateria 850 mAh z szybkim \u0142adowaniem typu C, skracaj\u0105ca przestoje i wyd\u0142u\u017caj\u0105ca \u017cywotno\u015b\u0107 baterii.<\/p><p>Ergonomiczna konstrukcja: przeno\u015bna, lekka i wygodna do trzymania, odpowiednia do codziennego transportu i cz\u0119stego u\u017cytkowania.<\/p><p>R\u00f3\u017cne opcje nikotyny: od nikotyny bez nikotyny (0 %) do nikotyny o wysokim st\u0119\u017ceniu (5 %), odpowiednie zar\u00f3wno dla pocz\u0105tkuj\u0105cych, jak i do\u015bwiadczonych waper\u00f3w.<\/p><p>Funkcje bezpiecze\u0144stwa: wbudowane zabezpieczenie przed przeci\u0105\u017ceniem, zwarciem i niskim napi\u0119ciem zapewniaj\u0105ce bezpieczn\u0105 prac\u0119.<\/p><h2>Bang Leader 80K 3-w-1 oferuje 12 unikalnych kombinacji smakowych<\/h2><p>Elektroniczny papieros Bang Leader 80K 3 w 1 oferuje 12 unikalnych kombinacji smakowych, dopasowanych do r\u00f3\u017cnych sk\u0142adnik\u00f3w, takich jak owoce, lody, desery i napoje, aby zaspokoi\u0107 potrzeby ka\u017cdego u\u017cytkownika.<\/p><p>\u00abAvocado Ice &amp; Lemon Lime &amp; Watermelon Raspberry: Ta kombinacja smakowa \u0142\u0105czy kremowy smak lod\u00f3w z awokado, orze\u017awiaj\u0105c\u0105 kwaskowato\u015b\u0107 cytryny i limonki oraz s\u0142odki, owocowy aromat arbuza i maliny, zapewniaj\u0105c zr\u00f3wnowa\u017cone doznania \u015bwie\u017co\u015bci i owocowo\u015bci.<\/p><p>\u00abBlueberry Ice &amp; Black Dragon Ice &amp; Mango Peach: orze\u017awiaj\u0105ce lody jagodowe spotykaj\u0105 si\u0119 z tajemniczymi lodami pitaya w po\u0142\u0105czeniu z tropikalnym smakiem brzoskwini mango, tworz\u0105c wyj\u0105tkowe po\u0142\u0105czenie owocowej \u015bwie\u017co\u015bci i ch\u0142odu.<\/p><p>\u00abBlueberry Ice &amp; Strawberry Banana &amp; Mixed Berries: \u015awie\u017co\u015b\u0107 lod\u00f3w jagodowych \u0142\u0105czy si\u0119 z mleczno-s\u0142odkim smakiem truskawek i banan\u00f3w oraz bogatym owocowym smakiem mieszanych jag\u00f3d, bogatych w niuanse i przepe\u0142nionych owocowymi aromatami.<\/p><p>\u00abBlueberry Watermelon &amp; Strawberry Mango &amp; Blackcurrant: S\u0142odycz bor\u00f3wki i arbuza uzupe\u0142nia tropikalny smak truskawki i mango, a kwaskowato\u015b\u0107 czarnej porzeczki dodaje g\u0142\u0119bi.<\/p><p>\u2018Cola Ice &amp; Blueberry Raspberry &amp; Peach Mango Watermelon\u2019: Ta mro\u017cona cola oferuje klasyczny smak napoju gazowanego, w kt\u00f3rym kwaskowato\u015b\u0107 maliny jagodowej kontrastuje z tropikaln\u0105 s\u0142odycz\u0105 arbuza brzoskwiniowego mango.<\/p><p>\u2018Kiwi Passion Fruit Guava &amp; Lychee Ice &amp; Mango Peach Pineapple\u2019: Tropikalne po\u0142\u0105czenie kiwi, marakui i guawy, ze \u015bwie\u017co\u015bci\u0105 lod\u00f3w liczi i s\u0142odycz\u0105 ananasa brzoskwiniowego mango, oferuje egzotyczny styl.<\/p><p>\u2018Raspberry Mojito Peach Ice &amp; Strawberry Watermelon &amp; Kiwi Passion Fruit Guava: \u015awie\u017co\u015b\u0107 malinowego mojito i brzoskwiniowego lodu w po\u0142\u0105czeniu z truskawkowym arbuzem i kiwi passion fruit guava tworzy owocowe i orze\u017awiaj\u0105ce doznanie na wielu poziomach.<\/p><p>\u2018Red Bull &amp; Blueberry Watermelon &amp; Apple Pear\u2019: Smak napoju energetycznego Red Bull \u0142\u0105czy si\u0119 ze s\u0142odycz\u0105 arbuza jagodowego i \u017cywym, owocowym aromatem gruszki jab\u0142kowej, zapewniaj\u0105c doznania pe\u0142ne witalno\u015bci.<\/p><p>\u00abRed Bull &amp; Watermelon Bubble Candy &amp; Strawberry Ice Cream\u00bb: Ekscytuj\u0105ce dzia\u0142anie Red Bulla po\u0142\u0105czone jest ze s\u0142odycz\u0105 arbuzowej gumy balonowej i mlecznym smakiem lod\u00f3w truskawkowych, co daje s\u0142odki i pyszny rezultat.<\/p><p>\u00abStrawberry Kiwi &amp; Peach Ice &amp; Cherry Cola: S\u0142odycz truskawkowego kiwi, \u015bwie\u017co\u015b\u0107 lod\u00f3w brzoskwiniowych i klasyczny smak wi\u015bniowej coli tworz\u0105 wyj\u0105tkowe po\u0142\u0105czenie owocowych aromat\u00f3w i napoju gazowanego.<\/p><p>\u00abStrawberry Watermelon &amp; Grape Ice &amp; Rainbow Candy: S\u0142odycz truskawkowego arbuza, \u015bwie\u017co\u015b\u0107 lod\u00f3w winogronowych i kolorowa s\u0142odycz t\u0119czowych cukierk\u00f3w tworz\u0105 owocowe i orze\u017awiaj\u0105ce po\u0142\u0105czenie.<\/p><p>\u00abWatermelon Ice &amp; Strawberry Mango &amp; Banana: \u015awie\u017co\u015b\u0107 arbuzowego lodu, tropikalna s\u0142odycz truskawkowego mango i mleczny aromat banana zapewniaj\u0105 kremowy smak i bogaty owocowy aromat.<\/p>\t\t\t\t\t\t\t\t<\/div>\n\t\t\t\t<\/div>\n\t\t\t\t\t<\/div>\n\t\t\t\t<\/div>\n\t\t\t\t<\/div>","protected":false},"excerpt":{"rendered":"<p>Sp\u00e9cifications du Bang Leader 80000 3 en 1\u00a0: Nombre de bouff\u00e9es\u00a0: Chaque Bang Leader 80000 offre jusqu\u2019\u00e0 80000 bouff\u00e9es, pour une utilisation longue dur\u00e9e. Capacit\u00e9\u00a0: 78\u00a0ml de liquide, r\u00e9partis dans trois r\u00e9servoirs ind\u00e9pendants de 26\u00a0ml. Batterie\u00a0: Batterie rechargeable de 850\u00a0mAh, compatible avec la charge rapide Type-C, pour une dur\u00e9e de charge d\u2019environ 60\u00a0minutes. Concentration en [&hellip;]<\/p>\n","protected":false},"featured_media":5730,"comment_status":"open","ping_status":"closed","template":"","meta":{"site-sidebar-layout":"no-sidebar","site-content-layout":"page-builder","ast-site-content-layout":"normal-width-container","site-content-style":"default","site-sidebar-style":"default","ast-global-header-display":"","ast-banner-title-visibility":"","ast-main-header-display":"","ast-hfb-above-header-display":"","ast-hfb-below-header-display":"","ast-hfb-mobile-header-display":"","site-post-title":"disabled","ast-breadcrumbs-content":"","ast-featured-img":"disabled","footer-sml-layout":"","ast-disable-related-posts":"","theme-transparent-header-meta":"default","adv-header-id-meta":"","stick-header-meta":"default","header-above-stick-meta":"","header-main-stick-meta":"","header-below-stick-meta":"","astra-migrate-meta-layouts":"set","ast-page-background-enabled":"default","ast-page-background-meta":{"desktop":{"background-color":"","background-image":"","background-repeat":"repeat","background-position":"center center","background-size":"auto","background-attachment":"scroll","background-type":"","background-media":"","overlay-type":"","overlay-color":"","overlay-opacity":"","overlay-gradient":""},"tablet":{"background-color":"","background-image":"","background-repeat":"repeat","background-position":"center center","background-size":"auto","background-attachment":"scroll","background-type":"","background-media":"","overlay-type":"","overlay-color":"","overlay-opacity":"","overlay-gradient":""},"mobile":{"background-color":"","background-image":"","background-repeat":"repeat","background-position":"center center","background-size":"auto","background-attachment":"scroll","background-type":"","background-media":"","overlay-type":"","overlay-color":"","overlay-opacity":"","overlay-gradient":""}},"ast-content-background-meta":{"desktop":{"background-color":"var(--ast-global-color-5)","background-image":"","background-repeat":"repeat","background-position":"center center","background-size":"auto","background-attachment":"scroll","background-type":"","background-media":"","overlay-type":"","overlay-color":"","overlay-opacity":"","overlay-gradient":""},"tablet":{"background-color":"var(--ast-global-color-5)","background-image":"","background-repeat":"repeat","background-position":"center center","background-size":"auto","background-attachment":"scroll","background-type":"","background-media":"","overlay-type":"","overlay-color":"","overlay-opacity":"","overlay-gradient":""},"mobile":{"background-color":"var(--ast-global-color-5)","background-image":"","background-repeat":"repeat","background-position":"center center","background-size":"auto","background-attachment":"scroll","background-type":"","background-media":"","overlay-type":"","overlay-color":"","overlay-opacity":"","overlay-gradient":""}}},"product_brand":[53],"product_cat":[54,106,15],"product_tag":[],"class_list":{"0":"post-5751","1":"product","2":"type-product","3":"status-publish","4":"has-post-thumbnail","6":"product_brand-bang-cree-une-cigarette-electronique-plus-confortable","7":"product_cat-bang-leader-80k-dispose-de-trois-reservoirs-de-liquide-independants-integres","8":"product_cat-puff-80k","9":"product_cat-magasin-cigarette-electronique","10":"desktop-align-center","11":"tablet-align-center","12":"mobile-align-center","13":"ast-product-gallery-layout-horizontal","14":"ast-product-single-variable","15":"ast-product-tabs-layout-horizontal","16":"ast-qv-on-image","18":"first","19":"outofstock","20":"sale","21":"shipping-taxable","22":"purchasable","23":"product-type-variable","24":"has-default-attributes"},"tiered_pricing_type":"fixed","tiered_pricing_fixed_rules":{"50":7.24,"100":6.45},"tiered_pricing_product_settings":{"layout":"default","base_unit_name":{"singular":null,"plural":null},"default_variation":null},"tiered_pricing_minimum_quantity":null,"tiered_pricing_roles_data":[],"tiered_pricing_percentage_rules":[],"_links":{"self":[{"href":"https:\/\/puffvapestore.com\/pl\/wp-json\/wp\/v2\/product\/5751","targetHints":{"allow":["GET"]}}],"collection":[{"href":"https:\/\/puffvapestore.com\/pl\/wp-json\/wp\/v2\/product"}],"about":[{"href":"https:\/\/puffvapestore.com\/pl\/wp-json\/wp\/v2\/types\/product"}],"replies":[{"embeddable":true,"href":"https:\/\/puffvapestore.com\/pl\/wp-json\/wp\/v2\/comments?post=5751"}],"version-history":[{"count":7,"href":"https:\/\/puffvapestore.com\/pl\/wp-json\/wp\/v2\/product\/5751\/revisions"}],"predecessor-version":[{"id":5814,"href":"https:\/\/puffvapestore.com\/pl\/wp-json\/wp\/v2\/product\/5751\/revisions\/5814"}],"wp:featuredmedia":[{"embeddable":true,"href":"https:\/\/puffvapestore.com\/pl\/wp-json\/wp\/v2\/media\/5730"}],"wp:attachment":[{"href":"https:\/\/puffvapestore.com\/pl\/wp-json\/wp\/v2\/media?parent=5751"}],"wp:term":[{"taxonomy":"product_brand","embeddable":true,"href":"https:\/\/puffvapestore.com\/pl\/wp-json\/wp\/v2\/product_brand?post=5751"},{"taxonomy":"product_cat","embeddable":true,"href":"https:\/\/puffvapestore.com\/pl\/wp-json\/wp\/v2\/product_cat?post=5751"},{"taxonomy":"product_tag","embeddable":true,"href":"https:\/\/puffvapestore.com\/pl\/wp-json\/wp\/v2\/product_tag?post=5751"}],"curies":[{"name":"wp","href":"https:\/\/api.w.org\/{rel}","templated":true}]}}