{"id":5696,"date":"2025-07-24T07:51:02","date_gmt":"2025-07-24T07:51:02","guid":{"rendered":"https:\/\/puffvapestore.com\/?post_type=product&#038;p=5696"},"modified":"2026-01-19T10:54:36","modified_gmt":"2026-01-19T10:54:36","slug":"blue-razz-ice-strawberry-watermelon-watermelon-ice-bang-king-85000-3-en-1","status":"publish","type":"product","link":"https:\/\/puffvapestore.com\/pl\/product\/blue-razz-ice-truskawka-arbuz-lod-arbuzowy-bang-king-85000-3-w-1\/","title":{"rendered":"Blue Razz Ice &amp; Strawberry Watermelon &amp; Watermelon Ice - Bang King Triple 85000 3 w 1"},"content":{"rendered":"<div data-elementor-type=\"wp-post\" data-elementor-id=\"5696\" class=\"elementor elementor-5696\">\n\t\t\t\t<div class=\"elementor-element elementor-element-08c26f9 e-flex e-con-boxed e-con e-parent\" data-id=\"08c26f9\" data-element_type=\"container\" data-e-type=\"container\">\n\t\t\t\t\t<div class=\"e-con-inner\">\n\t\t\t\t<div class=\"elementor-element elementor-element-a005a97 elementor-widget elementor-widget-text-editor\" data-id=\"a005a97\" data-element_type=\"widget\" data-e-type=\"widget\" data-widget_type=\"text-editor.default\">\n\t\t\t\t<div class=\"elementor-widget-container\">\n\t\t\t\t\t\t\t\t\t<p>Smak Blue Razz Ice oferuje mocny aromat jag\u00f3d i malin, po\u0142\u0105czony z odrobin\u0105 \u015bwie\u017cej mi\u0119ty, jak szklanka mro\u017conego soku na pla\u017cy w Marsylii latem, natychmiast rozpraszaj\u0105c upa\u0142. Smak Strawberry Watermelon to delikatna, z\u0142o\u017cona s\u0142odycz, w kt\u00f3rej s\u0142odycz truskawek i \u015bwie\u017co\u015b\u0107 arbuza mieszaj\u0105 si\u0119 w ustach, jak na polach Prowansji, gdzie s\u0142o\u0144ce \u015bwieci w cieniu drzew, a s\u0142odycz jest wszechobecna. Aromat Iced Watermelon jest jeszcze \u015bwie\u017cszy i czystszy, doskonale \u0142\u0105cz\u0105c soczysty smak arbuza z jego \u015bwie\u017co\u015bci\u0105. Po jednym pow\u0105chaniu poczujesz si\u0119 jak nad Sekwan\u0105 w Pary\u017cu, uko\u0142ysany bryz\u0105 i zrelaksowany.<\/p><p>Wystarczy u\u017cy\u0107 selektora smaku elektronicznego papierosa, aby wybra\u0107 jeden z trzech dost\u0119pnych smak\u00f3w i zaspokoi\u0107 najbardziej wymagaj\u0105ce pragnienia. \u017bycie oferuje wi\u0119cej ni\u017c jeden smak, a elektroniczny papieros nie powinien oferowa\u0107 tylko jednego wyboru.<\/p><p>Bang King 85000 Blue Razz Ice &amp; Strawberry Watermelon &amp; Watermelon Ice 3 in 1 Triple Flavour jest wyposa\u017cony w wysokowydajny akumulator litowy o pojemno\u015bci 600 mAh i obs\u0142uguje szybkie \u0142adowanie przez USB-C, zapewniaj\u0105c stabilne i d\u0142ugotrwa\u0142e wra\u017cenia z waporyzacji. Nawet intensywni u\u017cytkownicy mog\u0105 z \u0142atwo\u015bci\u0105 poradzi\u0107 sobie z codziennym u\u017cytkowaniem bez konieczno\u015bci cz\u0119stego \u0142adowania.<\/p><p>Wyposa\u017cony w inteligentny wy\u015bwietlacz OLED o wysokiej rozdzielczo\u015bci, pokazuje poziom na\u0142adowania baterii i ilo\u015b\u0107 pozosta\u0142ego e-cieczy w czasie rzeczywistym. U\u017cytkownicy mog\u0105 intuicyjnie przegl\u0105da\u0107 stan urz\u0105dzenia, umo\u017cliwiaj\u0105c wcze\u015bniejsze \u0142adowanie i dowoln\u0105 zmian\u0119 smaku.<\/p><h2>Trzy smaki w jednym urz\u0105dzeniu<\/h2><p>Model Bang King 85000 Blue Razz Ice &amp; Strawberry Watermelon &amp; Watermelon Ice posiada oryginalny zbiornik z trzema e-liquidami, z kt\u00f3rych ka\u017cdy mo\u017ce by\u0107 niezale\u017cnie wstrzykiwany r\u00f3\u017cnymi smakami e-liquid\u00f3w, o \u0142\u0105cznej pojemno\u015bci do 63 ml (21 ml na zbiornik). Selektor smaku oznacza, \u017ce mo\u017cesz swobodnie zmienia\u0107 smak w dowolnym momencie, bez konieczno\u015bci zmiany urz\u0105dzenia lub wk\u0142adu, aby zaspokoi\u0107 wszystkie swoje potrzeby.<\/p><p>Ka\u017cdy e-papieros Bang King Triple 85000 Blue Razz Ice &amp; Strawberry Watermelon &amp; Watermelon Ice oferuje do 85 000 zaci\u0105gni\u0119\u0107 dymem, a ka\u017cdy smak niezale\u017cnie oko\u0142o 28 300 zaci\u0105gni\u0119\u0107. Wszechstronny i trwa\u0142y, jest wiod\u0105cym na rynku e-papierosem o du\u017cej pojemno\u015bci.<\/p><h2>Trzy niezale\u017cne zestawy rezystor\u00f3w siatkowych 1,0 \u03a9<\/h2><p>Model Bang King 85000 Blue Razz Ice &amp; Strawberry Watermelon &amp; Watermelon Ice 3 in 1 Triple Flavor jest wyposa\u017cony w trzy zestawy niezale\u017cnych zintegrowanych rezystor\u00f3w siatkowych 1,0 \u03a9, kt\u00f3re zasilaj\u0105 odpowiednie zbiorniki e-ciecz\u0105, zachowuj\u0105c czysto\u015b\u0107 ka\u017cdego smaku i poprawiaj\u0105c jednorodno\u015b\u0107 atomizacji oraz bogactwo smaku. Brak mieszania si\u0119 smak\u00f3w sprawia, \u017ce jest to idealny wyb\u00f3r dla uzyskania najlepszych dozna\u0144 smakowych.<\/p><h2>Kilka opcji st\u0119\u017cenia nikotyny<\/h2><p>Aby zaspokoi\u0107 potrzeby ka\u017cdego u\u017cytkownika, Bang King Triple 85000 Blue Razz Ice &amp; Strawberry Watermelon &amp; Watermelon Ice oferuje cztery opcje st\u0119\u017cenia nikotyny:<\/p><p>0 % (wersja beznikotynowa, idealna dla fan\u00f3w e-papieros\u00f3w, kt\u00f3rym zale\u017cy na jak najlepszych doznaniach smakowych)<\/p><p>2 %, 3 %, 5 % (dost\u0119pne r\u00f3\u017cne st\u0119\u017cenia nikotyny)<\/p><p>Wybierz intensywno\u015b\u0107, kt\u00f3ra Ci odpowiada, od \u0142atwej redukcji do orze\u017awiaj\u0105cego, satysfakcjonuj\u0105cego smaku.<\/p><p>Niezale\u017cnie od tego, czy jeste\u015b w podr\u00f3\u017cy, na imprezie czy w domu, du\u017ca pojemno\u015b\u0107 i wyb\u00f3r smak\u00f3w w Bang King Triple 85000 Blue Razz Ice &amp; Strawberry Watermelon &amp; Watermelon Ice mo\u017cna dostosowa\u0107 do wszystkich potrzeb, niezale\u017cnie od \u015brodowiska. W po\u0142\u0105czeniu z wyrafinowanym wzornictwem przemys\u0142owym i ergonomicznym uk\u0142adem, \u0142\u0105czy w sobie funkcjonalno\u015b\u0107 i estetyk\u0119.<\/p><h2>Specyfikacje dla Bang King 85000 Blue Razz Ice &amp; Strawberry Watermelon &amp; Watermelon Ice 3 w 1 Triple Flavour<\/h2><p>Maksymalna ilo\u015b\u0107 zaci\u0105gni\u0119\u0107: 85 000 zaci\u0105gni\u0119\u0107 (oko\u0142o 28 300 zaci\u0105gni\u0119\u0107 na smak).<\/p><p>Ca\u0142kowita pojemno\u015b\u0107 e-liquidu: 63 ml (3 x 21 ml)<\/p><p>Pojemno\u015b\u0107 baterii: 600 mAh, wielokrotnego \u0142adowania<\/p><p>Szybkie \u0142adowanie: interfejs USB-C<\/p><p>Konfiguracja rezystor\u00f3w: trzy niezale\u017cne zestawy rezystor\u00f3w siatkowych 1,0 \u03a9<\/p><p>Opcje st\u0119\u017cenia nikotyny: 0 %, 2 %, 3 %, 5 %<\/p><p>Funkcja wy\u015bwietlacza: ekran OLED (wy\u015bwietla poziom na\u0142adowania baterii i ilo\u015b\u0107 pozosta\u0142ego e-cieczy)<\/p><p>Kluczowe cechy: \u0142atwe prze\u0142\u0105czanie mi\u0119dzy trzema smakami, bez nak\u0142adania si\u0119 smak\u00f3w<\/p>\t\t\t\t\t\t\t\t<\/div>\n\t\t\t\t<\/div>\n\t\t\t\t\t<\/div>\n\t\t\t\t<\/div>\n\t\t\t\t<\/div>","protected":false},"excerpt":{"rendered":"<p>La saveur Blue Razz Ice offre un ar\u00f4me puissant de myrtille et de framboise, associ\u00e9 \u00e0 une touche de menthe fra\u00eeche, comme un verre de jus glac\u00e9 sur la plage de Marseille en \u00e9t\u00e9, dissipant instantan\u00e9ment la chaleur. La saveur Fraise Past\u00e8que est une douceur douce et complexe, o\u00f9 la douceur des fraises et la [&hellip;]<\/p>\n","protected":false},"featured_media":5390,"comment_status":"open","ping_status":"closed","template":"","meta":{"site-sidebar-layout":"no-sidebar","site-content-layout":"page-builder","ast-site-content-layout":"normal-width-container","site-content-style":"default","site-sidebar-style":"default","ast-global-header-display":"","ast-banner-title-visibility":"","ast-main-header-display":"","ast-hfb-above-header-display":"","ast-hfb-below-header-display":"","ast-hfb-mobile-header-display":"","site-post-title":"disabled","ast-breadcrumbs-content":"","ast-featured-img":"disabled","footer-sml-layout":"","ast-disable-related-posts":"","theme-transparent-header-meta":"default","adv-header-id-meta":"","stick-header-meta":"default","header-above-stick-meta":"","header-main-stick-meta":"","header-below-stick-meta":"","astra-migrate-meta-layouts":"set","ast-page-background-enabled":"default","ast-page-background-meta":{"desktop":{"background-color":"","background-image":"","background-repeat":"repeat","background-position":"center center","background-size":"auto","background-attachment":"scroll","background-type":"","background-media":"","overlay-type":"","overlay-color":"","overlay-opacity":"","overlay-gradient":""},"tablet":{"background-color":"","background-image":"","background-repeat":"repeat","background-position":"center center","background-size":"auto","background-attachment":"scroll","background-type":"","background-media":"","overlay-type":"","overlay-color":"","overlay-opacity":"","overlay-gradient":""},"mobile":{"background-color":"","background-image":"","background-repeat":"repeat","background-position":"center center","background-size":"auto","background-attachment":"scroll","background-type":"","background-media":"","overlay-type":"","overlay-color":"","overlay-opacity":"","overlay-gradient":""}},"ast-content-background-meta":{"desktop":{"background-color":"var(--ast-global-color-5)","background-image":"","background-repeat":"repeat","background-position":"center center","background-size":"auto","background-attachment":"scroll","background-type":"","background-media":"","overlay-type":"","overlay-color":"","overlay-opacity":"","overlay-gradient":""},"tablet":{"background-color":"var(--ast-global-color-5)","background-image":"","background-repeat":"repeat","background-position":"center center","background-size":"auto","background-attachment":"scroll","background-type":"","background-media":"","overlay-type":"","overlay-color":"","overlay-opacity":"","overlay-gradient":""},"mobile":{"background-color":"var(--ast-global-color-5)","background-image":"","background-repeat":"repeat","background-position":"center center","background-size":"auto","background-attachment":"scroll","background-type":"","background-media":"","overlay-type":"","overlay-color":"","overlay-opacity":"","overlay-gradient":""}}},"product_brand":[52],"product_cat":[51,107,15],"product_tag":[],"class_list":{"0":"post-5696","1":"product","2":"type-product","3":"status-publish","4":"has-post-thumbnail","6":"product_brand-bang-king","7":"product_cat-bang-king-triple-85000-trois-saveurs-en-une","8":"product_cat-puff-85k","9":"product_cat-magasin-cigarette-electronique","10":"desktop-align-center","11":"tablet-align-center","12":"mobile-align-center","13":"ast-product-gallery-layout-horizontal","14":"ast-product-gallery-with-no-image","15":"ast-product-single-variable","16":"ast-product-tabs-layout-horizontal","17":"ast-qv-on-image","19":"first","20":"instock","21":"sale","22":"shipping-taxable","23":"purchasable","24":"product-type-variable","25":"has-default-attributes"},"tiered_pricing_type":"fixed","tiered_pricing_fixed_rules":[],"tiered_pricing_product_settings":{"layout":"default","base_unit_name":{"singular":null,"plural":null},"default_variation":null},"tiered_pricing_minimum_quantity":null,"tiered_pricing_roles_data":[],"tiered_pricing_percentage_rules":[],"_links":{"self":[{"href":"https:\/\/puffvapestore.com\/pl\/wp-json\/wp\/v2\/product\/5696","targetHints":{"allow":["GET"]}}],"collection":[{"href":"https:\/\/puffvapestore.com\/pl\/wp-json\/wp\/v2\/product"}],"about":[{"href":"https:\/\/puffvapestore.com\/pl\/wp-json\/wp\/v2\/types\/product"}],"replies":[{"embeddable":true,"href":"https:\/\/puffvapestore.com\/pl\/wp-json\/wp\/v2\/comments?post=5696"}],"version-history":[{"count":8,"href":"https:\/\/puffvapestore.com\/pl\/wp-json\/wp\/v2\/product\/5696\/revisions"}],"predecessor-version":[{"id":10709,"href":"https:\/\/puffvapestore.com\/pl\/wp-json\/wp\/v2\/product\/5696\/revisions\/10709"}],"wp:featuredmedia":[{"embeddable":true,"href":"https:\/\/puffvapestore.com\/pl\/wp-json\/wp\/v2\/media\/5390"}],"wp:attachment":[{"href":"https:\/\/puffvapestore.com\/pl\/wp-json\/wp\/v2\/media?parent=5696"}],"wp:term":[{"taxonomy":"product_brand","embeddable":true,"href":"https:\/\/puffvapestore.com\/pl\/wp-json\/wp\/v2\/product_brand?post=5696"},{"taxonomy":"product_cat","embeddable":true,"href":"https:\/\/puffvapestore.com\/pl\/wp-json\/wp\/v2\/product_cat?post=5696"},{"taxonomy":"product_tag","embeddable":true,"href":"https:\/\/puffvapestore.com\/pl\/wp-json\/wp\/v2\/product_tag?post=5696"}],"curies":[{"name":"wp","href":"https:\/\/api.w.org\/{rel}","templated":true}]}}