{"id":5680,"date":"2025-07-24T05:37:12","date_gmt":"2025-07-24T05:37:12","guid":{"rendered":"https:\/\/puffvapestore.com\/?post_type=product&#038;p=5680"},"modified":"2026-01-19T10:54:36","modified_gmt":"2026-01-19T10:54:36","slug":"kiwi-passion-fruit-guava-lush-ice-straw-mango-bang-king-85k-un-plaisir-et-un-soulagement-instantanes","status":"publish","type":"product","link":"https:\/\/puffvapestore.com\/pl\/product\/kiwi-passion-fruit-guava-lush-ice-straw-mango-bang-king-85k-natychmiastowa-przyjemnosc-i-ulga\/","title":{"rendered":"Kiwi Passion Fruit Guava &amp; Lush Ice &amp; Straw Mango - Bang King Triple 85000 3 w 1"},"content":{"rendered":"<div data-elementor-type=\"wp-post\" data-elementor-id=\"5680\" class=\"elementor elementor-5680\">\n\t\t\t\t<div class=\"elementor-element elementor-element-08c26f9 e-flex e-con-boxed e-con e-parent\" data-id=\"08c26f9\" data-element_type=\"container\" data-e-type=\"container\">\n\t\t\t\t\t<div class=\"e-con-inner\">\n\t\t\t\t<div class=\"elementor-element elementor-element-a005a97 elementor-widget elementor-widget-text-editor\" data-id=\"a005a97\" data-element_type=\"widget\" data-e-type=\"widget\" data-widget_type=\"text-editor.default\">\n\t\t\t\t<div class=\"elementor-widget-container\">\n\t\t\t\t\t\t\t\t\t<p>Trzy smaki Kiwi Passion Fruit Guava i Lush Ice &amp; Straw Mango uciele\u015bniaj\u0105 moc aromat\u00f3w owoc\u00f3w tropikalnych, \u015bwie\u017co\u015b\u0107 ch\u0142odnej mi\u0119ty i mi\u0119kko\u015b\u0107 s\u0142odkiego mi\u0105\u017cszu owocowego. Dzi\u0119ki inteligentnemu selektorowi mo\u017cna natychmiast zmieni\u0107 smak, po prostu reguluj\u0105c selektor, zamieniaj\u0105c ka\u017cd\u0105 inhalacj\u0119 w prawdziw\u0105 podr\u00f3\u017c.<\/p><h2>Kiwi Passion Fruit Guava<\/h2><p>To wyj\u0105tkowe tropikalne trio \u0142\u0105czy w sobie s\u0142odko-cierpkie kiwi, aromatyczn\u0105 marakuj\u0119 i soczyst\u0105 guaw\u0119, zapewniaj\u0105c intensywny, z\u0142o\u017cony smak. Siedz\u0105c na balkonie o zachodzie s\u0142o\u0144ca, zaci\u0105gnij si\u0119 tym aromatyzowanym papierosem elektronicznym, a poczujesz si\u0119 jak na pla\u017cy na Martynice, pozwalaj\u0105c my\u015blom unosi\u0107 si\u0119 na wietrze.<\/p><h2>Lush Ice<\/h2><p>S\u0142odycz arbuza delikatnie otula \u015bwie\u017co\u015b\u0107 mi\u0119ty, orze\u017awiaj\u0105c kubki smakowe. Ten elektroniczny papieros o smaku Lush Ice jest idealny do popo\u0142udniowego relaksu, szczeg\u00f3lnie latem. Wyjd\u017a z kawiarni i zaci\u0105gnij si\u0119 Lush Ice, niczym ch\u0142odn\u0105 bryz\u0105 na twarzy.<\/p><h2>S\u0142omkowe mango<\/h2><p>Po\u0142\u0105czenie kremowego mango i pikantnej truskawki przypomina domowy koktajl. Po wypiciu drinka lub chwili czytania, pow\u0105chaj Straw Mango, aby poczu\u0107 chwil\u0119 relaksu i przyjemno\u015bci.<\/p><p>Bang King 85000 Kiwi Passion Fruit Guava &amp; Lush Ice &amp; Straw Mango 3 in 1 Triple Flavour jest wyposa\u017cony w wysokowydajny akumulator litowy o pojemno\u015bci 600 mAh i obs\u0142uguje szybkie \u0142adowanie przez USB-C, zapewniaj\u0105c stabilne i d\u0142ugotrwa\u0142e wra\u017cenia z waporyzacji. Nawet intensywni u\u017cytkownicy mog\u0105 z \u0142atwo\u015bci\u0105 poradzi\u0107 sobie z codziennym u\u017cytkowaniem bez konieczno\u015bci cz\u0119stego \u0142adowania.<\/p><p>Wyposa\u017cony w inteligentny wy\u015bwietlacz OLED o wysokiej rozdzielczo\u015bci, pokazuje poziom na\u0142adowania baterii i ilo\u015b\u0107 pozosta\u0142ego e-cieczy w czasie rzeczywistym. U\u017cytkownicy mog\u0105 intuicyjnie przegl\u0105da\u0107 stan urz\u0105dzenia, umo\u017cliwiaj\u0105c wcze\u015bniejsze \u0142adowanie i dowoln\u0105 zmian\u0119 smaku.<\/p><h2>Trzy smaki w jednym urz\u0105dzeniu<\/h2><p>Model Bang King 85000 Kiwi Passion Fruit Guava &amp; Lush Ice &amp; Straw Mango posiada oryginalny zbiornik z trzema e-liquidami, z kt\u00f3rych ka\u017cdy mo\u017ce by\u0107 niezale\u017cnie wstrzykiwany r\u00f3\u017cnymi smakami e-liquid\u00f3w, o \u0142\u0105cznej pojemno\u015bci do 63 ml (21 ml na zbiornik). Selektor smaku oznacza, \u017ce mo\u017cesz swobodnie zmienia\u0107 smak w dowolnym momencie, bez konieczno\u015bci zmiany urz\u0105dzenia lub wk\u0142adu, aby zaspokoi\u0107 wszystkie swoje potrzeby.<\/p><p>Ka\u017cdy e-papieros Bang King Triple 85000 Kiwi Passion Fruit Guava &amp; Lush Ice &amp; Straw Mango oferuje do 85 000 zaci\u0105gni\u0119\u0107 dymem, a ka\u017cdy smak niezale\u017cnie oko\u0142o 28 300 zaci\u0105gni\u0119\u0107. Wszechstronny i trwa\u0142y, jest to wiod\u0105cy na rynku e-papieros o du\u017cej pojemno\u015bci.<\/p><h2>Trzy niezale\u017cne zestawy rezystor\u00f3w siatkowych 1,0 \u03a9<\/h2><p>Bang King 85000 Kiwi Passion Fruit Guava &amp; Lush Ice &amp; Straw Mango 3 in 1 Triple Flavor jest wyposa\u017cony w trzy zestawy niezale\u017cnych zintegrowanych rezystor\u00f3w siatkowych 1,0 \u03a9, kt\u00f3re zasilaj\u0105 odpowiednie zbiorniki e-ciecz\u0105, zachowuj\u0105c czysto\u015b\u0107 ka\u017cdego smaku i poprawiaj\u0105c jednorodno\u015b\u0107 atomizacji i bogactwo smaku. Brak mieszania si\u0119 smak\u00f3w sprawia, \u017ce jest to idealny wyb\u00f3r dla uzyskania najlepszych dozna\u0144 smakowych.<\/p><h2>Kilka opcji st\u0119\u017cenia nikotyny<\/h2><p>Aby zaspokoi\u0107 potrzeby ka\u017cdego u\u017cytkownika, Bang King Triple 85000 Kiwi Passion Fruit Guava &amp; Lush Ice &amp; Straw Mango oferuje cztery opcje st\u0119\u017cenia nikotyny:<\/p><p>0 % (wersja beznikotynowa, idealna dla fan\u00f3w e-papieros\u00f3w, kt\u00f3rym zale\u017cy na jak najlepszych doznaniach smakowych)<\/p><p>2 %, 3 %, 5 % (dost\u0119pne r\u00f3\u017cne st\u0119\u017cenia nikotyny)<\/p><p>Wybierz intensywno\u015b\u0107, kt\u00f3ra Ci odpowiada, od \u0142atwej redukcji do orze\u017awiaj\u0105cego, satysfakcjonuj\u0105cego smaku.<\/p><p>Niezale\u017cnie od tego, czy jeste\u015b w podr\u00f3\u017cy, na imprezie czy w domu, du\u017ca pojemno\u015b\u0107 i wyb\u00f3r smak\u00f3w w Bang King Triple 85000 Kiwi Passion Fruit Guava &amp; Lush Ice &amp; Straw Mango mo\u017cna dostosowa\u0107 do wszystkich potrzeb, niezale\u017cnie od otoczenia. W po\u0142\u0105czeniu z wyrafinowanym wzornictwem przemys\u0142owym i ergonomiczn\u0105 koncepcj\u0105, \u0142\u0105czy w sobie funkcjonalno\u015b\u0107 i estetyk\u0119.<\/p><h2>Specyfikacja Bang King 85000 3 w 1 Triple Flavour<\/h2><p>Maksymalna ilo\u015b\u0107 zaci\u0105gni\u0119\u0107: 85 000 zaci\u0105gni\u0119\u0107 (oko\u0142o 28 300 zaci\u0105gni\u0119\u0107 na smak).<\/p><p>Ca\u0142kowita pojemno\u015b\u0107 e-liquidu: 63 ml (3 x 21 ml)<\/p><p>Pojemno\u015b\u0107 baterii: 600 mAh, wielokrotnego \u0142adowania<\/p><p>Szybkie \u0142adowanie: interfejs USB-C<\/p><p>Konfiguracja rezystor\u00f3w: trzy niezale\u017cne zestawy rezystor\u00f3w siatkowych 1,0 \u03a9<\/p><p>Opcje st\u0119\u017cenia nikotyny: 0 %, 2 %, 3 %, 5 %<\/p><p>Funkcja wy\u015bwietlacza: ekran OLED (wy\u015bwietla poziom na\u0142adowania baterii i ilo\u015b\u0107 pozosta\u0142ego e-cieczy)<\/p><p>Kluczowe cechy: \u0142atwe prze\u0142\u0105czanie mi\u0119dzy trzema smakami, bez nak\u0142adania si\u0119 smak\u00f3w<\/p>\t\t\t\t\t\t\t\t<\/div>\n\t\t\t\t<\/div>\n\t\t\t\t\t<\/div>\n\t\t\t\t<\/div>\n\t\t\t\t<\/div>","protected":false},"excerpt":{"rendered":"<p>Les trois saveurs Kiwi Passion Fruit Guava &amp; Lush Ice &amp; Straw Mango incarnent la puissance des ar\u00f4mes de fruits tropicaux, la fra\u00eecheur de la menthe fra\u00eeche et la douceur de la pulpe de fruit sucr\u00e9e. Gr\u00e2ce au s\u00e9lecteur intelligent, vous pouvez changer de saveur instantan\u00e9ment en ajustant simplement le s\u00e9lecteur, transformant chaque inhalation en [&hellip;]<\/p>\n","protected":false},"featured_media":5395,"comment_status":"open","ping_status":"closed","template":"","meta":{"site-sidebar-layout":"no-sidebar","site-content-layout":"page-builder","ast-site-content-layout":"normal-width-container","site-content-style":"default","site-sidebar-style":"default","ast-global-header-display":"","ast-banner-title-visibility":"","ast-main-header-display":"","ast-hfb-above-header-display":"","ast-hfb-below-header-display":"","ast-hfb-mobile-header-display":"","site-post-title":"disabled","ast-breadcrumbs-content":"","ast-featured-img":"disabled","footer-sml-layout":"","ast-disable-related-posts":"","theme-transparent-header-meta":"default","adv-header-id-meta":"","stick-header-meta":"default","header-above-stick-meta":"","header-main-stick-meta":"","header-below-stick-meta":"","astra-migrate-meta-layouts":"set","ast-page-background-enabled":"default","ast-page-background-meta":{"desktop":{"background-color":"","background-image":"","background-repeat":"repeat","background-position":"center center","background-size":"auto","background-attachment":"scroll","background-type":"","background-media":"","overlay-type":"","overlay-color":"","overlay-opacity":"","overlay-gradient":""},"tablet":{"background-color":"","background-image":"","background-repeat":"repeat","background-position":"center center","background-size":"auto","background-attachment":"scroll","background-type":"","background-media":"","overlay-type":"","overlay-color":"","overlay-opacity":"","overlay-gradient":""},"mobile":{"background-color":"","background-image":"","background-repeat":"repeat","background-position":"center center","background-size":"auto","background-attachment":"scroll","background-type":"","background-media":"","overlay-type":"","overlay-color":"","overlay-opacity":"","overlay-gradient":""}},"ast-content-background-meta":{"desktop":{"background-color":"var(--ast-global-color-5)","background-image":"","background-repeat":"repeat","background-position":"center center","background-size":"auto","background-attachment":"scroll","background-type":"","background-media":"","overlay-type":"","overlay-color":"","overlay-opacity":"","overlay-gradient":""},"tablet":{"background-color":"var(--ast-global-color-5)","background-image":"","background-repeat":"repeat","background-position":"center center","background-size":"auto","background-attachment":"scroll","background-type":"","background-media":"","overlay-type":"","overlay-color":"","overlay-opacity":"","overlay-gradient":""},"mobile":{"background-color":"var(--ast-global-color-5)","background-image":"","background-repeat":"repeat","background-position":"center center","background-size":"auto","background-attachment":"scroll","background-type":"","background-media":"","overlay-type":"","overlay-color":"","overlay-opacity":"","overlay-gradient":""}}},"product_brand":[52],"product_cat":[51,107,15],"product_tag":[],"class_list":{"0":"post-5680","1":"product","2":"type-product","3":"status-publish","4":"has-post-thumbnail","6":"product_brand-bang-king","7":"product_cat-bang-king-triple-85000-trois-saveurs-en-une","8":"product_cat-puff-85k","9":"product_cat-magasin-cigarette-electronique","10":"desktop-align-center","11":"tablet-align-center","12":"mobile-align-center","13":"ast-product-gallery-layout-horizontal","14":"ast-product-gallery-with-no-image","15":"ast-product-single-variable","16":"ast-product-tabs-layout-horizontal","17":"ast-qv-on-image","19":"first","20":"instock","21":"sale","22":"shipping-taxable","23":"purchasable","24":"product-type-variable","25":"has-default-attributes"},"tiered_pricing_type":"fixed","tiered_pricing_fixed_rules":[],"tiered_pricing_product_settings":{"layout":"default","base_unit_name":{"singular":null,"plural":null},"default_variation":null},"tiered_pricing_minimum_quantity":null,"tiered_pricing_roles_data":[],"tiered_pricing_percentage_rules":[],"_links":{"self":[{"href":"https:\/\/puffvapestore.com\/pl\/wp-json\/wp\/v2\/product\/5680","targetHints":{"allow":["GET"]}}],"collection":[{"href":"https:\/\/puffvapestore.com\/pl\/wp-json\/wp\/v2\/product"}],"about":[{"href":"https:\/\/puffvapestore.com\/pl\/wp-json\/wp\/v2\/types\/product"}],"replies":[{"embeddable":true,"href":"https:\/\/puffvapestore.com\/pl\/wp-json\/wp\/v2\/comments?post=5680"}],"version-history":[{"count":12,"href":"https:\/\/puffvapestore.com\/pl\/wp-json\/wp\/v2\/product\/5680\/revisions"}],"predecessor-version":[{"id":10708,"href":"https:\/\/puffvapestore.com\/pl\/wp-json\/wp\/v2\/product\/5680\/revisions\/10708"}],"wp:featuredmedia":[{"embeddable":true,"href":"https:\/\/puffvapestore.com\/pl\/wp-json\/wp\/v2\/media\/5395"}],"wp:attachment":[{"href":"https:\/\/puffvapestore.com\/pl\/wp-json\/wp\/v2\/media?parent=5680"}],"wp:term":[{"taxonomy":"product_brand","embeddable":true,"href":"https:\/\/puffvapestore.com\/pl\/wp-json\/wp\/v2\/product_brand?post=5680"},{"taxonomy":"product_cat","embeddable":true,"href":"https:\/\/puffvapestore.com\/pl\/wp-json\/wp\/v2\/product_cat?post=5680"},{"taxonomy":"product_tag","embeddable":true,"href":"https:\/\/puffvapestore.com\/pl\/wp-json\/wp\/v2\/product_tag?post=5680"}],"curies":[{"name":"wp","href":"https:\/\/api.w.org\/{rel}","templated":true}]}}