{"id":5650,"date":"2025-07-23T10:11:33","date_gmt":"2025-07-23T10:11:33","guid":{"rendered":"https:\/\/puffvapestore.com\/?post_type=product&#038;p=5650"},"modified":"2026-01-19T10:54:36","modified_gmt":"2026-01-19T10:54:36","slug":"double-apple-pineapple-ice-fruity-fusion-bang-king-85000-3-en-1-triple-saveur","status":"publish","type":"product","link":"https:\/\/puffvapestore.com\/pl\/product\/double-apple-pineapple-ice-fruity-fusion-bang-king-85000-3-w-1-potrojny-smak\/","title":{"rendered":"Double Apple &amp; Pineapple Ice &amp; Fruity Fusion - Bang King 85000 3 w 1 Potr\u00f3jny Smak"},"content":{"rendered":"<div data-elementor-type=\"wp-post\" data-elementor-id=\"5650\" class=\"elementor elementor-5650\">\n\t\t\t\t<div class=\"elementor-element elementor-element-08c26f9 e-flex e-con-boxed e-con e-parent\" data-id=\"08c26f9\" data-element_type=\"container\" data-e-type=\"container\">\n\t\t\t\t\t<div class=\"e-con-inner\">\n\t\t\t\t<div class=\"elementor-element elementor-element-a005a97 elementor-widget elementor-widget-text-editor\" data-id=\"a005a97\" data-element_type=\"widget\" data-e-type=\"widget\" data-widget_type=\"text-editor.default\">\n\t\t\t\t<div class=\"elementor-widget-container\">\n\t\t\t\t\t\t\t\t\t<p>Po\u0142\u0105czenie \u00abDouble Apple &amp; Glazed Pineapple &amp; Fruity Fusion\u00bb sta\u0142o si\u0119 idealnym wyborem dla mieszka\u0144c\u00f3w miast, kt\u00f3rzy chc\u0105 si\u0119 zrelaksowa\u0107 dzi\u0119ki orze\u017awiaj\u0105cemu, bogatemu i egzotycznemu smakowi.<\/p><h2>Ten wyj\u0105tkowy owocowy potr\u00f3jny aromat \u0142\u0105czy w sobie :<\/h2><p>Double Apple: s\u0142odko-kwa\u015bny aromat, typowy dla sziszy, cz\u0119ste \u017ar\u00f3d\u0142o inspiracji we francuskiej kulturze kawowej.<\/p><p>Iced Pineapple: orze\u017awiaj\u0105cy i pobudzaj\u0105cy, z lekkim lodowatym uczuciem, jak \u015bwie\u017cy ananas chrupany w Morzu \u015ar\u00f3dziemnym, zapewniaj\u0105cy natychmiastowe uczucie \u015bwie\u017co\u015bci.<\/p><p>Fruity fusion: R\u00f3\u017cnorodne owoce przeplataj\u0105 si\u0119, tworz\u0105c s\u0142odki aromat niczym ze s\u0142onecznego sadu, r\u00f3wnowa\u017c\u0105c pobudzenie i s\u0142odycz dw\u00f3ch pierwszych smak\u00f3w.<\/p><p>Niezale\u017cnie od tego, czy delektujesz si\u0119 popo\u0142udniowym espresso na tarasie w Pary\u017cu, czy wieczorem nad morzem na po\u0142udniu Francji, ta kombinacja smak\u00f3w elektronicznego papierosa Bang King 85000 wywo\u0142uje zmys\u0142ow\u0105 przyjemno\u015b\u0107 i relaks psychiczny.<\/p><h2>Inteligentny ekran HD<\/h2><p>Bang King Triple 85000 Double Apple &amp; Pineapple Ice &amp; Fruity Fusion jest wyposa\u017cony w zaawansowany zintegrowany wy\u015bwietlacz HD, oferuj\u0105cy intuicyjn\u0105 obs\u0142ug\u0119. Ekran wy\u015bwietla kluczowe informacje w czasie rzeczywistym, w tym pozosta\u0142y poziom na\u0142adowania baterii i ilo\u015b\u0107 pozosta\u0142ego e-liquidu, pozwalaj\u0105c u\u017cytkownikom zawsze monitorowa\u0107 stan urz\u0105dzenia i optymalizowa\u0107 swoje wra\u017cenia.<\/p><h2>Do wyboru trzy smaki i niezale\u017cny zbiornik oleju<\/h2><p>Model Bang King 85000 Double Apple &amp; Pineapple Ice &amp; Fruity Fusion 3 in 1 Triple Flavour w innowacyjny spos\u00f3b integruje trzy niezale\u017cne zbiorniki e-liquidu, z kt\u00f3rych ka\u017cdy jest wst\u0119pnie nape\u0142niony 21 ml e-liquidu, co daje \u0142\u0105czn\u0105 pojemno\u015b\u0107 do 63 ml. Praktyczny selektor pozwala na swobodny wyb\u00f3r pomi\u0119dzy trzema smakami. Ka\u017cdy smak zapewnia do 28 300 zaci\u0105gni\u0119\u0107 i do 85 000 zaci\u0105gni\u0119\u0107 \u0142\u0105cznie, zapewniaj\u0105c zr\u00f3\u017cnicowane, d\u0142ugotrwa\u0142e doznania podczas waporyzacji.<\/p><p>Aby zaspokoi\u0107 potrzeby ka\u017cdego u\u017cytkownika, Bang King Triple 85000 Double Apple &amp; Pineapple Ice &amp; Fruity Fusion oferuje cztery poziomy st\u0119\u017cenia nikotyny: 0 % (bez nikotyny), 2 %, 3 % i 5 %. Ta elastyczno\u015b\u0107 oznacza, \u017ce mo\u017cesz wybra\u0107 dawk\u0119, kt\u00f3ra odpowiada Twoim preferencjom, od palaczy po okazjonalnych u\u017cytkownik\u00f3w.<\/p><p>Ten elektroniczny papieros jest wyposa\u017cony w akumulator o pojemno\u015bci 600 mAh i obs\u0142uguje technologi\u0119 szybkiego \u0142adowania USB-C. Umo\u017cliwia to szybkie \u0142adowanie urz\u0105dzenia, skracaj\u0105c czas oczekiwania i zapewniaj\u0105c sta\u0142\u0105 dost\u0119pno\u015b\u0107, co jest idealne do cz\u0119stego u\u017cytkowania.<\/p><h2>Zoptymalizowana konfiguracja rezystor\u00f3w<\/h2><p>Model Bang King Triple 85000 Double Apple &amp; Pineapple Ice &amp; Fruity Fusion wykorzystuje trzypoziomowy rezystor siatkowy 1,0 \u03a9, zoptymalizowany pod k\u0105tem optymalnego odwzorowania smaku i atomizacji. Rezystor siatkowy zapewnia r\u00f3wnomierne ogrzewanie, gwarantuj\u0105c intensywny smak i produkcj\u0119 pary przy ka\u017cdym zaci\u0105gni\u0119ciu.<\/p><p>Ka\u017cdy elektroniczny papieros Bang King Triple 85000 Double Apple &amp; Pineapple Ice &amp; Fruity Fusion oferuje \u0142\u0105czn\u0105 pojemno\u015b\u0107 63 ml e-cieczy (3 zbiorniki po 21 ml ka\u017cdy) i do 85 000 zaci\u0105gni\u0119\u0107, co czyni go jednym z najd\u0142u\u017cej dzia\u0142aj\u0105cych urz\u0105dze\u0144 na rynku. Niezale\u017cnie od tego, czy u\u017cywasz go codziennie, czy wychodzisz na d\u0142ugi czas, b\u0119dziesz cieszy\u0107 si\u0119 beztroskim do\u015bwiadczeniem waporyzacji.<\/p>\t\t\t\t\t\t\t\t<\/div>\n\t\t\t\t<\/div>\n\t\t\t\t\t<\/div>\n\t\t\t\t<\/div>\n\t\t\t\t<\/div>","protected":false},"excerpt":{"rendered":"<p>La combinaison \u00ab\u00a0Double Pomme &amp; Ananas Glac\u00e9 &amp; Fusion Fruit\u00e9e\u00a0\u00bb est devenue un choix id\u00e9al pour les citadins qui souhaitent se d\u00e9tendre gr\u00e2ce \u00e0 son go\u00fbt rafra\u00eechissant, riche et exotique. Ce triple ar\u00f4me fruit\u00e9 unique combine\u00a0: Double Pomme\u00a0: un ar\u00f4me aigre-doux, typique du narguil\u00e9, une source d&rsquo;inspiration fr\u00e9quente dans la culture des caf\u00e9s fran\u00e7ais. Ananas [&hellip;]<\/p>\n","protected":false},"featured_media":5393,"comment_status":"open","ping_status":"closed","template":"","meta":{"site-sidebar-layout":"no-sidebar","site-content-layout":"page-builder","ast-site-content-layout":"normal-width-container","site-content-style":"default","site-sidebar-style":"default","ast-global-header-display":"","ast-banner-title-visibility":"","ast-main-header-display":"","ast-hfb-above-header-display":"","ast-hfb-below-header-display":"","ast-hfb-mobile-header-display":"","site-post-title":"disabled","ast-breadcrumbs-content":"","ast-featured-img":"disabled","footer-sml-layout":"","ast-disable-related-posts":"","theme-transparent-header-meta":"default","adv-header-id-meta":"","stick-header-meta":"default","header-above-stick-meta":"","header-main-stick-meta":"","header-below-stick-meta":"","astra-migrate-meta-layouts":"set","ast-page-background-enabled":"default","ast-page-background-meta":{"desktop":{"background-color":"","background-image":"","background-repeat":"repeat","background-position":"center center","background-size":"auto","background-attachment":"scroll","background-type":"","background-media":"","overlay-type":"","overlay-color":"","overlay-opacity":"","overlay-gradient":""},"tablet":{"background-color":"","background-image":"","background-repeat":"repeat","background-position":"center center","background-size":"auto","background-attachment":"scroll","background-type":"","background-media":"","overlay-type":"","overlay-color":"","overlay-opacity":"","overlay-gradient":""},"mobile":{"background-color":"","background-image":"","background-repeat":"repeat","background-position":"center center","background-size":"auto","background-attachment":"scroll","background-type":"","background-media":"","overlay-type":"","overlay-color":"","overlay-opacity":"","overlay-gradient":""}},"ast-content-background-meta":{"desktop":{"background-color":"var(--ast-global-color-5)","background-image":"","background-repeat":"repeat","background-position":"center center","background-size":"auto","background-attachment":"scroll","background-type":"","background-media":"","overlay-type":"","overlay-color":"","overlay-opacity":"","overlay-gradient":""},"tablet":{"background-color":"var(--ast-global-color-5)","background-image":"","background-repeat":"repeat","background-position":"center center","background-size":"auto","background-attachment":"scroll","background-type":"","background-media":"","overlay-type":"","overlay-color":"","overlay-opacity":"","overlay-gradient":""},"mobile":{"background-color":"var(--ast-global-color-5)","background-image":"","background-repeat":"repeat","background-position":"center center","background-size":"auto","background-attachment":"scroll","background-type":"","background-media":"","overlay-type":"","overlay-color":"","overlay-opacity":"","overlay-gradient":""}}},"product_brand":[52],"product_cat":[51,107,15],"product_tag":[],"class_list":{"0":"post-5650","1":"product","2":"type-product","3":"status-publish","4":"has-post-thumbnail","6":"product_brand-bang-king","7":"product_cat-bang-king-triple-85000-trois-saveurs-en-une","8":"product_cat-puff-85k","9":"product_cat-magasin-cigarette-electronique","10":"desktop-align-center","11":"tablet-align-center","12":"mobile-align-center","13":"ast-product-gallery-layout-horizontal","14":"ast-product-gallery-with-no-image","15":"ast-product-single-variable","16":"ast-product-tabs-layout-horizontal","17":"ast-qv-on-image","19":"first","20":"instock","21":"sale","22":"shipping-taxable","23":"purchasable","24":"product-type-variable","25":"has-default-attributes"},"tiered_pricing_type":"fixed","tiered_pricing_fixed_rules":[],"tiered_pricing_product_settings":{"layout":"default","base_unit_name":{"singular":null,"plural":null},"default_variation":null},"tiered_pricing_minimum_quantity":null,"tiered_pricing_roles_data":[],"tiered_pricing_percentage_rules":[],"_links":{"self":[{"href":"https:\/\/puffvapestore.com\/pl\/wp-json\/wp\/v2\/product\/5650","targetHints":{"allow":["GET"]}}],"collection":[{"href":"https:\/\/puffvapestore.com\/pl\/wp-json\/wp\/v2\/product"}],"about":[{"href":"https:\/\/puffvapestore.com\/pl\/wp-json\/wp\/v2\/types\/product"}],"replies":[{"embeddable":true,"href":"https:\/\/puffvapestore.com\/pl\/wp-json\/wp\/v2\/comments?post=5650"}],"version-history":[{"count":8,"href":"https:\/\/puffvapestore.com\/pl\/wp-json\/wp\/v2\/product\/5650\/revisions"}],"predecessor-version":[{"id":10699,"href":"https:\/\/puffvapestore.com\/pl\/wp-json\/wp\/v2\/product\/5650\/revisions\/10699"}],"wp:featuredmedia":[{"embeddable":true,"href":"https:\/\/puffvapestore.com\/pl\/wp-json\/wp\/v2\/media\/5393"}],"wp:attachment":[{"href":"https:\/\/puffvapestore.com\/pl\/wp-json\/wp\/v2\/media?parent=5650"}],"wp:term":[{"taxonomy":"product_brand","embeddable":true,"href":"https:\/\/puffvapestore.com\/pl\/wp-json\/wp\/v2\/product_brand?post=5650"},{"taxonomy":"product_cat","embeddable":true,"href":"https:\/\/puffvapestore.com\/pl\/wp-json\/wp\/v2\/product_cat?post=5650"},{"taxonomy":"product_tag","embeddable":true,"href":"https:\/\/puffvapestore.com\/pl\/wp-json\/wp\/v2\/product_tag?post=5650"}],"curies":[{"name":"wp","href":"https:\/\/api.w.org\/{rel}","templated":true}]}}