{"id":5639,"date":"2025-07-23T08:03:48","date_gmt":"2025-07-23T08:03:48","guid":{"rendered":"https:\/\/puffvapestore.com\/?post_type=product&#038;p=5639"},"modified":"2026-01-19T10:54:36","modified_gmt":"2026-01-19T10:54:36","slug":"berry-lemonade-strawberry-red-bull-strawberry-pomp-bang-king-85000-3-en-1","status":"publish","type":"product","link":"https:\/\/puffvapestore.com\/pl\/product\/berry-lemonade-strawberry-red-bull-strawberry-pomp-bang-king-85000-3-w-1\/","title":{"rendered":"Berry Lemonade &amp; Strawberry Red Bull &amp; Strawberry Pomp - Bang King 85000 3 w 1 Potr\u00f3jny Smak"},"content":{"rendered":"<div data-elementor-type=\"wp-post\" data-elementor-id=\"5639\" class=\"elementor elementor-5639\">\n\t\t\t\t<div class=\"elementor-element elementor-element-08c26f9 e-flex e-con-boxed e-con e-parent\" data-id=\"08c26f9\" data-element_type=\"container\" data-e-type=\"container\">\n\t\t\t\t\t<div class=\"e-con-inner\">\n\t\t\t\t<div class=\"elementor-element elementor-element-a005a97 elementor-widget elementor-widget-text-editor\" data-id=\"a005a97\" data-element_type=\"widget\" data-e-type=\"widget\" data-widget_type=\"text-editor.default\">\n\t\t\t\t<div class=\"elementor-widget-container\">\n\t\t\t\t\t\t\t\t\t<h2>Trio smak\u00f3w, uwolnij sw\u00f3j francuski komfort.<\/h2><p>O zmierzchu, nad brzegiem Sekwany w Pary\u017cu, bierzesz tego elektronicznego papierosa Bang King 85000 3 in 1 Triple Flavour, wybierasz sw\u00f3j ulubiony smak i bierzesz g\u0142\u0119boki oddech.<\/p><p>Lekko cierpki, s\u0142odki smak lemoniady z czerwonych owoc\u00f3w zapewnia orze\u017awiaj\u0105cy, wykwintny smak na pocz\u0105tku lata.<\/p><p>Przej\u015bcie na smak Red Bull Strawberry to prawdziwe przebudzenie smakowe: s\u0142odycz truskawek i pobudzenie napoj\u00f3w energetycznych \u0142\u0105cz\u0105 si\u0119, idealne do odzyskania witalno\u015bci przed snem.<\/p><p>Zapach Strawberry Pomp \u0142\u0105czy w sobie owocowy aromat truskawek z odrobin\u0105 kremowego, g\u0119stego i delikatnego musu, z utrzymuj\u0105cym si\u0119 posmakiem przypominaj\u0105cym s\u0142o\u0144ce popo\u0142udnia na po\u0142udniu Francji.<\/p><p>Te trzy zapachy dostosowuj\u0105 si\u0119 do nastroju, okazji i chwili, podobnie jak perfumy, str\u00f3j lub lista odtwarzania.<\/p><h2>Inteligentny ekran HD<\/h2><p>Model Bang King Triple 85000 Berry Lemonade &amp; Strawberry Red Bull &amp; Strawberry Pomp jest wyposa\u017cony w zaawansowany zintegrowany wy\u015bwietlacz HD, oferuj\u0105cy intuicyjn\u0105 obs\u0142ug\u0119. Wy\u015bwietlacz pokazuje kluczowe informacje w czasie rzeczywistym, w tym pozosta\u0142y poziom na\u0142adowania baterii i ilo\u015b\u0107 pozosta\u0142ego e-liquidu, pozwalaj\u0105c u\u017cytkownikom zawsze monitorowa\u0107 stan urz\u0105dzenia i optymalizowa\u0107 swoje wra\u017cenia.<\/p><h2>Do wyboru trzy smaki i niezale\u017cny zbiornik oleju<\/h2><p>Model Bang King 85000 3 in 1 Triple Flavour w innowacyjny spos\u00f3b integruje trzy niezale\u017cne zbiorniki e-liquidu, z kt\u00f3rych ka\u017cdy jest wst\u0119pnie nape\u0142niony 21 ml e-liquidu, co daje \u0142\u0105czn\u0105 pojemno\u015b\u0107 do 63 ml. Praktyczny selektor pozwala na swobodny wyb\u00f3r pomi\u0119dzy trzema smakami. Ka\u017cdy smak zapewnia do 28 300 zaci\u0105gni\u0119\u0107 i do 85 000 zaci\u0105gni\u0119\u0107 \u0142\u0105cznie, zapewniaj\u0105c zr\u00f3\u017cnicowane, d\u0142ugotrwa\u0142e doznania podczas waporyzacji.<\/p><p>Aby zaspokoi\u0107 potrzeby ka\u017cdego u\u017cytkownika, Bang King Triple 85000 Berry Lemonade &amp; Strawberry Red Bull &amp; Strawberry Pomp oferuje cztery poziomy st\u0119\u017cenia nikotyny: 0 % (bez nikotyny), 2 %, 3 % i 5 %. Ta elastyczno\u015b\u0107 oznacza, \u017ce mo\u017cesz wybra\u0107 dawk\u0119, kt\u00f3ra odpowiada Twoim preferencjom, od palaczy po okazjonalnych u\u017cytkownik\u00f3w.<\/p><p>Ten elektroniczny papieros jest wyposa\u017cony w akumulator o pojemno\u015bci 600 mAh i obs\u0142uguje technologi\u0119 szybkiego \u0142adowania USB-C. Umo\u017cliwia to szybkie \u0142adowanie urz\u0105dzenia, skracaj\u0105c czas oczekiwania i zapewniaj\u0105c sta\u0142\u0105 dost\u0119pno\u015b\u0107, co jest idealne do cz\u0119stego u\u017cytkowania.<\/p><h2>Zoptymalizowana konfiguracja rezystor\u00f3w<\/h2><p>Model Bang King Triple 85000 Berry Lemonade &amp; Strawberry Red Bull &amp; Strawberry Pomp posiada trzystopniowy rezystor siatkowy 1,0 \u03a9, zoptymalizowany pod k\u0105tem optymalnej reprodukcji smaku i atomizacji. Rezystor siatkowy zapewnia r\u00f3wnomierne ogrzewanie, gwarantuj\u0105c intensywny smak i produkcj\u0119 pary przy ka\u017cdym zaci\u0105gni\u0119ciu.<\/p><p>Ka\u017cdy elektroniczny papieros Bang King Triple 85000 oferuje \u0142\u0105czn\u0105 pojemno\u015b\u0107 63 ml e-liquidu (3 zbiorniki po 21 ml ka\u017cdy) i do 85 000 zaci\u0105gni\u0119\u0107, co czyni go jednym z najd\u0142u\u017cej dzia\u0142aj\u0105cych urz\u0105dze\u0144 na rynku. Niezale\u017cnie od tego, czy u\u017cywasz go codziennie, czy wychodzisz na d\u0142ugi czas, b\u0119dziesz cieszy\u0107 si\u0119 beztroskim do\u015bwiadczeniem waporyzacji.<\/p>\t\t\t\t\t\t\t\t<\/div>\n\t\t\t\t<\/div>\n\t\t\t\t\t<\/div>\n\t\t\t\t<\/div>\n\t\t\t\t<\/div>","protected":false},"excerpt":{"rendered":"<p>Trio de saveurs, lib\u00e9rez votre confort fran\u00e7ais. Au cr\u00e9puscule, sur les quais de la Seine \u00e0 Paris, vous prenez cette cigarette \u00e9lectronique Bang King 85000 3 en 1 Triple Saveur, vous choisissez votre saveur pr\u00e9f\u00e9r\u00e9e et vous inspirez profond\u00e9ment. Le go\u00fbt l\u00e9g\u00e8rement acidul\u00e9 et sucr\u00e9 de la limonade aux fruits rouges, vous offre un parfum [&hellip;]<\/p>\n","protected":false},"featured_media":5389,"comment_status":"open","ping_status":"closed","template":"","meta":{"site-sidebar-layout":"no-sidebar","site-content-layout":"page-builder","ast-site-content-layout":"normal-width-container","site-content-style":"default","site-sidebar-style":"default","ast-global-header-display":"","ast-banner-title-visibility":"","ast-main-header-display":"","ast-hfb-above-header-display":"","ast-hfb-below-header-display":"","ast-hfb-mobile-header-display":"","site-post-title":"disabled","ast-breadcrumbs-content":"","ast-featured-img":"disabled","footer-sml-layout":"","ast-disable-related-posts":"","theme-transparent-header-meta":"default","adv-header-id-meta":"","stick-header-meta":"default","header-above-stick-meta":"","header-main-stick-meta":"","header-below-stick-meta":"","astra-migrate-meta-layouts":"set","ast-page-background-enabled":"default","ast-page-background-meta":{"desktop":{"background-color":"","background-image":"","background-repeat":"repeat","background-position":"center center","background-size":"auto","background-attachment":"scroll","background-type":"","background-media":"","overlay-type":"","overlay-color":"","overlay-opacity":"","overlay-gradient":""},"tablet":{"background-color":"","background-image":"","background-repeat":"repeat","background-position":"center center","background-size":"auto","background-attachment":"scroll","background-type":"","background-media":"","overlay-type":"","overlay-color":"","overlay-opacity":"","overlay-gradient":""},"mobile":{"background-color":"","background-image":"","background-repeat":"repeat","background-position":"center center","background-size":"auto","background-attachment":"scroll","background-type":"","background-media":"","overlay-type":"","overlay-color":"","overlay-opacity":"","overlay-gradient":""}},"ast-content-background-meta":{"desktop":{"background-color":"var(--ast-global-color-5)","background-image":"","background-repeat":"repeat","background-position":"center center","background-size":"auto","background-attachment":"scroll","background-type":"","background-media":"","overlay-type":"","overlay-color":"","overlay-opacity":"","overlay-gradient":""},"tablet":{"background-color":"var(--ast-global-color-5)","background-image":"","background-repeat":"repeat","background-position":"center center","background-size":"auto","background-attachment":"scroll","background-type":"","background-media":"","overlay-type":"","overlay-color":"","overlay-opacity":"","overlay-gradient":""},"mobile":{"background-color":"var(--ast-global-color-5)","background-image":"","background-repeat":"repeat","background-position":"center center","background-size":"auto","background-attachment":"scroll","background-type":"","background-media":"","overlay-type":"","overlay-color":"","overlay-opacity":"","overlay-gradient":""}}},"product_brand":[52],"product_cat":[51,107,15],"product_tag":[],"class_list":{"0":"post-5639","1":"product","2":"type-product","3":"status-publish","4":"has-post-thumbnail","6":"product_brand-bang-king","7":"product_cat-bang-king-triple-85000-trois-saveurs-en-une","8":"product_cat-puff-85k","9":"product_cat-magasin-cigarette-electronique","10":"desktop-align-center","11":"tablet-align-center","12":"mobile-align-center","13":"ast-product-gallery-layout-horizontal","14":"ast-product-gallery-with-no-image","15":"ast-product-single-variable","16":"ast-product-tabs-layout-horizontal","17":"ast-qv-on-image","19":"first","20":"instock","21":"sale","22":"shipping-taxable","23":"purchasable","24":"product-type-variable","25":"has-default-attributes"},"tiered_pricing_type":"fixed","tiered_pricing_fixed_rules":[],"tiered_pricing_product_settings":{"layout":"default","base_unit_name":{"singular":null,"plural":null},"default_variation":null},"tiered_pricing_minimum_quantity":null,"tiered_pricing_roles_data":[],"tiered_pricing_percentage_rules":[],"_links":{"self":[{"href":"https:\/\/puffvapestore.com\/pl\/wp-json\/wp\/v2\/product\/5639","targetHints":{"allow":["GET"]}}],"collection":[{"href":"https:\/\/puffvapestore.com\/pl\/wp-json\/wp\/v2\/product"}],"about":[{"href":"https:\/\/puffvapestore.com\/pl\/wp-json\/wp\/v2\/types\/product"}],"replies":[{"embeddable":true,"href":"https:\/\/puffvapestore.com\/pl\/wp-json\/wp\/v2\/comments?post=5639"}],"version-history":[{"count":8,"href":"https:\/\/puffvapestore.com\/pl\/wp-json\/wp\/v2\/product\/5639\/revisions"}],"predecessor-version":[{"id":10700,"href":"https:\/\/puffvapestore.com\/pl\/wp-json\/wp\/v2\/product\/5639\/revisions\/10700"}],"wp:featuredmedia":[{"embeddable":true,"href":"https:\/\/puffvapestore.com\/pl\/wp-json\/wp\/v2\/media\/5389"}],"wp:attachment":[{"href":"https:\/\/puffvapestore.com\/pl\/wp-json\/wp\/v2\/media?parent=5639"}],"wp:term":[{"taxonomy":"product_brand","embeddable":true,"href":"https:\/\/puffvapestore.com\/pl\/wp-json\/wp\/v2\/product_brand?post=5639"},{"taxonomy":"product_cat","embeddable":true,"href":"https:\/\/puffvapestore.com\/pl\/wp-json\/wp\/v2\/product_cat?post=5639"},{"taxonomy":"product_tag","embeddable":true,"href":"https:\/\/puffvapestore.com\/pl\/wp-json\/wp\/v2\/product_tag?post=5639"}],"curies":[{"name":"wp","href":"https:\/\/api.w.org\/{rel}","templated":true}]}}