{"id":5617,"date":"2025-07-23T02:37:15","date_gmt":"2025-07-23T02:37:15","guid":{"rendered":"https:\/\/puffvapestore.com\/?post_type=product&#038;p=5617"},"modified":"2026-01-19T10:54:36","modified_gmt":"2026-01-19T10:54:36","slug":"strawberry-donut-love-66-banana-ice-bang-king-85k","status":"publish","type":"product","link":"https:\/\/puffvapestore.com\/pl\/product\/truskawkowy-paczek-love-66-bananowy-lod-bang-king-85k\/","title":{"rendered":"Strawberry Donut &amp; Love 66 &amp; Banana Ice - Bang King 85000 3 w 1 Potr\u00f3jny Smak"},"content":{"rendered":"<div data-elementor-type=\"wp-post\" data-elementor-id=\"5617\" class=\"elementor elementor-5617\">\n\t\t\t\t<div class=\"elementor-element elementor-element-08c26f9 e-flex e-con-boxed e-con e-parent\" data-id=\"08c26f9\" data-element_type=\"container\" data-e-type=\"container\">\n\t\t\t\t\t<div class=\"e-con-inner\">\n\t\t\t\t<div class=\"elementor-element elementor-element-a005a97 elementor-widget elementor-widget-text-editor\" data-id=\"a005a97\" data-element_type=\"widget\" data-e-type=\"widget\" data-widget_type=\"text-editor.default\">\n\t\t\t\t<div class=\"elementor-widget-container\">\n\t\t\t\t\t\t\t\t\t<h2>Donut Fraise - jak pierwszy k\u0119s p\u0105czka na ulicach Pary\u017ca<\/h2><p>Kiedy prze\u0142\u0105czysz si\u0119 z Bang King 85000 na Donut Fraise, s\u0142odki, pachn\u0105cy truskawkowo-\u015bmietankowy smak otuli Twoje podniebienie, jak poranny spacer po Polach Elizejskich, a \u015bwie\u017co upieczone truskawkowe p\u0105czki w przydro\u017cnych francuskich cukierniach b\u0119d\u0105 mi\u0119kkie i ciep\u0142e. Poza smakiem elektronicznych papieros\u00f3w, jest to znajomy, delikatny komfort. Zaci\u0105gni\u0119cie si\u0119 dymem podczas drzemki przy oknie jest jak relaks w aromacie deser\u00f3w i delektowanie si\u0119 chwil\u0105 czystego francuskiego szcz\u0119\u015bcia.<\/p><h2>Love 66 - Owocowa nami\u0119tno\u015b\u0107 na romantyczn\u0105 noc<\/h2><p>Aromat Love 66, ta tajemnicza i popularna owocowa kombinacja, szczeg\u00f3lnie dobrze pasuje do Francji, kraju naturalnie wra\u017cliwego na romantyzm. Subtelna mieszanka s\u0142odyczy arbuza i owoc\u00f3w tropikalnych nie tylko daje uczucie przyjemno\u015bci smakowej, ale tak\u017ce pobudza lekkie ko\u0142atanie serca. Czy to o zmierzchu, samotnie nad Sekwan\u0105, czy podczas wieczornego wyj\u015bcia z przyjaci\u00f3\u0142mi, zaci\u0105gni\u0119cie si\u0119 dymem Love 66 dla relaksu mo\u017ce zanurzy\u0107 Ci\u0119 w emocjonalnym lenistwie i zmys\u0142owo\u015bci.<\/p><h2>Banane Glac\u00e9e - \u015bwie\u017cy u\u015bcisk nad morzem latem<\/h2><p>Aromat Frozen Banana to orze\u017awiaj\u0105ca ucieczka od lata. G\u0119sty aromat banana miesza si\u0119 ze \u015bwie\u017co\u015bci\u0105, daj\u0105c swobodny oddech niczym b\u0142\u0119kitne wybrze\u017ce po\u0142udniowej Francji. Kiedy w mie\u015bcie jest gor\u0105co i nie do zniesienia, przej\u015bcie na smak Banane Glac\u00e9e jest jak spacer po pla\u017cy, s\u0142o\u0144ce \u015bwiec\u0105ce na ramionach i ch\u0142\u00f3d wdzieraj\u0105cy si\u0119 do gard\u0142a. Gdy tylko wdychasz dym, zm\u0119czenie natychmiast znika.<\/p><h2>Inteligentny ekran HD<\/h2><p>Bang King Triple 85000 Strawberry Donut &amp; Love 66 &amp; Banana Ice jest wyposa\u017cony w zaawansowany zintegrowany wy\u015bwietlacz HD, oferuj\u0105cy intuicyjn\u0105 obs\u0142ug\u0119. Ekran wy\u015bwietla kluczowe informacje w czasie rzeczywistym, w tym pozosta\u0142y poziom na\u0142adowania baterii i ilo\u015b\u0107 pozosta\u0142ego e-liquidu, pozwalaj\u0105c u\u017cytkownikom zawsze monitorowa\u0107 stan urz\u0105dzenia i optymalizowa\u0107 swoje wra\u017cenia.<\/p><h2>Do wyboru trzy smaki i niezale\u017cny zbiornik oleju<\/h2><p>Model Bang King 85000 3 in 1 Triple Flavour w innowacyjny spos\u00f3b integruje trzy niezale\u017cne zbiorniki e-liquidu, z kt\u00f3rych ka\u017cdy jest wst\u0119pnie nape\u0142niony 21 ml e-liquidu, co daje \u0142\u0105czn\u0105 pojemno\u015b\u0107 do 63 ml. Praktyczny selektor pozwala na swobodny wyb\u00f3r pomi\u0119dzy trzema smakami. Ka\u017cdy smak zapewnia do 28 300 zaci\u0105gni\u0119\u0107 i do 85 000 zaci\u0105gni\u0119\u0107 \u0142\u0105cznie, zapewniaj\u0105c zr\u00f3\u017cnicowane, d\u0142ugotrwa\u0142e doznania podczas waporyzacji.<\/p><p>Aby zaspokoi\u0107 potrzeby ka\u017cdego u\u017cytkownika, Bang King Triple 85000 Strawberry Donut &amp; Love 66 &amp; Banana Ice oferuje cztery poziomy st\u0119\u017cenia nikotyny: 0 % (bez nikotyny), 2 %, 3 % i 5 %. Ta elastyczno\u015b\u0107 oznacza, \u017ce mo\u017cesz wybra\u0107 dawk\u0119, kt\u00f3ra odpowiada Twoim preferencjom, od palaczy po okazjonalnych u\u017cytkownik\u00f3w.<\/p><p>Ten elektroniczny papieros jest wyposa\u017cony w akumulator o pojemno\u015bci 600 mAh i obs\u0142uguje technologi\u0119 szybkiego \u0142adowania USB-C. Umo\u017cliwia to szybkie \u0142adowanie urz\u0105dzenia, skracaj\u0105c czas oczekiwania i zapewniaj\u0105c sta\u0142\u0105 dost\u0119pno\u015b\u0107, co jest idealne do cz\u0119stego u\u017cytkowania.<\/p><h2>Zoptymalizowana konfiguracja rezystor\u00f3w<\/h2><p>Model Bang King Triple 85000 Strawberry Donut &amp; Love 66 &amp; Banana Ice wykorzystuje trzypoziomowy rezystor siatkowy 1,0 \u03a9, zoptymalizowany pod k\u0105tem optymalnej reprodukcji smaku i atomizacji. Rezystor siatkowy zapewnia r\u00f3wnomierne ogrzewanie, gwarantuj\u0105c intensywny smak i produkcj\u0119 pary przy ka\u017cdym zaci\u0105gni\u0119ciu.<\/p><p>Ka\u017cdy elektroniczny papieros Bang King Triple 85000 Strawberry Donut &amp; Love 66 &amp; Banana Ice oferuje \u0142\u0105czn\u0105 pojemno\u015b\u0107 63 ml e-liquidu (3 zbiorniki po 21 ml ka\u017cdy) i do 85 000 zaci\u0105gni\u0119\u0107, co czyni go jednym z najd\u0142u\u017cej dzia\u0142aj\u0105cych urz\u0105dze\u0144 na rynku. Niezale\u017cnie od tego, czy u\u017cywasz go codziennie, czy wychodzisz na d\u0142ugi czas, b\u0119dziesz cieszy\u0107 si\u0119 beztroskim do\u015bwiadczeniem waporyzacji.<\/p>\t\t\t\t\t\t\t\t<\/div>\n\t\t\t\t<\/div>\n\t\t\t\t\t<\/div>\n\t\t\t\t<\/div>\n\t\t\t\t<\/div>","protected":false},"excerpt":{"rendered":"<p>Donut Fraise &#8211; Comme la premi\u00e8re bouch\u00e9e d&rsquo;un donut dans les rues de Paris Lorsque vous passez du Bang King 85000 au Donut Fraise, une douce et parfum\u00e9e saveur fraise-cr\u00e8me enveloppera votre palais, comme une promenade matinale sur les Champs-\u00c9lys\u00e9es, et les beignets \u00e0 la fraise fra\u00eechement sortis du four dans les p\u00e2tisseries fran\u00e7aises du [&hellip;]<\/p>\n","protected":false},"featured_media":5400,"comment_status":"open","ping_status":"closed","template":"","meta":{"site-sidebar-layout":"no-sidebar","site-content-layout":"page-builder","ast-site-content-layout":"normal-width-container","site-content-style":"default","site-sidebar-style":"default","ast-global-header-display":"","ast-banner-title-visibility":"","ast-main-header-display":"","ast-hfb-above-header-display":"","ast-hfb-below-header-display":"","ast-hfb-mobile-header-display":"","site-post-title":"disabled","ast-breadcrumbs-content":"","ast-featured-img":"disabled","footer-sml-layout":"","ast-disable-related-posts":"","theme-transparent-header-meta":"default","adv-header-id-meta":"","stick-header-meta":"default","header-above-stick-meta":"","header-main-stick-meta":"","header-below-stick-meta":"","astra-migrate-meta-layouts":"set","ast-page-background-enabled":"default","ast-page-background-meta":{"desktop":{"background-color":"","background-image":"","background-repeat":"repeat","background-position":"center center","background-size":"auto","background-attachment":"scroll","background-type":"","background-media":"","overlay-type":"","overlay-color":"","overlay-opacity":"","overlay-gradient":""},"tablet":{"background-color":"","background-image":"","background-repeat":"repeat","background-position":"center center","background-size":"auto","background-attachment":"scroll","background-type":"","background-media":"","overlay-type":"","overlay-color":"","overlay-opacity":"","overlay-gradient":""},"mobile":{"background-color":"","background-image":"","background-repeat":"repeat","background-position":"center center","background-size":"auto","background-attachment":"scroll","background-type":"","background-media":"","overlay-type":"","overlay-color":"","overlay-opacity":"","overlay-gradient":""}},"ast-content-background-meta":{"desktop":{"background-color":"var(--ast-global-color-5)","background-image":"","background-repeat":"repeat","background-position":"center center","background-size":"auto","background-attachment":"scroll","background-type":"","background-media":"","overlay-type":"","overlay-color":"","overlay-opacity":"","overlay-gradient":""},"tablet":{"background-color":"var(--ast-global-color-5)","background-image":"","background-repeat":"repeat","background-position":"center center","background-size":"auto","background-attachment":"scroll","background-type":"","background-media":"","overlay-type":"","overlay-color":"","overlay-opacity":"","overlay-gradient":""},"mobile":{"background-color":"var(--ast-global-color-5)","background-image":"","background-repeat":"repeat","background-position":"center center","background-size":"auto","background-attachment":"scroll","background-type":"","background-media":"","overlay-type":"","overlay-color":"","overlay-opacity":"","overlay-gradient":""}}},"product_brand":[52],"product_cat":[51,107,15],"product_tag":[],"class_list":{"0":"post-5617","1":"product","2":"type-product","3":"status-publish","4":"has-post-thumbnail","6":"product_brand-bang-king","7":"product_cat-bang-king-triple-85000-trois-saveurs-en-une","8":"product_cat-puff-85k","9":"product_cat-magasin-cigarette-electronique","10":"desktop-align-center","11":"tablet-align-center","12":"mobile-align-center","13":"ast-product-gallery-layout-horizontal","14":"ast-product-gallery-with-no-image","15":"ast-product-single-variable","16":"ast-product-tabs-layout-horizontal","17":"ast-qv-on-image","19":"first","20":"instock","21":"sale","22":"shipping-taxable","23":"purchasable","24":"product-type-variable","25":"has-default-attributes"},"tiered_pricing_type":"fixed","tiered_pricing_fixed_rules":[],"tiered_pricing_product_settings":{"layout":"default","base_unit_name":{"singular":null,"plural":null},"default_variation":null},"tiered_pricing_minimum_quantity":null,"tiered_pricing_roles_data":[],"tiered_pricing_percentage_rules":[],"_links":{"self":[{"href":"https:\/\/puffvapestore.com\/pl\/wp-json\/wp\/v2\/product\/5617","targetHints":{"allow":["GET"]}}],"collection":[{"href":"https:\/\/puffvapestore.com\/pl\/wp-json\/wp\/v2\/product"}],"about":[{"href":"https:\/\/puffvapestore.com\/pl\/wp-json\/wp\/v2\/types\/product"}],"replies":[{"embeddable":true,"href":"https:\/\/puffvapestore.com\/pl\/wp-json\/wp\/v2\/comments?post=5617"}],"version-history":[{"count":8,"href":"https:\/\/puffvapestore.com\/pl\/wp-json\/wp\/v2\/product\/5617\/revisions"}],"predecessor-version":[{"id":10695,"href":"https:\/\/puffvapestore.com\/pl\/wp-json\/wp\/v2\/product\/5617\/revisions\/10695"}],"wp:featuredmedia":[{"embeddable":true,"href":"https:\/\/puffvapestore.com\/pl\/wp-json\/wp\/v2\/media\/5400"}],"wp:attachment":[{"href":"https:\/\/puffvapestore.com\/pl\/wp-json\/wp\/v2\/media?parent=5617"}],"wp:term":[{"taxonomy":"product_brand","embeddable":true,"href":"https:\/\/puffvapestore.com\/pl\/wp-json\/wp\/v2\/product_brand?post=5617"},{"taxonomy":"product_cat","embeddable":true,"href":"https:\/\/puffvapestore.com\/pl\/wp-json\/wp\/v2\/product_cat?post=5617"},{"taxonomy":"product_tag","embeddable":true,"href":"https:\/\/puffvapestore.com\/pl\/wp-json\/wp\/v2\/product_tag?post=5617"}],"curies":[{"name":"wp","href":"https:\/\/api.w.org\/{rel}","templated":true}]}}