{"id":5602,"date":"2025-07-22T20:14:07","date_gmt":"2025-07-22T20:14:07","guid":{"rendered":"https:\/\/puffvapestore.com\/?post_type=product&#038;p=5602"},"modified":"2026-01-19T10:54:36","modified_gmt":"2026-01-19T10:54:36","slug":"cola-ice-cherry-cola-mr-blue-bang-king-85k-possede-des-nuances-et-des-caracteristiques-uniques","status":"publish","type":"product","link":"https:\/\/puffvapestore.com\/pl\/product\/cola-ice-cherry-cola-mr-blue-bang-king-85k-ma-unikalne-odcienie-i-wlasciwosci\/","title":{"rendered":"Bang King Triple 85000 3 w 1 - Cola Ice &amp; Cherry Cola &amp; Mr Blue"},"content":{"rendered":"<div data-elementor-type=\"wp-post\" data-elementor-id=\"5602\" class=\"elementor elementor-5602\">\n\t\t\t\t<div class=\"elementor-element elementor-element-08c26f9 e-flex e-con-boxed e-con e-parent\" data-id=\"08c26f9\" data-element_type=\"container\" data-e-type=\"container\">\n\t\t\t\t\t<div class=\"e-con-inner\">\n\t\t\t\t<div class=\"elementor-element elementor-element-a005a97 elementor-widget elementor-widget-text-editor\" data-id=\"a005a97\" data-element_type=\"widget\" data-e-type=\"widget\" data-widget_type=\"text-editor.default\">\n\t\t\t\t<div class=\"elementor-widget-container\">\n\t\t\t\t\t\t\t\t\t<p>Bang King 85000 3 in 1 Triple Flavour - Cola Ice &amp; Cherry Cola &amp; Mr Blue to elektroniczny papieros, kt\u00f3ry \u0142\u0105czy w sobie trzy klasyczne smaki, z kt\u00f3rych ka\u017cdy ma swoje unikalne niuanse i cechy.<\/p><p>Smak coli Cola Ice jest jak k\u0142\u0105b dymu, kt\u00f3ry przeniesie Ci\u0119 na taras kawiarni na nabrze\u017cu Sekwany w gor\u0105ce popo\u0142udnie, z ch\u0142odn\u0105 bryz\u0105, kt\u00f3ra natychmiast Ci\u0119 uspokoi.<\/p><p>Cherry Cola to subtelna inwersja: s\u0142odycz wi\u015bni i wyj\u0105tkowy b\u0105belek coli przenikaj\u0105 si\u0119, jak uliczny jazz napotkany w paryskiej alejce, znajomy i zaskakuj\u0105cy. Jest to smak pe\u0142en francuskiego romantyzmu, idealny o zmierzchu, na balkonie lub na \u0142awce w ogrodzie, aby delikatnie wdycha\u0107 dym i pozwoli\u0107 my\u015blom odp\u0142yn\u0105\u0107.<\/p><p>A tajemniczy Mr Blue, o z\u0142o\u017conym zapachu czerwonych owoc\u00f3w i lod\u00f3w, przywo\u0142uje na my\u015bl bistro Montmartre o p\u00f3\u0142nocy, tajemnicze i fascynuj\u0105ce, z bogatym posmakiem, kt\u00f3ry zach\u0119ca do relaksu.<\/p><h2>Potr\u00f3jny system zmiany smaku<\/h2><p>Model Bang King 85000 Cola Ice &amp; Cherry Cola &amp; Mr Blue 3 in 1 Triple Flavour jest wyposa\u017cony w trzy niezale\u017cne zbiorniki e-liquidu, z kt\u00f3rych ka\u017cdy jest wst\u0119pnie nape\u0142niony 21 ml wysokiej jako\u015bci e-liquidu, co daje \u0142\u0105czn\u0105 pojemno\u015b\u0107 do 63 ml. Dzi\u0119ki temu mo\u017cesz dowolnie zmienia\u0107 smaki. \u0141atwo prze\u0142\u0105czaj si\u0119 z jednego smaku na inny, bez konieczno\u015bci zmiany urz\u0105dzenia. Odkryj trzy r\u00f3\u017cne smaki, kt\u00f3re zadowol\u0105 nawet najbardziej wymagaj\u0105ce podniebienia.<\/p><p>Model Bang King Triple 85000 Cola Ice &amp; Cherry Cola &amp; Mr Blue oferuje 85 000 zaci\u0105gni\u0119\u0107, czyli oko\u0142o 28 300 zaci\u0105gni\u0119\u0107 na smak. Niezale\u017cnie od tego, czy u\u017cywasz go codziennie, czy w podr\u00f3\u017cy, b\u0119dziesz m\u00f3g\u0142 na nim polega\u0107 przez d\u0142ugi czas bez konieczno\u015bci cz\u0119stej wymiany.<\/p><h2>Inteligentny wy\u015bwietlacz cyfrowy, czytelny na pierwszy rzut oka<\/h2><p>Model Bang King 85000 3 in 1 Triple Flavour ma wbudowany inteligentny wy\u015bwietlacz o wysokiej rozdzielczo\u015bci, kt\u00f3ry pokazuje poziom na\u0142adowania baterii i pozosta\u0142y poziom e-cieczy w czasie rzeczywistym. Intuicyjne wskazania u\u0142atwiaj\u0105 sprawdzenie stanu u\u017cytkowania i zapewniaj\u0105 sta\u0142e \u0142adowanie e-cieczy i baterii.<\/p><h2>Dost\u0119pne s\u0105 r\u00f3\u017cne st\u0119\u017cenia nikotyny, aby zaspokoi\u0107 r\u00f3\u017cne potrzeby.<\/h2><p>Bang King Triple 85000 Cola Ice &amp; Cherry Cola &amp; Mr Blue oferuje cztery st\u0119\u017cenia nikotyny: 0 %, 2 %, 3 % i 5 %, aby dopasowa\u0107 si\u0119 do r\u00f3\u017cnych nawyk\u00f3w palenia. Od prostej przyjemno\u015bci bez nikotyny po wysokie st\u0119\u017cenia do intensywnego u\u017cytkowania, dostosowuje si\u0119 do r\u00f3\u017cnych scenariuszy u\u017cytkowania.<\/p><p>Trzy zestawy niezale\u017cnych rezystor\u00f3w siatkowych 1,0 \u03a9, wbudowanych w ka\u017cdy pojemnik na olej, poprawiaj\u0105 wydajno\u015b\u0107 atomizacji i odwzorowanie smaku. Struktura siatki nagrzewa si\u0119 bardziej r\u00f3wnomiernie, para jest bogatsza, a wej\u015bcie dymu g\u0142adsze, co zapewnia czyste i p\u0142ynne wra\u017cenia z palenia.<\/p><p>Wyposa\u017cony w wysokowydajny akumulator o pojemno\u015bci 600 mAh, jest kompatybilny z technologi\u0105 szybkiego \u0142adowania USB-C. \u0141adowanie jest szybkie i pozwala cieszy\u0107 si\u0119 vape bez martwienia si\u0119 o \u017cywotno\u015b\u0107 baterii, dzi\u0119ki czemu jest idealny dla cz\u0119stych vaper\u00f3w lub d\u0142ugoterminowych u\u017cytkownik\u00f3w.<\/p><h2>Nowy wygl\u0105d i ergonomiczna konstrukcja<\/h2><p>Korpus Bang King 85000 3 in 1 Triple Flavour ma nowoczesny, op\u0142ywowy kszta\u0142t, \u0142\u0105cz\u0105cy technologi\u0119 i praktyczno\u015b\u0107. Szczelna konstrukcja struktury e-liquidu zapewnia bezproblemowy codzienny transport, a kunszt wykonania znajduje odzwierciedlenie w ka\u017cdym detalu.<\/p>\t\t\t\t\t\t\t\t<\/div>\n\t\t\t\t<\/div>\n\t\t\t\t\t<\/div>\n\t\t\t\t<\/div>\n\t\t\t\t<\/div>","protected":false},"excerpt":{"rendered":"<p>Bang King 85000 3 en 1 Triple Saveur &#8211; Cola Ice &amp; Cherry Cola &amp; Mr Blue est une cigarette \u00e9lectronique qui combine trois saveurs classiques, chacune poss\u00e9dant ses propres nuances et caract\u00e9ristiques uniques. L&rsquo;ar\u00f4me Cola Ice du cola est comme une bouff\u00e9e de fum\u00e9e qui vous transportera \u00e0 une terrasse de caf\u00e9 sur les [&hellip;]<\/p>\n","protected":false},"featured_media":5392,"comment_status":"open","ping_status":"closed","template":"","meta":{"site-sidebar-layout":"no-sidebar","site-content-layout":"page-builder","ast-site-content-layout":"normal-width-container","site-content-style":"default","site-sidebar-style":"default","ast-global-header-display":"","ast-banner-title-visibility":"","ast-main-header-display":"","ast-hfb-above-header-display":"","ast-hfb-below-header-display":"","ast-hfb-mobile-header-display":"","site-post-title":"disabled","ast-breadcrumbs-content":"","ast-featured-img":"disabled","footer-sml-layout":"","ast-disable-related-posts":"","theme-transparent-header-meta":"default","adv-header-id-meta":"","stick-header-meta":"default","header-above-stick-meta":"","header-main-stick-meta":"","header-below-stick-meta":"","astra-migrate-meta-layouts":"set","ast-page-background-enabled":"default","ast-page-background-meta":{"desktop":{"background-color":"","background-image":"","background-repeat":"repeat","background-position":"center center","background-size":"auto","background-attachment":"scroll","background-type":"","background-media":"","overlay-type":"","overlay-color":"","overlay-opacity":"","overlay-gradient":""},"tablet":{"background-color":"","background-image":"","background-repeat":"repeat","background-position":"center center","background-size":"auto","background-attachment":"scroll","background-type":"","background-media":"","overlay-type":"","overlay-color":"","overlay-opacity":"","overlay-gradient":""},"mobile":{"background-color":"","background-image":"","background-repeat":"repeat","background-position":"center center","background-size":"auto","background-attachment":"scroll","background-type":"","background-media":"","overlay-type":"","overlay-color":"","overlay-opacity":"","overlay-gradient":""}},"ast-content-background-meta":{"desktop":{"background-color":"var(--ast-global-color-5)","background-image":"","background-repeat":"repeat","background-position":"center center","background-size":"auto","background-attachment":"scroll","background-type":"","background-media":"","overlay-type":"","overlay-color":"","overlay-opacity":"","overlay-gradient":""},"tablet":{"background-color":"var(--ast-global-color-5)","background-image":"","background-repeat":"repeat","background-position":"center center","background-size":"auto","background-attachment":"scroll","background-type":"","background-media":"","overlay-type":"","overlay-color":"","overlay-opacity":"","overlay-gradient":""},"mobile":{"background-color":"var(--ast-global-color-5)","background-image":"","background-repeat":"repeat","background-position":"center center","background-size":"auto","background-attachment":"scroll","background-type":"","background-media":"","overlay-type":"","overlay-color":"","overlay-opacity":"","overlay-gradient":""}}},"product_brand":[52],"product_cat":[51,107,15],"product_tag":[],"class_list":{"0":"post-5602","1":"product","2":"type-product","3":"status-publish","4":"has-post-thumbnail","6":"product_brand-bang-king","7":"product_cat-bang-king-triple-85000-trois-saveurs-en-une","8":"product_cat-puff-85k","9":"product_cat-magasin-cigarette-electronique","10":"desktop-align-center","11":"tablet-align-center","12":"mobile-align-center","13":"ast-product-gallery-layout-horizontal","14":"ast-product-gallery-with-no-image","15":"ast-product-single-variable","16":"ast-product-tabs-layout-horizontal","17":"ast-qv-on-image","19":"first","20":"instock","21":"sale","22":"shipping-taxable","23":"purchasable","24":"product-type-variable","25":"has-default-attributes"},"tiered_pricing_type":"fixed","tiered_pricing_fixed_rules":[],"tiered_pricing_product_settings":{"layout":"default","base_unit_name":{"singular":null,"plural":null},"default_variation":null},"tiered_pricing_minimum_quantity":null,"tiered_pricing_roles_data":[],"tiered_pricing_percentage_rules":[],"_links":{"self":[{"href":"https:\/\/puffvapestore.com\/pl\/wp-json\/wp\/v2\/product\/5602","targetHints":{"allow":["GET"]}}],"collection":[{"href":"https:\/\/puffvapestore.com\/pl\/wp-json\/wp\/v2\/product"}],"about":[{"href":"https:\/\/puffvapestore.com\/pl\/wp-json\/wp\/v2\/types\/product"}],"replies":[{"embeddable":true,"href":"https:\/\/puffvapestore.com\/pl\/wp-json\/wp\/v2\/comments?post=5602"}],"version-history":[{"count":8,"href":"https:\/\/puffvapestore.com\/pl\/wp-json\/wp\/v2\/product\/5602\/revisions"}],"predecessor-version":[{"id":10701,"href":"https:\/\/puffvapestore.com\/pl\/wp-json\/wp\/v2\/product\/5602\/revisions\/10701"}],"wp:featuredmedia":[{"embeddable":true,"href":"https:\/\/puffvapestore.com\/pl\/wp-json\/wp\/v2\/media\/5392"}],"wp:attachment":[{"href":"https:\/\/puffvapestore.com\/pl\/wp-json\/wp\/v2\/media?parent=5602"}],"wp:term":[{"taxonomy":"product_brand","embeddable":true,"href":"https:\/\/puffvapestore.com\/pl\/wp-json\/wp\/v2\/product_brand?post=5602"},{"taxonomy":"product_cat","embeddable":true,"href":"https:\/\/puffvapestore.com\/pl\/wp-json\/wp\/v2\/product_cat?post=5602"},{"taxonomy":"product_tag","embeddable":true,"href":"https:\/\/puffvapestore.com\/pl\/wp-json\/wp\/v2\/product_tag?post=5602"}],"curies":[{"name":"wp","href":"https:\/\/api.w.org\/{rel}","templated":true}]}}