{"id":5568,"date":"2025-07-22T05:31:10","date_gmt":"2025-07-22T05:31:10","guid":{"rendered":"https:\/\/puffvapestore.com\/?post_type=product&#038;p=5568"},"modified":"2026-01-19T10:54:36","modified_gmt":"2026-01-19T10:54:36","slug":"bang-king-triple-85k-strawberry-watermelon-triple-melon-strawberry-ice","status":"publish","type":"product","link":"https:\/\/puffvapestore.com\/pl\/product\/bang-king-potrojny-85k-truskawka-arbuz-potrojny-melon-truskawka-lod\/","title":{"rendered":"Bang King Triple 85000 3 w 1 - truskawkowy arbuz &amp; potr\u00f3jny melon &amp; truskawkowy l\u00f3d"},"content":{"rendered":"<div data-elementor-type=\"wp-post\" data-elementor-id=\"5568\" class=\"elementor elementor-5568\">\n\t\t\t\t<div class=\"elementor-element elementor-element-08c26f9 e-flex e-con-boxed e-con e-parent\" data-id=\"08c26f9\" data-element_type=\"container\" data-e-type=\"container\">\n\t\t\t\t\t<div class=\"e-con-inner\">\n\t\t\t\t<div class=\"elementor-element elementor-element-a005a97 elementor-widget elementor-widget-text-editor\" data-id=\"a005a97\" data-element_type=\"widget\" data-e-type=\"widget\" data-widget_type=\"text-editor.default\">\n\t\t\t\t<div class=\"elementor-widget-container\">\n\t\t\t\t\t\t\t\t\t<p>Bang King Triple 85000 to nie tylko elektroniczny papieros, ale tak\u017ce niezb\u0119dne narz\u0119dzie do urozmaicania codziennych przyjemno\u015bci. Posiada trzy niezale\u017cne zbiorniki, ka\u017cdy o pojemno\u015bci 21 ml. Odkryj r\u00f3\u017cne smaki, po prostu zmieniaj\u0105c smak za pomoc\u0105 selektora. Ka\u017cdy elektroniczny papieros oferuje do 85 000 zaci\u0105gni\u0119\u0107, co stanowi idealn\u0105 r\u00f3wnowag\u0119 mi\u0119dzy op\u0142acalno\u015bci\u0105 a przyjemno\u015bci\u0105 z najwy\u017cszej p\u00f3\u0142ki.<\/p><h2>Strawberry Watermelon: Zapach sadu w s\u0142oneczne popo\u0142udnie we Francji<\/h2><p>Na \u0142awce nad Sekwan\u0105 w Pary\u017cu, gdy s\u0142o\u0144ce zagl\u0105da przez li\u015bcie na ramiona, delektuj si\u0119 \u0142ykiem dymu o smaku truskawkowego arbuza, jakby\u015b by\u0142 w sercu wczesnego letniego sadu. S\u0142odycz truskawek i \u015bwie\u017co\u015b\u0107 arbuza mieszaj\u0105 si\u0119, tworz\u0105c g\u0142adkie, jasne odczucie w ustach. Smak przypomina stragany z owocami na po\u0142udniu Francji w szczycie lata, naturalny, \u015bwie\u017cy i bez nadmiaru.<\/p><h2>Triple Melon: soczysty i s\u0142odki, w stylu po\u0142udniowej Francji<\/h2><p>Smak Triple Melon to doskona\u0142y ho\u0142d dla francuskiego zami\u0142owania do owocowej z\u0142o\u017cono\u015bci. Po\u0142\u0105czenie trzech odmian melona i owoc\u00f3w, warstwa po warstwie: s\u0142odycz kantalupy, delikatno\u015b\u0107 melona spadziowego i lekka kwaskowato\u015b\u0107 melona, tworz\u0105 bogaty, d\u0142ugotrwa\u0142y posmak. Ciesz si\u0119 \u0142ykiem aromatyzowanego dymu Triple Melon, jakby\u015b by\u0142 w drodze na targ w Prowansji, gdzie s\u0142o\u0144ce \u015bwieci na kolorowe stragany z owocami, a powietrze jest nasycone owocowymi zapachami. Zapach ten jest szczeg\u00f3lnie idealny po zmroku, gdy siedzisz na balkonie i rozmawiasz z przyjaci\u00f3\u0142mi. Wejd\u017a w tryb relaksu zawsze i wsz\u0119dzie.<\/p><h2>Fraise Glac\u00e9e: orze\u017awiaj\u0105cy wyb\u00f3r na nowoczesne paryskie noce<\/h2><p>Je\u015bli jeste\u015b mi\u0142o\u015bnikiem nocnego szale\u0144stwa, smak Fraise Glac\u00e9e stanie si\u0119 Twoj\u0105 inspiracj\u0105. S\u0142odycz truskawek, wzmocniona \u015bwie\u017co\u015bci\u0105 mi\u0119ty, dzia\u0142a orze\u017awiaj\u0105co, niczym koktajl z czerwonych owoc\u00f3w po nocnym spacerze wzd\u0142u\u017c P\u00f3l Elizejskich. Uczucie \u015bwie\u017co\u015bci nie jest ostre, ale francusko subtelne: eleganckie i stonowane. Ten zapach jest idealny do czytania, s\u0142uchania jazzu lub samotnej medytacji. Po \u0142yku aromatyzowanego dymu Fraise Glac\u00e9e zm\u0119czenie znika, pozostawiaj\u0105c miejsce na jasne my\u015bli.<\/p><h2>Potr\u00f3jny system zmiany smaku<\/h2><p>Model Bang King 85000 Strawberry Watermelon &amp; Triple Melon &amp; Strawberry Ice 3 in 1 Triple Flavour jest wyposa\u017cony w trzy niezale\u017cne zbiorniki e-liquidu, z kt\u00f3rych ka\u017cdy jest wst\u0119pnie nape\u0142niony 21 ml wysokiej jako\u015bci e-liquidu, co daje \u0142\u0105czn\u0105 pojemno\u015b\u0107 do 63 ml. Mo\u017cesz wi\u0119c dowolnie zmienia\u0107 smaki. \u0141atwo prze\u0142\u0105czaj si\u0119 z jednego smaku na inny, bez konieczno\u015bci zmiany urz\u0105dzenia. Odkryj trzy r\u00f3\u017cne smaki, kt\u00f3re zadowol\u0105 nawet najbardziej wymagaj\u0105ce podniebienia.<\/p><p>Model Bang King Triple 85000 Strawberry Watermelon &amp; Triple Melon &amp; Strawberry Ice oferuje 85 000 zaci\u0105gni\u0119\u0107, czyli oko\u0142o 28 300 zaci\u0105gni\u0119\u0107 na smak. Niezale\u017cnie od tego, czy u\u017cywasz go codziennie, czy w podr\u00f3\u017cy, b\u0119dziesz m\u00f3g\u0142 na nim polega\u0107 przez d\u0142ugi czas bez konieczno\u015bci cz\u0119stej wymiany.<\/p><h2>Inteligentny wy\u015bwietlacz cyfrowy, czytelny na pierwszy rzut oka<\/h2><p>Model Bang King 85000 Strawberry Watermelon &amp; Triple Melon &amp; Strawberry Ice 3 in 1 Triple Flavour ma wbudowany inteligentny wy\u015bwietlacz o wysokiej rozdzielczo\u015bci, kt\u00f3ry pokazuje poziom na\u0142adowania baterii i pozosta\u0142y poziom e-cieczy w czasie rzeczywistym. Intuicyjne wskazania u\u0142atwiaj\u0105 sprawdzenie stanu u\u017cytkowania i zapewniaj\u0105 sta\u0142y poziom e-cieczy i na\u0142adowania baterii.<\/p><h2>Dost\u0119pne s\u0105 r\u00f3\u017cne st\u0119\u017cenia nikotyny, aby zaspokoi\u0107 r\u00f3\u017cne potrzeby.<\/h2><p>Bang King Triple 85000 oferuje cztery st\u0119\u017cenia nikotyny: 0 %, 2 %, 3 % i 5 %, aby dopasowa\u0107 si\u0119 do r\u00f3\u017cnych nawyk\u00f3w palenia. Od prostej przyjemno\u015bci bez nikotyny do wysokiego st\u0119\u017cenia dla intensywnych potrzeb, dostosowuje si\u0119 do r\u00f3\u017cnych scenariuszy u\u017cytkowania.<\/p><p>Trzy zestawy niezale\u017cnych rezystor\u00f3w siatkowych 1,0 \u03a9, wbudowanych w ka\u017cdy pojemnik na olej, poprawiaj\u0105 wydajno\u015b\u0107 atomizacji i odwzorowanie smaku. Struktura siatki nagrzewa si\u0119 bardziej r\u00f3wnomiernie, para jest bogatsza, a wej\u015bcie dymu g\u0142adsze, co zapewnia czyste i p\u0142ynne wra\u017cenia z palenia.<\/p><p>Wyposa\u017cony w wysokowydajny akumulator o pojemno\u015bci 600 mAh, jest kompatybilny z technologi\u0105 szybkiego \u0142adowania USB-C. \u0141adowanie jest szybkie i pozwala cieszy\u0107 si\u0119 vape bez martwienia si\u0119 o \u017cywotno\u015b\u0107 baterii, dzi\u0119ki czemu jest idealny dla cz\u0119stych vaper\u00f3w lub d\u0142ugoterminowych u\u017cytkownik\u00f3w.<\/p><h2>Nowy wygl\u0105d i ergonomiczna konstrukcja<\/h2><p>Korpus Bang King 85000 Strawberry Watermelon &amp; Triple Melon &amp; Strawberry Ice 3 in 1 Triple Flavour ma nowoczesny, op\u0142ywowy kszta\u0142t, \u0142\u0105cz\u0105cy technologi\u0119 i praktyczno\u015b\u0107. Szczelna konstrukcja struktury e-liquidu zapewnia bezproblemowy codzienny transport, a kunszt wykonania znajduje odzwierciedlenie w ka\u017cdym detalu.<\/p>\t\t\t\t\t\t\t\t<\/div>\n\t\t\t\t<\/div>\n\t\t\t\t\t<\/div>\n\t\t\t\t<\/div>\n\t\t\t\t<\/div>","protected":false},"excerpt":{"rendered":"<p>La Bang King Triple 85000 est non seulement une cigarette \u00e9lectronique, mais aussi un outil indispensable pour varier les plaisirs au quotidien. Elle est \u00e9quip\u00e9e de trois r\u00e9servoirs ind\u00e9pendants, chacun offrant une capacit\u00e9 de 21 ml. D\u00e9couvrez diff\u00e9rentes saveurs en changeant simplement de saveur gr\u00e2ce au s\u00e9lecteur. Chaque cigarette \u00e9lectronique offre jusqu&rsquo;\u00e0 85000 bouff\u00e9es, un [&hellip;]<\/p>\n","protected":false},"featured_media":5402,"comment_status":"open","ping_status":"closed","template":"","meta":{"site-sidebar-layout":"no-sidebar","site-content-layout":"page-builder","ast-site-content-layout":"normal-width-container","site-content-style":"default","site-sidebar-style":"default","ast-global-header-display":"","ast-banner-title-visibility":"","ast-main-header-display":"","ast-hfb-above-header-display":"","ast-hfb-below-header-display":"","ast-hfb-mobile-header-display":"","site-post-title":"disabled","ast-breadcrumbs-content":"","ast-featured-img":"disabled","footer-sml-layout":"","ast-disable-related-posts":"","theme-transparent-header-meta":"default","adv-header-id-meta":"","stick-header-meta":"default","header-above-stick-meta":"","header-main-stick-meta":"","header-below-stick-meta":"","astra-migrate-meta-layouts":"set","ast-page-background-enabled":"default","ast-page-background-meta":{"desktop":{"background-color":"","background-image":"","background-repeat":"repeat","background-position":"center center","background-size":"auto","background-attachment":"scroll","background-type":"","background-media":"","overlay-type":"","overlay-color":"","overlay-opacity":"","overlay-gradient":""},"tablet":{"background-color":"","background-image":"","background-repeat":"repeat","background-position":"center center","background-size":"auto","background-attachment":"scroll","background-type":"","background-media":"","overlay-type":"","overlay-color":"","overlay-opacity":"","overlay-gradient":""},"mobile":{"background-color":"","background-image":"","background-repeat":"repeat","background-position":"center center","background-size":"auto","background-attachment":"scroll","background-type":"","background-media":"","overlay-type":"","overlay-color":"","overlay-opacity":"","overlay-gradient":""}},"ast-content-background-meta":{"desktop":{"background-color":"var(--ast-global-color-5)","background-image":"","background-repeat":"repeat","background-position":"center center","background-size":"auto","background-attachment":"scroll","background-type":"","background-media":"","overlay-type":"","overlay-color":"","overlay-opacity":"","overlay-gradient":""},"tablet":{"background-color":"var(--ast-global-color-5)","background-image":"","background-repeat":"repeat","background-position":"center center","background-size":"auto","background-attachment":"scroll","background-type":"","background-media":"","overlay-type":"","overlay-color":"","overlay-opacity":"","overlay-gradient":""},"mobile":{"background-color":"var(--ast-global-color-5)","background-image":"","background-repeat":"repeat","background-position":"center center","background-size":"auto","background-attachment":"scroll","background-type":"","background-media":"","overlay-type":"","overlay-color":"","overlay-opacity":"","overlay-gradient":""}}},"product_brand":[52],"product_cat":[51,107,15],"product_tag":[],"class_list":{"0":"post-5568","1":"product","2":"type-product","3":"status-publish","4":"has-post-thumbnail","6":"product_brand-bang-king","7":"product_cat-bang-king-triple-85000-trois-saveurs-en-une","8":"product_cat-puff-85k","9":"product_cat-magasin-cigarette-electronique","10":"desktop-align-center","11":"tablet-align-center","12":"mobile-align-center","13":"ast-product-gallery-layout-horizontal","14":"ast-product-gallery-with-no-image","15":"ast-product-single-variable","16":"ast-product-tabs-layout-horizontal","17":"ast-qv-on-image","19":"first","20":"instock","21":"sale","22":"shipping-taxable","23":"purchasable","24":"product-type-variable","25":"has-default-attributes"},"tiered_pricing_type":"fixed","tiered_pricing_fixed_rules":[],"tiered_pricing_product_settings":{"layout":"default","base_unit_name":{"singular":null,"plural":null},"default_variation":null},"tiered_pricing_minimum_quantity":null,"tiered_pricing_roles_data":[],"tiered_pricing_percentage_rules":[],"_links":{"self":[{"href":"https:\/\/puffvapestore.com\/pl\/wp-json\/wp\/v2\/product\/5568","targetHints":{"allow":["GET"]}}],"collection":[{"href":"https:\/\/puffvapestore.com\/pl\/wp-json\/wp\/v2\/product"}],"about":[{"href":"https:\/\/puffvapestore.com\/pl\/wp-json\/wp\/v2\/types\/product"}],"replies":[{"embeddable":true,"href":"https:\/\/puffvapestore.com\/pl\/wp-json\/wp\/v2\/comments?post=5568"}],"version-history":[{"count":8,"href":"https:\/\/puffvapestore.com\/pl\/wp-json\/wp\/v2\/product\/5568\/revisions"}],"predecessor-version":[{"id":10704,"href":"https:\/\/puffvapestore.com\/pl\/wp-json\/wp\/v2\/product\/5568\/revisions\/10704"}],"wp:featuredmedia":[{"embeddable":true,"href":"https:\/\/puffvapestore.com\/pl\/wp-json\/wp\/v2\/media\/5402"}],"wp:attachment":[{"href":"https:\/\/puffvapestore.com\/pl\/wp-json\/wp\/v2\/media?parent=5568"}],"wp:term":[{"taxonomy":"product_brand","embeddable":true,"href":"https:\/\/puffvapestore.com\/pl\/wp-json\/wp\/v2\/product_brand?post=5568"},{"taxonomy":"product_cat","embeddable":true,"href":"https:\/\/puffvapestore.com\/pl\/wp-json\/wp\/v2\/product_cat?post=5568"},{"taxonomy":"product_tag","embeddable":true,"href":"https:\/\/puffvapestore.com\/pl\/wp-json\/wp\/v2\/product_tag?post=5568"}],"curies":[{"name":"wp","href":"https:\/\/api.w.org\/{rel}","templated":true}]}}