{"id":5538,"date":"2025-07-22T00:48:59","date_gmt":"2025-07-22T00:48:59","guid":{"rendered":"https:\/\/puffvapestore.com\/?post_type=product&#038;p=5538"},"modified":"2026-01-19T10:54:36","modified_gmt":"2026-01-19T10:54:36","slug":"bang-king-85k-strawberry-vanilla-coke-black-dragon-ice-peach-ice","status":"publish","type":"product","link":"https:\/\/puffvapestore.com\/pl\/product\/bang-king-85k-truskawka-wanilia-cola-czarny-smok-lod-brzoskwinia-lod\/","title":{"rendered":"Bang King 85000 3 w 1 potr\u00f3jny smak - truskawkowo-waniliowa cola &amp; Black Dragon Ice &amp; Peach Ice"},"content":{"rendered":"<div data-elementor-type=\"wp-post\" data-elementor-id=\"5538\" class=\"elementor elementor-5538\">\n\t\t\t\t<div class=\"elementor-element elementor-element-08c26f9 e-flex e-con-boxed e-con e-parent\" data-id=\"08c26f9\" data-element_type=\"container\" data-e-type=\"container\">\n\t\t\t\t\t<div class=\"e-con-inner\">\n\t\t\t\t<div class=\"elementor-element elementor-element-a005a97 elementor-widget elementor-widget-text-editor\" data-id=\"a005a97\" data-element_type=\"widget\" data-e-type=\"widget\" data-widget_type=\"text-editor.default\">\n\t\t\t\t<div class=\"elementor-widget-container\">\n\t\t\t\t\t\t\t\t\t<p>Model Bang King Triple 85000 jest wyposa\u017cony w potr\u00f3jny zbiornik e-liquidu. Dzi\u0119ki selektorowi smaku mo\u017cna \u0142atwo zmieni\u0107 smak i uniwersum w dowolnym momencie, w zale\u017cno\u015bci od nastroju. Zainstalowane fabrycznie 63 ml e-cieczy lub 21 ml na smak pozwala na wypalenie oko\u0142o 28 300 zaci\u0105gni\u0119\u0107, co daje imponuj\u0105c\u0105 \u0142\u0105czn\u0105 liczb\u0119 85 000 zaci\u0105gni\u0119\u0107, znacznie przewy\u017cszaj\u0105c\u0105 wi\u0119kszo\u015b\u0107 produkt\u00f3w dost\u0119pnych na rynku.<\/p><p>Smak Coca-Cola Strawberry Vanilla: s\u0142odycz truskawki miesza si\u0119 z delikatno\u015bci\u0105 wanilii i subtelnymi b\u0105belkami coli. Powiew dymu przywo\u0142uje pierwsze letnie noce na po\u0142udniu Francji. Siedz\u0105c na tarasie kawiarni, zgie\u0142k miasta stopniowo zanika. Zaci\u0105gni\u0119cie si\u0119 jest jak otwarcie butelki napoju gazowanego z dzieci\u0144stwa: relaksuj\u0105ce, satysfakcjonuj\u0105ce i nieco retro.<\/p><p>Smak Black Dragon Ice: nazwa Black Dragon Ice zdradza nutk\u0119 tajemniczo\u015bci i \u015bwie\u017co\u015bci. Po\u0142\u0105czenie \u015bwie\u017co\u015bci i bogatych owocowych aromat\u00f3w przywodzi na my\u015bl ch\u0142odn\u0105, orze\u017awiaj\u0105c\u0105 g\u00f3rsk\u0105 bryz\u0119 na skraju Alp. Podczas medytacji lub w samotno\u015bci wieczorem, zaci\u0105gni\u0119cie si\u0119 papierosem jest jak p\u0119kanie lodu, natychmiastowe otrze\u017awienie i zanurzenie si\u0119 w jego mi\u0119kkich warstwach.<\/p><p>Saveur P\u00eache Glac\u00e9e: s\u0142odkie, soczyste brzoskwinie \u0142\u0105cz\u0105 si\u0119 ze \u015bwie\u017co\u015bci\u0105 lod\u00f3w. Jak prowansalskie popo\u0142udnie, s\u0142o\u0144ce \u015bwieci przez okno z bia\u0142ej gazy, fili\u017canka brzoskwiniowej mro\u017conej herbaty w d\u0142oni, gra melodyjna muzyka, a cia\u0142o i umys\u0142 relaksuj\u0105 si\u0119. Ten zapach jest idealny do palenia papierosa i relaksu, jak zapomnienie o stresie \u015bwiata, pozostawiaj\u0105c miejsce na \u0142agodno\u015b\u0107 i pocieszaj\u0105cy u\u015bmiech.<\/p><h2>Innowacyjna konstrukcja \"trzy w jednym\" - trzy niezale\u017cne systemy smakowe<\/h2><p>Model Bang King Triple 85000 Strawberry Vanilla Coke &amp; Black Dragon Ice &amp; Peach Ice oferuje maksymaln\u0105 liczb\u0119 zaci\u0105gni\u0119\u0107, rekordow\u0105 na rynku, wynosz\u0105c\u0105 85 000 zaci\u0105gni\u0119\u0107. Pojedynczy papieros elektroniczny BangKing Triple85000 zapewnia d\u0142ugotrwa\u0142e u\u017cytkowanie, bez konieczno\u015bci cz\u0119stej wymiany lub transportu, dzi\u0119ki czemu jest idealny dla intensywnych u\u017cytkownik\u00f3w lub os\u00f3b podr\u00f3\u017cuj\u0105cych d\u0142ugoterminowo. Niezale\u017cnie od tego, czy jest u\u017cywany codziennie, czy jako akcesorium awaryjne, oferuje stabiln\u0105, d\u0142ugotrwa\u0142\u0105 moc vape, pozostaj\u0105c przy tym niezwykle ekonomicznym.<\/p><p>Model Bang King Triple 85000 Strawberry Vanilla Coke &amp; Black Dragon Ice &amp; Peach Ice posiada unikalny zbiornik z trzema e-liquidami, z kt\u00f3rych ka\u017cdy jest wst\u0119pnie nape\u0142niony okre\u015blonym e-liquidem. Dzi\u0119ki selektorowi u\u017cytkownik mo\u017ce dowolnie wybiera\u0107 spo\u015br\u00f3d trzech r\u00f3\u017cnych smak\u00f3w, a nawet miesza\u0107 i pali\u0107, aby uzyska\u0107 niespotykane dot\u0105d doznania smakowe.<\/p><h2>Przyjazna dla \u015brodowiska konstrukcja wielokrotnego \u0142adowania - szybkie \u0142adowanie typu C<\/h2><p>Bang King Triple 85000 Strawberry Vanilla Coke &amp; Black Dragon Ice &amp; Peach Ice jest wyposa\u017cony w wysokowydajn\u0105 bateri\u0119 litow\u0105 600 mAh i interfejs szybkiego \u0142adowania typu C, umo\u017cliwiaj\u0105cy wielokrotne cykle \u0142adowania. W por\u00f3wnaniu z tradycyjnymi jednorazowymi papierosami elektronicznymi, jest on nie tylko bardziej przyjazny dla \u015brodowiska, ale tak\u017ce bardziej ekonomiczny w d\u0142u\u017cszej perspektywie. Co wi\u0119cej, \u017cywotno\u015b\u0107 baterii jest stabilna, a moc dostarczana przy ka\u017cdym zaci\u0105gni\u0119ciu jest sta\u0142a, gwarantuj\u0105c niezmienny smak.<\/p><p>Ka\u017cdy zbiornik e-liquidu jest wyposa\u017cony w wysokowydajny rezystor rozpylaj\u0105cy z siatk\u0105 1,0 \u03a9, oferuj\u0105cy r\u00f3wnomierne przewodzenie ciep\u0142a, szybkie nagrzewanie, pe\u0142niejsz\u0105 atomizacj\u0119 i g\u0142adszy, pe\u0142niejszy smak. Niezale\u017cnie od tego, czy s\u0105 to \u015bwie\u017ce owoce, czy kremowy deser, wiernie odtwarza oryginalny smak e-liquidu, zapewniaj\u0105c rozp\u0142ywaj\u0105cy si\u0119 w ustach dym i d\u0142ugotrwa\u0142y posmak, znacznie poprawiaj\u0105c wra\u017cenia z palenia. Nawet przy ci\u0105g\u0142ej inhalacji nie wyst\u0105pi\u0105 \u017cadne problemy z przypaleniem lub przegrzaniem.<\/p><h2>Inteligentny wy\u015bwietlacz LED<\/h2><p>Bang King Triple 85000 Strawberry Vanilla Coke &amp; Black Dragon Ice &amp; Peach Ice jest wyposa\u017cony w inteligentny ekran LED z przodu, kt\u00f3ry wy\u015bwietla poziom na\u0142adowania baterii, pozosta\u0142y poziom e-liquidu i inne informacje w czasie rzeczywistym, umo\u017cliwiaj\u0105c u\u017cytkownikom efektywne zarz\u0105dzanie czasem u\u017cytkowania i pozosta\u0142\u0105 pojemno\u015bci\u0105. Dla zwyk\u0142ych u\u017cytkownik\u00f3w nie ma ju\u017c potrzeby szacowania pozosta\u0142ej \u017cywotno\u015bci urz\u0105dzenia: wizualne u\u017cytkowanie jest bardziej ludzkie i inteligentne.<\/p><p>BangKing Triple 85000 Strawberry Vanilla Coke &amp; Black Dragon Ice &amp; Peach Ice oferuje a\u017c cztery poziomy st\u0119\u017cenia nikotyny: 0 %, 2 %, 3 % i 5 %. Niezale\u017cnie od tego, czy chcesz rzuci\u0107 palenie, zmniejszy\u0107 spo\u017cycie nikotyny, czy zachowa\u0107 przyjemno\u015b\u0107 smakow\u0105, znajdziesz idealne rozwi\u0105zanie. Dla u\u017cytkownik\u00f3w elektronicznych papieros\u00f3w na wszystkich poziomach zaawansowania, ta konstrukcja oferuje du\u017c\u0105 swobod\u0119 i przemy\u015blany design, zaspokajaj\u0105c nie tylko potrzeby pocz\u0105tkuj\u0105cych, ale tak\u017ce spersonalizowane do\u015bwiadczenia do\u015bwiadczonych u\u017cytkownik\u00f3w.<\/p><h2>Inne atrakcje:<\/h2><p>Funkcja automatycznej aktywacji: nie trzeba naciska\u0107 przycisku, wdech aktywuje elektroniczny papieros, dzi\u0119ki czemu jest \u0142atwy w u\u017cyciu.<\/p><p>Modny, kolorowy wygl\u0105d: wielobarwne wzornictwo i modne efekty \u015bwietlne zapewniaj\u0105 bardziej technologiczny, modny wygl\u0105d.<\/p><h2>Specyfikacje Bang King Triple 85000 3 w 1 Strawberry Vanilla Coke &amp; Black Dragon Ice &amp; Peach Ice<\/h2><p>Maksymalna liczba zaci\u0105gni\u0119\u0107: do 85 000 zaci\u0105gni\u0119\u0107 (28 300 zaci\u0105gni\u0119\u0107 dla ka\u017cdego z trzech smak\u00f3w).<\/p><p>Trzy zbiorniki oleju: Zawiera 3 zbiorniki oleju z prze\u0142\u0105cznikiem do zmiany smaku.<\/p><p>Ca\u0142kowita pojemno\u015b\u0107: 63 ml wst\u0119pnie nape\u0142nionego e-liquidu (21 ml x 3 sztuki).<\/p><p>Pojemno\u015b\u0107 baterii i \u0142adowanie: Akumulator 600 mAh, kompatybilny z szybkim \u0142adowaniem USB-C.<\/p><p>Konfiguracja rezystor\u00f3w: trzy zestawy rezystor\u00f3w siatkowych 1,0 \u03a9 w celu poprawy smaku i wydajno\u015bci atomizacji.<\/p><p>St\u0119\u017cenie nikotyny: do wyboru cztery poziomy: 0 %, 2 %, 3 % i 5 %.<\/p><p>Inteligentny wy\u015bwietlacz: wyposa\u017cony w ekran o wysokiej rozdzielczo\u015bci pokazuj\u0105cy poziom na\u0142adowania akumulatora i pozosta\u0142y poziom oleju.<\/p>\t\t\t\t\t\t\t\t<\/div>\n\t\t\t\t<\/div>\n\t\t\t\t\t<\/div>\n\t\t\t\t<\/div>\n\t\t\t\t<\/div>","protected":false},"excerpt":{"rendered":"<p>La Bang King Triple 85000 est dot\u00e9e d&rsquo;un triple r\u00e9servoir d&rsquo;e-liquide. Gr\u00e2ce au s\u00e9lecteur de saveurs, vous pouvez facilement changer de saveur et d&rsquo;univers \u00e0 tout moment, selon votre humeur. Avec 63 ml d&rsquo;e-liquide pr\u00e9-install\u00e9, soit 21 ml par saveur, vous pouvez fumer environ 28300 bouff\u00e9es, soit un total impressionnant de 85000 bouff\u00e9es, d\u00e9passant largement [&hellip;]<\/p>\n","protected":false},"featured_media":5401,"comment_status":"open","ping_status":"closed","template":"","meta":{"site-sidebar-layout":"no-sidebar","site-content-layout":"page-builder","ast-site-content-layout":"normal-width-container","site-content-style":"default","site-sidebar-style":"default","ast-global-header-display":"","ast-banner-title-visibility":"","ast-main-header-display":"","ast-hfb-above-header-display":"","ast-hfb-below-header-display":"","ast-hfb-mobile-header-display":"","site-post-title":"disabled","ast-breadcrumbs-content":"","ast-featured-img":"disabled","footer-sml-layout":"","ast-disable-related-posts":"","theme-transparent-header-meta":"default","adv-header-id-meta":"","stick-header-meta":"default","header-above-stick-meta":"","header-main-stick-meta":"","header-below-stick-meta":"","astra-migrate-meta-layouts":"set","ast-page-background-enabled":"default","ast-page-background-meta":{"desktop":{"background-color":"","background-image":"","background-repeat":"repeat","background-position":"center center","background-size":"auto","background-attachment":"scroll","background-type":"","background-media":"","overlay-type":"","overlay-color":"","overlay-opacity":"","overlay-gradient":""},"tablet":{"background-color":"","background-image":"","background-repeat":"repeat","background-position":"center center","background-size":"auto","background-attachment":"scroll","background-type":"","background-media":"","overlay-type":"","overlay-color":"","overlay-opacity":"","overlay-gradient":""},"mobile":{"background-color":"","background-image":"","background-repeat":"repeat","background-position":"center center","background-size":"auto","background-attachment":"scroll","background-type":"","background-media":"","overlay-type":"","overlay-color":"","overlay-opacity":"","overlay-gradient":""}},"ast-content-background-meta":{"desktop":{"background-color":"var(--ast-global-color-5)","background-image":"","background-repeat":"repeat","background-position":"center center","background-size":"auto","background-attachment":"scroll","background-type":"","background-media":"","overlay-type":"","overlay-color":"","overlay-opacity":"","overlay-gradient":""},"tablet":{"background-color":"var(--ast-global-color-5)","background-image":"","background-repeat":"repeat","background-position":"center center","background-size":"auto","background-attachment":"scroll","background-type":"","background-media":"","overlay-type":"","overlay-color":"","overlay-opacity":"","overlay-gradient":""},"mobile":{"background-color":"var(--ast-global-color-5)","background-image":"","background-repeat":"repeat","background-position":"center center","background-size":"auto","background-attachment":"scroll","background-type":"","background-media":"","overlay-type":"","overlay-color":"","overlay-opacity":"","overlay-gradient":""}}},"product_brand":[52],"product_cat":[51,107,15],"product_tag":[],"class_list":{"0":"post-5538","1":"product","2":"type-product","3":"status-publish","4":"has-post-thumbnail","6":"product_brand-bang-king","7":"product_cat-bang-king-triple-85000-trois-saveurs-en-une","8":"product_cat-puff-85k","9":"product_cat-magasin-cigarette-electronique","10":"desktop-align-center","11":"tablet-align-center","12":"mobile-align-center","13":"ast-product-gallery-layout-horizontal","14":"ast-product-gallery-with-no-image","15":"ast-product-single-variable","16":"ast-product-tabs-layout-horizontal","17":"ast-qv-on-image","19":"first","20":"instock","21":"sale","22":"shipping-taxable","23":"purchasable","24":"product-type-variable","25":"has-default-attributes"},"tiered_pricing_type":"fixed","tiered_pricing_fixed_rules":[],"tiered_pricing_product_settings":{"layout":"default","base_unit_name":{"singular":null,"plural":null},"default_variation":null},"tiered_pricing_minimum_quantity":null,"tiered_pricing_roles_data":[],"tiered_pricing_percentage_rules":[],"_links":{"self":[{"href":"https:\/\/puffvapestore.com\/pl\/wp-json\/wp\/v2\/product\/5538","targetHints":{"allow":["GET"]}}],"collection":[{"href":"https:\/\/puffvapestore.com\/pl\/wp-json\/wp\/v2\/product"}],"about":[{"href":"https:\/\/puffvapestore.com\/pl\/wp-json\/wp\/v2\/types\/product"}],"replies":[{"embeddable":true,"href":"https:\/\/puffvapestore.com\/pl\/wp-json\/wp\/v2\/comments?post=5538"}],"version-history":[{"count":11,"href":"https:\/\/puffvapestore.com\/pl\/wp-json\/wp\/v2\/product\/5538\/revisions"}],"predecessor-version":[{"id":10706,"href":"https:\/\/puffvapestore.com\/pl\/wp-json\/wp\/v2\/product\/5538\/revisions\/10706"}],"wp:featuredmedia":[{"embeddable":true,"href":"https:\/\/puffvapestore.com\/pl\/wp-json\/wp\/v2\/media\/5401"}],"wp:attachment":[{"href":"https:\/\/puffvapestore.com\/pl\/wp-json\/wp\/v2\/media?parent=5538"}],"wp:term":[{"taxonomy":"product_brand","embeddable":true,"href":"https:\/\/puffvapestore.com\/pl\/wp-json\/wp\/v2\/product_brand?post=5538"},{"taxonomy":"product_cat","embeddable":true,"href":"https:\/\/puffvapestore.com\/pl\/wp-json\/wp\/v2\/product_cat?post=5538"},{"taxonomy":"product_tag","embeddable":true,"href":"https:\/\/puffvapestore.com\/pl\/wp-json\/wp\/v2\/product_tag?post=5538"}],"curies":[{"name":"wp","href":"https:\/\/api.w.org\/{rel}","templated":true}]}}