{"id":5523,"date":"2025-07-20T06:44:42","date_gmt":"2025-07-20T06:44:42","guid":{"rendered":"https:\/\/puffvapestore.com\/?post_type=product&#038;p=5523"},"modified":"2026-01-19T10:54:36","modified_gmt":"2026-01-19T10:54:36","slug":"bang-king-85000-mixed-berries-mango-peach-grape-ice","status":"publish","type":"product","link":"https:\/\/puffvapestore.com\/pl\/product\/bang-king-85000-jagody-mieszane-mango-brzoskwinia-winogrono-lod\/","title":{"rendered":"Bang King 85000 3 w 1 potr\u00f3jny smak - mieszane jagody i mango, brzoskwinia i l\u00f3d winogronowy"},"content":{"rendered":"<div data-elementor-type=\"wp-post\" data-elementor-id=\"5523\" class=\"elementor elementor-5523\">\n\t\t\t\t<div class=\"elementor-element elementor-element-d3f3f97 e-flex e-con-boxed e-con e-parent\" data-id=\"d3f3f97\" data-element_type=\"container\" data-e-type=\"container\">\n\t\t\t\t\t<div class=\"e-con-inner\">\n\t\t\t\t<div class=\"elementor-element elementor-element-9600b1d elementor-widget elementor-widget-text-editor\" data-id=\"9600b1d\" data-element_type=\"widget\" data-e-type=\"widget\" data-widget_type=\"text-editor.default\">\n\t\t\t\t<div class=\"elementor-widget-container\">\n\t\t\t\t\t\t\t\t\t<p>Bang King 85000 3 in 1 Triple Flavour - Mixed Berries &amp; Mango Peach &amp; Grape Ice pozwala u\u017cytkownikom na swobodny wyb\u00f3r pomi\u0119dzy trzema smakami \u00abMixed Berries\u00bb, \u00abMango Peach\u00bb i \u00abGrape Ice\u00bb. Ta konstrukcja oferuje r\u00f3\u017cnorodne opcje, kt\u00f3re pasuj\u0105 do wszystkich nastroj\u00f3w i scenariuszy. Ka\u017cdy smak oferuje pe\u0142ne doznania smakowe. Mixed Berry jest przeznaczony dla mi\u0142o\u015bnik\u00f3w owoc\u00f3w, Mango Peach oferuje tropikalne smaki, a Iced Grape jest dla mi\u0142o\u015bnik\u00f3w \u015bwie\u017co\u015bci.<\/p><h2>Jagody mieszane<\/h2><p>Gdy dym dociera do podniebienia, pierwsze wra\u017cenie to mocny aromat jag\u00f3d, przypominaj\u0105cy po\u0142\u0105czenie jag\u00f3d i je\u017cyn, z umiarkowan\u0105 s\u0142odycz\u0105 i lekk\u0105 kwaskowato\u015bci\u0105 dzikich owoc\u00f3w. Z\u0142o\u017cony owocowy smak charakteryzuje si\u0119 delikatn\u0105, s\u0142odk\u0105 jagodow\u0105 nut\u0105 g\u00f3rn\u0105, po kt\u00f3rej nast\u0119puje lekka kwasowo\u015b\u0107 je\u017cyn i malin w \u015brodku, dodaj\u0105c z\u0142o\u017cono\u015bci. Ca\u0142o\u015b\u0107 jest pe\u0142na i niet\u0142usta, z lekkim zielonym zapachem dzikich owoc\u00f3w przypominaj\u0105cym \u015bwie\u017co zebrane jagody.<\/p><h2>Mango Brzoskwinia<\/h2><p>Bogata, tropikalna s\u0142odycz mango i mi\u0119kki, mi\u0119sisty aromat bia\u0142ej brzoskwini przenikaj\u0105 si\u0119, s\u0142odkie bez t\u0142usto\u015bci, g\u0142adkie i naturalne. G\u0119sty mi\u0105\u017csz mango jest pierwszym wyczuwalnym doznaniem, po kt\u00f3rym nast\u0119puje kr\u0105g\u0142o\u015b\u0107 i delikatno\u015b\u0107 brzoskwini, kt\u00f3re harmonijnie si\u0119 \u0142\u0105cz\u0105.<\/p><p>Aromaty: Posmak przywo\u0142uje ciep\u0142o s\u0142onecznego sadu, podczas gdy s\u0142odycz mi\u0105\u017cszu pozostaje mi\u0119dzy wargami i z\u0119bami.<\/p><h2>L\u00f3d winogronowy<\/h2><p>Smak: Z baz\u0105 s\u0142odkich fioletowych winogron, w po\u0142\u0105czeniu z silnym uczuciem \u015bwie\u017co\u015bci, jest to najbardziej orze\u017awiaj\u0105cy z trzech.<\/p><p>Szczeg\u00f3\u0142y smaku: Aromat winogronowy jest bardzo pe\u0142ny, z lekk\u0105 s\u0142odycz\u0105 sody winogronowej i naturalnym aromatem owocowym. Uczucie lodu szybko przenikaj\u0105cego do gard\u0142a eksploduje, zapewniaj\u0105c niezwykle orze\u017awiaj\u0105ce doznania, szczeg\u00f3lnie odpowiednie do \u0142agodzenia uczucia t\u0142uszczu lub gor\u0105ca.<\/p><p>Aromat: \u015bwie\u017cy i trwa\u0142y, podobny do posmaku lod\u00f3w winogronowych lub winogronowej gumy do \u017cucia, z lekk\u0105 utrzymuj\u0105c\u0105 si\u0119 \u015bwie\u017co\u015bci\u0105.<\/p>\t\t\t\t\t\t\t\t<\/div>\n\t\t\t\t<\/div>\n\t\t\t\t\t<\/div>\n\t\t\t\t<\/div>\n\t\t<div class=\"elementor-element elementor-element-08c26f9 e-flex e-con-boxed e-con e-parent\" data-id=\"08c26f9\" data-element_type=\"container\" data-e-type=\"container\">\n\t\t\t\t\t<div class=\"e-con-inner\">\n\t\t\t\t<div class=\"elementor-element elementor-element-a005a97 elementor-widget elementor-widget-text-editor\" data-id=\"a005a97\" data-element_type=\"widget\" data-e-type=\"widget\" data-widget_type=\"text-editor.default\">\n\t\t\t\t<div class=\"elementor-widget-container\">\n\t\t\t\t\t\t\t\t\t<h2>Innowacyjna konstrukcja \"trzy w jednym\" - trzy niezale\u017cne systemy smakowe<\/h2><p>Model Bang King Triple 85000 Mixed Berries &amp; Mango Peach &amp; Grape Ice oferuje maksymaln\u0105 liczb\u0119 zaci\u0105gni\u0119\u0107, rekordow\u0105 na rynku, wynosz\u0105c\u0105 85 000 zaci\u0105gni\u0119\u0107. Pojedynczy papieros elektroniczny BangKing Triple85000 pozwala na d\u0142ugotrwa\u0142e u\u017cytkowanie, bez konieczno\u015bci cz\u0119stej wymiany lub transportu, dzi\u0119ki czemu jest idealny dla intensywnych u\u017cytkownik\u00f3w lub os\u00f3b podr\u00f3\u017cuj\u0105cych d\u0142ugoterminowo. Niezale\u017cnie od tego, czy jest u\u017cywany codziennie, czy jako akcesorium awaryjne, oferuje stabiln\u0105, d\u0142ugotrwa\u0142\u0105 moc vape, pozostaj\u0105c przy tym niezwykle ekonomicznym.<\/p><p>Model Bang King Triple 85000 Mixed Berries &amp; Mango Peach &amp; Grape Ice posiada unikalny zbiornik z trzema e-liquidami, z kt\u00f3rych ka\u017cdy jest wst\u0119pnie nape\u0142niony okre\u015blonym e-liquidem. U\u017cytkownik mo\u017ce dowolnie wybiera\u0107 pomi\u0119dzy trzema r\u00f3\u017cnymi smakami dzi\u0119ki selektorowi, a nawet miesza\u0107 i pali\u0107, aby uzyska\u0107 niespotykane dot\u0105d doznania smakowe.<\/p><h2>Przyjazna dla \u015brodowiska konstrukcja wielokrotnego \u0142adowania - szybkie \u0142adowanie typu C<\/h2><p>Bang King Triple 85000 jest wyposa\u017cony w wysokowydajn\u0105 bateri\u0119 litow\u0105 600 mAh i interfejs szybkiego \u0142adowania typu C, umo\u017cliwiaj\u0105cy wielokrotne cykle \u0142adowania. W por\u00f3wnaniu z tradycyjnymi jednorazowymi papierosami elektronicznymi, jest on nie tylko bardziej przyjazny dla \u015brodowiska, ale tak\u017ce bardziej ekonomiczny w d\u0142u\u017cszej perspektywie. Co wi\u0119cej, \u017cywotno\u015b\u0107 baterii jest stabilna, a moc dostarczana przy ka\u017cdym zaci\u0105gni\u0119ciu jest sta\u0142a, gwarantuj\u0105c niezmienny smak.<\/p><p>Ka\u017cdy zbiornik e-liquidu jest wyposa\u017cony w wysokowydajny rezystor rozpylaj\u0105cy z siatk\u0105 1,0 \u03a9, oferuj\u0105cy r\u00f3wnomierne przewodzenie ciep\u0142a, szybkie nagrzewanie, pe\u0142niejsz\u0105 atomizacj\u0119 i g\u0142adszy, pe\u0142niejszy smak. Niezale\u017cnie od tego, czy s\u0105 to \u015bwie\u017ce owoce, czy kremowy deser, wiernie odtwarza oryginalny smak e-liquidu, zapewniaj\u0105c rozp\u0142ywaj\u0105cy si\u0119 w ustach dym i d\u0142ugotrwa\u0142y posmak, znacznie poprawiaj\u0105c wra\u017cenia z palenia. Nawet przy ci\u0105g\u0142ej inhalacji nie wyst\u0105pi\u0105 \u017cadne problemy z przypaleniem lub przegrzaniem.<\/p><h2>Inteligentny wy\u015bwietlacz LED<\/h2><p>Model Bang King Triple 85000 Mixed Berries &amp; Mango Peach &amp; Grape Ice jest wyposa\u017cony w inteligentny ekran LED z przodu, kt\u00f3ry wy\u015bwietla poziom na\u0142adowania baterii, pozosta\u0142y poziom e-liquidu i inne informacje w czasie rzeczywistym, umo\u017cliwiaj\u0105c u\u017cytkownikom efektywne zarz\u0105dzanie czasem u\u017cytkowania i pozosta\u0142\u0105 pojemno\u015bci\u0105. Dla zwyk\u0142ych u\u017cytkownik\u00f3w nie ma ju\u017c potrzeby szacowania pozosta\u0142ej \u017cywotno\u015bci urz\u0105dzenia: wizualne u\u017cytkowanie jest bardziej ludzkie i inteligentne.<\/p><p>BangKing Triple 85000 Mixed Berries &amp; Mango Peach &amp; Grape Ice oferuje a\u017c cztery poziomy st\u0119\u017cenia nikotyny: 0 %, 2 %, 3 % i 5 %. Niezale\u017cnie od tego, czy chcesz rzuci\u0107 palenie, zmniejszy\u0107 spo\u017cycie nikotyny, czy zachowa\u0107 przyjemno\u015b\u0107 smakow\u0105, znajdziesz idealne rozwi\u0105zanie. Dla u\u017cytkownik\u00f3w papieros\u00f3w elektronicznych na wszystkich poziomach zaawansowania, konstrukcja ta oferuje du\u017c\u0105 swobod\u0119 i przemy\u015blany design, zaspokajaj\u0105c nie tylko potrzeby pocz\u0105tkuj\u0105cych, ale tak\u017ce spersonalizowane do\u015bwiadczenia do\u015bwiadczonych u\u017cytkownik\u00f3w.<\/p><h2>Inne atrakcje:<\/h2><p>Funkcja automatycznej aktywacji: nie trzeba naciska\u0107 przycisku, wdech aktywuje elektroniczny papieros, dzi\u0119ki czemu jest \u0142atwy w u\u017cyciu.<\/p><p>Modny, kolorowy wygl\u0105d: wielobarwne wzornictwo i modne efekty \u015bwietlne zapewniaj\u0105 bardziej technologiczny, modny wygl\u0105d.<\/p><h2>Specyfikacje Bang King Triple 85000 3 w 1 Mixed Berries &amp; Mango Peach &amp; Grape Ice<\/h2><p>Maksymalna liczba zaci\u0105gni\u0119\u0107: do 85 000 zaci\u0105gni\u0119\u0107 (28 300 zaci\u0105gni\u0119\u0107 dla ka\u017cdego z trzech smak\u00f3w).<\/p><p>Trzy zbiorniki oleju: Zawiera 3 zbiorniki oleju z prze\u0142\u0105cznikiem do zmiany smaku.<\/p><p>Ca\u0142kowita pojemno\u015b\u0107: 63 ml wst\u0119pnie nape\u0142nionego e-liquidu (21 ml x 3 sztuki).<\/p><p>Pojemno\u015b\u0107 baterii i \u0142adowanie: Akumulator 600 mAh, kompatybilny z szybkim \u0142adowaniem USB-C.<\/p><p>Konfiguracja rezystor\u00f3w: trzy zestawy rezystor\u00f3w siatkowych 1,0 \u03a9 w celu poprawy smaku i wydajno\u015bci atomizacji.<\/p><p>St\u0119\u017cenie nikotyny: do wyboru cztery poziomy: 0 %, 2 %, 3 % i 5 %.<\/p><p>Inteligentny wy\u015bwietlacz: wyposa\u017cony w ekran o wysokiej rozdzielczo\u015bci pokazuj\u0105cy poziom na\u0142adowania akumulatora i pozosta\u0142y poziom oleju.<\/p>\t\t\t\t\t\t\t\t<\/div>\n\t\t\t\t<\/div>\n\t\t\t\t\t<\/div>\n\t\t\t\t<\/div>\n\t\t\t\t<\/div>","protected":false},"excerpt":{"rendered":"<p>La Bang King 85000 3 en 1 Triple Saveur &#8211; Mixed Berries &amp; Mango Peach &amp; Grape Ice permet aux utilisateurs de choisir librement entre les trois saveurs \u00ab Baies Mixtes \u00bb, \u00ab Mangue, P\u00eache \u00bb et \u00ab Raisin Glac\u00e9 \u00bb. Ce design offre une vari\u00e9t\u00e9 de choix pour r\u00e9pondre \u00e0 toutes les humeurs et [&hellip;]<\/p>\n","protected":false},"featured_media":5396,"comment_status":"open","ping_status":"closed","template":"","meta":{"site-sidebar-layout":"no-sidebar","site-content-layout":"page-builder","ast-site-content-layout":"normal-width-container","site-content-style":"default","site-sidebar-style":"default","ast-global-header-display":"","ast-banner-title-visibility":"","ast-main-header-display":"","ast-hfb-above-header-display":"","ast-hfb-below-header-display":"","ast-hfb-mobile-header-display":"","site-post-title":"disabled","ast-breadcrumbs-content":"","ast-featured-img":"disabled","footer-sml-layout":"","ast-disable-related-posts":"","theme-transparent-header-meta":"default","adv-header-id-meta":"","stick-header-meta":"default","header-above-stick-meta":"","header-main-stick-meta":"","header-below-stick-meta":"","astra-migrate-meta-layouts":"set","ast-page-background-enabled":"default","ast-page-background-meta":{"desktop":{"background-color":"","background-image":"","background-repeat":"repeat","background-position":"center center","background-size":"auto","background-attachment":"scroll","background-type":"","background-media":"","overlay-type":"","overlay-color":"","overlay-opacity":"","overlay-gradient":""},"tablet":{"background-color":"","background-image":"","background-repeat":"repeat","background-position":"center center","background-size":"auto","background-attachment":"scroll","background-type":"","background-media":"","overlay-type":"","overlay-color":"","overlay-opacity":"","overlay-gradient":""},"mobile":{"background-color":"","background-image":"","background-repeat":"repeat","background-position":"center center","background-size":"auto","background-attachment":"scroll","background-type":"","background-media":"","overlay-type":"","overlay-color":"","overlay-opacity":"","overlay-gradient":""}},"ast-content-background-meta":{"desktop":{"background-color":"var(--ast-global-color-5)","background-image":"","background-repeat":"repeat","background-position":"center center","background-size":"auto","background-attachment":"scroll","background-type":"","background-media":"","overlay-type":"","overlay-color":"","overlay-opacity":"","overlay-gradient":""},"tablet":{"background-color":"var(--ast-global-color-5)","background-image":"","background-repeat":"repeat","background-position":"center center","background-size":"auto","background-attachment":"scroll","background-type":"","background-media":"","overlay-type":"","overlay-color":"","overlay-opacity":"","overlay-gradient":""},"mobile":{"background-color":"var(--ast-global-color-5)","background-image":"","background-repeat":"repeat","background-position":"center center","background-size":"auto","background-attachment":"scroll","background-type":"","background-media":"","overlay-type":"","overlay-color":"","overlay-opacity":"","overlay-gradient":""}}},"product_brand":[52],"product_cat":[51,107,15],"product_tag":[],"class_list":{"0":"post-5523","1":"product","2":"type-product","3":"status-publish","4":"has-post-thumbnail","6":"product_brand-bang-king","7":"product_cat-bang-king-triple-85000-trois-saveurs-en-une","8":"product_cat-puff-85k","9":"product_cat-magasin-cigarette-electronique","10":"desktop-align-center","11":"tablet-align-center","12":"mobile-align-center","13":"ast-product-gallery-layout-horizontal","14":"ast-product-gallery-with-no-image","15":"ast-product-single-variable","16":"ast-product-tabs-layout-horizontal","17":"ast-qv-on-image","19":"first","20":"instock","21":"sale","22":"shipping-taxable","23":"purchasable","24":"product-type-variable","25":"has-default-attributes"},"tiered_pricing_type":"fixed","tiered_pricing_fixed_rules":[],"tiered_pricing_product_settings":{"layout":"default","base_unit_name":{"singular":null,"plural":null},"default_variation":null},"tiered_pricing_minimum_quantity":null,"tiered_pricing_roles_data":[],"tiered_pricing_percentage_rules":[],"_links":{"self":[{"href":"https:\/\/puffvapestore.com\/pl\/wp-json\/wp\/v2\/product\/5523","targetHints":{"allow":["GET"]}}],"collection":[{"href":"https:\/\/puffvapestore.com\/pl\/wp-json\/wp\/v2\/product"}],"about":[{"href":"https:\/\/puffvapestore.com\/pl\/wp-json\/wp\/v2\/types\/product"}],"replies":[{"embeddable":true,"href":"https:\/\/puffvapestore.com\/pl\/wp-json\/wp\/v2\/comments?post=5523"}],"version-history":[{"count":8,"href":"https:\/\/puffvapestore.com\/pl\/wp-json\/wp\/v2\/product\/5523\/revisions"}],"predecessor-version":[{"id":10707,"href":"https:\/\/puffvapestore.com\/pl\/wp-json\/wp\/v2\/product\/5523\/revisions\/10707"}],"wp:featuredmedia":[{"embeddable":true,"href":"https:\/\/puffvapestore.com\/pl\/wp-json\/wp\/v2\/media\/5396"}],"wp:attachment":[{"href":"https:\/\/puffvapestore.com\/pl\/wp-json\/wp\/v2\/media?parent=5523"}],"wp:term":[{"taxonomy":"product_brand","embeddable":true,"href":"https:\/\/puffvapestore.com\/pl\/wp-json\/wp\/v2\/product_brand?post=5523"},{"taxonomy":"product_cat","embeddable":true,"href":"https:\/\/puffvapestore.com\/pl\/wp-json\/wp\/v2\/product_cat?post=5523"},{"taxonomy":"product_tag","embeddable":true,"href":"https:\/\/puffvapestore.com\/pl\/wp-json\/wp\/v2\/product_tag?post=5523"}],"curies":[{"name":"wp","href":"https:\/\/api.w.org\/{rel}","templated":true}]}}