{"id":5367,"date":"2025-07-19T06:53:51","date_gmt":"2025-07-19T06:53:51","guid":{"rendered":"https:\/\/puffvapestore.com\/?post_type=product&#038;p=5367"},"modified":"2026-04-21T07:08:46","modified_gmt":"2026-04-21T07:08:46","slug":"dr-blue-fumot-leopard-40000","status":"publish","type":"product","link":"https:\/\/puffvapestore.com\/pl\/product\/dr-niebieski-fumot-leopard-40000\/","title":{"rendered":"Dr Blue - Fumot RandM Tornado 40000"},"content":{"rendered":"<div data-elementor-type=\"wp-post\" data-elementor-id=\"5367\" class=\"elementor elementor-5367\">\n\t\t\t\t<div class=\"elementor-element elementor-element-08c26f9 e-flex e-con-boxed e-con e-parent\" data-id=\"08c26f9\" data-element_type=\"container\" data-e-type=\"container\">\n\t\t\t\t\t<div class=\"e-con-inner\">\n\t\t\t\t<div class=\"elementor-element elementor-element-a005a97 elementor-widget elementor-widget-text-editor\" data-id=\"a005a97\" data-element_type=\"widget\" data-e-type=\"widget\" data-widget_type=\"text-editor.default\">\n\t\t\t\t<div class=\"elementor-widget-container\">\n\t\t\t\t\t\t\t\t\t<p>Aromat Dr Blue, niczym jazzowy blues o p\u00f3\u0142nocy w Pary\u017cu, jest dyskretny, ale uderzaj\u0105cy, emanuj\u0105c tajemniczym i orze\u017awiaj\u0105cym urokiem. \u0141\u0105czy w sobie bogaty owocowy aromat bor\u00f3wki ze \u015bwie\u017co\u015bci\u0105 mi\u0119ty, a ka\u017cdy \u0142yk jest jak letnia bryza na wybrze\u017cu.<\/p><p>Baza jagodowa: Dr Blue ma zazwyczaj jagodowy smak, kt\u00f3ry ujawnia s\u0142odkie i lekko cierpkie cechy dojrza\u0142ych jag\u00f3d. Smak bor\u00f3wki ma zazwyczaj odrobin\u0119 naturalnego owocowego aromatu, mi\u0119kko\u015b\u0107 w ustach, lekk\u0105 s\u0142odycz czerwonych owoc\u00f3w i orze\u017awiaj\u0105cy posmak.<\/p><p>Owocowa mieszanka smakowa: Dr Blue zawiera inne owoce (takie jak maliny lub je\u017cyny) dla subtelnego akcentu. Ta mieszanka dodaje z\u0142o\u017cono\u015bci do smaku, ze s\u0142odkimi owocowymi aromatami i lekk\u0105 r\u00f3wnowag\u0105 kwasowo\u015bci.<\/p><h2>Szczeg\u00f3\u0142y dotycz\u0105ce smaku:<\/h2><p>Uwagi degustacyjne: Dr Blue mo\u017ce by\u0107 zdominowany przez s\u0142odkie aromaty jag\u00f3d, zapewniaj\u0105c delikatn\u0105 owocow\u0105 nut\u0119, podobn\u0105 do \u015bwie\u017co zebranych jag\u00f3d, s\u0142odk\u0105, ale nie t\u0142ust\u0105.<\/p><p>\u015arodkowe podniebienie: Podczas inhalacji mo\u017cna wyczu\u0107 subtelny dodatek innych owoc\u00f3w (takich jak maliny lub winogrona), kt\u00f3re podkre\u015blaj\u0105 z\u0142o\u017cono\u015b\u0107 smaku. Dodatek orze\u017awiaj\u0105cego sk\u0142adnika mo\u017ce powodowa\u0107 lekkie uczucie ch\u0142odzenia w \u015brodkowej cz\u0119\u015bci podniebienia, dodaj\u0105c orze\u017awiaj\u0105cego akcentu.<\/p><p>Posmak: Posmak mo\u017ce by\u0107 po\u0142\u0105czeniem \u015bwie\u017cych owocowych aromat\u00f3w i uczucia \u015bwie\u017co\u015bci, pozostawiaj\u0105c czysty i orze\u017awiaj\u0105cy posmak, unikaj\u0105c resztkowego s\u0142odkiego uczucia. Technologia Dual Mesh Coil zastosowana w modelu Fumot Leopard 40000 zapewnia r\u00f3wnomierne ogrzewanie przy ka\u017cdym zaci\u0105gni\u0119ciu, wytwarzaj\u0105c bogat\u0105, kremow\u0105 par\u0119 i wzmacniaj\u0105c delikatno\u015b\u0107 smaku.<\/p>\t\t\t\t\t\t\t\t<\/div>\n\t\t\t\t<\/div>\n\t\t\t\t\t<\/div>\n\t\t\t\t<\/div>\n\t\t<div class=\"elementor-element elementor-element-718b380 e-flex e-con-boxed e-con e-parent\" data-id=\"718b380\" data-element_type=\"container\" data-e-type=\"container\">\n\t\t\t\t\t<div class=\"e-con-inner\">\n\t\t\t\t<div class=\"elementor-element elementor-element-d2cc8fa elementor-widget elementor-widget-text-editor\" data-id=\"d2cc8fa\" data-element_type=\"widget\" data-e-type=\"widget\" data-widget_type=\"text-editor.default\">\n\t\t\t\t<div class=\"elementor-widget-container\">\n\t\t\t\t\t\t\t\t\t<h2>Bateria o du\u017cej pojemno\u015bci - akumulator litowy 700 mAh<\/h2><p>Model Fumot Leopard 40000 (RandM Tornado 40K) Dr Blue oferuje do 40 000 zaci\u0105gni\u0119\u0107, znacznie przekraczaj\u0105c \u015bredni\u0105 rynkow\u0105. Oferuje d\u0142ugotrwa\u0142e do\u015bwiadczenie, szczeg\u00f3lnie odpowiednie dla regularnych u\u017cytkownik\u00f3w, eliminuj\u0105c problem cz\u0119stej wymiany urz\u0105dzenia.<\/p><p>Wbudowana bateria o du\u017cej pojemno\u015bci 700 mAh mo\u017ce by\u0107 wielokrotnie \u0142adowana za po\u015brednictwem interfejsu USB Type-C. W por\u00f3wnaniu z tradycyjnymi jednoraz\u00f3wkami, jego \u0142adowalna konstrukcja jest bardziej przyjazna dla \u015brodowiska i ekonomiczna, a \u017cywotno\u015b\u0107 baterii jest d\u0142uga, umo\u017cliwiaj\u0105c nawet intensywnym u\u017cytkownikom korzystanie z niego przez ponad jeden dzie\u0144.<\/p><p>Dzi\u0119ki zastosowaniu nowoczesnego interfejsu USB Type-C, nie tylko oferuje lepsz\u0105 wydajno\u015b\u0107 \u0142adowania, ale tak\u017ce u\u0142atwia pod\u0142\u0105czanie i od\u0142\u0105czanie. Dzi\u0119ki technologii szybkiego \u0142adowania zwykle \u0142aduje si\u0119 w pe\u0142ni w kr\u00f3tkim czasie, skracaj\u0105c czas oczekiwania i umo\u017cliwiaj\u0105c pozostanie w kontakcie w dowolnym miejscu i czasie.<\/p><h2>Technologia podw\u00f3jnej odporno\u015bci siatki<\/h2><p>Model Fumot Leopard 40000 (RandM Tornado 40K) Dr Blue charakteryzuje si\u0119 zaawansowan\u0105 struktur\u0105 drutu grzewczego o podw\u00f3jnych oczkach, kt\u00f3ra zapewnia bardziej r\u00f3wnomierne i wydajne ogrzewanie, zapewniaj\u0105c bogaty, delikatny dym o g\u0142adkim smaku przy ka\u017cdym zaci\u0105gni\u0119ciu. Podw\u00f3jny rezystor skutecznie wyd\u0142u\u017ca \u017cywotno\u015b\u0107 rezystora, zachowuje stabilno\u015b\u0107 smaku i zapobiega degradacji.<\/p><p>Aby spe\u0142ni\u0107 preferencje ka\u017cdego u\u017cytkownika, Fumot Leopard 40000 oferuje cztery st\u0119\u017cenia nikotyny: 0 %, 2 %, 3 % i 5 %. Niezale\u017cnie od tego, czy jeste\u015b okazjonalnym u\u017cytkownikiem, kt\u00f3ry nie u\u017cywa nikotyny, czy ci\u0119\u017ckim palaczem, kt\u00f3ry potrzebuje wysokiego st\u0119\u017cenia, aby zaspokoi\u0107 swoje potrzeby zwi\u0105zane z odstawieniem nikotyny, znajdziesz idealny produkt.<\/p><h2>Wy\u015bwietlacz LED o wysokiej rozdzielczo\u015bci<\/h2><p>Model Fumot Leopard 40000 (RandM Tornado 40K) Dr Blue jest wyposa\u017cony w zaawansowany cyfrowy wy\u015bwietlacz LED, kt\u00f3ry pokazuje poziom pozosta\u0142ego e-liquidu i poziom na\u0142adowania baterii w czasie rzeczywistym. Oznacza to, \u017ce u\u017cytkownicy mog\u0105 sprawdzi\u0107 stan urz\u0105dzenia na pierwszy rzut oka, przewidzie\u0107, kiedy nadejdzie czas do\u0142adowania lub na\u0142adowa\u0107 bateri\u0119, a tak\u017ce unikn\u0105\u0107 przerw w zasilaniu lub wyczerpania baterii.<\/p><p>Pow\u0142oka o fakturze lamparta, wykonana z materia\u0142u o wysokiej transmisji, \u0142\u0105czy efekt wizualny z elegancj\u0105. Podczas wdechu dynamiczne, modne \u015bwiat\u0142a RGB wiruj\u0105 i migaj\u0105, nadaj\u0105c ka\u017cdemu zaci\u0105gni\u0119ciu si\u0119 klimat klubu nocnego. Jest to modny produkt, kt\u00f3ry idealnie nadaje si\u0119 na imprezy i specjalne okazje.<\/p><p>Por\u0119czna technologia automatycznej inhalacji nie ma przycisk\u00f3w ani ustawie\u0144, dzi\u0119ki czemu jest \u0142atwa do opanowania dla pocz\u0105tkuj\u0105cych. Wystarczy wzi\u0105\u0107 delikatny wdech, a urz\u0105dzenie automatycznie rozpocznie rozpylanie, zapewniaj\u0105c p\u0142ynn\u0105 i przyjemn\u0105 inhalacj\u0119.<\/p><h2>Ergonomiczna konstrukcja<\/h2><p>Ergonomiczna konstrukcja Fumot Leopard 40000 (RandM Tornado 40K) Dr Blue jest wygodna do trzymania, a jej kompaktowy rozmiar u\u0142atwia przenoszenie. Lekki, \u0142atwy do przenoszenia i zabrania ze sob\u0105.<\/p>\t\t\t\t\t\t\t\t<\/div>\n\t\t\t\t<\/div>\n\t\t\t\t\t<\/div>\n\t\t\t\t<\/div>\n\t\t\t\t<\/div>","protected":false},"excerpt":{"rendered":"<p>L&rsquo;ar\u00f4me du Dr Blue, tel le blues jazz de minuit \u00e0 Paris, est discret mais saisissant, d\u00e9gageant un charme myst\u00e9rieux et rafra\u00eechissant. Il allie le riche ar\u00f4me fruit\u00e9 de la myrtille \u00e0 la fra\u00eecheur d&rsquo;une touche de menthe, et chaque gorg\u00e9e est comme une brise estivale sur le littoral. Base de myrtille\u00a0: Le Dr Blue [&hellip;]<\/p>\n","protected":false},"featured_media":5087,"comment_status":"open","ping_status":"closed","template":"","meta":{"site-sidebar-layout":"no-sidebar","site-content-layout":"page-builder","ast-site-content-layout":"normal-width-container","site-content-style":"default","site-sidebar-style":"default","ast-global-header-display":"","ast-banner-title-visibility":"","ast-main-header-display":"","ast-hfb-above-header-display":"","ast-hfb-below-header-display":"","ast-hfb-mobile-header-display":"","site-post-title":"disabled","ast-breadcrumbs-content":"","ast-featured-img":"disabled","footer-sml-layout":"","ast-disable-related-posts":"","theme-transparent-header-meta":"default","adv-header-id-meta":"","stick-header-meta":"default","header-above-stick-meta":"","header-main-stick-meta":"","header-below-stick-meta":"","astra-migrate-meta-layouts":"set","ast-page-background-enabled":"default","ast-page-background-meta":{"desktop":{"background-color":"","background-image":"","background-repeat":"repeat","background-position":"center center","background-size":"auto","background-attachment":"scroll","background-type":"","background-media":"","overlay-type":"","overlay-color":"","overlay-opacity":"","overlay-gradient":""},"tablet":{"background-color":"","background-image":"","background-repeat":"repeat","background-position":"center center","background-size":"auto","background-attachment":"scroll","background-type":"","background-media":"","overlay-type":"","overlay-color":"","overlay-opacity":"","overlay-gradient":""},"mobile":{"background-color":"","background-image":"","background-repeat":"repeat","background-position":"center center","background-size":"auto","background-attachment":"scroll","background-type":"","background-media":"","overlay-type":"","overlay-color":"","overlay-opacity":"","overlay-gradient":""}},"ast-content-background-meta":{"desktop":{"background-color":"var(--ast-global-color-5)","background-image":"","background-repeat":"repeat","background-position":"center center","background-size":"auto","background-attachment":"scroll","background-type":"","background-media":"","overlay-type":"","overlay-color":"","overlay-opacity":"","overlay-gradient":""},"tablet":{"background-color":"var(--ast-global-color-5)","background-image":"","background-repeat":"repeat","background-position":"center center","background-size":"auto","background-attachment":"scroll","background-type":"","background-media":"","overlay-type":"","overlay-color":"","overlay-opacity":"","overlay-gradient":""},"mobile":{"background-color":"var(--ast-global-color-5)","background-image":"","background-repeat":"repeat","background-position":"center center","background-size":"auto","background-attachment":"scroll","background-type":"","background-media":"","overlay-type":"","overlay-color":"","overlay-opacity":"","overlay-gradient":""}}},"product_brand":[42],"product_cat":[50,88,77,15],"product_tag":[],"class_list":{"0":"post-5367","1":"product","2":"type-product","3":"status-publish","4":"has-post-thumbnail","6":"product_brand-randm-tornado","7":"product_cat-randm-tornado-40000-avec-ecran-led-hd","8":"product_cat-puff-40k","9":"product_cat-entrepot-de-lue","10":"product_cat-magasin-cigarette-electronique","11":"desktop-align-center","12":"tablet-align-center","13":"mobile-align-center","14":"ast-product-gallery-layout-horizontal","15":"ast-product-gallery-with-no-image","16":"ast-product-single-variable","17":"ast-product-tabs-layout-horizontal","18":"ast-qv-on-image","20":"first","21":"instock","22":"sale","23":"shipping-taxable","24":"purchasable","25":"product-type-variable","26":"has-default-attributes"},"tiered_pricing_type":"fixed","tiered_pricing_fixed_rules":{"30":10.42,"60":9.26,"100":8.05,"200":7.8,"500":7.67,"1000":7.38},"tiered_pricing_product_settings":{"layout":"default","base_unit_name":{"singular":null,"plural":null},"default_variation":null},"tiered_pricing_minimum_quantity":null,"tiered_pricing_roles_data":[],"tiered_pricing_percentage_rules":[],"_links":{"self":[{"href":"https:\/\/puffvapestore.com\/pl\/wp-json\/wp\/v2\/product\/5367","targetHints":{"allow":["GET"]}}],"collection":[{"href":"https:\/\/puffvapestore.com\/pl\/wp-json\/wp\/v2\/product"}],"about":[{"href":"https:\/\/puffvapestore.com\/pl\/wp-json\/wp\/v2\/types\/product"}],"replies":[{"embeddable":true,"href":"https:\/\/puffvapestore.com\/pl\/wp-json\/wp\/v2\/comments?post=5367"}],"version-history":[{"count":7,"href":"https:\/\/puffvapestore.com\/pl\/wp-json\/wp\/v2\/product\/5367\/revisions"}],"predecessor-version":[{"id":10759,"href":"https:\/\/puffvapestore.com\/pl\/wp-json\/wp\/v2\/product\/5367\/revisions\/10759"}],"wp:featuredmedia":[{"embeddable":true,"href":"https:\/\/puffvapestore.com\/pl\/wp-json\/wp\/v2\/media\/5087"}],"wp:attachment":[{"href":"https:\/\/puffvapestore.com\/pl\/wp-json\/wp\/v2\/media?parent=5367"}],"wp:term":[{"taxonomy":"product_brand","embeddable":true,"href":"https:\/\/puffvapestore.com\/pl\/wp-json\/wp\/v2\/product_brand?post=5367"},{"taxonomy":"product_cat","embeddable":true,"href":"https:\/\/puffvapestore.com\/pl\/wp-json\/wp\/v2\/product_cat?post=5367"},{"taxonomy":"product_tag","embeddable":true,"href":"https:\/\/puffvapestore.com\/pl\/wp-json\/wp\/v2\/product_tag?post=5367"}],"curies":[{"name":"wp","href":"https:\/\/api.w.org\/{rel}","templated":true}]}}