{"id":5330,"date":"2025-07-19T01:27:59","date_gmt":"2025-07-19T01:27:59","guid":{"rendered":"https:\/\/puffvapestore.com\/?post_type=product&#038;p=5330"},"modified":"2026-04-21T07:08:20","modified_gmt":"2026-04-21T07:08:20","slug":"blueberry-raspberry-tornado-40000-un-arome-raffine","status":"publish","type":"product","link":"https:\/\/puffvapestore.com\/pl\/product\/borowka-malina-tornado-40000-wyrafinowany-aromat\/","title":{"rendered":"Fumot Leopard 40000 - Blueberry Raspberry"},"content":{"rendered":"<div data-elementor-type=\"wp-post\" data-elementor-id=\"5330\" class=\"elementor elementor-5330\">\n\t\t\t\t<div class=\"elementor-element elementor-element-08c26f9 e-flex e-con-boxed e-con e-parent\" data-id=\"08c26f9\" data-element_type=\"container\" data-e-type=\"container\">\n\t\t\t\t\t<div class=\"e-con-inner\">\n\t\t\t\t<div class=\"elementor-element elementor-element-a005a97 elementor-widget elementor-widget-text-editor\" data-id=\"a005a97\" data-element_type=\"widget\" data-e-type=\"widget\" data-widget_type=\"text-editor.default\">\n\t\t\t\t<div class=\"elementor-widget-container\">\n\t\t\t\t\t\t\t\t\t<p>Charakterystyczn\u0105 cech\u0105 Blueberry Raspberry jest s\u0142odycz zdominowana przez jagody i pikantny malinowy finisz. Konsystencja jest bardziej wyrazista, bez z\u0142o\u017cono\u015bci i mieszanki innych owocowych aromat\u00f3w, odpowiednia dla u\u017cytkownik\u00f3w preferuj\u0105cych proste owocowe smaki.<\/p><p>G\u0142\u00f3wna nuta jagodowa: Smak przywo\u0142uje na my\u015bl s\u0142odycz dojrza\u0142ych jag\u00f3d. Pe\u0142ny, soczysty, owocowy aromat jest wyczuwalny od samego pocz\u0105tku, z kr\u0105g\u0142o\u015bci\u0105 przypominaj\u0105c\u0105 d\u017cem jagodowy lub cukierki.<\/p><p>Malinowa nuta dodatkowa: Maliny dodaj\u0105 lekkiej cierpko\u015bci do og\u00f3lnego smaku, dzi\u0119ki czemu s\u0142odycz nie jest t\u0142usta, a zapach jest s\u0142odki i cierpki.<\/p>\t\t\t\t\t\t\t\t<\/div>\n\t\t\t\t<\/div>\n\t\t\t\t\t<\/div>\n\t\t\t\t<\/div>\n\t\t<div class=\"elementor-element elementor-element-718b380 e-flex e-con-boxed e-con e-parent\" data-id=\"718b380\" data-element_type=\"container\" data-e-type=\"container\">\n\t\t\t\t\t<div class=\"e-con-inner\">\n\t\t\t\t<div class=\"elementor-element elementor-element-d2cc8fa elementor-widget elementor-widget-text-editor\" data-id=\"d2cc8fa\" data-element_type=\"widget\" data-e-type=\"widget\" data-widget_type=\"text-editor.default\">\n\t\t\t\t<div class=\"elementor-widget-container\">\n\t\t\t\t\t\t\t\t\t<h2>Bateria o du\u017cej pojemno\u015bci - akumulator litowy 700 mAh<\/h2><p>Model Fumot Leopard 40000 (RandM Tornado 40K) Blueberry Raspberry oferuje do 40000 zaci\u0105gni\u0119\u0107, znacznie przekraczaj\u0105c \u015bredni\u0105 rynkow\u0105. Oferuje d\u0142ugotrwa\u0142e do\u015bwiadczenie, szczeg\u00f3lnie odpowiednie dla regularnych u\u017cytkownik\u00f3w, eliminuj\u0105c problem cz\u0119stej wymiany urz\u0105dzenia.<\/p><p>Wbudowana bateria o du\u017cej pojemno\u015bci 700 mAh mo\u017ce by\u0107 wielokrotnie \u0142adowana za po\u015brednictwem interfejsu USB Type-C. W por\u00f3wnaniu z tradycyjnymi jednoraz\u00f3wkami, jego \u0142adowalna konstrukcja jest bardziej przyjazna dla \u015brodowiska i ekonomiczna, a \u017cywotno\u015b\u0107 baterii jest d\u0142uga, umo\u017cliwiaj\u0105c nawet intensywnym u\u017cytkownikom korzystanie z niego przez ponad jeden dzie\u0144.<\/p><p>Dzi\u0119ki zastosowaniu nowoczesnego interfejsu USB Type-C, nie tylko oferuje lepsz\u0105 wydajno\u015b\u0107 \u0142adowania, ale tak\u017ce u\u0142atwia pod\u0142\u0105czanie i od\u0142\u0105czanie. Dzi\u0119ki technologii szybkiego \u0142adowania zwykle \u0142aduje si\u0119 w pe\u0142ni w kr\u00f3tkim czasie, skracaj\u0105c czas oczekiwania i umo\u017cliwiaj\u0105c pozostanie w kontakcie w dowolnym miejscu i czasie.<\/p><h2>Technologia podw\u00f3jnej odporno\u015bci siatki<\/h2><p>Model Fumot Leopard 40000 (RandM Tornado 40K) Blueberry Raspberry charakteryzuje si\u0119 zaawansowan\u0105 struktur\u0105 drutu grzewczego o podw\u00f3jnych oczkach, kt\u00f3ra zapewnia bardziej r\u00f3wnomierne i wydajne ogrzewanie, zapewniaj\u0105c bogaty, delikatny dym o g\u0142adkim smaku przy ka\u017cdym zaci\u0105gni\u0119ciu. Podw\u00f3jny rezystor skutecznie wyd\u0142u\u017ca \u017cywotno\u015b\u0107 rezystora, zachowuje stabilno\u015b\u0107 smaku i zapobiega degradacji.<\/p><p>Aby spe\u0142ni\u0107 preferencje ka\u017cdego u\u017cytkownika, Fumot Leopard 40000 oferuje cztery st\u0119\u017cenia nikotyny: 0 %, 2 %, 3 % i 5 %. Niezale\u017cnie od tego, czy jeste\u015b okazjonalnym u\u017cytkownikiem, kt\u00f3ry nie u\u017cywa nikotyny, czy ci\u0119\u017ckim palaczem, kt\u00f3ry potrzebuje wysokiego st\u0119\u017cenia, aby zaspokoi\u0107 swoje potrzeby zwi\u0105zane z odstawieniem nikotyny, znajdziesz idealny produkt.<\/p><h2>Wy\u015bwietlacz LED o wysokiej rozdzielczo\u015bci<\/h2><p>Model Fumot Leopard 40000 (RandM Tornado 40K) Blueberry Raspberry jest wyposa\u017cony w zaawansowany cyfrowy wy\u015bwietlacz LED, kt\u00f3ry pokazuje poziom pozosta\u0142ego e-liquidu i poziom na\u0142adowania baterii w czasie rzeczywistym. Oznacza to, \u017ce u\u017cytkownicy mog\u0105 sprawdzi\u0107 stan urz\u0105dzenia na pierwszy rzut oka, przewidzie\u0107, kiedy nadejdzie czas \u0142adowania lub na\u0142adowania baterii i unikn\u0105\u0107 przerw w dostawie pr\u0105du lub wyczerpania baterii.<\/p><p>Pow\u0142oka o fakturze lamparta, wykonana z materia\u0142u o wysokiej transmisji, \u0142\u0105czy efekt wizualny z elegancj\u0105. Podczas wdechu dynamiczne, modne \u015bwiat\u0142a RGB wiruj\u0105 i migaj\u0105, nadaj\u0105c ka\u017cdemu zaci\u0105gni\u0119ciu si\u0119 klimat klubu nocnego. Jest to modny produkt, kt\u00f3ry idealnie nadaje si\u0119 na imprezy i specjalne okazje.<\/p><p>Por\u0119czna technologia automatycznej inhalacji nie ma przycisk\u00f3w ani ustawie\u0144, dzi\u0119ki czemu jest \u0142atwa do opanowania dla pocz\u0105tkuj\u0105cych. Wystarczy wzi\u0105\u0107 delikatny wdech, a urz\u0105dzenie automatycznie rozpocznie rozpylanie, zapewniaj\u0105c p\u0142ynn\u0105 i przyjemn\u0105 inhalacj\u0119.<\/p><h2>Ergonomiczna konstrukcja<\/h2><p>Ergonomiczna konstrukcja Fumot Leopard 40000 (RandM Tornado 40K) Blueberry Raspberry jest wygodna do trzymania, a jej kompaktowy rozmiar u\u0142atwia przenoszenie. Lekki, \u0142atwy do przenoszenia i zabrania ze sob\u0105.<\/p>\t\t\t\t\t\t\t\t<\/div>\n\t\t\t\t<\/div>\n\t\t\t\t\t<\/div>\n\t\t\t\t<\/div>\n\t\t\t\t<\/div>","protected":false},"excerpt":{"rendered":"<p>La particularit\u00e9 de la Myrtille Framboise r\u00e9side dans sa douceur domin\u00e9e par la myrtille et sa finale acidul\u00e9e \u00e0 la framboise. La texture est plus prononc\u00e9e, sans la complexit\u00e9 et le m\u00e9lange des autres ar\u00f4mes fruit\u00e9s, convenant aux utilisateurs qui pr\u00e9f\u00e8rent les saveurs fruit\u00e9es franches. Note principale de Myrtille : Le go\u00fbt \u00e9voque la douceur [&hellip;]<\/p>\n","protected":false},"featured_media":5085,"comment_status":"open","ping_status":"closed","template":"","meta":{"site-sidebar-layout":"no-sidebar","site-content-layout":"page-builder","ast-site-content-layout":"normal-width-container","site-content-style":"default","site-sidebar-style":"default","ast-global-header-display":"","ast-banner-title-visibility":"","ast-main-header-display":"","ast-hfb-above-header-display":"","ast-hfb-below-header-display":"","ast-hfb-mobile-header-display":"","site-post-title":"disabled","ast-breadcrumbs-content":"","ast-featured-img":"disabled","footer-sml-layout":"","ast-disable-related-posts":"","theme-transparent-header-meta":"default","adv-header-id-meta":"","stick-header-meta":"default","header-above-stick-meta":"","header-main-stick-meta":"","header-below-stick-meta":"","astra-migrate-meta-layouts":"set","ast-page-background-enabled":"default","ast-page-background-meta":{"desktop":{"background-color":"","background-image":"","background-repeat":"repeat","background-position":"center center","background-size":"auto","background-attachment":"scroll","background-type":"","background-media":"","overlay-type":"","overlay-color":"","overlay-opacity":"","overlay-gradient":""},"tablet":{"background-color":"","background-image":"","background-repeat":"repeat","background-position":"center center","background-size":"auto","background-attachment":"scroll","background-type":"","background-media":"","overlay-type":"","overlay-color":"","overlay-opacity":"","overlay-gradient":""},"mobile":{"background-color":"","background-image":"","background-repeat":"repeat","background-position":"center center","background-size":"auto","background-attachment":"scroll","background-type":"","background-media":"","overlay-type":"","overlay-color":"","overlay-opacity":"","overlay-gradient":""}},"ast-content-background-meta":{"desktop":{"background-color":"var(--ast-global-color-5)","background-image":"","background-repeat":"repeat","background-position":"center center","background-size":"auto","background-attachment":"scroll","background-type":"","background-media":"","overlay-type":"","overlay-color":"","overlay-opacity":"","overlay-gradient":""},"tablet":{"background-color":"var(--ast-global-color-5)","background-image":"","background-repeat":"repeat","background-position":"center center","background-size":"auto","background-attachment":"scroll","background-type":"","background-media":"","overlay-type":"","overlay-color":"","overlay-opacity":"","overlay-gradient":""},"mobile":{"background-color":"var(--ast-global-color-5)","background-image":"","background-repeat":"repeat","background-position":"center center","background-size":"auto","background-attachment":"scroll","background-type":"","background-media":"","overlay-type":"","overlay-color":"","overlay-opacity":"","overlay-gradient":""}}},"product_brand":[42],"product_cat":[50,88,77,15],"product_tag":[],"class_list":{"0":"post-5330","1":"product","2":"type-product","3":"status-publish","4":"has-post-thumbnail","6":"product_brand-randm-tornado","7":"product_cat-randm-tornado-40000-avec-ecran-led-hd","8":"product_cat-puff-40k","9":"product_cat-entrepot-de-lue","10":"product_cat-magasin-cigarette-electronique","11":"desktop-align-center","12":"tablet-align-center","13":"mobile-align-center","14":"ast-product-gallery-layout-horizontal","15":"ast-product-gallery-with-no-image","16":"ast-product-single-variable","17":"ast-product-tabs-layout-horizontal","18":"ast-qv-on-image","20":"first","21":"instock","22":"sale","23":"shipping-taxable","24":"purchasable","25":"product-type-variable","26":"has-default-attributes"},"tiered_pricing_type":"fixed","tiered_pricing_fixed_rules":{"30":10.42,"60":9.26,"100":8.05,"200":7.8,"500":7.67,"1000":7.38},"tiered_pricing_product_settings":{"layout":"default","base_unit_name":{"singular":null,"plural":null},"default_variation":null},"tiered_pricing_minimum_quantity":null,"tiered_pricing_roles_data":[],"tiered_pricing_percentage_rules":[],"_links":{"self":[{"href":"https:\/\/puffvapestore.com\/pl\/wp-json\/wp\/v2\/product\/5330","targetHints":{"allow":["GET"]}}],"collection":[{"href":"https:\/\/puffvapestore.com\/pl\/wp-json\/wp\/v2\/product"}],"about":[{"href":"https:\/\/puffvapestore.com\/pl\/wp-json\/wp\/v2\/types\/product"}],"replies":[{"embeddable":true,"href":"https:\/\/puffvapestore.com\/pl\/wp-json\/wp\/v2\/comments?post=5330"}],"version-history":[{"count":7,"href":"https:\/\/puffvapestore.com\/pl\/wp-json\/wp\/v2\/product\/5330\/revisions"}],"predecessor-version":[{"id":10762,"href":"https:\/\/puffvapestore.com\/pl\/wp-json\/wp\/v2\/product\/5330\/revisions\/10762"}],"wp:featuredmedia":[{"embeddable":true,"href":"https:\/\/puffvapestore.com\/pl\/wp-json\/wp\/v2\/media\/5085"}],"wp:attachment":[{"href":"https:\/\/puffvapestore.com\/pl\/wp-json\/wp\/v2\/media?parent=5330"}],"wp:term":[{"taxonomy":"product_brand","embeddable":true,"href":"https:\/\/puffvapestore.com\/pl\/wp-json\/wp\/v2\/product_brand?post=5330"},{"taxonomy":"product_cat","embeddable":true,"href":"https:\/\/puffvapestore.com\/pl\/wp-json\/wp\/v2\/product_cat?post=5330"},{"taxonomy":"product_tag","embeddable":true,"href":"https:\/\/puffvapestore.com\/pl\/wp-json\/wp\/v2\/product_tag?post=5330"}],"curies":[{"name":"wp","href":"https:\/\/api.w.org\/{rel}","templated":true}]}}