{"id":5319,"date":"2025-07-17T20:20:28","date_gmt":"2025-07-17T20:20:28","guid":{"rendered":"https:\/\/puffvapestore.com\/?post_type=product&#038;p=5319"},"modified":"2026-04-21T07:08:12","modified_gmt":"2026-04-21T07:08:12","slug":"strawberry-watermelon-tornado-40000-est-delicate","status":"publish","type":"product","link":"https:\/\/puffvapestore.com\/pl\/product\/truskawkowy-arbuz-tornado-40000-jest-delikatny\/","title":{"rendered":"Fumot Leopard 40000 - Arbuz truskawkowy"},"content":{"rendered":"<div data-elementor-type=\"wp-post\" data-elementor-id=\"5319\" class=\"elementor elementor-5319\">\n\t\t\t\t<div class=\"elementor-element elementor-element-08c26f9 e-flex e-con-boxed e-con e-parent\" data-id=\"08c26f9\" data-element_type=\"container\" data-e-type=\"container\">\n\t\t\t\t\t<div class=\"e-con-inner\">\n\t\t\t\t<div class=\"elementor-element elementor-element-a005a97 elementor-widget elementor-widget-text-editor\" data-id=\"a005a97\" data-element_type=\"widget\" data-e-type=\"widget\" data-widget_type=\"text-editor.default\">\n\t\t\t\t<div class=\"elementor-widget-container\">\n\t\t\t\t\t\t\t\t\t<p>Smak Strawberry Watermelon to s\u0142odkie, \u015bwie\u017ce i zr\u00f3wnowa\u017cone owocowe po\u0142\u0105czenie, doskonale odwzorowuj\u0105ce naturalny smak dojrza\u0142ych truskawek i soczystego arbuza. Ka\u017cde zaci\u0105gni\u0119cie si\u0119 dymem oferuje harmonijn\u0105 owocow\u0105 fuzj\u0119, ani zbyt s\u0142odk\u0105, ani zbyt lekk\u0105, idealn\u0105 dla mi\u0142o\u015bnik\u00f3w owocowych smak\u00f3w w e-papierosach. G\u0142adki smak i delikatna para zapewniaj\u0105 d\u0142ugotrwa\u0142\u0105 przyjemno\u015b\u0107 smakow\u0105, idealn\u0105 do dodania odrobiny \u015bwie\u017co\u015bci w upalne dni.<\/p><p>Truskawkowa charakterystyka smakowa: Zaraz po paleniu wyczuwalny jest aromat dojrza\u0142ych truskawek z naturaln\u0105, \u015bwie\u017co zebran\u0105 s\u0142odycz\u0105. W pierwszej cz\u0119\u015bci inhalacji dominuje truskawka, kt\u00f3ra szybko zachwyca kubki smakowe.<\/p><p>Charakterystyka arbuza: Aromat arbuza dominuje w \u015brodku i pod koniec inhalacji, na\u015bladuj\u0105c smak mro\u017conego arbuza latem, z subtelnym uczuciem \u015bwie\u017co\u015bci i s\u0142odyczy. To jak ugryzienie soczystego kawa\u0142ka arbuza: sok \u00abeksploduje\u00bb w ustach, daj\u0105c lekkie, \u015bwie\u017ce uczucie.<\/p><h2>W\u0142a\u015bciwo\u015bci smakowe po\u0142\u0105czenia truskawki i arbuza:<\/h2><p>Zr\u00f3wnowa\u017cone po\u0142\u0105czenie: truskawka i arbuz \u0142\u0105cz\u0105 si\u0119 bardzo naturalnie, nie dominuj\u0105c nad innymi, tworz\u0105c zr\u00f3wnowa\u017cone i z\u0142o\u017cone owocowe doznania.<\/p><p>S\u0142odki na podniebieniu i orze\u017awiaj\u0105cy na finiszu: S\u0142odycz truskawki dominuje na pocz\u0105tku podniebienia, podczas gdy \u015brodek podniebienia i finisz ust\u0119puj\u0105 miejsca \u015bwie\u017co\u015bci arbuza. Og\u00f3lny smak oscyluje mi\u0119dzy s\u0142odycz\u0105 a \u015bwie\u017co\u015bci\u0105, unikaj\u0105c nagromadzenia cukru.<\/p>\t\t\t\t\t\t\t\t<\/div>\n\t\t\t\t<\/div>\n\t\t\t\t\t<\/div>\n\t\t\t\t<\/div>\n\t\t<div class=\"elementor-element elementor-element-718b380 e-flex e-con-boxed e-con e-parent\" data-id=\"718b380\" data-element_type=\"container\" data-e-type=\"container\">\n\t\t\t\t\t<div class=\"e-con-inner\">\n\t\t\t\t<div class=\"elementor-element elementor-element-d2cc8fa elementor-widget elementor-widget-text-editor\" data-id=\"d2cc8fa\" data-element_type=\"widget\" data-e-type=\"widget\" data-widget_type=\"text-editor.default\">\n\t\t\t\t<div class=\"elementor-widget-container\">\n\t\t\t\t\t\t\t\t\t<h2>Bateria o du\u017cej pojemno\u015bci - akumulator litowy 700 mAh<\/h2><p>Model Fumot Leopard 40000 (RandM Tornado 40K) oferuje do 40000 zaci\u0105gni\u0119\u0107, znacznie przekraczaj\u0105c \u015bredni\u0105 rynkow\u0105. Oferuje d\u0142ugotrwa\u0142e do\u015bwiadczenie, szczeg\u00f3lnie odpowiednie dla regularnych u\u017cytkownik\u00f3w, eliminuj\u0105c problem cz\u0119stej wymiany urz\u0105dzenia.<\/p><p>Wbudowana bateria o du\u017cej pojemno\u015bci 700 mAh mo\u017ce by\u0107 wielokrotnie \u0142adowana za po\u015brednictwem interfejsu USB Type-C. W por\u00f3wnaniu z tradycyjnymi jednoraz\u00f3wkami, jego \u0142adowalna konstrukcja jest bardziej przyjazna dla \u015brodowiska i ekonomiczna, a \u017cywotno\u015b\u0107 baterii jest d\u0142uga, umo\u017cliwiaj\u0105c nawet intensywnym u\u017cytkownikom korzystanie z niego przez ponad jeden dzie\u0144.<\/p><p>Dzi\u0119ki zastosowaniu nowoczesnego interfejsu USB Type-C, nie tylko oferuje lepsz\u0105 wydajno\u015b\u0107 \u0142adowania, ale tak\u017ce u\u0142atwia pod\u0142\u0105czanie i od\u0142\u0105czanie. Dzi\u0119ki technologii szybkiego \u0142adowania zwykle \u0142aduje si\u0119 w pe\u0142ni w kr\u00f3tkim czasie, skracaj\u0105c czas oczekiwania i umo\u017cliwiaj\u0105c pozostanie w kontakcie w dowolnym miejscu i czasie.<\/p><h2>Technologia podw\u00f3jnej odporno\u015bci siatki<\/h2><p>Model Fumot Leopard 40000 (RandM Tornado 40K) charakteryzuje si\u0119 zaawansowan\u0105 struktur\u0105 drutu grzewczego o podw\u00f3jnych oczkach, kt\u00f3ra zapewnia bardziej r\u00f3wnomierne i wydajne ogrzewanie, zapewniaj\u0105c bogaty, delikatny dym o g\u0142adkim smaku przy ka\u017cdym zaci\u0105gni\u0119ciu. Podw\u00f3jny rezystor skutecznie wyd\u0142u\u017ca \u017cywotno\u015b\u0107 rezystora, zachowuje stabilno\u015b\u0107 smaku i zapobiega degradacji.<\/p><p>Aby spe\u0142ni\u0107 preferencje ka\u017cdego u\u017cytkownika, Fumot Leopard 40000 oferuje cztery st\u0119\u017cenia nikotyny: 0 %, 2 %, 3 % i 5 %. Niezale\u017cnie od tego, czy jeste\u015b okazjonalnym u\u017cytkownikiem, kt\u00f3ry nie u\u017cywa nikotyny, czy ci\u0119\u017ckim palaczem, kt\u00f3ry potrzebuje wysokiego st\u0119\u017cenia, aby zaspokoi\u0107 swoje potrzeby zwi\u0105zane z odstawieniem nikotyny, znajdziesz idealny produkt.<\/p><h2>Wy\u015bwietlacz LED o wysokiej rozdzielczo\u015bci<\/h2><p>Model Fumot Leopard 40000 (RandM Tornado 40K) jest wyposa\u017cony w zaawansowany cyfrowy wy\u015bwietlacz LED, kt\u00f3ry pokazuje poziom pozosta\u0142ego e-liquidu i poziom na\u0142adowania baterii w czasie rzeczywistym. Oznacza to, \u017ce u\u017cytkownicy mog\u0105 sprawdzi\u0107 stan urz\u0105dzenia na pierwszy rzut oka, przewidzie\u0107, kiedy nadejdzie czas \u0142adowania lub na\u0142adowania baterii i unikn\u0105\u0107 przerw w dostawie pr\u0105du lub wyczerpania baterii.<\/p><p>Pow\u0142oka o fakturze lamparta, wykonana z materia\u0142u o wysokiej transmisji, \u0142\u0105czy efekt wizualny z elegancj\u0105. Podczas wdechu dynamiczne, modne \u015bwiat\u0142a RGB wiruj\u0105 i migaj\u0105, nadaj\u0105c ka\u017cdemu zaci\u0105gni\u0119ciu si\u0119 klimat klubu nocnego. Jest to modny produkt, kt\u00f3ry idealnie nadaje si\u0119 na imprezy i specjalne okazje.<\/p><p>Por\u0119czna technologia automatycznej inhalacji nie ma przycisk\u00f3w ani ustawie\u0144, dzi\u0119ki czemu jest \u0142atwa do opanowania dla pocz\u0105tkuj\u0105cych. Wystarczy wzi\u0105\u0107 delikatny wdech, a urz\u0105dzenie automatycznie rozpocznie rozpylanie, zapewniaj\u0105c p\u0142ynn\u0105 i przyjemn\u0105 inhalacj\u0119.<\/p><h2>Ergonomiczna konstrukcja<\/h2><p>Ergonomiczna konstrukcja Fumot Leopard 40000 (RandM Tornado 40K) jest wygodna do trzymania, a jej kompaktowy rozmiar u\u0142atwia przenoszenie. Lekki, \u0142atwy do przenoszenia i zabrania ze sob\u0105.<\/p>\t\t\t\t\t\t\t\t<\/div>\n\t\t\t\t<\/div>\n\t\t\t\t\t<\/div>\n\t\t\t\t<\/div>\n\t\t\t\t<\/div>","protected":false},"excerpt":{"rendered":"<p>L&rsquo;ar\u00f4me Fraise Past\u00e8que se caract\u00e9rise par une combinaison fruit\u00e9e douce, fra\u00eeche et \u00e9quilibr\u00e9e, reproduisant parfaitement les saveurs naturelles de fraises m\u00fbres et de past\u00e8ques juteuses. Chaque bouff\u00e9e de fum\u00e9e offre une fusion fruit\u00e9e harmonieuse, ni trop sucr\u00e9e ni trop l\u00e9g\u00e8re, id\u00e9ale pour les e-cigarettes amateurs de saveurs fruit\u00e9es. Son go\u00fbt onctueux et sa vapeur d\u00e9licate [&hellip;]<\/p>\n","protected":false},"featured_media":5095,"comment_status":"open","ping_status":"closed","template":"","meta":{"site-sidebar-layout":"no-sidebar","site-content-layout":"page-builder","ast-site-content-layout":"normal-width-container","site-content-style":"default","site-sidebar-style":"default","ast-global-header-display":"","ast-banner-title-visibility":"","ast-main-header-display":"","ast-hfb-above-header-display":"","ast-hfb-below-header-display":"","ast-hfb-mobile-header-display":"","site-post-title":"disabled","ast-breadcrumbs-content":"","ast-featured-img":"disabled","footer-sml-layout":"","ast-disable-related-posts":"","theme-transparent-header-meta":"default","adv-header-id-meta":"","stick-header-meta":"default","header-above-stick-meta":"","header-main-stick-meta":"","header-below-stick-meta":"","astra-migrate-meta-layouts":"set","ast-page-background-enabled":"default","ast-page-background-meta":{"desktop":{"background-color":"","background-image":"","background-repeat":"repeat","background-position":"center center","background-size":"auto","background-attachment":"scroll","background-type":"","background-media":"","overlay-type":"","overlay-color":"","overlay-opacity":"","overlay-gradient":""},"tablet":{"background-color":"","background-image":"","background-repeat":"repeat","background-position":"center center","background-size":"auto","background-attachment":"scroll","background-type":"","background-media":"","overlay-type":"","overlay-color":"","overlay-opacity":"","overlay-gradient":""},"mobile":{"background-color":"","background-image":"","background-repeat":"repeat","background-position":"center center","background-size":"auto","background-attachment":"scroll","background-type":"","background-media":"","overlay-type":"","overlay-color":"","overlay-opacity":"","overlay-gradient":""}},"ast-content-background-meta":{"desktop":{"background-color":"var(--ast-global-color-5)","background-image":"","background-repeat":"repeat","background-position":"center center","background-size":"auto","background-attachment":"scroll","background-type":"","background-media":"","overlay-type":"","overlay-color":"","overlay-opacity":"","overlay-gradient":""},"tablet":{"background-color":"var(--ast-global-color-5)","background-image":"","background-repeat":"repeat","background-position":"center center","background-size":"auto","background-attachment":"scroll","background-type":"","background-media":"","overlay-type":"","overlay-color":"","overlay-opacity":"","overlay-gradient":""},"mobile":{"background-color":"var(--ast-global-color-5)","background-image":"","background-repeat":"repeat","background-position":"center center","background-size":"auto","background-attachment":"scroll","background-type":"","background-media":"","overlay-type":"","overlay-color":"","overlay-opacity":"","overlay-gradient":""}}},"product_brand":[42],"product_cat":[50,88,77,15],"product_tag":[],"class_list":{"0":"post-5319","1":"product","2":"type-product","3":"status-publish","4":"has-post-thumbnail","6":"product_brand-randm-tornado","7":"product_cat-randm-tornado-40000-avec-ecran-led-hd","8":"product_cat-puff-40k","9":"product_cat-entrepot-de-lue","10":"product_cat-magasin-cigarette-electronique","11":"desktop-align-center","12":"tablet-align-center","13":"mobile-align-center","14":"ast-product-gallery-layout-horizontal","15":"ast-product-gallery-with-no-image","16":"ast-product-single-variable","17":"ast-product-tabs-layout-horizontal","18":"ast-qv-on-image","20":"first","21":"instock","22":"sale","23":"shipping-taxable","24":"purchasable","25":"product-type-variable","26":"has-default-attributes"},"tiered_pricing_type":"fixed","tiered_pricing_fixed_rules":{"30":10.42,"60":9.26,"100":8.05,"200":7.8,"500":7.67,"1000":7.38},"tiered_pricing_product_settings":{"layout":"default","base_unit_name":{"singular":null,"plural":null},"default_variation":null},"tiered_pricing_minimum_quantity":null,"tiered_pricing_roles_data":[],"tiered_pricing_percentage_rules":[],"_links":{"self":[{"href":"https:\/\/puffvapestore.com\/pl\/wp-json\/wp\/v2\/product\/5319","targetHints":{"allow":["GET"]}}],"collection":[{"href":"https:\/\/puffvapestore.com\/pl\/wp-json\/wp\/v2\/product"}],"about":[{"href":"https:\/\/puffvapestore.com\/pl\/wp-json\/wp\/v2\/types\/product"}],"replies":[{"embeddable":true,"href":"https:\/\/puffvapestore.com\/pl\/wp-json\/wp\/v2\/comments?post=5319"}],"version-history":[{"count":8,"href":"https:\/\/puffvapestore.com\/pl\/wp-json\/wp\/v2\/product\/5319\/revisions"}],"predecessor-version":[{"id":10764,"href":"https:\/\/puffvapestore.com\/pl\/wp-json\/wp\/v2\/product\/5319\/revisions\/10764"}],"wp:featuredmedia":[{"embeddable":true,"href":"https:\/\/puffvapestore.com\/pl\/wp-json\/wp\/v2\/media\/5095"}],"wp:attachment":[{"href":"https:\/\/puffvapestore.com\/pl\/wp-json\/wp\/v2\/media?parent=5319"}],"wp:term":[{"taxonomy":"product_brand","embeddable":true,"href":"https:\/\/puffvapestore.com\/pl\/wp-json\/wp\/v2\/product_brand?post=5319"},{"taxonomy":"product_cat","embeddable":true,"href":"https:\/\/puffvapestore.com\/pl\/wp-json\/wp\/v2\/product_cat?post=5319"},{"taxonomy":"product_tag","embeddable":true,"href":"https:\/\/puffvapestore.com\/pl\/wp-json\/wp\/v2\/product_tag?post=5319"}],"curies":[{"name":"wp","href":"https:\/\/api.w.org\/{rel}","templated":true}]}}