{"id":5304,"date":"2025-07-17T15:00:31","date_gmt":"2025-07-17T15:00:31","guid":{"rendered":"https:\/\/puffvapestore.com\/?post_type=product&#038;p=5304"},"modified":"2026-04-21T07:09:38","modified_gmt":"2026-04-21T07:09:38","slug":"watermelon-ice-fumot-randm-tornado-40000","status":"publish","type":"product","link":"https:\/\/puffvapestore.com\/pl\/product\/lod-arbuzowy-fumot-randm-tornado-40000\/","title":{"rendered":"Fumot Leopard 40000 - Arbuzowy l\u00f3d"},"content":{"rendered":"<div data-elementor-type=\"wp-post\" data-elementor-id=\"5304\" class=\"elementor elementor-5304\">\n\t\t\t\t<div class=\"elementor-element elementor-element-08c26f9 e-flex e-con-boxed e-con e-parent\" data-id=\"08c26f9\" data-element_type=\"container\" data-e-type=\"container\">\n\t\t\t\t\t<div class=\"e-con-inner\">\n\t\t\t\t<div class=\"elementor-element elementor-element-a005a97 elementor-widget elementor-widget-text-editor\" data-id=\"a005a97\" data-element_type=\"widget\" data-e-type=\"widget\" data-widget_type=\"text-editor.default\">\n\t\t\t\t<div class=\"elementor-widget-container\">\n\t\t\t\t\t\t\t\t\t<p>Fumot Leopard 40000 (Fumot RandM Tornado 40000) Watermelon Ice jest przede wszystkim inspirowany s\u0142odkim aromatem dojrza\u0142ego arbuza, z podw\u00f3jn\u0105 aromatyczn\u0105 struktur\u0105 \u015bwie\u017cej mi\u0119ty. Podczas wdechu dym oferuje pe\u0142ny, soczysty smak, orze\u017awiaj\u0105cy przy wydechu i \u015bwie\u017cy posmak przypominaj\u0105cy letnie drinki: s\u0142odki i \u015bwie\u017cy, okr\u0105g\u0142y i orze\u017awiaj\u0105cy, idealny dla mi\u0142o\u015bnik\u00f3w owocowych, \u015bwie\u017cych smak\u00f3w.<\/p><p><strong>G\u0142\u00f3wny smak: S\u0142odki arbuz<\/strong><br \/>Oczywista s\u0142odycz mi\u0105\u017cszu arbuza, jak \u015bwie\u017co pokrojonego dojrza\u0142ego arbuza, jest s\u0142odkim sokiem o naturalnym owocowym aromacie, zbli\u017conym do s\u0142odyczy prawdziwego dojrza\u0142ego arbuza.<\/p><p><strong>Od\u015bwie\u017caj\u0105ce korzy\u015bci : Od\u015bwie\u017caj\u0105ca mi\u0119ta<\/strong><br \/>Natychmiast po inhalacji poczujesz \u015bwie\u017co\u015b\u0107 mi\u0119ty lub borneolu, podobnie jak w przypadku kostek lodu. To ch\u0142odz\u0105ce uczucie podkre\u015bla \u015bwie\u017co\u015b\u0107 i lekko neutralizuje s\u0142odycz arbuza, czyni\u0105c go bardziej orze\u017awiaj\u0105cym w ustach.<\/p><h2>Struktura smaku i rozwarstwienie<\/h2><p>Delikatna inhalacja: dzi\u0119ki technologii atomizacji o podw\u00f3jnych oczkach p\u0142yn odparowuje r\u00f3wnomiernie, poprawiaj\u0105c czysto\u015b\u0107 i intensywno\u015b\u0107 smaku.<\/p><p>R\u00f3wnowaga mi\u0119dzy s\u0142odycz\u0105 a \u015bwie\u017co\u015bci\u0105: s\u0142odycz i \u015bwie\u017co\u015b\u0107 \u0142\u0105cz\u0105 si\u0119 naturalnie, z \u0142agodnym smakiem arbuza i uczuciem \u015bwie\u017co\u015bci zapewnianym przez l\u00f3d; smak pozostaje niezmienny przez ca\u0142y czas inhalacji.<\/p>\t\t\t\t\t\t\t\t<\/div>\n\t\t\t\t<\/div>\n\t\t\t\t\t<\/div>\n\t\t\t\t<\/div>\n\t\t<div class=\"elementor-element elementor-element-718b380 e-flex e-con-boxed e-con e-parent\" data-id=\"718b380\" data-element_type=\"container\" data-e-type=\"container\">\n\t\t\t\t\t<div class=\"e-con-inner\">\n\t\t\t\t<div class=\"elementor-element elementor-element-d2cc8fa elementor-widget elementor-widget-text-editor\" data-id=\"d2cc8fa\" data-element_type=\"widget\" data-e-type=\"widget\" data-widget_type=\"text-editor.default\">\n\t\t\t\t<div class=\"elementor-widget-container\">\n\t\t\t\t\t\t\t\t\t<h2>Cechy Fumot Leopard 40000 Watermelon Ice:<\/h2><p>Zaci\u0105gni\u0119cia i bateria: Wyposa\u017cony w akumulator o pojemno\u015bci 700 mAh, kt\u00f3ry \u0142aduje si\u0119 przez USB-C, zapewniaj\u0105c do 40 000 zaci\u0105gni\u0119\u0107.<\/p><p>Podw\u00f3jny system oporu siatki: Wyposa\u017cony w podw\u00f3jny system oporu siatki, kt\u00f3ry stale si\u0119 nagrzewa i wytwarza bogat\u0105, kremow\u0105 par\u0119 przez ca\u0142y okres u\u017cytkowania.<\/p><p>Wy\u015bwietlacz LED i cyfrowy: Wyposa\u017cony w zestaw \u015bwiate\u0142 RGB i podw\u00f3jny wy\u015bwietlacz cyfrowy: jedna strona pokazuje poziom pozosta\u0142ego e-cieczy, druga poziom na\u0142adowania baterii.<\/p><p>Poziomy nikotyny i smaki: Dost\u0119pne w wersjach z poziomem nikotyny 0 %, 2 %, 3 % lub 5 %.<\/p><p>Konstrukcja: przezroczysta pow\u0142oka z przyci\u0105gaj\u0105cym wzrok nadrukiem lamparta, kolorowe \u015bwiat\u0142a wewn\u0119trzne, kt\u00f3re obracaj\u0105 si\u0119 przy ka\u017cdym zaci\u0105gni\u0119ciu.<\/p><h2>Zalety Fumot Leopard 40000 Watermelon Ice:<\/h2><p>Mo\u017cliwo\u015b\u0107 wielokrotnego \u0142adowania, dzi\u0119ki czemu nie trzeba jej przedwcze\u015bnie wyrzuca\u0107.<\/p><p>Elegancka grafika LED + przejrzysty, atrakcyjny wygl\u0105d.<\/p><p>\u0141atwe monitorowanie pozosta\u0142ego e-cieczy i poziomu na\u0142adowania baterii.<\/p>\t\t\t\t\t\t\t\t<\/div>\n\t\t\t\t<\/div>\n\t\t\t\t\t<\/div>\n\t\t\t\t<\/div>\n\t\t\t\t<\/div>","protected":false},"excerpt":{"rendered":"<p>Fumot Leopard 40000 (Fumot RandM Tornado 40000) Past\u00e8que Glac\u00e9e est principalement inspir\u00e9 de l&rsquo;ar\u00f4me sucr\u00e9 de la past\u00e8que m\u00fbre, avec une double structure aromatique de menthe fra\u00eeche. \u00c0 l&rsquo;inhalation, la fum\u00e9e offre un go\u00fbt ample et juteux, rafra\u00eechissant \u00e0 l&rsquo;expiration, et un arri\u00e8re-go\u00fbt frais, \u00e9voquant les boissons estivales\u00a0: sucr\u00e9 et frais, rond et rafra\u00eechissant, id\u00e9al [&hellip;]<\/p>\n","protected":false},"featured_media":5097,"comment_status":"open","ping_status":"closed","template":"","meta":{"site-sidebar-layout":"no-sidebar","site-content-layout":"page-builder","ast-site-content-layout":"normal-width-container","site-content-style":"default","site-sidebar-style":"default","ast-global-header-display":"","ast-banner-title-visibility":"","ast-main-header-display":"","ast-hfb-above-header-display":"","ast-hfb-below-header-display":"","ast-hfb-mobile-header-display":"","site-post-title":"disabled","ast-breadcrumbs-content":"","ast-featured-img":"disabled","footer-sml-layout":"","ast-disable-related-posts":"","theme-transparent-header-meta":"default","adv-header-id-meta":"","stick-header-meta":"default","header-above-stick-meta":"","header-main-stick-meta":"","header-below-stick-meta":"","astra-migrate-meta-layouts":"set","ast-page-background-enabled":"default","ast-page-background-meta":{"desktop":{"background-color":"","background-image":"","background-repeat":"repeat","background-position":"center center","background-size":"auto","background-attachment":"scroll","background-type":"","background-media":"","overlay-type":"","overlay-color":"","overlay-opacity":"","overlay-gradient":""},"tablet":{"background-color":"","background-image":"","background-repeat":"repeat","background-position":"center center","background-size":"auto","background-attachment":"scroll","background-type":"","background-media":"","overlay-type":"","overlay-color":"","overlay-opacity":"","overlay-gradient":""},"mobile":{"background-color":"","background-image":"","background-repeat":"repeat","background-position":"center center","background-size":"auto","background-attachment":"scroll","background-type":"","background-media":"","overlay-type":"","overlay-color":"","overlay-opacity":"","overlay-gradient":""}},"ast-content-background-meta":{"desktop":{"background-color":"var(--ast-global-color-5)","background-image":"","background-repeat":"repeat","background-position":"center center","background-size":"auto","background-attachment":"scroll","background-type":"","background-media":"","overlay-type":"","overlay-color":"","overlay-opacity":"","overlay-gradient":""},"tablet":{"background-color":"var(--ast-global-color-5)","background-image":"","background-repeat":"repeat","background-position":"center center","background-size":"auto","background-attachment":"scroll","background-type":"","background-media":"","overlay-type":"","overlay-color":"","overlay-opacity":"","overlay-gradient":""},"mobile":{"background-color":"var(--ast-global-color-5)","background-image":"","background-repeat":"repeat","background-position":"center center","background-size":"auto","background-attachment":"scroll","background-type":"","background-media":"","overlay-type":"","overlay-color":"","overlay-opacity":"","overlay-gradient":""}}},"product_brand":[42],"product_cat":[50,88,77,15],"product_tag":[],"class_list":{"0":"post-5304","1":"product","2":"type-product","3":"status-publish","4":"has-post-thumbnail","6":"product_brand-randm-tornado","7":"product_cat-randm-tornado-40000-avec-ecran-led-hd","8":"product_cat-puff-40k","9":"product_cat-entrepot-de-lue","10":"product_cat-magasin-cigarette-electronique","11":"desktop-align-center","12":"tablet-align-center","13":"mobile-align-center","14":"ast-product-gallery-layout-horizontal","15":"ast-product-gallery-with-no-image","16":"ast-product-single-variable","17":"ast-product-tabs-layout-horizontal","18":"ast-qv-on-image","20":"first","21":"instock","22":"sale","23":"shipping-taxable","24":"purchasable","25":"product-type-variable","26":"has-default-attributes"},"tiered_pricing_type":"fixed","tiered_pricing_fixed_rules":{"30":10.42,"60":9.26,"100":8.05,"200":7.8,"500":7.67,"1000":7.38},"tiered_pricing_product_settings":{"layout":"default","base_unit_name":{"singular":null,"plural":null},"default_variation":null},"tiered_pricing_minimum_quantity":null,"tiered_pricing_roles_data":[],"tiered_pricing_percentage_rules":[],"_links":{"self":[{"href":"https:\/\/puffvapestore.com\/pl\/wp-json\/wp\/v2\/product\/5304","targetHints":{"allow":["GET"]}}],"collection":[{"href":"https:\/\/puffvapestore.com\/pl\/wp-json\/wp\/v2\/product"}],"about":[{"href":"https:\/\/puffvapestore.com\/pl\/wp-json\/wp\/v2\/types\/product"}],"replies":[{"embeddable":true,"href":"https:\/\/puffvapestore.com\/pl\/wp-json\/wp\/v2\/comments?post=5304"}],"version-history":[{"count":7,"href":"https:\/\/puffvapestore.com\/pl\/wp-json\/wp\/v2\/product\/5304\/revisions"}],"predecessor-version":[{"id":10753,"href":"https:\/\/puffvapestore.com\/pl\/wp-json\/wp\/v2\/product\/5304\/revisions\/10753"}],"wp:featuredmedia":[{"embeddable":true,"href":"https:\/\/puffvapestore.com\/pl\/wp-json\/wp\/v2\/media\/5097"}],"wp:attachment":[{"href":"https:\/\/puffvapestore.com\/pl\/wp-json\/wp\/v2\/media?parent=5304"}],"wp:term":[{"taxonomy":"product_brand","embeddable":true,"href":"https:\/\/puffvapestore.com\/pl\/wp-json\/wp\/v2\/product_brand?post=5304"},{"taxonomy":"product_cat","embeddable":true,"href":"https:\/\/puffvapestore.com\/pl\/wp-json\/wp\/v2\/product_cat?post=5304"},{"taxonomy":"product_tag","embeddable":true,"href":"https:\/\/puffvapestore.com\/pl\/wp-json\/wp\/v2\/product_tag?post=5304"}],"curies":[{"name":"wp","href":"https:\/\/api.w.org\/{rel}","templated":true}]}}