{"id":5282,"date":"2025-07-17T08:46:37","date_gmt":"2025-07-17T08:46:37","guid":{"rendered":"https:\/\/puffvapestore.com\/?post_type=product&#038;p=5282"},"modified":"2026-04-21T07:09:22","modified_gmt":"2026-04-21T07:09:22","slug":"blueberry-on-ice-fumot-leopard-40000-est-un-arome-de-myrtille-authentique","status":"publish","type":"product","link":"https:\/\/puffvapestore.com\/pl\/product\/blueberry-on-ice-fumot-leopard-40000-to-autentyczny-smak-jagodowy\/","title":{"rendered":"Blueberry on Ice - Fumot Leopard 40000"},"content":{"rendered":"<div data-elementor-type=\"wp-post\" data-elementor-id=\"5282\" class=\"elementor elementor-5282\">\n\t\t\t\t<div class=\"elementor-element elementor-element-08c26f9 e-flex e-con-boxed e-con e-parent\" data-id=\"08c26f9\" data-element_type=\"container\" data-e-type=\"container\">\n\t\t\t\t\t<div class=\"e-con-inner\">\n\t\t\t\t<div class=\"elementor-element elementor-element-a005a97 elementor-widget elementor-widget-text-editor\" data-id=\"a005a97\" data-element_type=\"widget\" data-e-type=\"widget\" data-widget_type=\"text-editor.default\">\n\t\t\t\t<div class=\"elementor-widget-container\">\n\t\t\t\t\t\t\t\t\t<p>Fumot Leopard 40000 Blueberry on Ice to aromat do papieros\u00f3w elektronicznych oparty na autentycznej bor\u00f3wce, oferuj\u0105cy uczucie \u015bwie\u017co\u015bci i ch\u0142odu, kt\u00f3re jest bardzo cenione i powszechnie akceptowane. Jego cechy charakterystyczne to: bogaty owocowy aromat, umiarkowana s\u0142odycz, uczucie lodowatej \u015bwie\u017co\u015bci i wyra\u017ane niuanse. Jest to klasyczny smak, odpowiedni do d\u0142ugotrwa\u0142ego spo\u017cycia i oferuj\u0105cy przyjemny smak.<\/p><p>Aromat jagodowy: Naturalny smak bor\u00f3wki jest bogaty, z cierpkim, s\u0142odkim smakiem prawdziwych owoc\u00f3w i przypomina soczysty smak dojrza\u0142ych bor\u00f3wek, a nie sztuczny smak cukierk\u00f3w.<\/p><p>\u015awie\u017co\u015b\u0107 (z lodem): \u015awie\u017co\u015b\u0107 jest umiarkowana do silnej, nie jest po prostu mi\u0119towa, ale bardziej przypomina uczucie ch\u0142odu w ustach po spo\u017cyciu smoothie. \u015awie\u017co\u015b\u0107 rozci\u0105ga si\u0119 od czubka j\u0119zyka do gard\u0142a, od\u015bwie\u017caj\u0105c i ch\u0142odz\u0105c, pomagaj\u0105c zneutralizowa\u0107 s\u0142odycz jag\u00f3d i zapewniaj\u0105c g\u0142adkie doznania w\u0119chowe.<\/p><h2>R\u00f3wnowaga i po\u0142\u0105czenie smak\u00f3w w Blueberry on Ice<\/h2><p>Nuty g\u0142owy: Dym wydziela \u017cywy, \u015bwie\u017cy zapach jag\u00f3d, lekko cierpki i s\u0142odko-gorzki.<\/p><p>Nuta serca: S\u0142odycz jest zaakcentowana, owocowe doznania s\u0105 pe\u0142niejsze, z lekk\u0105 konfitur\u0105 i kremowym dymem.<\/p><p>Nuta bazy: Uczucie lodu stopniowo narasta, a \u015bwie\u017co\u015b\u0107 rozprasza si\u0119 podczas wydechu, pozostawiaj\u0105c lekki zapach jag\u00f3d i lekko ch\u0142odny posmak w gardle.<\/p><p>Og\u00f3lne wra\u017cenia: owocowe i lodowe doznania naturalnie \u0142\u0105cz\u0105 si\u0119 ze sob\u0105, bez wra\u017cenia rozdzielenia tych dw\u00f3ch smak\u00f3w.<\/p>\t\t\t\t\t\t\t\t<\/div>\n\t\t\t\t<\/div>\n\t\t\t\t\t<\/div>\n\t\t\t\t<\/div>\n\t\t<div class=\"elementor-element elementor-element-718b380 e-flex e-con-boxed e-con e-parent\" data-id=\"718b380\" data-element_type=\"container\" data-e-type=\"container\">\n\t\t\t\t\t<div class=\"e-con-inner\">\n\t\t\t\t<div class=\"elementor-element elementor-element-d2cc8fa elementor-widget elementor-widget-text-editor\" data-id=\"d2cc8fa\" data-element_type=\"widget\" data-e-type=\"widget\" data-widget_type=\"text-editor.default\">\n\t\t\t\t<div class=\"elementor-widget-container\">\n\t\t\t\t\t\t\t\t\t<h2>Cechy Fumot Leopard 40000 Blueberry on Ice:<\/h2><p>Zaci\u0105gni\u0119cia i bateria: Wyposa\u017cony w akumulator o pojemno\u015bci 700 mAh, kt\u00f3ry \u0142aduje si\u0119 przez USB-C, zapewniaj\u0105c do 40 000 zaci\u0105gni\u0119\u0107.<\/p><p>Podw\u00f3jny system oporu siatki: Wyposa\u017cony w podw\u00f3jny system oporu siatki, kt\u00f3ry stale si\u0119 nagrzewa i wytwarza bogat\u0105, kremow\u0105 par\u0119 przez ca\u0142y okres u\u017cytkowania.<\/p><p>Wy\u015bwietlacz LED i cyfrowy: Wyposa\u017cony w zestaw \u015bwiate\u0142 RGB i podw\u00f3jny wy\u015bwietlacz cyfrowy: jedna strona pokazuje poziom pozosta\u0142ego e-cieczy, druga poziom na\u0142adowania baterii.<\/p><p>Poziomy nikotyny i smaki: Dost\u0119pne w wersjach z poziomem nikotyny 0 %, 2 %, 3 % lub 5 %.<\/p><p>Konstrukcja: przezroczysta pow\u0142oka z przyci\u0105gaj\u0105cym wzrok nadrukiem lamparta, kolorowe \u015bwiat\u0142a wewn\u0119trzne, kt\u00f3re obracaj\u0105 si\u0119 przy ka\u017cdym zaci\u0105gni\u0119ciu.<\/p><h2>Korzy\u015bci z Fumot Leopard 40000 Blueberry on Ice:<\/h2><p>Mo\u017cliwo\u015b\u0107 wielokrotnego \u0142adowania, dzi\u0119ki czemu nie trzeba jej przedwcze\u015bnie wyrzuca\u0107.<\/p><p>Elegancka grafika LED + przejrzysty, atrakcyjny wygl\u0105d.<\/p><p>\u0141atwe monitorowanie pozosta\u0142ego e-cieczy i poziomu na\u0142adowania baterii.<\/p>\t\t\t\t\t\t\t\t<\/div>\n\t\t\t\t<\/div>\n\t\t\t\t\t<\/div>\n\t\t\t\t<\/div>\n\t\t\t\t<\/div>","protected":false},"excerpt":{"rendered":"<p>Fumot Leopard 40000 Blueberry on Ice est un ar\u00f4me de cigarette \u00e9lectronique \u00e0 base de myrtille authentique, offrant une sensation de fra\u00eecheur et de fra\u00eecheur, tr\u00e8s appr\u00e9ci\u00e9 et largement accept\u00e9. Ses caract\u00e9ristiques sont\u00a0: un ar\u00f4me fruit\u00e9 riche, une douceur mod\u00e9r\u00e9e, une sensation de fra\u00eecheur glac\u00e9e et des nuances distinctes. C&rsquo;est un ar\u00f4me classique adapt\u00e9 \u00e0 [&hellip;]<\/p>\n","protected":false},"featured_media":5084,"comment_status":"open","ping_status":"closed","template":"","meta":{"site-sidebar-layout":"no-sidebar","site-content-layout":"page-builder","ast-site-content-layout":"normal-width-container","site-content-style":"default","site-sidebar-style":"default","ast-global-header-display":"","ast-banner-title-visibility":"","ast-main-header-display":"","ast-hfb-above-header-display":"","ast-hfb-below-header-display":"","ast-hfb-mobile-header-display":"","site-post-title":"disabled","ast-breadcrumbs-content":"","ast-featured-img":"disabled","footer-sml-layout":"","ast-disable-related-posts":"","theme-transparent-header-meta":"default","adv-header-id-meta":"","stick-header-meta":"default","header-above-stick-meta":"","header-main-stick-meta":"","header-below-stick-meta":"","astra-migrate-meta-layouts":"set","ast-page-background-enabled":"default","ast-page-background-meta":{"desktop":{"background-color":"","background-image":"","background-repeat":"repeat","background-position":"center center","background-size":"auto","background-attachment":"scroll","background-type":"","background-media":"","overlay-type":"","overlay-color":"","overlay-opacity":"","overlay-gradient":""},"tablet":{"background-color":"","background-image":"","background-repeat":"repeat","background-position":"center center","background-size":"auto","background-attachment":"scroll","background-type":"","background-media":"","overlay-type":"","overlay-color":"","overlay-opacity":"","overlay-gradient":""},"mobile":{"background-color":"","background-image":"","background-repeat":"repeat","background-position":"center center","background-size":"auto","background-attachment":"scroll","background-type":"","background-media":"","overlay-type":"","overlay-color":"","overlay-opacity":"","overlay-gradient":""}},"ast-content-background-meta":{"desktop":{"background-color":"var(--ast-global-color-5)","background-image":"","background-repeat":"repeat","background-position":"center center","background-size":"auto","background-attachment":"scroll","background-type":"","background-media":"","overlay-type":"","overlay-color":"","overlay-opacity":"","overlay-gradient":""},"tablet":{"background-color":"var(--ast-global-color-5)","background-image":"","background-repeat":"repeat","background-position":"center center","background-size":"auto","background-attachment":"scroll","background-type":"","background-media":"","overlay-type":"","overlay-color":"","overlay-opacity":"","overlay-gradient":""},"mobile":{"background-color":"var(--ast-global-color-5)","background-image":"","background-repeat":"repeat","background-position":"center center","background-size":"auto","background-attachment":"scroll","background-type":"","background-media":"","overlay-type":"","overlay-color":"","overlay-opacity":"","overlay-gradient":""}}},"product_brand":[42],"product_cat":[50,88,77,15],"product_tag":[],"class_list":{"0":"post-5282","1":"product","2":"type-product","3":"status-publish","4":"has-post-thumbnail","6":"product_brand-randm-tornado","7":"product_cat-randm-tornado-40000-avec-ecran-led-hd","8":"product_cat-puff-40k","9":"product_cat-entrepot-de-lue","10":"product_cat-magasin-cigarette-electronique","11":"desktop-align-center","12":"tablet-align-center","13":"mobile-align-center","14":"ast-product-gallery-layout-horizontal","15":"ast-product-gallery-with-no-image","16":"ast-product-single-variable","17":"ast-product-tabs-layout-horizontal","18":"ast-qv-on-image","20":"first","21":"instock","22":"sale","23":"shipping-taxable","24":"purchasable","25":"product-type-variable","26":"has-default-attributes"},"tiered_pricing_type":"fixed","tiered_pricing_fixed_rules":{"30":10.42,"60":9.26,"100":8.05,"200":7.8,"500":7.67,"1000":7.38},"tiered_pricing_product_settings":{"layout":"default","base_unit_name":{"singular":null,"plural":null},"default_variation":null},"tiered_pricing_minimum_quantity":null,"tiered_pricing_roles_data":[],"tiered_pricing_percentage_rules":[],"_links":{"self":[{"href":"https:\/\/puffvapestore.com\/pl\/wp-json\/wp\/v2\/product\/5282","targetHints":{"allow":["GET"]}}],"collection":[{"href":"https:\/\/puffvapestore.com\/pl\/wp-json\/wp\/v2\/product"}],"about":[{"href":"https:\/\/puffvapestore.com\/pl\/wp-json\/wp\/v2\/types\/product"}],"replies":[{"embeddable":true,"href":"https:\/\/puffvapestore.com\/pl\/wp-json\/wp\/v2\/comments?post=5282"}],"version-history":[{"count":7,"href":"https:\/\/puffvapestore.com\/pl\/wp-json\/wp\/v2\/product\/5282\/revisions"}],"predecessor-version":[{"id":10755,"href":"https:\/\/puffvapestore.com\/pl\/wp-json\/wp\/v2\/product\/5282\/revisions\/10755"}],"wp:featuredmedia":[{"embeddable":true,"href":"https:\/\/puffvapestore.com\/pl\/wp-json\/wp\/v2\/media\/5084"}],"wp:attachment":[{"href":"https:\/\/puffvapestore.com\/pl\/wp-json\/wp\/v2\/media?parent=5282"}],"wp:term":[{"taxonomy":"product_brand","embeddable":true,"href":"https:\/\/puffvapestore.com\/pl\/wp-json\/wp\/v2\/product_brand?post=5282"},{"taxonomy":"product_cat","embeddable":true,"href":"https:\/\/puffvapestore.com\/pl\/wp-json\/wp\/v2\/product_cat?post=5282"},{"taxonomy":"product_tag","embeddable":true,"href":"https:\/\/puffvapestore.com\/pl\/wp-json\/wp\/v2\/product_tag?post=5282"}],"curies":[{"name":"wp","href":"https:\/\/api.w.org\/{rel}","templated":true}]}}