{"id":5271,"date":"2025-07-17T06:37:40","date_gmt":"2025-07-17T06:37:40","guid":{"rendered":"https:\/\/puffvapestore.com\/?post_type=product&#038;p=5271"},"modified":"2026-04-21T07:09:14","modified_gmt":"2026-04-21T07:09:14","slug":"watermelon-bubblegum-fumot-leopard-40000-offre-la-fraicheur","status":"publish","type":"product","link":"https:\/\/puffvapestore.com\/pl\/product\/arbuz-bubblegum-fumot-leopard-40000-oferuje-swiezosc\/","title":{"rendered":"Watermelon Bubblegum - Fumot Leopard 40000"},"content":{"rendered":"<div data-elementor-type=\"wp-post\" data-elementor-id=\"5271\" class=\"elementor elementor-5271\">\n\t\t\t\t<div class=\"elementor-element elementor-element-08c26f9 e-flex e-con-boxed e-con e-parent\" data-id=\"08c26f9\" data-element_type=\"container\" data-e-type=\"container\">\n\t\t\t\t\t<div class=\"e-con-inner\">\n\t\t\t\t<div class=\"elementor-element elementor-element-a005a97 elementor-widget elementor-widget-text-editor\" data-id=\"a005a97\" data-element_type=\"widget\" data-e-type=\"widget\" data-widget_type=\"text-editor.default\">\n\t\t\t\t<div class=\"elementor-widget-container\">\n\t\t\t\t\t\t\t\t\t<p>Smak Watermelon Bubblegum \u0142\u0105czy w sobie \u015bwie\u017co\u015b\u0107 soczystego arbuza ze s\u0142odkim aromatem gumy balonowej. Gdy tylko we\u017amiesz wdech, dym ujawni naturaln\u0105 \u015bwie\u017co\u015b\u0107 letniego sadu, a nast\u0119pnie s\u0142odki zapach r\u00f3\u017cowej gumy balonowej, symbolu dzieci\u0144stwa. Z ka\u017cdym wdechem poczujesz si\u0119 jak w ogrodzie na \u015bwie\u017cym powietrzu na po\u0142udniu Francji. S\u0142o\u0144ce \u015bwieci, a w relaksuj\u0105ce popo\u0142udnie elektroniczny papieros Fumot Leopard 40000 o smaku Watermelon Bubblegum trzymany w d\u0142oni pozwala wydycha\u0107 k\u0142\u0119by pary. Atmosfera wydaje si\u0119 by\u0107 zabarwiona delikatn\u0105 bryz\u0105, szczeg\u00f3lnie naturaln\u0105 i eleganck\u0105 w tym otoczeniu.<\/p><h2>S\u0142odki i soczysty arbuz<\/h2><p>G\u0142\u00f3wny smak: arbuz jest sercem tego smaku, ujawniaj\u0105c \u015bwie\u017ce, s\u0142odkie i soczyste cechy dojrza\u0142ego arbuza.<\/p><p>Szczeg\u00f3\u0142y: Watermelon ma \u015bwie\u017cy owocowy aromat z lekko papkowat\u0105 konsystencj\u0105, jakby\u015b popija\u0142 sok z arbuza. Ta s\u0142odycz jest natychmiast wyczuwalna podczas inhalacji, oferuj\u0105c letni\u0105 \u015bwie\u017co\u015b\u0107 kubkom smakowym.<\/p><h2>S\u0142odycz i nostalgia Bubblegum<\/h2><p>Smak drugorz\u0119dny: guma balonowa dodaje temu smakowi s\u0142odkiego, lekko kremowego akcentu, przywo\u0142uj\u0105c nostalgiczne wspomnienia gum do \u017cucia z dzieci\u0144stwa. Nieco s\u0142odszy od arbuza, ma \u0142agodny cukierkowy aromat, podobny do klasycznej gumy do \u017cucia Bubblicious lub Hubba Bubba.<\/p><p>Szczeg\u00f3\u0142y: Smak gumy do \u017cucia jest bardziej wyra\u017any podczas wydechu, oferuj\u0105c mi\u0119kkie, s\u0142odkie wyko\u0144czenie.<\/p>\t\t\t\t\t\t\t\t<\/div>\n\t\t\t\t<\/div>\n\t\t\t\t\t<\/div>\n\t\t\t\t<\/div>\n\t\t<div class=\"elementor-element elementor-element-718b380 e-flex e-con-boxed e-con e-parent\" data-id=\"718b380\" data-element_type=\"container\" data-e-type=\"container\">\n\t\t\t\t\t<div class=\"e-con-inner\">\n\t\t\t\t<div class=\"elementor-element elementor-element-d2cc8fa elementor-widget elementor-widget-text-editor\" data-id=\"d2cc8fa\" data-element_type=\"widget\" data-e-type=\"widget\" data-widget_type=\"text-editor.default\">\n\t\t\t\t<div class=\"elementor-widget-container\">\n\t\t\t\t\t\t\t\t\t<h2>Cechy Fumot Leopard 40000 Watermelon Bubblegum:<\/h2><p>Zaci\u0105gni\u0119cia i bateria: Wyposa\u017cony w akumulator o pojemno\u015bci 700 mAh, kt\u00f3ry \u0142aduje si\u0119 przez USB-C, zapewniaj\u0105c do 40 000 zaci\u0105gni\u0119\u0107.<\/p><p>Podw\u00f3jny system oporu siatki: Wyposa\u017cony w podw\u00f3jny system oporu siatki, kt\u00f3ry stale si\u0119 nagrzewa i wytwarza bogat\u0105, kremow\u0105 par\u0119 przez ca\u0142y okres u\u017cytkowania.<\/p><p>Wy\u015bwietlacz LED i cyfrowy: Wyposa\u017cony w zestaw \u015bwiate\u0142 RGB i podw\u00f3jny wy\u015bwietlacz cyfrowy: jedna strona pokazuje poziom pozosta\u0142ego e-cieczy, druga poziom na\u0142adowania baterii.<\/p><p>Poziomy nikotyny i smaki: Dost\u0119pne w wersjach z poziomem nikotyny 0 %, 2 %, 3 % lub 5 %.<\/p><p>Konstrukcja: przezroczysta pow\u0142oka z przyci\u0105gaj\u0105cym wzrok nadrukiem lamparta, kolorowe \u015bwiat\u0142a wewn\u0119trzne, kt\u00f3re obracaj\u0105 si\u0119 przy ka\u017cdym zaci\u0105gni\u0119ciu.<\/p><h2>Korzy\u015bci z Fumot Leopard 40000 Watermelon Bubblegum:<\/h2><p>Mo\u017cliwo\u015b\u0107 wielokrotnego \u0142adowania, dzi\u0119ki czemu nie trzeba jej przedwcze\u015bnie wyrzuca\u0107.<\/p><p>Elegancka grafika LED + przejrzysty, atrakcyjny wygl\u0105d.<\/p><p>\u0141atwe monitorowanie pozosta\u0142ego e-cieczy i poziomu na\u0142adowania baterii.<\/p>\t\t\t\t\t\t\t\t<\/div>\n\t\t\t\t<\/div>\n\t\t\t\t\t<\/div>\n\t\t\t\t<\/div>\n\t\t\t\t<\/div>","protected":false},"excerpt":{"rendered":"<p>Ce go\u00fbt Past\u00e8que Bubblegum allie avec raffinement la fra\u00eecheur d&rsquo;une past\u00e8que juteuse \u00e0 l&rsquo;ar\u00f4me sucr\u00e9 du bubblegum. D\u00e8s l&rsquo;inhalation, la fum\u00e9e r\u00e9v\u00e8le la fra\u00eecheur naturelle d&rsquo;un verger estival, suivie du doux parfum d&rsquo;un bubblegum rose, symbole de l&rsquo;enfance. \u00c0 chaque inhalation, vous vous sentirez comme dans un jardin en plein air du sud de la [&hellip;]<\/p>\n","protected":false},"featured_media":5096,"comment_status":"open","ping_status":"closed","template":"","meta":{"site-sidebar-layout":"no-sidebar","site-content-layout":"page-builder","ast-site-content-layout":"normal-width-container","site-content-style":"default","site-sidebar-style":"default","ast-global-header-display":"","ast-banner-title-visibility":"","ast-main-header-display":"","ast-hfb-above-header-display":"","ast-hfb-below-header-display":"","ast-hfb-mobile-header-display":"","site-post-title":"disabled","ast-breadcrumbs-content":"","ast-featured-img":"disabled","footer-sml-layout":"","ast-disable-related-posts":"","theme-transparent-header-meta":"default","adv-header-id-meta":"","stick-header-meta":"default","header-above-stick-meta":"","header-main-stick-meta":"","header-below-stick-meta":"","astra-migrate-meta-layouts":"set","ast-page-background-enabled":"default","ast-page-background-meta":{"desktop":{"background-color":"","background-image":"","background-repeat":"repeat","background-position":"center center","background-size":"auto","background-attachment":"scroll","background-type":"","background-media":"","overlay-type":"","overlay-color":"","overlay-opacity":"","overlay-gradient":""},"tablet":{"background-color":"","background-image":"","background-repeat":"repeat","background-position":"center center","background-size":"auto","background-attachment":"scroll","background-type":"","background-media":"","overlay-type":"","overlay-color":"","overlay-opacity":"","overlay-gradient":""},"mobile":{"background-color":"","background-image":"","background-repeat":"repeat","background-position":"center center","background-size":"auto","background-attachment":"scroll","background-type":"","background-media":"","overlay-type":"","overlay-color":"","overlay-opacity":"","overlay-gradient":""}},"ast-content-background-meta":{"desktop":{"background-color":"var(--ast-global-color-5)","background-image":"","background-repeat":"repeat","background-position":"center center","background-size":"auto","background-attachment":"scroll","background-type":"","background-media":"","overlay-type":"","overlay-color":"","overlay-opacity":"","overlay-gradient":""},"tablet":{"background-color":"var(--ast-global-color-5)","background-image":"","background-repeat":"repeat","background-position":"center center","background-size":"auto","background-attachment":"scroll","background-type":"","background-media":"","overlay-type":"","overlay-color":"","overlay-opacity":"","overlay-gradient":""},"mobile":{"background-color":"var(--ast-global-color-5)","background-image":"","background-repeat":"repeat","background-position":"center center","background-size":"auto","background-attachment":"scroll","background-type":"","background-media":"","overlay-type":"","overlay-color":"","overlay-opacity":"","overlay-gradient":""}}},"product_brand":[42],"product_cat":[50,88,77,15],"product_tag":[],"class_list":{"0":"post-5271","1":"product","2":"type-product","3":"status-publish","4":"has-post-thumbnail","6":"product_brand-randm-tornado","7":"product_cat-randm-tornado-40000-avec-ecran-led-hd","8":"product_cat-puff-40k","9":"product_cat-entrepot-de-lue","10":"product_cat-magasin-cigarette-electronique","11":"desktop-align-center","12":"tablet-align-center","13":"mobile-align-center","14":"ast-product-gallery-layout-horizontal","15":"ast-product-gallery-with-no-image","16":"ast-product-single-variable","17":"ast-product-tabs-layout-horizontal","18":"ast-qv-on-image","20":"first","21":"instock","22":"sale","23":"shipping-taxable","24":"purchasable","25":"product-type-variable","26":"has-default-attributes"},"tiered_pricing_type":"fixed","tiered_pricing_fixed_rules":{"30":10.42,"60":9.26,"100":8.05,"200":7.8,"500":7.67,"1000":7.38},"tiered_pricing_product_settings":{"layout":"default","base_unit_name":{"singular":null,"plural":null},"default_variation":null},"tiered_pricing_minimum_quantity":null,"tiered_pricing_roles_data":[],"tiered_pricing_percentage_rules":[],"_links":{"self":[{"href":"https:\/\/puffvapestore.com\/pl\/wp-json\/wp\/v2\/product\/5271","targetHints":{"allow":["GET"]}}],"collection":[{"href":"https:\/\/puffvapestore.com\/pl\/wp-json\/wp\/v2\/product"}],"about":[{"href":"https:\/\/puffvapestore.com\/pl\/wp-json\/wp\/v2\/types\/product"}],"replies":[{"embeddable":true,"href":"https:\/\/puffvapestore.com\/pl\/wp-json\/wp\/v2\/comments?post=5271"}],"version-history":[{"count":7,"href":"https:\/\/puffvapestore.com\/pl\/wp-json\/wp\/v2\/product\/5271\/revisions"}],"predecessor-version":[{"id":10756,"href":"https:\/\/puffvapestore.com\/pl\/wp-json\/wp\/v2\/product\/5271\/revisions\/10756"}],"wp:featuredmedia":[{"embeddable":true,"href":"https:\/\/puffvapestore.com\/pl\/wp-json\/wp\/v2\/media\/5096"}],"wp:attachment":[{"href":"https:\/\/puffvapestore.com\/pl\/wp-json\/wp\/v2\/media?parent=5271"}],"wp:term":[{"taxonomy":"product_brand","embeddable":true,"href":"https:\/\/puffvapestore.com\/pl\/wp-json\/wp\/v2\/product_brand?post=5271"},{"taxonomy":"product_cat","embeddable":true,"href":"https:\/\/puffvapestore.com\/pl\/wp-json\/wp\/v2\/product_cat?post=5271"},{"taxonomy":"product_tag","embeddable":true,"href":"https:\/\/puffvapestore.com\/pl\/wp-json\/wp\/v2\/product_tag?post=5271"}],"curies":[{"name":"wp","href":"https:\/\/api.w.org\/{rel}","templated":true}]}}