{"id":5260,"date":"2025-07-17T03:28:54","date_gmt":"2025-07-17T03:28:54","guid":{"rendered":"https:\/\/puffvapestore.com\/?post_type=product&#038;p=5260"},"modified":"2026-04-21T07:09:07","modified_gmt":"2026-04-21T07:09:07","slug":"peachy-mango-pineapple-fumot-40000-offre-une-saveur-juteuse-et-juteuse","status":"publish","type":"product","link":"https:\/\/puffvapestore.com\/pl\/product\/brzoskwinia-mango-ananas-fumot-40000-oferuje-soczysty-smak\/","title":{"rendered":"Peachy Mango Pineapple - Fumot Leopard 40000"},"content":{"rendered":"<div data-elementor-type=\"wp-post\" data-elementor-id=\"5260\" class=\"elementor elementor-5260\">\n\t\t\t\t<div class=\"elementor-element elementor-element-08c26f9 e-flex e-con-boxed e-con e-parent\" data-id=\"08c26f9\" data-element_type=\"container\" data-e-type=\"container\">\n\t\t\t\t\t<div class=\"e-con-inner\">\n\t\t\t\t<div class=\"elementor-element elementor-element-a005a97 elementor-widget elementor-widget-text-editor\" data-id=\"a005a97\" data-element_type=\"widget\" data-e-type=\"widget\" data-widget_type=\"text-editor.default\">\n\t\t\t\t<div class=\"elementor-widget-container\">\n\t\t\t\t\t\t\t\t\t<p>Smak Peach Mango Pineapple to s\u0142odkie po\u0142\u0105czenie tropikalnych owoc\u00f3w o soczystym smaku. To orze\u017awiaj\u0105cy, lekko s\u0142odki smak. Owocowy aromat jest intensywny, gdy tylko dostanie si\u0119 do ust, z d\u0142ugim posmakiem podczas wydechu. Odpowiedni dla mi\u0142o\u015bnik\u00f3w owocowych smak\u00f3w i \u015bwie\u017cych, s\u0142odkich aromat\u00f3w.<\/p><p><strong>W\u0119dkarstwo<\/strong> Aromat dojrza\u0142ych \u017c\u00f3\u0142tych brzoskwi\u0144 dodaje ca\u0142o\u015bci odrobin\u0119 s\u0142odyczy. Smak jest naturalny, lekko pe\u0142ny, zbli\u017cony do s\u0142odyczy miodu brzoskwiniowego z puszki, bez t\u0142usto\u015bci. \u015awie\u017cy i lekko kremowy, podkre\u015bla kr\u0105g\u0142o\u015b\u0107 smaku.<\/p><p><strong>Mango\u00a0<\/strong>Jego bogaty, lekko \u017cywiczny aromat tropikalnego mango, z nieco wyra\u017anym smakiem dojrza\u0142ego mango, wzmacnia intensywno\u015b\u0107 aromatu i sprawia, \u017ce og\u00f3lny smak jest bogatszy i bardziej tr\u00f3jwymiarowy.<\/p><p><strong>Ananas\u00a0<\/strong>Orze\u017awiaj\u0105cym sk\u0142adnikiem tego smaku jest jego charakterystyczny s\u0142odko-kwa\u015bny smak. Jest on zbli\u017cony do \u015bwie\u017cego ananasa, z umiarkowan\u0105 owocow\u0105 kwasowo\u015bci\u0105, kt\u00f3ra pobudza czubek j\u0119zyka i lekkim uczuciem enzymu ananasowego w ustach.<\/p>\t\t\t\t\t\t\t\t<\/div>\n\t\t\t\t<\/div>\n\t\t\t\t\t<\/div>\n\t\t\t\t<\/div>\n\t\t<div class=\"elementor-element elementor-element-718b380 e-flex e-con-boxed e-con e-parent\" data-id=\"718b380\" data-element_type=\"container\" data-e-type=\"container\">\n\t\t\t\t\t<div class=\"e-con-inner\">\n\t\t\t\t<div class=\"elementor-element elementor-element-d2cc8fa elementor-widget elementor-widget-text-editor\" data-id=\"d2cc8fa\" data-element_type=\"widget\" data-e-type=\"widget\" data-widget_type=\"text-editor.default\">\n\t\t\t\t<div class=\"elementor-widget-container\">\n\t\t\t\t\t\t\t\t\t<h2>Cechy Fumot Leopard 40000 :<\/h2><p>Zaci\u0105gni\u0119cia i bateria: Wyposa\u017cony w akumulator o pojemno\u015bci 700 mAh, kt\u00f3ry \u0142aduje si\u0119 przez USB-C, zapewniaj\u0105c do 40 000 zaci\u0105gni\u0119\u0107.<\/p><p>Podw\u00f3jny system oporu siatki: Wyposa\u017cony w podw\u00f3jny system oporu siatki, kt\u00f3ry stale si\u0119 nagrzewa i wytwarza bogat\u0105, kremow\u0105 par\u0119 przez ca\u0142y okres u\u017cytkowania.<\/p><p>Wy\u015bwietlacz LED i cyfrowy: Wyposa\u017cony w zestaw \u015bwiate\u0142 RGB i podw\u00f3jny wy\u015bwietlacz cyfrowy: jedna strona pokazuje poziom pozosta\u0142ego e-cieczy, druga poziom na\u0142adowania baterii.<\/p><p>Poziomy nikotyny i smaki: Dost\u0119pne w wersjach z poziomem nikotyny 0 %, 2 %, 3 % lub 5 %.<\/p><p>Konstrukcja: przezroczysta pow\u0142oka z przyci\u0105gaj\u0105cym wzrok nadrukiem lamparta, kolorowe \u015bwiat\u0142a wewn\u0119trzne, kt\u00f3re obracaj\u0105 si\u0119 przy ka\u017cdym zaci\u0105gni\u0119ciu.<\/p><h2>Zalety Fumot Leopard 40000 :<\/h2><p>Mo\u017cliwo\u015b\u0107 wielokrotnego \u0142adowania, dzi\u0119ki czemu nie trzeba jej przedwcze\u015bnie wyrzuca\u0107.<\/p><p>Elegancka grafika LED + przejrzysty, atrakcyjny wygl\u0105d.<\/p><p>\u0141atwe monitorowanie pozosta\u0142ego e-cieczy i poziomu na\u0142adowania baterii.<\/p>\t\t\t\t\t\t\t\t<\/div>\n\t\t\t\t<\/div>\n\t\t\t\t\t<\/div>\n\t\t\t\t<\/div>\n\t\t\t\t<\/div>","protected":false},"excerpt":{"rendered":"<p>La saveur P\u00eache Mangue Ananas est une douce combinaison de fruits tropicaux, avec une saveur juteuse et juteuse. C&rsquo;est une saveur rafra\u00eechissante et l\u00e9g\u00e8rement sucr\u00e9e. L&rsquo;ar\u00f4me fruit\u00e9 est intense d\u00e8s l&rsquo;entr\u00e9e en bouche, avec un arri\u00e8re-go\u00fbt long \u00e0 l&rsquo;expiration. Elles conviennent aux amateurs de saveurs fruit\u00e9es et de saveurs fra\u00eeches et sucr\u00e9es. P\u00eache : L&rsquo;ar\u00f4me [&hellip;]<\/p>\n","protected":false},"featured_media":5091,"comment_status":"open","ping_status":"closed","template":"","meta":{"site-sidebar-layout":"no-sidebar","site-content-layout":"page-builder","ast-site-content-layout":"normal-width-container","site-content-style":"default","site-sidebar-style":"default","ast-global-header-display":"","ast-banner-title-visibility":"","ast-main-header-display":"","ast-hfb-above-header-display":"","ast-hfb-below-header-display":"","ast-hfb-mobile-header-display":"","site-post-title":"disabled","ast-breadcrumbs-content":"","ast-featured-img":"disabled","footer-sml-layout":"","ast-disable-related-posts":"","theme-transparent-header-meta":"default","adv-header-id-meta":"","stick-header-meta":"default","header-above-stick-meta":"","header-main-stick-meta":"","header-below-stick-meta":"","astra-migrate-meta-layouts":"set","ast-page-background-enabled":"default","ast-page-background-meta":{"desktop":{"background-color":"","background-image":"","background-repeat":"repeat","background-position":"center center","background-size":"auto","background-attachment":"scroll","background-type":"","background-media":"","overlay-type":"","overlay-color":"","overlay-opacity":"","overlay-gradient":""},"tablet":{"background-color":"","background-image":"","background-repeat":"repeat","background-position":"center center","background-size":"auto","background-attachment":"scroll","background-type":"","background-media":"","overlay-type":"","overlay-color":"","overlay-opacity":"","overlay-gradient":""},"mobile":{"background-color":"","background-image":"","background-repeat":"repeat","background-position":"center center","background-size":"auto","background-attachment":"scroll","background-type":"","background-media":"","overlay-type":"","overlay-color":"","overlay-opacity":"","overlay-gradient":""}},"ast-content-background-meta":{"desktop":{"background-color":"var(--ast-global-color-5)","background-image":"","background-repeat":"repeat","background-position":"center center","background-size":"auto","background-attachment":"scroll","background-type":"","background-media":"","overlay-type":"","overlay-color":"","overlay-opacity":"","overlay-gradient":""},"tablet":{"background-color":"var(--ast-global-color-5)","background-image":"","background-repeat":"repeat","background-position":"center center","background-size":"auto","background-attachment":"scroll","background-type":"","background-media":"","overlay-type":"","overlay-color":"","overlay-opacity":"","overlay-gradient":""},"mobile":{"background-color":"var(--ast-global-color-5)","background-image":"","background-repeat":"repeat","background-position":"center center","background-size":"auto","background-attachment":"scroll","background-type":"","background-media":"","overlay-type":"","overlay-color":"","overlay-opacity":"","overlay-gradient":""}}},"product_brand":[42],"product_cat":[50,88,77,15],"product_tag":[],"class_list":{"0":"post-5260","1":"product","2":"type-product","3":"status-publish","4":"has-post-thumbnail","6":"product_brand-randm-tornado","7":"product_cat-randm-tornado-40000-avec-ecran-led-hd","8":"product_cat-puff-40k","9":"product_cat-entrepot-de-lue","10":"product_cat-magasin-cigarette-electronique","11":"desktop-align-center","12":"tablet-align-center","13":"mobile-align-center","14":"ast-product-gallery-layout-horizontal","15":"ast-product-gallery-with-no-image","16":"ast-product-single-variable","17":"ast-product-tabs-layout-horizontal","18":"ast-qv-on-image","20":"first","21":"instock","22":"sale","23":"shipping-taxable","24":"purchasable","25":"product-type-variable","26":"has-default-attributes"},"tiered_pricing_type":"fixed","tiered_pricing_fixed_rules":{"30":10.42,"60":9.26,"100":8.05,"200":7.8,"500":7.67,"1000":7.38},"tiered_pricing_product_settings":{"layout":"default","base_unit_name":{"singular":null,"plural":null},"default_variation":null},"tiered_pricing_minimum_quantity":null,"tiered_pricing_roles_data":[],"tiered_pricing_percentage_rules":[],"_links":{"self":[{"href":"https:\/\/puffvapestore.com\/pl\/wp-json\/wp\/v2\/product\/5260","targetHints":{"allow":["GET"]}}],"collection":[{"href":"https:\/\/puffvapestore.com\/pl\/wp-json\/wp\/v2\/product"}],"about":[{"href":"https:\/\/puffvapestore.com\/pl\/wp-json\/wp\/v2\/types\/product"}],"replies":[{"embeddable":true,"href":"https:\/\/puffvapestore.com\/pl\/wp-json\/wp\/v2\/comments?post=5260"}],"version-history":[{"count":7,"href":"https:\/\/puffvapestore.com\/pl\/wp-json\/wp\/v2\/product\/5260\/revisions"}],"predecessor-version":[{"id":10757,"href":"https:\/\/puffvapestore.com\/pl\/wp-json\/wp\/v2\/product\/5260\/revisions\/10757"}],"wp:featuredmedia":[{"embeddable":true,"href":"https:\/\/puffvapestore.com\/pl\/wp-json\/wp\/v2\/media\/5091"}],"wp:attachment":[{"href":"https:\/\/puffvapestore.com\/pl\/wp-json\/wp\/v2\/media?parent=5260"}],"wp:term":[{"taxonomy":"product_brand","embeddable":true,"href":"https:\/\/puffvapestore.com\/pl\/wp-json\/wp\/v2\/product_brand?post=5260"},{"taxonomy":"product_cat","embeddable":true,"href":"https:\/\/puffvapestore.com\/pl\/wp-json\/wp\/v2\/product_cat?post=5260"},{"taxonomy":"product_tag","embeddable":true,"href":"https:\/\/puffvapestore.com\/pl\/wp-json\/wp\/v2\/product_tag?post=5260"}],"curies":[{"name":"wp","href":"https:\/\/api.w.org\/{rel}","templated":true}]}}