{"id":5219,"date":"2025-07-16T08:50:52","date_gmt":"2025-07-16T08:50:52","guid":{"rendered":"https:\/\/puffvapestore.com\/?post_type=product&#038;p=5219"},"modified":"2026-04-21T07:09:55","modified_gmt":"2026-04-21T07:09:55","slug":"randm-40000-pink-lemonade-fruitee-et-rafraichissante","status":"publish","type":"product","link":"https:\/\/puffvapestore.com\/pl\/product\/randm-40000-rozowa-lemoniada-owocowa-i-orzezwiajaca\/","title":{"rendered":"RandM Tornado 40000 - R\u00f3\u017cowa Lemoniada"},"content":{"rendered":"<div data-elementor-type=\"wp-post\" data-elementor-id=\"5219\" class=\"elementor elementor-5219\">\n\t\t\t\t<div class=\"elementor-element elementor-element-08c26f9 e-flex e-con-boxed e-con e-parent\" data-id=\"08c26f9\" data-element_type=\"container\" data-e-type=\"container\">\n\t\t\t\t\t<div class=\"e-con-inner\">\n\t\t\t\t<div class=\"elementor-element elementor-element-a005a97 elementor-widget elementor-widget-text-editor\" data-id=\"a005a97\" data-element_type=\"widget\" data-e-type=\"widget\" data-widget_type=\"text-editor.default\">\n\t\t\t\t<div class=\"elementor-widget-container\">\n\t\t\t\t\t\t\t\t\t<p>Pink Lemonade to elektroniczny papieros o \u015bwie\u017cym, \u017cywym cytrynowym smaku, \u0142\u0105cz\u0105cy cierpkie cytrusy i s\u0142odkie aromaty jagodowe, zapewniaj\u0105c doznania podobne do klasycznej r\u00f3\u017cowej lemoniady. Jego g\u0142\u00f3wnym smakiem jest s\u0142odko-gorzka r\u00f3wnowaga, bogaty i orze\u017awiaj\u0105cy owocowy smak, idealny dla vaper\u00f3w, kt\u00f3rzy lubi\u0105 owocowe, orze\u017awiaj\u0105ce doznania.<\/p><h2>Nuty cytrusowe :<\/h2><p>Gdy dym dostaje si\u0119 do ust, pierwszym odczuciem jest pikantny, \u017cywy smak cytryny i grejpfruta, kt\u00f3ry dodaje orze\u017awiaj\u0105cego akcentu cytrus\u00f3w. Ta kwaskowato\u015b\u0107 nie jest nadmiernie stymuluj\u0105ca, ale delikatna i subtelna, podobna do \u015bwie\u017co wyci\u015bni\u0119tej cytryny, z lekkim uczuciem sk\u00f3rki, kt\u00f3ra dodaje odrobiny autentyczno\u015bci.<\/p><p>Dodatek grejpfruta wnosi subteln\u0105 owocow\u0105 z\u0142o\u017cono\u015b\u0107 do smaku, uzupe\u0142niaj\u0105c wyra\u017an\u0105 kwasowo\u015b\u0107 cytryny i nadaj\u0105c ca\u0142o\u015bci bardziej tr\u00f3jwymiarow\u0105 tekstur\u0119.<\/p><h2>Fabryka cukru jagodowego:<\/h2><p>Po cytrusowej kwasowo\u015bci stopniowo pojawia si\u0119 s\u0142odki aromat jag\u00f3d, przypominaj\u0105cy malin\u0119, truskawk\u0119 lub mieszank\u0119 jag\u00f3d. Ta s\u0142odycz, delikatna i nie przyt\u0142aczaj\u0105ca, doskonale neutralizuje kwasowo\u015b\u0107 owoc\u00f3w cytrusowych i nadaje winu s\u0142odki smak przypominaj\u0105cy r\u00f3\u017cow\u0105 lemoniad\u0119.<\/p><p>Aromat jag\u00f3d dodaje lekkiej kwiatowo-owocowej nuty do ca\u0142o\u015bci, z ciep\u0142\u0105 s\u0142odycz\u0105 dojrza\u0142ych owoc\u00f3w, przypominaj\u0105c\u0105 smoothie lub letni sok owocowy.<\/p>\t\t\t\t\t\t\t\t<\/div>\n\t\t\t\t<\/div>\n\t\t\t\t\t<\/div>\n\t\t\t\t<\/div>\n\t\t<div class=\"elementor-element elementor-element-718b380 e-flex e-con-boxed e-con e-parent\" data-id=\"718b380\" data-element_type=\"container\" data-e-type=\"container\">\n\t\t\t\t\t<div class=\"e-con-inner\">\n\t\t\t\t<div class=\"elementor-element elementor-element-d2cc8fa elementor-widget elementor-widget-text-editor\" data-id=\"d2cc8fa\" data-element_type=\"widget\" data-e-type=\"widget\" data-widget_type=\"text-editor.default\">\n\t\t\t\t<div class=\"elementor-widget-container\">\n\t\t\t\t\t\t\t\t\t<h2>Wysokowydajny akumulator<\/h2><p>Fumot Leopard (RandM Tornado) 40000 Pink Lemonade jest wyposa\u017cony w zintegrowan\u0105 bateri\u0119 litow\u0105 o pojemno\u015bci 700 mAh, kompatybiln\u0105 z szybkim \u0142adowaniem USB-C i \u0142aduje si\u0119 w pe\u0142ni w oko\u0142o 30 do 45 minut.<\/p><p>Chocia\u017c jest to jednorazowy papieros elektroniczny, bateri\u0119 mo\u017cna \u0142adowa\u0107 kilka razy, aby zapewni\u0107 optymalne wykorzystanie ka\u017cdej kropli e-cieczy.<\/p><h2>Liczba zaci\u0105gni\u0119\u0107: do 40 000 zaci\u0105gni\u0119\u0107<\/h2><p>Model Fumot Leopard (RandM Tornado) 40000 Pink Lemonade oferuje wyj\u0105tkow\u0105 pojemno\u015b\u0107 40 000 zaci\u0105gni\u0119\u0107, czyli znacznie wi\u0119cej ni\u017c tradycyjne jednoraz\u00f3wki (zazwyczaj od 1 000 do 3 000 zaci\u0105gni\u0119\u0107).<\/p><p>Teoretyczny czas u\u017cytkowania mo\u017ce wynosi\u0107 kilka tygodni lub nawet kilka miesi\u0119cy (obliczony przy 500 zaci\u0105gni\u0119ciach dziennie, tj. oko\u0142o 80 dni u\u017cytkowania).<\/p><p>Szczeg\u00f3lnie nadaje si\u0119 dla u\u017cytkownik\u00f3w, kt\u00f3rzy nie chc\u0105 cz\u0119sto zmienia\u0107 telefon\u00f3w.<\/p><h2>Podw\u00f3jna odporno\u015b\u0107 siatki<\/h2><p>W modelu Fumot Leopard (RandM Tornado) 40000 Pink Lemonade zastosowano zaawansowan\u0105 struktur\u0119 grzewcz\u0105 o podw\u00f3jnych oczkach, zapewniaj\u0105c\u0105 szybkie nagrzewanie i r\u00f3wnomiern\u0105 atomizacj\u0119.<\/p><p>Zapewnia intensywny smak i wysok\u0105 g\u0119sto\u015b\u0107 pary przez ca\u0142y cykl u\u017cytkowania, bez zauwa\u017calnego t\u0142umienia.<\/p><p>Zwi\u0119ksz doznania z palenia, szczeg\u00f3lnie dla u\u017cytkownik\u00f3w poszukuj\u0105cych mocnego uderzenia w gard\u0142o lub g\u0142adkiego smaku.<\/p><h2>Inteligentny cyfrowy wy\u015bwietlacz LED<\/h2><p>Fumot Leopard 40000 posiada wbudowany ekran LED o wysokiej rozdzielczo\u015bci, kt\u00f3ry wy\u015bwietla :<\/p><p>Procent na\u0142adowania akumulatora<\/p><p>Pozosta\u0142y e-liquid<\/p><p>Informuj u\u017cytkownik\u00f3w o stanie urz\u0105dzenia na pierwszy rzut oka, unikaj\u0105c nag\u0142ych awarii baterii lub problem\u00f3w z \u00absuchym paleniem bez e-liquidu\u00bb.<\/p><h2>Kolorowe o\u015bwietlenie nastrojowe RGB<\/h2><p>Wyposa\u017cony w modne efekty \u015bwietlne RGB, obraca si\u0119 i zmienia kolor podczas palenia, dodaj\u0105c odrobin\u0119 technologii i przyjemno\u015bci wizualnej.<\/p><p>Szczeg\u00f3lnie atrakcyjny i rozpoznawalny w nocy lub wieczorem.<\/p><h2>Dost\u0119pnych jest kilka st\u0119\u017ce\u0144 nikotyny<\/h2><p>Dost\u0119pnych jest kilka st\u0119\u017ce\u0144 nikotyny:<\/p><p>0 % (bez nikotyny, czysty smak)<\/p><p>2 %, 3 %, 5 % (spe\u0142niaj\u0105 r\u00f3\u017cne potrzeby os\u00f3b pal\u0105cych od lekkich do ci\u0119\u017ckich)<\/p><h2>Dla kogo przeznaczony jest model Fumot Leopard 40000 (RandM Tornado 40K) Pink Lemonade?<\/h2><p>Ci\u0119\u017ccy palacze szukaj\u0105cy trwa\u0142ych jednoraz\u00f3wek<\/p><p>Fani wyrafinowanych i atrakcyjnych papieros\u00f3w elektronicznych<\/p><p>Osoby poszukuj\u0105ce \u0142atwego w utrzymaniu urz\u0105dzenia zasilanego akumulatorem<\/p><h2>Co jest takiego wyj\u0105tkowego w Fumot Leopard 40000 (RandM Tornado 40K) Pink Lemonade?<\/h2><p>\u017bywotno\u015b\u0107: 40 000 zaci\u0105gni\u0119\u0107, co odpowiada oko\u0142o 9-12 tygodniom, tj. oko\u0142o 500 zaci\u0105gni\u0119\u0107 dziennie.<\/p><p>Wizualna informacja zwrotna: wy\u015bwietlacz i lampki kontrolne dostarczaj\u0105 informacji w czasie rzeczywistym i poprawiaj\u0105 estetyk\u0119.<\/p><p>Wydajno\u015b\u0107: Rezystory o podw\u00f3jnych oczkach gwarantuj\u0105 niezmienny smak i par\u0119<\/p>\t\t\t\t\t\t\t\t<\/div>\n\t\t\t\t<\/div>\n\t\t\t\t\t<\/div>\n\t\t\t\t<\/div>\n\t\t\t\t<\/div>","protected":false},"excerpt":{"rendered":"<p>La Limonade Rose est une cigarette \u00e9lectronique au go\u00fbt frais et vif de citron, alliant des ar\u00f4mes d&rsquo;agrumes acidul\u00e9s et de baies sucr\u00e9es pour une exp\u00e9rience similaire \u00e0 celle de la limonade rose classique. Son ar\u00f4me principal se r\u00e9sume \u00e0 un \u00e9quilibre sucr\u00e9-amer, un ar\u00f4me fruit\u00e9 riche et rafra\u00eechissant, id\u00e9al pour les vapoteurs qui appr\u00e9cient [&hellip;]<\/p>\n","protected":false},"featured_media":5092,"comment_status":"open","ping_status":"closed","template":"","meta":{"site-sidebar-layout":"no-sidebar","site-content-layout":"page-builder","ast-site-content-layout":"normal-width-container","site-content-style":"default","site-sidebar-style":"default","ast-global-header-display":"","ast-banner-title-visibility":"","ast-main-header-display":"","ast-hfb-above-header-display":"","ast-hfb-below-header-display":"","ast-hfb-mobile-header-display":"","site-post-title":"disabled","ast-breadcrumbs-content":"","ast-featured-img":"disabled","footer-sml-layout":"","ast-disable-related-posts":"","theme-transparent-header-meta":"default","adv-header-id-meta":"","stick-header-meta":"default","header-above-stick-meta":"","header-main-stick-meta":"","header-below-stick-meta":"","astra-migrate-meta-layouts":"set","ast-page-background-enabled":"default","ast-page-background-meta":{"desktop":{"background-color":"","background-image":"","background-repeat":"repeat","background-position":"center center","background-size":"auto","background-attachment":"scroll","background-type":"","background-media":"","overlay-type":"","overlay-color":"","overlay-opacity":"","overlay-gradient":""},"tablet":{"background-color":"","background-image":"","background-repeat":"repeat","background-position":"center center","background-size":"auto","background-attachment":"scroll","background-type":"","background-media":"","overlay-type":"","overlay-color":"","overlay-opacity":"","overlay-gradient":""},"mobile":{"background-color":"","background-image":"","background-repeat":"repeat","background-position":"center center","background-size":"auto","background-attachment":"scroll","background-type":"","background-media":"","overlay-type":"","overlay-color":"","overlay-opacity":"","overlay-gradient":""}},"ast-content-background-meta":{"desktop":{"background-color":"var(--ast-global-color-5)","background-image":"","background-repeat":"repeat","background-position":"center center","background-size":"auto","background-attachment":"scroll","background-type":"","background-media":"","overlay-type":"","overlay-color":"","overlay-opacity":"","overlay-gradient":""},"tablet":{"background-color":"var(--ast-global-color-5)","background-image":"","background-repeat":"repeat","background-position":"center center","background-size":"auto","background-attachment":"scroll","background-type":"","background-media":"","overlay-type":"","overlay-color":"","overlay-opacity":"","overlay-gradient":""},"mobile":{"background-color":"var(--ast-global-color-5)","background-image":"","background-repeat":"repeat","background-position":"center center","background-size":"auto","background-attachment":"scroll","background-type":"","background-media":"","overlay-type":"","overlay-color":"","overlay-opacity":"","overlay-gradient":""}}},"product_brand":[42],"product_cat":[50,88,77,15],"product_tag":[],"class_list":{"0":"post-5219","1":"product","2":"type-product","3":"status-publish","4":"has-post-thumbnail","6":"product_brand-randm-tornado","7":"product_cat-randm-tornado-40000-avec-ecran-led-hd","8":"product_cat-puff-40k","9":"product_cat-entrepot-de-lue","10":"product_cat-magasin-cigarette-electronique","11":"desktop-align-center","12":"tablet-align-center","13":"mobile-align-center","14":"ast-product-gallery-layout-horizontal","15":"ast-product-gallery-with-no-image","16":"ast-product-single-variable","17":"ast-product-tabs-layout-horizontal","18":"ast-qv-on-image","20":"first","21":"instock","22":"sale","23":"shipping-taxable","24":"purchasable","25":"product-type-variable","26":"has-default-attributes"},"tiered_pricing_type":"fixed","tiered_pricing_fixed_rules":{"30":10.42,"60":9.26,"100":8.05,"200":7.8,"500":7.67,"1000":7.38},"tiered_pricing_product_settings":{"layout":"default","base_unit_name":{"singular":null,"plural":null},"default_variation":null},"tiered_pricing_minimum_quantity":null,"tiered_pricing_roles_data":[],"tiered_pricing_percentage_rules":[],"_links":{"self":[{"href":"https:\/\/puffvapestore.com\/pl\/wp-json\/wp\/v2\/product\/5219","targetHints":{"allow":["GET"]}}],"collection":[{"href":"https:\/\/puffvapestore.com\/pl\/wp-json\/wp\/v2\/product"}],"about":[{"href":"https:\/\/puffvapestore.com\/pl\/wp-json\/wp\/v2\/types\/product"}],"replies":[{"embeddable":true,"href":"https:\/\/puffvapestore.com\/pl\/wp-json\/wp\/v2\/comments?post=5219"}],"version-history":[{"count":7,"href":"https:\/\/puffvapestore.com\/pl\/wp-json\/wp\/v2\/product\/5219\/revisions"}],"predecessor-version":[{"id":10751,"href":"https:\/\/puffvapestore.com\/pl\/wp-json\/wp\/v2\/product\/5219\/revisions\/10751"}],"wp:featuredmedia":[{"embeddable":true,"href":"https:\/\/puffvapestore.com\/pl\/wp-json\/wp\/v2\/media\/5092"}],"wp:attachment":[{"href":"https:\/\/puffvapestore.com\/pl\/wp-json\/wp\/v2\/media?parent=5219"}],"wp:term":[{"taxonomy":"product_brand","embeddable":true,"href":"https:\/\/puffvapestore.com\/pl\/wp-json\/wp\/v2\/product_brand?post=5219"},{"taxonomy":"product_cat","embeddable":true,"href":"https:\/\/puffvapestore.com\/pl\/wp-json\/wp\/v2\/product_cat?post=5219"},{"taxonomy":"product_tag","embeddable":true,"href":"https:\/\/puffvapestore.com\/pl\/wp-json\/wp\/v2\/product_tag?post=5219"}],"curies":[{"name":"wp","href":"https:\/\/api.w.org\/{rel}","templated":true}]}}