{"id":5208,"date":"2025-07-16T07:39:57","date_gmt":"2025-07-16T07:39:57","guid":{"rendered":"https:\/\/puffvapestore.com\/?post_type=product&#038;p=5208"},"modified":"2026-04-21T07:09:47","modified_gmt":"2026-04-21T07:09:47","slug":"randm-40000-kiwi-passionfruit-guava-une-fraicheur-naturelle","status":"publish","type":"product","link":"https:\/\/puffvapestore.com\/pl\/product\/randm-40000-kiwi-marakuja-gujawa-naturalna-swiezosc\/","title":{"rendered":"RandM Tornado 40000 - Kiwi Passionfruit Guava"},"content":{"rendered":"<div data-elementor-type=\"wp-post\" data-elementor-id=\"5208\" class=\"elementor elementor-5208\">\n\t\t\t\t<div class=\"elementor-element elementor-element-08c26f9 e-flex e-con-boxed e-con e-parent\" data-id=\"08c26f9\" data-element_type=\"container\" data-e-type=\"container\">\n\t\t\t\t\t<div class=\"e-con-inner\">\n\t\t\t\t<div class=\"elementor-element elementor-element-a005a97 elementor-widget elementor-widget-text-editor\" data-id=\"a005a97\" data-element_type=\"widget\" data-e-type=\"widget\" data-widget_type=\"text-editor.default\">\n\t\t\t\t<div class=\"elementor-widget-container\">\n\t\t\t\t\t\t\t\t\t<p>Pierwszy powiew oferuje orze\u017awiaj\u0105cy s\u0142odko-kwa\u015bny smak kiwi, jakby s\u0142o\u0144ce przebija\u0142o si\u0119 przez paryskie chmury i delikatnie pie\u015bci\u0142o kubki smakowe. Nast\u0119pnie pojawiaj\u0105 si\u0119 tropikalne aromaty marakui, niczym \u015br\u00f3dziemnomorska bryza. Wreszcie, finisz ko\u0144czy si\u0119 s\u0142odk\u0105 guaw\u0105, zapewniaj\u0105c d\u0142ug\u0105, czyst\u0105 satysfakcj\u0119, niczym leniwy oddech o zmierzchu na pla\u017cy w Nicei.<\/p><p><strong>Kiwi<\/strong><br \/>Ten orze\u017awiaj\u0105cy s\u0142odko-kwa\u015bny smak ma lekk\u0105 zio\u0142ow\u0105 nut\u0119, kt\u00f3ra stanowi podstaw\u0119 smaku i nadaje mu naturaln\u0105 \u015bwie\u017co\u015b\u0107.<\/p><p><strong>Owoc m\u0119czennicy<\/strong><br \/>Pikantny tropikalny aromat jest pot\u0119\u017cny: kwaskowato\u015b\u0107 wzrasta natychmiast, gdy dym dostaje si\u0119 do ust, a w nosie pojawia si\u0119 silny zapach, kt\u00f3ry jest bardzo uzale\u017cniaj\u0105cy. Na podniebieniu wyczuwalny jest lekko kwa\u015bny, s\u0142odko-gorzki smak z wyra\u017an\u0105 owocow\u0105 kwasowo\u015bci\u0105, kt\u00f3ra orze\u017awia.<\/p><p><strong>Gujawa<\/strong><br \/>Zapewnia delikatn\u0105 s\u0142odycz i r\u00f3wnowag\u0119: guawa ma \u0142agodny smak, naturaln\u0105 s\u0142odycz bez t\u0142usto\u015bci, z lekkim mlecznym, ziemistym posmakiem, r\u00f3wnowa\u017c\u0105cym kwasowo\u015b\u0107 kiwi i marakui.<\/p>\t\t\t\t\t\t\t\t<\/div>\n\t\t\t\t<\/div>\n\t\t\t\t\t<\/div>\n\t\t\t\t<\/div>\n\t\t<div class=\"elementor-element elementor-element-718b380 e-flex e-con-boxed e-con e-parent\" data-id=\"718b380\" data-element_type=\"container\" data-e-type=\"container\">\n\t\t\t\t\t<div class=\"e-con-inner\">\n\t\t\t\t<div class=\"elementor-element elementor-element-d2cc8fa elementor-widget elementor-widget-text-editor\" data-id=\"d2cc8fa\" data-element_type=\"widget\" data-e-type=\"widget\" data-widget_type=\"text-editor.default\">\n\t\t\t\t<div class=\"elementor-widget-container\">\n\t\t\t\t\t\t\t\t\t<h2>Wysokowydajny akumulator<\/h2><p>Fumot Leopard (RandM Tornado) 40000 Kiwi Passionfruit Guava jest wyposa\u017cony we wbudowan\u0105 bateri\u0119 litow\u0105 o pojemno\u015bci 700 mAh, kompatybiln\u0105 z szybkim \u0142adowaniem USB-C i \u0142aduje si\u0119 w pe\u0142ni w oko\u0142o 30 do 45 minut.<\/p><p>Chocia\u017c jest to jednorazowy papieros elektroniczny, bateri\u0119 mo\u017cna \u0142adowa\u0107 kilka razy, aby zapewni\u0107 optymalne wykorzystanie ka\u017cdej kropli e-cieczy.<\/p><h2>Liczba zaci\u0105gni\u0119\u0107: do 40 000 zaci\u0105gni\u0119\u0107<\/h2><p>Model Fumot Leopard (RandM Tornado) 40000 Kiwi Passionfruit Guava oferuje wyj\u0105tkow\u0105 pojemno\u015b\u0107 40 000 zaci\u0105gni\u0119\u0107, czyli znacznie wi\u0119cej ni\u017c tradycyjne dmuchawy jednorazowe (zazwyczaj od 1 000 do 3 000 zaci\u0105gni\u0119\u0107).<\/p><p>Teoretyczny czas u\u017cytkowania mo\u017ce wynosi\u0107 kilka tygodni lub nawet kilka miesi\u0119cy (obliczony przy 500 zaci\u0105gni\u0119ciach dziennie, tj. oko\u0142o 80 dni u\u017cytkowania).<\/p><p>Szczeg\u00f3lnie nadaje si\u0119 dla u\u017cytkownik\u00f3w, kt\u00f3rzy nie chc\u0105 cz\u0119sto zmienia\u0107 telefon\u00f3w.<\/p><h2>Podw\u00f3jna odporno\u015b\u0107 siatki<\/h2><p>Model Fumot Leopard (RandM Tornado) 40000 Kiwi Passionfruit Guava wykorzystuje zaawansowan\u0105 struktur\u0119 grzewcz\u0105 o podw\u00f3jnych oczkach, zapewniaj\u0105c\u0105 szybkie nagrzewanie i r\u00f3wnomierne rozpylanie.<\/p><p>Zapewnia intensywny smak i wysok\u0105 g\u0119sto\u015b\u0107 pary przez ca\u0142y cykl u\u017cytkowania, bez zauwa\u017calnego t\u0142umienia.<\/p><p>Zwi\u0119ksz doznania z palenia, szczeg\u00f3lnie dla u\u017cytkownik\u00f3w poszukuj\u0105cych mocnego uderzenia w gard\u0142o lub g\u0142adkiego smaku.<\/p><h2>Inteligentny cyfrowy wy\u015bwietlacz LED<\/h2><p>Fumot Leopard 40000 Kiwifruit Passionfruit Guava ma wbudowany ekran LED o wysokiej rozdzielczo\u015bci, kt\u00f3ry wy\u015bwietla :<\/p><p>Procent na\u0142adowania akumulatora<\/p><p>Pozosta\u0142y e-liquid<\/p><p>Informuj u\u017cytkownik\u00f3w o stanie urz\u0105dzenia na pierwszy rzut oka, unikaj\u0105c nag\u0142ych awarii baterii lub problem\u00f3w z \u00absuchym paleniem bez e-liquidu\u00bb.<\/p><h2>Kolorowe o\u015bwietlenie nastrojowe RGB<\/h2><p>Wyposa\u017cony w modne efekty \u015bwietlne RGB, obraca si\u0119 i zmienia kolor podczas palenia, dodaj\u0105c odrobin\u0119 technologii i przyjemno\u015bci wizualnej.<\/p><p>Szczeg\u00f3lnie atrakcyjny i rozpoznawalny w nocy lub wieczorem.<\/p><h2>Dost\u0119pnych jest kilka st\u0119\u017ce\u0144 nikotyny<\/h2><p>Dost\u0119pnych jest kilka st\u0119\u017ce\u0144 nikotyny:<\/p><p>0 % (bez nikotyny, czysty smak)<\/p><p>2 %, 3 %, 5 % (spe\u0142niaj\u0105 r\u00f3\u017cne potrzeby os\u00f3b pal\u0105cych od lekkich do ci\u0119\u017ckich)<\/p><h2>Kto powinien kupi\u0107 Fumot Leopard 40000 (RandM Tornado 40K) Kiwi Passionfruit Guava?<\/h2><p>Ci\u0119\u017ccy palacze szukaj\u0105cy trwa\u0142ych jednoraz\u00f3wek<\/p><p>Fani wyrafinowanych i atrakcyjnych papieros\u00f3w elektronicznych<\/p><p>Osoby poszukuj\u0105ce \u0142atwego w utrzymaniu urz\u0105dzenia zasilanego akumulatorem<\/p><h2>Co jest takiego wyj\u0105tkowego w Fumot Leopard 40000 (RandM Tornado 40K) Kiwi Passionfruit Guava?<\/h2><p>\u017bywotno\u015b\u0107: 40 000 zaci\u0105gni\u0119\u0107, co odpowiada oko\u0142o 9-12 tygodniom, tj. oko\u0142o 500 zaci\u0105gni\u0119\u0107 dziennie.<\/p><p>Wizualna informacja zwrotna: wy\u015bwietlacz i lampki kontrolne dostarczaj\u0105 informacji w czasie rzeczywistym i poprawiaj\u0105 estetyk\u0119.<\/p><p>Wydajno\u015b\u0107: Rezystory o podw\u00f3jnych oczkach gwarantuj\u0105 niezmienny smak i par\u0119<\/p>\t\t\t\t\t\t\t\t<\/div>\n\t\t\t\t<\/div>\n\t\t\t\t\t<\/div>\n\t\t\t\t<\/div>\n\t\t\t\t<\/div>","protected":false},"excerpt":{"rendered":"<p>La premi\u00e8re bouff\u00e9e offre un go\u00fbt aigre-doux rafra\u00eechissant de kiwi, comme si le soleil per\u00e7ait les nuages \u200b\u200bparisiens et caressait d\u00e9licatement les papilles. Suivent les ar\u00f4mes tropicaux du fruit de la passion, comme une brise m\u00e9diterran\u00e9enne. Enfin, la finale se termine par une douce goyave, procurant une satisfaction longue et pure, telle une haleine paresseuse [&hellip;]<\/p>\n","protected":false},"featured_media":5088,"comment_status":"open","ping_status":"closed","template":"","meta":{"site-sidebar-layout":"no-sidebar","site-content-layout":"page-builder","ast-site-content-layout":"normal-width-container","site-content-style":"default","site-sidebar-style":"default","ast-global-header-display":"","ast-banner-title-visibility":"","ast-main-header-display":"","ast-hfb-above-header-display":"","ast-hfb-below-header-display":"","ast-hfb-mobile-header-display":"","site-post-title":"disabled","ast-breadcrumbs-content":"","ast-featured-img":"disabled","footer-sml-layout":"","ast-disable-related-posts":"","theme-transparent-header-meta":"default","adv-header-id-meta":"","stick-header-meta":"default","header-above-stick-meta":"","header-main-stick-meta":"","header-below-stick-meta":"","astra-migrate-meta-layouts":"set","ast-page-background-enabled":"default","ast-page-background-meta":{"desktop":{"background-color":"","background-image":"","background-repeat":"repeat","background-position":"center center","background-size":"auto","background-attachment":"scroll","background-type":"","background-media":"","overlay-type":"","overlay-color":"","overlay-opacity":"","overlay-gradient":""},"tablet":{"background-color":"","background-image":"","background-repeat":"repeat","background-position":"center center","background-size":"auto","background-attachment":"scroll","background-type":"","background-media":"","overlay-type":"","overlay-color":"","overlay-opacity":"","overlay-gradient":""},"mobile":{"background-color":"","background-image":"","background-repeat":"repeat","background-position":"center center","background-size":"auto","background-attachment":"scroll","background-type":"","background-media":"","overlay-type":"","overlay-color":"","overlay-opacity":"","overlay-gradient":""}},"ast-content-background-meta":{"desktop":{"background-color":"var(--ast-global-color-5)","background-image":"","background-repeat":"repeat","background-position":"center center","background-size":"auto","background-attachment":"scroll","background-type":"","background-media":"","overlay-type":"","overlay-color":"","overlay-opacity":"","overlay-gradient":""},"tablet":{"background-color":"var(--ast-global-color-5)","background-image":"","background-repeat":"repeat","background-position":"center center","background-size":"auto","background-attachment":"scroll","background-type":"","background-media":"","overlay-type":"","overlay-color":"","overlay-opacity":"","overlay-gradient":""},"mobile":{"background-color":"var(--ast-global-color-5)","background-image":"","background-repeat":"repeat","background-position":"center center","background-size":"auto","background-attachment":"scroll","background-type":"","background-media":"","overlay-type":"","overlay-color":"","overlay-opacity":"","overlay-gradient":""}}},"product_brand":[42],"product_cat":[50,88,77,15],"product_tag":[],"class_list":{"0":"post-5208","1":"product","2":"type-product","3":"status-publish","4":"has-post-thumbnail","6":"product_brand-randm-tornado","7":"product_cat-randm-tornado-40000-avec-ecran-led-hd","8":"product_cat-puff-40k","9":"product_cat-entrepot-de-lue","10":"product_cat-magasin-cigarette-electronique","11":"desktop-align-center","12":"tablet-align-center","13":"mobile-align-center","14":"ast-product-gallery-layout-horizontal","15":"ast-product-gallery-with-no-image","16":"ast-product-single-variable","17":"ast-product-tabs-layout-horizontal","18":"ast-qv-on-image","20":"first","21":"instock","22":"sale","23":"shipping-taxable","24":"purchasable","25":"product-type-variable","26":"has-default-attributes"},"tiered_pricing_type":"fixed","tiered_pricing_fixed_rules":{"30":10.42,"60":9.26,"100":8.05,"200":7.8,"500":7.67,"1000":7.38},"tiered_pricing_product_settings":{"layout":"default","base_unit_name":{"singular":null,"plural":null},"default_variation":null},"tiered_pricing_minimum_quantity":null,"tiered_pricing_roles_data":[],"tiered_pricing_percentage_rules":[],"_links":{"self":[{"href":"https:\/\/puffvapestore.com\/pl\/wp-json\/wp\/v2\/product\/5208","targetHints":{"allow":["GET"]}}],"collection":[{"href":"https:\/\/puffvapestore.com\/pl\/wp-json\/wp\/v2\/product"}],"about":[{"href":"https:\/\/puffvapestore.com\/pl\/wp-json\/wp\/v2\/types\/product"}],"replies":[{"embeddable":true,"href":"https:\/\/puffvapestore.com\/pl\/wp-json\/wp\/v2\/comments?post=5208"}],"version-history":[{"count":7,"href":"https:\/\/puffvapestore.com\/pl\/wp-json\/wp\/v2\/product\/5208\/revisions"}],"predecessor-version":[{"id":10752,"href":"https:\/\/puffvapestore.com\/pl\/wp-json\/wp\/v2\/product\/5208\/revisions\/10752"}],"wp:featuredmedia":[{"embeddable":true,"href":"https:\/\/puffvapestore.com\/pl\/wp-json\/wp\/v2\/media\/5088"}],"wp:attachment":[{"href":"https:\/\/puffvapestore.com\/pl\/wp-json\/wp\/v2\/media?parent=5208"}],"wp:term":[{"taxonomy":"product_brand","embeddable":true,"href":"https:\/\/puffvapestore.com\/pl\/wp-json\/wp\/v2\/product_brand?post=5208"},{"taxonomy":"product_cat","embeddable":true,"href":"https:\/\/puffvapestore.com\/pl\/wp-json\/wp\/v2\/product_cat?post=5208"},{"taxonomy":"product_tag","embeddable":true,"href":"https:\/\/puffvapestore.com\/pl\/wp-json\/wp\/v2\/product_tag?post=5208"}],"curies":[{"name":"wp","href":"https:\/\/api.w.org\/{rel}","templated":true}]}}