{"id":5072,"date":"2025-07-15T06:55:26","date_gmt":"2025-07-15T06:55:26","guid":{"rendered":"https:\/\/puffvapestore.com\/?post_type=product&#038;p=5072"},"modified":"2026-01-19T10:31:54","modified_gmt":"2026-01-19T10:31:54","slug":"grape-lemon-tornado-35000-offre-un-arriere-gout-legerement-frais","status":"publish","type":"product","link":"https:\/\/puffvapestore.com\/pl\/product\/grape-lemon-tornado-35000-oferuje-lekko-swiezy-posmak\/","title":{"rendered":"Fumot Tornado 35000 - Grape Lemon"},"content":{"rendered":"<div data-elementor-type=\"wp-post\" data-elementor-id=\"5072\" class=\"elementor elementor-5072\">\n\t\t\t\t<div class=\"elementor-element elementor-element-08c26f9 e-flex e-con-boxed e-con e-parent\" data-id=\"08c26f9\" data-element_type=\"container\" data-e-type=\"container\">\n\t\t\t\t\t<div class=\"e-con-inner\">\n\t\t\t\t<div class=\"elementor-element elementor-element-a005a97 elementor-widget elementor-widget-text-editor\" data-id=\"a005a97\" data-element_type=\"widget\" data-e-type=\"widget\" data-widget_type=\"text-editor.default\">\n\t\t\t\t<div class=\"elementor-widget-container\">\n\t\t\t\t\t\t\t\t\t<p>Smak Fumot RandM Tornado 35000 Grape Lemon jest s\u0142odko-kwa\u015bny, bogaty, ale nie t\u0142usty i dobrze zbudowany. Mi\u0119sisty aromat winogron ostro kontrastuje z kwasowo\u015bci\u0105 cytryny, dzi\u0119ki czemu jest idealny dla mi\u0142o\u015bnik\u00f3w mocnych owocowych smak\u00f3w i \u015bwie\u017co\u015bci.<\/p><h2>Charakterystyka smaku winogron<\/h2><p>Podczas palenia wyczuwalny jest bogaty, s\u0142odki aromat dojrza\u0142ych fioletowych winogron, przypominaj\u0105cy sok winogronowy lub mi\u0119kkie cukierki, a nie lekki smak surowych winogron. Aromat winogron jest bardzo obecny przez ca\u0142y czas inhalacji, a g\u0119sta owocowa baza dodaje ca\u0142o\u015bci zaokr\u0105glonego akcentu.<\/p><h2>Charakterystyka smaku cytrynowego<\/h2><p>Po s\u0142odkim aromacie winogron, szybko pojawia si\u0119 kwasowo\u015b\u0107 cytryny, przynosz\u0105c orze\u017awiaj\u0105ce uczucie ca\u0142o\u015bci. Ani zbyt mocny, ani dra\u017cni\u0105cy, cytrynowy smak delikatnie \u0142\u0105czy si\u0119 ze smakiem winogron, tworz\u0105c r\u00f3wnowag\u0119 mi\u0119dzy s\u0142odycz\u0105 a cierpko\u015bci\u0105.<\/p><h2>Wra\u017cenie wdychania i wra\u017cenie g\u0142\u0119bi<\/h2><p>Pierwszy smak elektronicznego papierosa to s\u0142odkie winogrona, pe\u0142ne i okr\u0105g\u0142e;<\/p><p>Cytryna pojawia si\u0119 na \u015brodkowym podniebieniu, przynosz\u0105c kwasowo\u015b\u0107 i \u015bwie\u017co\u015b\u0107, a usta s\u0105 delikatnie stymulowane;<\/p><p>Posmak jest s\u0142odki i lekko \u015bwie\u017cy, dzi\u0119ki czemu og\u00f3lne doznania s\u0105 bardziej czyste i orze\u017awiaj\u0105ce.<\/p>\t\t\t\t\t\t\t\t<\/div>\n\t\t\t\t<\/div>\n\t\t\t\t\t<\/div>\n\t\t\t\t<\/div>\n\t\t<div class=\"elementor-element elementor-element-718b380 e-flex e-con-boxed e-con e-parent\" data-id=\"718b380\" data-element_type=\"container\" data-e-type=\"container\">\n\t\t\t\t\t<div class=\"e-con-inner\">\n\t\t\t\t<div class=\"elementor-element elementor-element-d2cc8fa elementor-widget elementor-widget-text-editor\" data-id=\"d2cc8fa\" data-element_type=\"widget\" data-e-type=\"widget\" data-widget_type=\"text-editor.default\">\n\t\t\t\t<div class=\"elementor-widget-container\">\n\t\t\t\t\t\t\t\t\t<h2>Wyj\u0105tkowy smak i produkcja pary:<\/h2><p>Technologia podw\u00f3jnego rezystora RandM Tornado 35000 Grape Lemon zapewnia optymalne podgrzewanie e-cieczy, zapewniaj\u0105c bogatszy smak i wi\u0119ksz\u0105 chmur\u0119 pary, idealn\u0105 dla u\u017cytkownik\u00f3w poszukuj\u0105cych intensywnych smak\u00f3w i intensywnych efekt\u00f3w wizualnych.<\/p><h2>Modny, spersonalizowany design:<\/h2><p>Efekty \u015bwietlne RGB mog\u0105 by\u0107 zsynchronizowane z muzyk\u0105, dzi\u0119ki czemu korzystanie z urz\u0105dzenia jest jeszcze przyjemniejsze, szczeg\u00f3lnie w przypadku okazji towarzyskich lub m\u0142odszych u\u017cytkownik\u00f3w. U\u017cytkownicy mog\u0105 dezaktywowa\u0107 efekty \u015bwietlne w celu bardziej dyskretnego u\u017cytkowania.<\/p><p>Zainspirowany nowoczesnym wzornictwem Digitalbox 12000, \u0142\u0105czy w sobie estetyk\u0119 i przeno\u015bno\u015b\u0107, z wygodnym uchwytem do codziennego u\u017cytku.<\/p><h2>\u0141atwy w u\u017cyciu:<\/h2><p>RandM Tornado 35000 Grape Lemon nie wymaga konserwacji ani wymiany rezystor\u00f3w lub zbiornik\u00f3w e-liquidu. Mo\u017cna go u\u017cywa\u0107 od razu, dzi\u0119ki czemu jest idealny dla pocz\u0105tkuj\u0105cych lub mniej wymagaj\u0105cych u\u017cytkownik\u00f3w.<\/p><p>Inteligentny wy\u015bwietlacz intuicyjnie pokazuje poziom na\u0142adowania baterii i pozosta\u0142\u0105 ilo\u015b\u0107 e-liquidu, dzi\u0119ki czemu nie musisz si\u0119 martwi\u0107 o przerwy w zasilaniu lub wyczerpanie e-liquidu.<\/p><p>Szybkie \u0142adowanie typu C skraca czas oczekiwania, a d\u0142uga \u017cywotno\u015b\u0107 baterii zapewnia d\u0142ugotrwa\u0142e u\u017cytkowanie.<\/p><h2>Cechy RandM Tornado 35000 Grape Lemon<\/h2><p>Liczba zaci\u0105gni\u0119\u0107: Do 35 000 zaci\u0105gni\u0119\u0107, jedna z najwi\u0119kszych pojemno\u015bci na rynku, idealna dla intensywnych u\u017cytkownik\u00f3w i d\u0142ugiego czasu pracy.<\/p><p>Pojemno\u015b\u0107 baterii: Wyposa\u017cona w akumulator o pojemno\u015bci 700 mAh. Szybkie \u0142adowanie za po\u015brednictwem interfejsu Type-C gwarantuje d\u0142ugie u\u017cytkowanie i szybkie odzyskiwanie energii.<\/p><p>Technologia rezystorowa: Zastosowanie rezystora o podw\u00f3jnych oczkach 1,2 \u03a9 zapewnia bardziej r\u00f3wnomierne podgrzewanie, g\u0119stsz\u0105 par\u0119 i mocniejszy smak.<\/p><p>Dawka nikotyny: Mo\u017cna wybra\u0107 pomi\u0119dzy 0 %, 2 % lub 5 % nikotyny, aby zaspokoi\u0107 potrzeby ka\u017cdego u\u017cytkownika.<\/p><p>Funkcja wy\u015bwietlacza: Wyposa\u017cony w ekran LED, wy\u015bwietla poziom na\u0142adowania baterii i pozosta\u0142y poziom e-liquidu w czasie rzeczywistym, umo\u017cliwiaj\u0105c u\u017cytkownikom monitorowanie stanu urz\u0105dzenia.<\/p><p>Konstrukcja i przeno\u015bno\u015b\u0107: Kompaktowy i lekki, \u0142atwy do przenoszenia. Jego konstrukcja jest inspirowana modelem Digitalbox 12000 i charakteryzuje si\u0119 nowoczesnym, eleganckim wygl\u0105dem.<\/p>\t\t\t\t\t\t\t\t<\/div>\n\t\t\t\t<\/div>\n\t\t\t\t\t<\/div>\n\t\t\t\t<\/div>\n\t\t\t\t<\/div>","protected":false},"excerpt":{"rendered":"<p>Le go\u00fbt du Fumot RandM Tornado 35000 Raisin Citron est aigre-doux, riche sans \u00eatre gras et bien structur\u00e9. L&rsquo;ar\u00f4me charnu du raisin contraste fortement avec l&rsquo;acidit\u00e9 du citron, ce qui convient aux amateurs de saveurs fruit\u00e9es prononc\u00e9es et de fra\u00eecheur. Caract\u00e9ristiques du go\u00fbt du raisin Lorsque vous fumez, vous ressentez d&rsquo;abord l&rsquo;ar\u00f4me riche et sucr\u00e9 [&hellip;]<\/p>\n","protected":false},"featured_media":4764,"comment_status":"open","ping_status":"closed","template":"","meta":{"site-sidebar-layout":"no-sidebar","site-content-layout":"page-builder","ast-site-content-layout":"normal-width-container","site-content-style":"default","site-sidebar-style":"default","ast-global-header-display":"","ast-banner-title-visibility":"","ast-main-header-display":"","ast-hfb-above-header-display":"","ast-hfb-below-header-display":"","ast-hfb-mobile-header-display":"","site-post-title":"disabled","ast-breadcrumbs-content":"","ast-featured-img":"disabled","footer-sml-layout":"","ast-disable-related-posts":"","theme-transparent-header-meta":"default","adv-header-id-meta":"","stick-header-meta":"default","header-above-stick-meta":"","header-main-stick-meta":"","header-below-stick-meta":"","astra-migrate-meta-layouts":"set","ast-page-background-enabled":"default","ast-page-background-meta":{"desktop":{"background-color":"","background-image":"","background-repeat":"repeat","background-position":"center center","background-size":"auto","background-attachment":"scroll","background-type":"","background-media":"","overlay-type":"","overlay-color":"","overlay-opacity":"","overlay-gradient":""},"tablet":{"background-color":"","background-image":"","background-repeat":"repeat","background-position":"center center","background-size":"auto","background-attachment":"scroll","background-type":"","background-media":"","overlay-type":"","overlay-color":"","overlay-opacity":"","overlay-gradient":""},"mobile":{"background-color":"","background-image":"","background-repeat":"repeat","background-position":"center center","background-size":"auto","background-attachment":"scroll","background-type":"","background-media":"","overlay-type":"","overlay-color":"","overlay-opacity":"","overlay-gradient":""}},"ast-content-background-meta":{"desktop":{"background-color":"var(--ast-global-color-5)","background-image":"","background-repeat":"repeat","background-position":"center center","background-size":"auto","background-attachment":"scroll","background-type":"","background-media":"","overlay-type":"","overlay-color":"","overlay-opacity":"","overlay-gradient":""},"tablet":{"background-color":"var(--ast-global-color-5)","background-image":"","background-repeat":"repeat","background-position":"center center","background-size":"auto","background-attachment":"scroll","background-type":"","background-media":"","overlay-type":"","overlay-color":"","overlay-opacity":"","overlay-gradient":""},"mobile":{"background-color":"var(--ast-global-color-5)","background-image":"","background-repeat":"repeat","background-position":"center center","background-size":"auto","background-attachment":"scroll","background-type":"","background-media":"","overlay-type":"","overlay-color":"","overlay-opacity":"","overlay-gradient":""}}},"product_brand":[42],"product_cat":[49,105,15],"product_tag":[],"class_list":{"0":"post-5072","1":"product","2":"type-product","3":"status-publish","4":"has-post-thumbnail","6":"product_brand-randm-tornado","7":"product_cat-randm-tornado-35000-offre-35000-bouffees-de-cigarettes","8":"product_cat-puff-35k","9":"product_cat-magasin-cigarette-electronique","10":"desktop-align-center","11":"tablet-align-center","12":"mobile-align-center","13":"ast-product-gallery-layout-horizontal","14":"ast-product-gallery-with-no-image","15":"ast-product-single-variable","16":"ast-product-tabs-layout-horizontal","17":"ast-qv-on-image","19":"first","20":"instock","21":"sale","22":"shipping-taxable","23":"purchasable","24":"product-type-variable","25":"has-default-attributes"},"tiered_pricing_type":"fixed","tiered_pricing_fixed_rules":{"50":12.99,"100":11.39,"200":10.79,"400":10.39},"tiered_pricing_product_settings":{"layout":"default","base_unit_name":{"singular":null,"plural":null},"default_variation":null},"tiered_pricing_minimum_quantity":null,"tiered_pricing_roles_data":[],"tiered_pricing_percentage_rules":[],"_links":{"self":[{"href":"https:\/\/puffvapestore.com\/pl\/wp-json\/wp\/v2\/product\/5072","targetHints":{"allow":["GET"]}}],"collection":[{"href":"https:\/\/puffvapestore.com\/pl\/wp-json\/wp\/v2\/product"}],"about":[{"href":"https:\/\/puffvapestore.com\/pl\/wp-json\/wp\/v2\/types\/product"}],"replies":[{"embeddable":true,"href":"https:\/\/puffvapestore.com\/pl\/wp-json\/wp\/v2\/comments?post=5072"}],"version-history":[{"count":6,"href":"https:\/\/puffvapestore.com\/pl\/wp-json\/wp\/v2\/product\/5072\/revisions"}],"predecessor-version":[{"id":5081,"href":"https:\/\/puffvapestore.com\/pl\/wp-json\/wp\/v2\/product\/5072\/revisions\/5081"}],"wp:featuredmedia":[{"embeddable":true,"href":"https:\/\/puffvapestore.com\/pl\/wp-json\/wp\/v2\/media\/4764"}],"wp:attachment":[{"href":"https:\/\/puffvapestore.com\/pl\/wp-json\/wp\/v2\/media?parent=5072"}],"wp:term":[{"taxonomy":"product_brand","embeddable":true,"href":"https:\/\/puffvapestore.com\/pl\/wp-json\/wp\/v2\/product_brand?post=5072"},{"taxonomy":"product_cat","embeddable":true,"href":"https:\/\/puffvapestore.com\/pl\/wp-json\/wp\/v2\/product_cat?post=5072"},{"taxonomy":"product_tag","embeddable":true,"href":"https:\/\/puffvapestore.com\/pl\/wp-json\/wp\/v2\/product_tag?post=5072"}],"curies":[{"name":"wp","href":"https:\/\/api.w.org\/{rel}","templated":true}]}}