{"id":5062,"date":"2025-07-15T05:46:14","date_gmt":"2025-07-15T05:46:14","guid":{"rendered":"https:\/\/puffvapestore.com\/?post_type=product&#038;p=5062"},"modified":"2026-01-19T10:31:54","modified_gmt":"2026-01-19T10:31:54","slug":"blueberry-bubblegum-randm-tornado-35000","status":"publish","type":"product","link":"https:\/\/puffvapestore.com\/pl\/product\/blueberry-bubblegum-randm-tornado-35000\/","title":{"rendered":"Fumot Tornado 35000 - Blueberry Bubblegum"},"content":{"rendered":"<div data-elementor-type=\"wp-post\" data-elementor-id=\"5062\" class=\"elementor elementor-5062\">\n\t\t\t\t<div class=\"elementor-element elementor-element-08c26f9 e-flex e-con-boxed e-con e-parent\" data-id=\"08c26f9\" data-element_type=\"container\" data-e-type=\"container\">\n\t\t\t\t\t<div class=\"e-con-inner\">\n\t\t\t\t<div class=\"elementor-element elementor-element-a005a97 elementor-widget elementor-widget-text-editor\" data-id=\"a005a97\" data-element_type=\"widget\" data-e-type=\"widget\" data-widget_type=\"text-editor.default\">\n\t\t\t\t<div class=\"elementor-widget-container\">\n\t\t\t\t\t\t\t\t\t<p>Oprzyj si\u0119 wygodnie w fotelu i delikatnie wdychaj RandM Tornado 35000 Blueberry Bubblegum. Owocowy aromat bor\u00f3wki rozkwita mi\u0119dzy wargami i z\u0119bami, a tu\u017c za nim pod\u0105\u017ca s\u0142odycz gumy balonowej, niczym wspomnienia z dzieci\u0144stwa powoli wy\u0142aniaj\u0105ce si\u0119, delikatnie otoczone dzisiejszym miejskim rytmem.<\/p><p>Wyj\u0105tkowo\u015b\u0107 smaku Blueberry Bubblegum polega na jego warstwowo\u015bci: najpierw \u015bwie\u017cy, owocowy aromat jag\u00f3d, a nast\u0119pnie s\u0142odycz gumy balonowej, kt\u00f3ra jest lekka i niet\u0142usta podczas wydechu, zachowuj\u0105c \u015bwie\u017co\u015b\u0107 papieros\u00f3w elektronicznych i zapewniaj\u0105c relaksuj\u0105ce, przyjemne doznania smakowe. Smak ten jest nie tylko przyjemny w paleniu, ale tak\u017ce zapewnia odrobin\u0119 czystego komfortu w gor\u0105czkowym \u017cyciu.<\/p><h2>G\u0142\u00f3wny smak: jagodowy<\/h2><p>Intensywny owocowy aromat: Natychmiast po inhalacji poczujesz intensywny owocowy aromat dojrza\u0142ych bor\u00f3wek, podobny do lekko zmia\u017cd\u017conych \u015bwie\u017cych bor\u00f3wek.<\/p><p>Zr\u00f3wnowa\u017cona s\u0142odycz i kwaskowato\u015b\u0107: W przeciwie\u0144stwie do dzikich bor\u00f3wek, smak jest bli\u017cszy sztucznym bor\u00f3wkom, z \u0142agodn\u0105 kwaskowato\u015bci\u0105 i wyra\u017aniejsz\u0105 s\u0142odycz\u0105.<\/p><p>Intensywne uczucie soku: z wyra\u017anym uczuciem rozerwania, jakby sok z bor\u00f3wki rozprzestrzenia\u0142 si\u0119 na czubku j\u0119zyka.<\/p><h2>Smak drugorz\u0119dny: guma do \u017cucia<\/h2><p>Dodatek s\u0142odyczy: Nie jest to zwyk\u0142y smak sacharozy lub s\u0142odzika, ale klasyczny ameryka\u0144ski smak gumy do \u017cucia, z truskawkow\u0105 s\u0142odycz\u0105, wanili\u0105 i \u015bmietank\u0105. W posmaku wyczuwalna jest lekka nuta \u015bmietanki, dodaj\u0105ca ca\u0142o\u015bci kr\u0105g\u0142o\u015bci.<\/p>\t\t\t\t\t\t\t\t<\/div>\n\t\t\t\t<\/div>\n\t\t\t\t\t<\/div>\n\t\t\t\t<\/div>\n\t\t<div class=\"elementor-element elementor-element-718b380 e-flex e-con-boxed e-con e-parent\" data-id=\"718b380\" data-element_type=\"container\" data-e-type=\"container\">\n\t\t\t\t\t<div class=\"e-con-inner\">\n\t\t\t\t<div class=\"elementor-element elementor-element-d2cc8fa elementor-widget elementor-widget-text-editor\" data-id=\"d2cc8fa\" data-element_type=\"widget\" data-e-type=\"widget\" data-widget_type=\"text-editor.default\">\n\t\t\t\t<div class=\"elementor-widget-container\">\n\t\t\t\t\t\t\t\t\t<h2>Wyj\u0105tkowy smak i produkcja pary:<\/h2><p>Technologia podw\u00f3jnego rezystora RandM Tornado 35000 Blueberry Bubblegum zapewnia optymalne podgrzewanie e-cieczy, zapewniaj\u0105c bogatszy smak i wi\u0119ksz\u0105 chmur\u0119 pary, idealn\u0105 dla u\u017cytkownik\u00f3w poszukuj\u0105cych intensywnych smak\u00f3w i intensywnych efekt\u00f3w wizualnych.<\/p><h2>Modny, spersonalizowany design:<\/h2><p>Efekty \u015bwietlne RGB mog\u0105 by\u0107 zsynchronizowane z muzyk\u0105, dzi\u0119ki czemu korzystanie z urz\u0105dzenia jest jeszcze przyjemniejsze, szczeg\u00f3lnie w przypadku okazji towarzyskich lub m\u0142odszych u\u017cytkownik\u00f3w. U\u017cytkownicy mog\u0105 dezaktywowa\u0107 efekty \u015bwietlne w celu bardziej dyskretnego u\u017cytkowania.<\/p><p>Zainspirowany nowoczesnym wzornictwem Digitalbox 12000, \u0142\u0105czy w sobie estetyk\u0119 i przeno\u015bno\u015b\u0107, z wygodnym uchwytem do codziennego u\u017cytku.<\/p><h2>\u0141atwy w u\u017cyciu:<\/h2><p>Model RandM Tornado 35000 Blueberry Bubblegum nie wymaga konserwacji ani wymiany rezystor\u00f3w czy zbiornik\u00f3w e-liquidu. Mo\u017cna go u\u017cywa\u0107 od razu, dzi\u0119ki czemu jest idealny dla pocz\u0105tkuj\u0105cych lub mniej wymagaj\u0105cych u\u017cytkownik\u00f3w.<\/p><p>Inteligentny wy\u015bwietlacz intuicyjnie pokazuje poziom na\u0142adowania baterii i pozosta\u0142\u0105 ilo\u015b\u0107 e-liquidu, dzi\u0119ki czemu nie musisz si\u0119 martwi\u0107 o przerwy w zasilaniu lub wyczerpanie e-liquidu.<\/p><p>Szybkie \u0142adowanie typu C skraca czas oczekiwania, a d\u0142uga \u017cywotno\u015b\u0107 baterii zapewnia d\u0142ugotrwa\u0142e u\u017cytkowanie.<\/p><h2>RandM Tornado 35000 Blueberry Bubblegum cechy charakterystyczne<\/h2><p>Liczba zaci\u0105gni\u0119\u0107: Do 35 000 zaci\u0105gni\u0119\u0107, jedna z najwi\u0119kszych pojemno\u015bci na rynku, idealna dla intensywnych u\u017cytkownik\u00f3w i d\u0142ugiego czasu pracy.<\/p><p>Pojemno\u015b\u0107 baterii: Wyposa\u017cona w akumulator o pojemno\u015bci 700 mAh. Szybkie \u0142adowanie za po\u015brednictwem interfejsu Type-C gwarantuje d\u0142ugie u\u017cytkowanie i szybkie odzyskiwanie energii.<\/p><p>Technologia rezystorowa: Zastosowanie rezystora o podw\u00f3jnych oczkach 1,2 \u03a9 zapewnia bardziej r\u00f3wnomierne podgrzewanie, g\u0119stsz\u0105 par\u0119 i mocniejszy smak.<\/p><p>Dawka nikotyny: Mo\u017cna wybra\u0107 pomi\u0119dzy 0 %, 2 % lub 5 % nikotyny, aby zaspokoi\u0107 potrzeby ka\u017cdego u\u017cytkownika.<\/p><p>Funkcja wy\u015bwietlacza: Wyposa\u017cony w ekran LED, wy\u015bwietla poziom na\u0142adowania baterii i pozosta\u0142y poziom e-liquidu w czasie rzeczywistym, umo\u017cliwiaj\u0105c u\u017cytkownikom monitorowanie stanu urz\u0105dzenia.<\/p><p>Konstrukcja i przeno\u015bno\u015b\u0107: Kompaktowy i lekki, \u0142atwy do przenoszenia. Jego konstrukcja jest inspirowana modelem Digitalbox 12000 i charakteryzuje si\u0119 nowoczesnym, eleganckim wygl\u0105dem.<\/p>\t\t\t\t\t\t\t\t<\/div>\n\t\t\t\t<\/div>\n\t\t\t\t\t<\/div>\n\t\t\t\t<\/div>\n\t\t\t\t<\/div>","protected":false},"excerpt":{"rendered":"<p>Adoss\u00e9 au dossier de votre fauteuil, inspirez doucement la RandM Tornado 35000 Blueberry Bubblegum. L&rsquo;ar\u00f4me fruit\u00e9 de la myrtille s&rsquo;\u00e9panouit entre vos l\u00e8vres et vos dents, suivi de pr\u00e8s par la douceur du bubblegum, comme des souvenirs d&rsquo;enfance \u00e9mergeant lentement, d\u00e9licatement envelopp\u00e9s par le rythme urbain actuel. La singularit\u00e9 de la saveur Blueberry Bubblegum r\u00e9side [&hellip;]<\/p>\n","protected":false},"featured_media":4760,"comment_status":"open","ping_status":"closed","template":"","meta":{"site-sidebar-layout":"no-sidebar","site-content-layout":"page-builder","ast-site-content-layout":"normal-width-container","site-content-style":"default","site-sidebar-style":"default","ast-global-header-display":"","ast-banner-title-visibility":"","ast-main-header-display":"","ast-hfb-above-header-display":"","ast-hfb-below-header-display":"","ast-hfb-mobile-header-display":"","site-post-title":"disabled","ast-breadcrumbs-content":"","ast-featured-img":"disabled","footer-sml-layout":"","ast-disable-related-posts":"","theme-transparent-header-meta":"default","adv-header-id-meta":"","stick-header-meta":"default","header-above-stick-meta":"","header-main-stick-meta":"","header-below-stick-meta":"","astra-migrate-meta-layouts":"set","ast-page-background-enabled":"default","ast-page-background-meta":{"desktop":{"background-color":"","background-image":"","background-repeat":"repeat","background-position":"center center","background-size":"auto","background-attachment":"scroll","background-type":"","background-media":"","overlay-type":"","overlay-color":"","overlay-opacity":"","overlay-gradient":""},"tablet":{"background-color":"","background-image":"","background-repeat":"repeat","background-position":"center center","background-size":"auto","background-attachment":"scroll","background-type":"","background-media":"","overlay-type":"","overlay-color":"","overlay-opacity":"","overlay-gradient":""},"mobile":{"background-color":"","background-image":"","background-repeat":"repeat","background-position":"center center","background-size":"auto","background-attachment":"scroll","background-type":"","background-media":"","overlay-type":"","overlay-color":"","overlay-opacity":"","overlay-gradient":""}},"ast-content-background-meta":{"desktop":{"background-color":"var(--ast-global-color-5)","background-image":"","background-repeat":"repeat","background-position":"center center","background-size":"auto","background-attachment":"scroll","background-type":"","background-media":"","overlay-type":"","overlay-color":"","overlay-opacity":"","overlay-gradient":""},"tablet":{"background-color":"var(--ast-global-color-5)","background-image":"","background-repeat":"repeat","background-position":"center center","background-size":"auto","background-attachment":"scroll","background-type":"","background-media":"","overlay-type":"","overlay-color":"","overlay-opacity":"","overlay-gradient":""},"mobile":{"background-color":"var(--ast-global-color-5)","background-image":"","background-repeat":"repeat","background-position":"center center","background-size":"auto","background-attachment":"scroll","background-type":"","background-media":"","overlay-type":"","overlay-color":"","overlay-opacity":"","overlay-gradient":""}}},"product_brand":[42],"product_cat":[49,105,15],"product_tag":[],"class_list":{"0":"post-5062","1":"product","2":"type-product","3":"status-publish","4":"has-post-thumbnail","6":"product_brand-randm-tornado","7":"product_cat-randm-tornado-35000-offre-35000-bouffees-de-cigarettes","8":"product_cat-puff-35k","9":"product_cat-magasin-cigarette-electronique","10":"desktop-align-center","11":"tablet-align-center","12":"mobile-align-center","13":"ast-product-gallery-layout-horizontal","14":"ast-product-gallery-with-no-image","15":"ast-product-single-variable","16":"ast-product-tabs-layout-horizontal","17":"ast-qv-on-image","19":"first","20":"instock","21":"sale","22":"shipping-taxable","23":"purchasable","24":"product-type-variable","25":"has-default-attributes"},"tiered_pricing_type":"fixed","tiered_pricing_fixed_rules":{"50":12.99,"100":11.39,"200":10.79,"400":10.39},"tiered_pricing_product_settings":{"layout":"default","base_unit_name":{"singular":null,"plural":null},"default_variation":null},"tiered_pricing_minimum_quantity":null,"tiered_pricing_roles_data":[],"tiered_pricing_percentage_rules":[],"_links":{"self":[{"href":"https:\/\/puffvapestore.com\/pl\/wp-json\/wp\/v2\/product\/5062","targetHints":{"allow":["GET"]}}],"collection":[{"href":"https:\/\/puffvapestore.com\/pl\/wp-json\/wp\/v2\/product"}],"about":[{"href":"https:\/\/puffvapestore.com\/pl\/wp-json\/wp\/v2\/types\/product"}],"replies":[{"embeddable":true,"href":"https:\/\/puffvapestore.com\/pl\/wp-json\/wp\/v2\/comments?post=5062"}],"version-history":[{"count":6,"href":"https:\/\/puffvapestore.com\/pl\/wp-json\/wp\/v2\/product\/5062\/revisions"}],"predecessor-version":[{"id":5071,"href":"https:\/\/puffvapestore.com\/pl\/wp-json\/wp\/v2\/product\/5062\/revisions\/5071"}],"wp:featuredmedia":[{"embeddable":true,"href":"https:\/\/puffvapestore.com\/pl\/wp-json\/wp\/v2\/media\/4760"}],"wp:attachment":[{"href":"https:\/\/puffvapestore.com\/pl\/wp-json\/wp\/v2\/media?parent=5062"}],"wp:term":[{"taxonomy":"product_brand","embeddable":true,"href":"https:\/\/puffvapestore.com\/pl\/wp-json\/wp\/v2\/product_brand?post=5062"},{"taxonomy":"product_cat","embeddable":true,"href":"https:\/\/puffvapestore.com\/pl\/wp-json\/wp\/v2\/product_cat?post=5062"},{"taxonomy":"product_tag","embeddable":true,"href":"https:\/\/puffvapestore.com\/pl\/wp-json\/wp\/v2\/product_tag?post=5062"}],"curies":[{"name":"wp","href":"https:\/\/api.w.org\/{rel}","templated":true}]}}