{"id":5032,"date":"2025-07-14T07:22:58","date_gmt":"2025-07-14T07:22:58","guid":{"rendered":"https:\/\/puffvapestore.com\/?post_type=product&#038;p=5032"},"modified":"2026-01-19T10:52:39","modified_gmt":"2026-01-19T10:52:39","slug":"blue-razz-ice-fumot-tornado-35000-est-un-arome-fruite-complexe-tres-populaire","status":"publish","type":"product","link":"https:\/\/puffvapestore.com\/pl\/product\/blue-razz-ice-fumot-tornado-35000-to-bardzo-popularny-zlozony-aromat-owocowy\/","title":{"rendered":"Blue Razz Ice - Fumot RandM Tornado 35000"},"content":{"rendered":"<div data-elementor-type=\"wp-post\" data-elementor-id=\"5032\" class=\"elementor elementor-5032\">\n\t\t\t\t<div class=\"elementor-element elementor-element-08c26f9 e-flex e-con-boxed e-con e-parent\" data-id=\"08c26f9\" data-element_type=\"container\" data-e-type=\"container\">\n\t\t\t\t\t<div class=\"e-con-inner\">\n\t\t\t\t<div class=\"elementor-element elementor-element-a005a97 elementor-widget elementor-widget-text-editor\" data-id=\"a005a97\" data-element_type=\"widget\" data-e-type=\"widget\" data-widget_type=\"text-editor.default\">\n\t\t\t\t<div class=\"elementor-widget-container\">\n\t\t\t\t\t\t\t\t\t<p>Blue Razz Ice to z\u0142o\u017cony owocowy smak, kt\u00f3ry jest bardzo popularny w bran\u017cy papieros\u00f3w elektronicznych, powszechnie spotykany w produktach z serii RandM Tornado (takich jak modele Tornado 9000, 15000 i 20000). Oferuje s\u0142odko-kwa\u015bny smak jag\u00f3d i malin z efektem \u015bwie\u017cej mi\u0119ty, zapewniaj\u0105c orze\u017awiaj\u0105ce doznania podczas palenia.<\/p><h2>G\u0142\u00f3wne sk\u0142adniki: po\u0142\u0105czenie jag\u00f3d i malin<\/h2><p><strong>Jagoda :<\/strong><br \/>\u00abNiebieska\u00bb nuta w Blue Razz Ice jest inspirowana delikatno\u015bci\u0105 i s\u0142odycz\u0105 bor\u00f3wki. Bor\u00f3wka ma naturalny owocowy aromat, gdy dym dostaje si\u0119 do ust, z umiarkowan\u0105 s\u0142odycz\u0105 i lekkim zapachem czerwonych owoc\u00f3w. Smak ten, nie b\u0119d\u0105c przyt\u0142aczaj\u0105cym, zapewnia zaokr\u0105glon\u0105 podstaw\u0119 ca\u0142o\u015bci, przypominaj\u0105c\u0105 \u015bwie\u017ce bor\u00f3wki lub d\u017cem bor\u00f3wkowy.<\/p><p><strong>Malina :<\/strong><br \/>\u00abRazz\u00bb reprezentuje malin\u0119, oferuj\u0105c jasny s\u0142odko-kwa\u015bny kontrast. Smak malin jest bardziej wyrazisty ni\u017c jag\u00f3d, z lekk\u0105 owocow\u0105 stymulacj\u0105, przypominaj\u0105c\u0105 dojrza\u0142\u0105 malin\u0119, ale nie za s\u0142odk\u0105. Ta kwaskowato\u015b\u0107 dodaje odrobin\u0119 g\u0142\u0119bi do smaku i pozwala unikn\u0105\u0107 monotonii prostej s\u0142odyczy.<\/p><p><strong>Efekt \u0142\u0105czenia :<\/strong><br \/>Po\u0142\u0105czenie bor\u00f3wki i maliny tworzy s\u0142odko-kwa\u015bn\u0105 r\u00f3wnowag\u0119 w Blue Razz Ice. Na podniebieniu s\u0142odycz bor\u00f3wki przejmuje kontrol\u0119, po czym nast\u0119puje lekka kwaskowato\u015b\u0107 malin, tworz\u0105c dynamiczny post\u0119p smak\u00f3w.<\/p><h2>Charakterystyka smaku Glace\/Menthol<\/h2><p><strong>Efekt \u015bwie\u017cej mi\u0119ty:<\/strong><br \/>Cz\u0119\u015b\u0107 \u00abIce\u00bb jest charakterystyczn\u0105 cech\u0105 smaku Blue Razz Ice. Odnosi si\u0119 do dodatku sk\u0142adnik\u00f3w na bazie mi\u0119ty lub mentolu, zapewniaj\u0105c silne uczucie \u015bwie\u017co\u015bci. Podczas inhalacji to uczucie \u015bwie\u017co\u015bci szybko rozprzestrzenia si\u0119 w ustach i gardle, podobnie jak podczas \u0142yku mro\u017conego napoju lub \u017cucia mi\u0119ty.<\/p><p>Po\u0142\u0105czenie z owocowymi smakami: Uczucie \u015bwie\u017co\u015bci doskonale uzupe\u0142nia cierpkie smaki jagodowo-malinowe. \u015awie\u017co\u015b\u0107 mi\u0119ty neutralizuje s\u0142odycz owocowych smak\u00f3w, czyni\u0105c smak l\u017cejszym, szczeg\u00f3lnie odpowiednim na upa\u0142y lub d\u0142ugie popijanie.<\/p><p><strong>Posmak :<\/strong><br \/>Podczas wydechu na podniebieniu utrzymuje si\u0119 uczucie \u015bwie\u017co\u015bci, kt\u00f3remu towarzyszy nuta jagodowej s\u0142odyczy i lekka malinowa kwaskowato\u015b\u0107. Posmak jest czysty i nie pozostawia t\u0142ustego uczucia, zach\u0119caj\u0105c do dalszej degustacji.<\/p>\t\t\t\t\t\t\t\t<\/div>\n\t\t\t\t<\/div>\n\t\t\t\t\t<\/div>\n\t\t\t\t<\/div>\n\t\t<div class=\"elementor-element elementor-element-718b380 e-flex e-con-boxed e-con e-parent\" data-id=\"718b380\" data-element_type=\"container\" data-e-type=\"container\">\n\t\t\t\t\t<div class=\"e-con-inner\">\n\t\t\t\t<div class=\"elementor-element elementor-element-d2cc8fa elementor-widget elementor-widget-text-editor\" data-id=\"d2cc8fa\" data-element_type=\"widget\" data-e-type=\"widget\" data-widget_type=\"text-editor.default\">\n\t\t\t\t<div class=\"elementor-widget-container\">\n\t\t\t\t\t\t\t\t\t<h2>Wyj\u0105tkowy smak i produkcja pary:<\/h2><p>Technologia podw\u00f3jnego rezystora RandM Tornado 35000 zapewnia optymalne podgrzewanie e-cieczy, zapewniaj\u0105c bogatszy smak i wi\u0119ksz\u0105 chmur\u0119 pary, idealn\u0105 dla u\u017cytkownik\u00f3w poszukuj\u0105cych intensywnych smak\u00f3w i intensywnych efekt\u00f3w wizualnych.<\/p><h2>Modny, spersonalizowany design:<\/h2><p>Efekty \u015bwietlne RGB mog\u0105 by\u0107 zsynchronizowane z muzyk\u0105, dzi\u0119ki czemu korzystanie z urz\u0105dzenia jest jeszcze przyjemniejsze, szczeg\u00f3lnie w przypadku okazji towarzyskich lub m\u0142odszych u\u017cytkownik\u00f3w. U\u017cytkownicy mog\u0105 dezaktywowa\u0107 efekty \u015bwietlne w celu bardziej dyskretnego u\u017cytkowania.<\/p><p>Zainspirowany nowoczesnym wzornictwem Digitalbox 12000, \u0142\u0105czy w sobie estetyk\u0119 i przeno\u015bno\u015b\u0107, z wygodnym uchwytem do codziennego u\u017cytku.<\/p><h2>\u0141atwy w u\u017cyciu:<\/h2><p>Model RandM Tornado 35000 nie wymaga konserwacji ani wymiany rezystor\u00f3w czy zbiornik\u00f3w e-liquidu. Mo\u017cna z niego korzysta\u0107 od razu, co czyni go idealnym rozwi\u0105zaniem dla pocz\u0105tkuj\u0105cych lub mniej wymagaj\u0105cych u\u017cytkownik\u00f3w.<\/p><p>Inteligentny wy\u015bwietlacz intuicyjnie pokazuje poziom na\u0142adowania baterii i pozosta\u0142\u0105 ilo\u015b\u0107 e-liquidu, dzi\u0119ki czemu nie musisz si\u0119 martwi\u0107 o przerwy w zasilaniu lub wyczerpanie e-liquidu.<\/p><p>Szybkie \u0142adowanie typu C skraca czas oczekiwania, a d\u0142uga \u017cywotno\u015b\u0107 baterii zapewnia d\u0142ugotrwa\u0142e u\u017cytkowanie.<\/p><h2>RandM Tornado 35000 funkcje<\/h2><p>Liczba zaci\u0105gni\u0119\u0107: Do 35 000 zaci\u0105gni\u0119\u0107, jedna z najwi\u0119kszych pojemno\u015bci na rynku, idealna dla intensywnych u\u017cytkownik\u00f3w i d\u0142ugiego czasu pracy.<\/p><p>Pojemno\u015b\u0107 baterii: Wyposa\u017cona w akumulator o pojemno\u015bci 700 mAh. Szybkie \u0142adowanie za po\u015brednictwem interfejsu Type-C gwarantuje d\u0142ugie u\u017cytkowanie i szybkie odzyskiwanie energii.<\/p><p>Technologia rezystorowa: Zastosowanie rezystora o podw\u00f3jnych oczkach 1,2 \u03a9 zapewnia bardziej r\u00f3wnomierne podgrzewanie, g\u0119stsz\u0105 par\u0119 i mocniejszy smak.<\/p><p>Dawka nikotyny: Mo\u017cna wybra\u0107 pomi\u0119dzy 0 %, 2 % lub 5 % nikotyny, aby zaspokoi\u0107 potrzeby ka\u017cdego u\u017cytkownika.<\/p><p>Funkcja wy\u015bwietlacza: Wyposa\u017cony w ekran LED, wy\u015bwietla poziom na\u0142adowania baterii i pozosta\u0142y poziom e-liquidu w czasie rzeczywistym, umo\u017cliwiaj\u0105c u\u017cytkownikom monitorowanie stanu urz\u0105dzenia.<\/p><p>Konstrukcja i przeno\u015bno\u015b\u0107: Kompaktowy i lekki, \u0142atwy do przenoszenia. Jego konstrukcja jest inspirowana modelem Digitalbox 12000 i charakteryzuje si\u0119 nowoczesnym, eleganckim wygl\u0105dem.<\/p>\t\t\t\t\t\t\t\t<\/div>\n\t\t\t\t<\/div>\n\t\t\t\t\t<\/div>\n\t\t\t\t<\/div>\n\t\t\t\t<\/div>","protected":false},"excerpt":{"rendered":"<p>Blue Razz Ice est un ar\u00f4me fruit\u00e9 complexe tr\u00e8s populaire dans l&rsquo;industrie de la cigarette \u00e9lectronique, que l&rsquo;on retrouve couramment dans les produits de la gamme RandM Tornado (comme les mod\u00e8les Tornado 9000, 15000 et 20000). Il offre une saveur aigre-douce de myrtille et de framboise, avec un effet menthe fra\u00eeche, pour une exp\u00e9rience de [&hellip;]<\/p>\n","protected":false},"featured_media":4759,"comment_status":"open","ping_status":"closed","template":"","meta":{"site-sidebar-layout":"no-sidebar","site-content-layout":"page-builder","ast-site-content-layout":"normal-width-container","site-content-style":"default","site-sidebar-style":"default","ast-global-header-display":"","ast-banner-title-visibility":"","ast-main-header-display":"","ast-hfb-above-header-display":"","ast-hfb-below-header-display":"","ast-hfb-mobile-header-display":"","site-post-title":"disabled","ast-breadcrumbs-content":"","ast-featured-img":"disabled","footer-sml-layout":"","ast-disable-related-posts":"","theme-transparent-header-meta":"default","adv-header-id-meta":"","stick-header-meta":"default","header-above-stick-meta":"","header-main-stick-meta":"","header-below-stick-meta":"","astra-migrate-meta-layouts":"set","ast-page-background-enabled":"default","ast-page-background-meta":{"desktop":{"background-color":"","background-image":"","background-repeat":"repeat","background-position":"center center","background-size":"auto","background-attachment":"scroll","background-type":"","background-media":"","overlay-type":"","overlay-color":"","overlay-opacity":"","overlay-gradient":""},"tablet":{"background-color":"","background-image":"","background-repeat":"repeat","background-position":"center center","background-size":"auto","background-attachment":"scroll","background-type":"","background-media":"","overlay-type":"","overlay-color":"","overlay-opacity":"","overlay-gradient":""},"mobile":{"background-color":"","background-image":"","background-repeat":"repeat","background-position":"center center","background-size":"auto","background-attachment":"scroll","background-type":"","background-media":"","overlay-type":"","overlay-color":"","overlay-opacity":"","overlay-gradient":""}},"ast-content-background-meta":{"desktop":{"background-color":"var(--ast-global-color-5)","background-image":"","background-repeat":"repeat","background-position":"center center","background-size":"auto","background-attachment":"scroll","background-type":"","background-media":"","overlay-type":"","overlay-color":"","overlay-opacity":"","overlay-gradient":""},"tablet":{"background-color":"var(--ast-global-color-5)","background-image":"","background-repeat":"repeat","background-position":"center center","background-size":"auto","background-attachment":"scroll","background-type":"","background-media":"","overlay-type":"","overlay-color":"","overlay-opacity":"","overlay-gradient":""},"mobile":{"background-color":"var(--ast-global-color-5)","background-image":"","background-repeat":"repeat","background-position":"center center","background-size":"auto","background-attachment":"scroll","background-type":"","background-media":"","overlay-type":"","overlay-color":"","overlay-opacity":"","overlay-gradient":""}}},"product_brand":[42],"product_cat":[49,80,105,15],"product_tag":[],"class_list":{"0":"post-5032","1":"product","2":"type-product","3":"status-publish","4":"has-post-thumbnail","6":"product_brand-randm-tornado","7":"product_cat-randm-tornado-35000-offre-35000-bouffees-de-cigarettes","8":"product_cat-puff-15k","9":"product_cat-puff-35k","10":"product_cat-magasin-cigarette-electronique","11":"desktop-align-center","12":"tablet-align-center","13":"mobile-align-center","14":"ast-product-gallery-layout-horizontal","15":"ast-product-gallery-with-no-image","16":"ast-product-single-variable","17":"ast-product-tabs-layout-horizontal","18":"ast-qv-on-image","20":"first","21":"instock","22":"sale","23":"shipping-taxable","24":"purchasable","25":"product-type-variable","26":"has-default-attributes"},"tiered_pricing_type":"fixed","tiered_pricing_fixed_rules":{"50":12.99,"100":11.39,"200":10.79,"400":10.39},"tiered_pricing_product_settings":{"layout":"default","base_unit_name":{"singular":null,"plural":null},"default_variation":null},"tiered_pricing_minimum_quantity":null,"tiered_pricing_roles_data":[],"tiered_pricing_percentage_rules":[],"_links":{"self":[{"href":"https:\/\/puffvapestore.com\/pl\/wp-json\/wp\/v2\/product\/5032","targetHints":{"allow":["GET"]}}],"collection":[{"href":"https:\/\/puffvapestore.com\/pl\/wp-json\/wp\/v2\/product"}],"about":[{"href":"https:\/\/puffvapestore.com\/pl\/wp-json\/wp\/v2\/types\/product"}],"replies":[{"embeddable":true,"href":"https:\/\/puffvapestore.com\/pl\/wp-json\/wp\/v2\/comments?post=5032"}],"version-history":[{"count":6,"href":"https:\/\/puffvapestore.com\/pl\/wp-json\/wp\/v2\/product\/5032\/revisions"}],"predecessor-version":[{"id":5041,"href":"https:\/\/puffvapestore.com\/pl\/wp-json\/wp\/v2\/product\/5032\/revisions\/5041"}],"wp:featuredmedia":[{"embeddable":true,"href":"https:\/\/puffvapestore.com\/pl\/wp-json\/wp\/v2\/media\/4759"}],"wp:attachment":[{"href":"https:\/\/puffvapestore.com\/pl\/wp-json\/wp\/v2\/media?parent=5032"}],"wp:term":[{"taxonomy":"product_brand","embeddable":true,"href":"https:\/\/puffvapestore.com\/pl\/wp-json\/wp\/v2\/product_brand?post=5032"},{"taxonomy":"product_cat","embeddable":true,"href":"https:\/\/puffvapestore.com\/pl\/wp-json\/wp\/v2\/product_cat?post=5032"},{"taxonomy":"product_tag","embeddable":true,"href":"https:\/\/puffvapestore.com\/pl\/wp-json\/wp\/v2\/product_tag?post=5032"}],"curies":[{"name":"wp","href":"https:\/\/api.w.org\/{rel}","templated":true}]}}