{"id":5022,"date":"2025-07-14T05:47:38","date_gmt":"2025-07-14T05:47:38","guid":{"rendered":"https:\/\/puffvapestore.com\/?post_type=product&#038;p=5022"},"modified":"2026-01-19T10:31:55","modified_gmt":"2026-01-19T10:31:55","slug":"mexico-mango-ice-tornado-35000-riche-fruitee-et-rafraichissante","status":"publish","type":"product","link":"https:\/\/puffvapestore.com\/pl\/product\/mexico-mango-ice-tornado-35000-bogaty-owocowy-i-orzezwiajacy-smak\/","title":{"rendered":"Mexico Mango Ice - Fumot RandM Tornado 35000"},"content":{"rendered":"<div data-elementor-type=\"wp-post\" data-elementor-id=\"5022\" class=\"elementor elementor-5022\">\n\t\t\t\t<div class=\"elementor-element elementor-element-08c26f9 e-flex e-con-boxed e-con e-parent\" data-id=\"08c26f9\" data-element_type=\"container\" data-e-type=\"container\">\n\t\t\t\t\t<div class=\"e-con-inner\">\n\t\t\t\t<div class=\"elementor-element elementor-element-a005a97 elementor-widget elementor-widget-text-editor\" data-id=\"a005a97\" data-element_type=\"widget\" data-e-type=\"widget\" data-widget_type=\"text-editor.default\">\n\t\t\t\t<div class=\"elementor-widget-container\">\n\t\t\t\t\t\t\t\t\t<p>Smak Iced Mexican Mango koncentruje si\u0119 na dojrza\u0142ej s\u0142odyczy meksyka\u0144skiego mango, uzupe\u0142nionej odrobin\u0105 \u015bwie\u017cej mi\u0119ty, tworz\u0105c bogate, owocowe i orze\u017awiaj\u0105ce doznania podczas palenia. Smak ten doskonale oddaje naturalny aromat meksyka\u0144skiego mango, kt\u00f3ry r\u00f3\u017cni si\u0119 od klasycznego mango, z lepsz\u0105 percepcj\u0105 aromatu i mi\u0119sistym odczuciem.<\/p><h2>Serce smaku mango:<\/h2><p>S\u0142odki i owocowy: Na podniebieniu Iced Mexican Mango oferuje bogat\u0105 s\u0142odycz mango, jakby\u015b gryz\u0142 dojrza\u0142e mango \u015bwie\u017co zebrane z tropikalnego sadu w Meksyku. S\u0142odycz mango jest pe\u0142na i naturalna, z wyj\u0105tkowym, bogatym aromatem owoc\u00f3w tropikalnych, przypominaj\u0105cym tropikaln\u0105 atmosfer\u0119 pod s\u0142o\u0144cem.<\/p><p>Lekka kwaskowato\u015b\u0107: W por\u00f3wnaniu ze zwyk\u0142ymi owocami mango, meksyka\u0144skie mango maj\u0105 zazwyczaj lekk\u0105 kwaskowato\u015b\u0107. Ta kwasowo\u015b\u0107 dodaje odrobin\u0119 o\u017cywienia do og\u00f3lnej s\u0142odyczy, unikaj\u0105c s\u0142odkiego, t\u0142ustego uczucia i czyni\u0105c smak bardziej z\u0142o\u017conym.<\/p><p>Tekstura mi\u0105\u017cszu: Podczas wdechu mango oferuje g\u0142adk\u0105, pe\u0142n\u0105 tekstur\u0119, jakby delikatny smak mi\u0105\u017cszu by\u0142 przywracany, zapewniaj\u0105c wci\u0105gaj\u0105ce doznania smakowe.<\/p><h2>Po\u0142\u0105czenie \u015bwie\u017cej mi\u0119ty:<\/h2><p>Orze\u017awiaj\u0105cy efekt: S\u0142odyczy mango towarzyszy nuta \u015bwie\u017cej mi\u0119ty (mentol), zapewniaj\u0105c uczucie \u015bwie\u017co\u015bci. To ch\u0142odz\u0105ce uczucie nie jest przyt\u0142aczaj\u0105ce, ale pozostawia orze\u017awiaj\u0105cy posmak w ustach i gardle, jak po wypiciu mro\u017conego soku z mango w gor\u0105cy letni dzie\u0144.<\/p><h2>Warstwy i posmak:<\/h2><p>Wdychanie: Podczas wdychania owocowy, s\u0142odki i lekko kwa\u015bny aromat mango najpierw atakuje kubki smakowe, zapewniaj\u0105c bogaty, przyjemny smak owoc\u00f3w tropikalnych.<\/p><p>Wydech: Podczas wydechu stopniowo pojawia si\u0119 \u015bwie\u017co\u015b\u0107 mi\u0119ty, kt\u00f3rej towarzyszy utrzymuj\u0105cy si\u0119 zapach mango, pozostawiaj\u0105cy orze\u017awiaj\u0105cy posmak.<\/p>\t\t\t\t\t\t\t\t<\/div>\n\t\t\t\t<\/div>\n\t\t\t\t\t<\/div>\n\t\t\t\t<\/div>\n\t\t<div class=\"elementor-element elementor-element-718b380 e-flex e-con-boxed e-con e-parent\" data-id=\"718b380\" data-element_type=\"container\" data-e-type=\"container\">\n\t\t\t\t\t<div class=\"e-con-inner\">\n\t\t\t\t<div class=\"elementor-element elementor-element-d2cc8fa elementor-widget elementor-widget-text-editor\" data-id=\"d2cc8fa\" data-element_type=\"widget\" data-e-type=\"widget\" data-widget_type=\"text-editor.default\">\n\t\t\t\t<div class=\"elementor-widget-container\">\n\t\t\t\t\t\t\t\t\t<h2>Wyj\u0105tkowy smak i produkcja pary:<\/h2><p>Technologia podw\u00f3jnego rezystora RandM Tornado 35000 Mexico Mango Ice zapewnia optymalne podgrzewanie e-cieczy, zapewniaj\u0105c bogatszy smak i wi\u0119ksz\u0105 chmur\u0119 pary, idealn\u0105 dla u\u017cytkownik\u00f3w poszukuj\u0105cych intensywnych smak\u00f3w i intensywnych efekt\u00f3w wizualnych.<\/p><h2>Modny, spersonalizowany design:<\/h2><p>Efekty \u015bwietlne RGB mog\u0105 by\u0107 zsynchronizowane z muzyk\u0105, dzi\u0119ki czemu korzystanie z urz\u0105dzenia jest jeszcze przyjemniejsze, szczeg\u00f3lnie w przypadku okazji towarzyskich lub m\u0142odszych u\u017cytkownik\u00f3w. U\u017cytkownicy mog\u0105 dezaktywowa\u0107 efekty \u015bwietlne w celu bardziej dyskretnego u\u017cytkowania.<\/p><p>Zainspirowany nowoczesnym wzornictwem Digitalbox 12000, \u0142\u0105czy w sobie estetyk\u0119 i przeno\u015bno\u015b\u0107, z wygodnym uchwytem do codziennego u\u017cytku.<\/p><h2>\u0141atwy w u\u017cyciu:<\/h2><p>RandM Tornado 35000 Mexico Mango Ice nie wymaga konserwacji ani wymiany rezystor\u00f3w czy zbiornik\u00f3w e-liquidu. Mo\u017cna go u\u017cywa\u0107 od razu, dzi\u0119ki czemu jest idealny dla pocz\u0105tkuj\u0105cych lub mniej wymagaj\u0105cych u\u017cytkownik\u00f3w.<\/p><p>Inteligentny wy\u015bwietlacz intuicyjnie pokazuje poziom na\u0142adowania baterii i pozosta\u0142\u0105 ilo\u015b\u0107 e-liquidu, dzi\u0119ki czemu nie musisz si\u0119 martwi\u0107 o przerwy w zasilaniu lub wyczerpanie e-liquidu.<\/p><p>Szybkie \u0142adowanie typu C skraca czas oczekiwania, a d\u0142uga \u017cywotno\u015b\u0107 baterii zapewnia d\u0142ugotrwa\u0142e u\u017cytkowanie.<\/p><h2>RandM Tornado 35000 Cechy Mexico Mango Ice<\/h2><p>Liczba zaci\u0105gni\u0119\u0107: Do 35 000 zaci\u0105gni\u0119\u0107, jedna z najwi\u0119kszych pojemno\u015bci na rynku, idealna dla intensywnych u\u017cytkownik\u00f3w i d\u0142ugiego czasu pracy.<\/p><p>Pojemno\u015b\u0107 baterii: Wyposa\u017cona w akumulator o pojemno\u015bci 700 mAh. Szybkie \u0142adowanie za po\u015brednictwem interfejsu Type-C gwarantuje d\u0142ugie u\u017cytkowanie i szybkie odzyskiwanie energii.<\/p><p>Technologia rezystorowa: Zastosowanie rezystora o podw\u00f3jnych oczkach 1,2 \u03a9 zapewnia bardziej r\u00f3wnomierne podgrzewanie, g\u0119stsz\u0105 par\u0119 i mocniejszy smak.<\/p><p>Dawka nikotyny: Mo\u017cna wybra\u0107 pomi\u0119dzy 0 %, 2 % lub 5 % nikotyny, aby zaspokoi\u0107 potrzeby ka\u017cdego u\u017cytkownika.<\/p><p>Funkcja wy\u015bwietlacza: Wyposa\u017cony w ekran LED, wy\u015bwietla poziom na\u0142adowania baterii i pozosta\u0142y poziom e-liquidu w czasie rzeczywistym, umo\u017cliwiaj\u0105c u\u017cytkownikom monitorowanie stanu urz\u0105dzenia.<\/p><p>Konstrukcja i przeno\u015bno\u015b\u0107: Kompaktowy i lekki, \u0142atwy do przenoszenia. Jego konstrukcja jest inspirowana modelem Digitalbox 12000 i charakteryzuje si\u0119 nowoczesnym, eleganckim wygl\u0105dem.<\/p>\t\t\t\t\t\t\t\t<\/div>\n\t\t\t\t<\/div>\n\t\t\t\t\t<\/div>\n\t\t\t\t<\/div>\n\t\t\t\t<\/div>","protected":false},"excerpt":{"rendered":"<p>La saveur de Mangue mexicaine glac\u00e9e met l&rsquo;accent sur la douceur m\u00fbre de la mangue mexicaine, compl\u00e9t\u00e9e par une touche de menthe fra\u00eeche, cr\u00e9ant une exp\u00e9rience de fum\u00e9e riche, fruit\u00e9e et rafra\u00eechissante. Cette saveur restitue parfaitement l&rsquo;ar\u00f4me naturel de la mangue mexicaine, diff\u00e9rent de la mangue classique, avec une meilleure perception aromatique et une sensation [&hellip;]<\/p>\n","protected":false},"featured_media":4768,"comment_status":"open","ping_status":"closed","template":"","meta":{"site-sidebar-layout":"no-sidebar","site-content-layout":"page-builder","ast-site-content-layout":"normal-width-container","site-content-style":"default","site-sidebar-style":"default","ast-global-header-display":"","ast-banner-title-visibility":"","ast-main-header-display":"","ast-hfb-above-header-display":"","ast-hfb-below-header-display":"","ast-hfb-mobile-header-display":"","site-post-title":"disabled","ast-breadcrumbs-content":"","ast-featured-img":"disabled","footer-sml-layout":"","ast-disable-related-posts":"","theme-transparent-header-meta":"default","adv-header-id-meta":"","stick-header-meta":"default","header-above-stick-meta":"","header-main-stick-meta":"","header-below-stick-meta":"","astra-migrate-meta-layouts":"set","ast-page-background-enabled":"default","ast-page-background-meta":{"desktop":{"background-color":"","background-image":"","background-repeat":"repeat","background-position":"center center","background-size":"auto","background-attachment":"scroll","background-type":"","background-media":"","overlay-type":"","overlay-color":"","overlay-opacity":"","overlay-gradient":""},"tablet":{"background-color":"","background-image":"","background-repeat":"repeat","background-position":"center center","background-size":"auto","background-attachment":"scroll","background-type":"","background-media":"","overlay-type":"","overlay-color":"","overlay-opacity":"","overlay-gradient":""},"mobile":{"background-color":"","background-image":"","background-repeat":"repeat","background-position":"center center","background-size":"auto","background-attachment":"scroll","background-type":"","background-media":"","overlay-type":"","overlay-color":"","overlay-opacity":"","overlay-gradient":""}},"ast-content-background-meta":{"desktop":{"background-color":"var(--ast-global-color-5)","background-image":"","background-repeat":"repeat","background-position":"center center","background-size":"auto","background-attachment":"scroll","background-type":"","background-media":"","overlay-type":"","overlay-color":"","overlay-opacity":"","overlay-gradient":""},"tablet":{"background-color":"var(--ast-global-color-5)","background-image":"","background-repeat":"repeat","background-position":"center center","background-size":"auto","background-attachment":"scroll","background-type":"","background-media":"","overlay-type":"","overlay-color":"","overlay-opacity":"","overlay-gradient":""},"mobile":{"background-color":"var(--ast-global-color-5)","background-image":"","background-repeat":"repeat","background-position":"center center","background-size":"auto","background-attachment":"scroll","background-type":"","background-media":"","overlay-type":"","overlay-color":"","overlay-opacity":"","overlay-gradient":""}}},"product_brand":[42],"product_cat":[49,105,15],"product_tag":[],"class_list":{"0":"post-5022","1":"product","2":"type-product","3":"status-publish","4":"has-post-thumbnail","6":"product_brand-randm-tornado","7":"product_cat-randm-tornado-35000-offre-35000-bouffees-de-cigarettes","8":"product_cat-puff-35k","9":"product_cat-magasin-cigarette-electronique","10":"desktop-align-center","11":"tablet-align-center","12":"mobile-align-center","13":"ast-product-gallery-layout-horizontal","14":"ast-product-gallery-with-no-image","15":"ast-product-single-variable","16":"ast-product-tabs-layout-horizontal","17":"ast-qv-on-image","19":"first","20":"instock","21":"sale","22":"shipping-taxable","23":"purchasable","24":"product-type-variable","25":"has-default-attributes"},"tiered_pricing_type":"fixed","tiered_pricing_fixed_rules":{"50":12.99,"100":11.39,"200":10.79,"400":10.39},"tiered_pricing_product_settings":{"layout":"default","base_unit_name":{"singular":null,"plural":null},"default_variation":null},"tiered_pricing_minimum_quantity":null,"tiered_pricing_roles_data":[],"tiered_pricing_percentage_rules":[],"_links":{"self":[{"href":"https:\/\/puffvapestore.com\/pl\/wp-json\/wp\/v2\/product\/5022","targetHints":{"allow":["GET"]}}],"collection":[{"href":"https:\/\/puffvapestore.com\/pl\/wp-json\/wp\/v2\/product"}],"about":[{"href":"https:\/\/puffvapestore.com\/pl\/wp-json\/wp\/v2\/types\/product"}],"replies":[{"embeddable":true,"href":"https:\/\/puffvapestore.com\/pl\/wp-json\/wp\/v2\/comments?post=5022"}],"version-history":[{"count":6,"href":"https:\/\/puffvapestore.com\/pl\/wp-json\/wp\/v2\/product\/5022\/revisions"}],"predecessor-version":[{"id":5031,"href":"https:\/\/puffvapestore.com\/pl\/wp-json\/wp\/v2\/product\/5022\/revisions\/5031"}],"wp:featuredmedia":[{"embeddable":true,"href":"https:\/\/puffvapestore.com\/pl\/wp-json\/wp\/v2\/media\/4768"}],"wp:attachment":[{"href":"https:\/\/puffvapestore.com\/pl\/wp-json\/wp\/v2\/media?parent=5022"}],"wp:term":[{"taxonomy":"product_brand","embeddable":true,"href":"https:\/\/puffvapestore.com\/pl\/wp-json\/wp\/v2\/product_brand?post=5022"},{"taxonomy":"product_cat","embeddable":true,"href":"https:\/\/puffvapestore.com\/pl\/wp-json\/wp\/v2\/product_cat?post=5022"},{"taxonomy":"product_tag","embeddable":true,"href":"https:\/\/puffvapestore.com\/pl\/wp-json\/wp\/v2\/product_tag?post=5022"}],"curies":[{"name":"wp","href":"https:\/\/api.w.org\/{rel}","templated":true}]}}