{"id":4998,"date":"2025-07-12T19:33:53","date_gmt":"2025-07-12T19:33:53","guid":{"rendered":"https:\/\/puffvapestore.com\/?post_type=product&#038;p=4998"},"modified":"2026-01-19T10:31:55","modified_gmt":"2026-01-19T10:31:55","slug":"juicy-peach-ice-fumot-tornado-35000-douce-et-fraiche","status":"publish","type":"product","link":"https:\/\/puffvapestore.com\/pl\/product\/soczysty-brzoskwiniowy-lod-fumot-tornado-35000-miekki-i-swiezy\/","title":{"rendered":"Juicy Peach Ice - Fumot RandM Tornado 35000"},"content":{"rendered":"<div data-elementor-type=\"wp-post\" data-elementor-id=\"4998\" class=\"elementor elementor-4998\">\n\t\t\t\t<div class=\"elementor-element elementor-element-08c26f9 e-flex e-con-boxed e-con e-parent\" data-id=\"08c26f9\" data-element_type=\"container\" data-e-type=\"container\">\n\t\t\t\t\t<div class=\"e-con-inner\">\n\t\t\t\t<div class=\"elementor-element elementor-element-a005a97 elementor-widget elementor-widget-text-editor\" data-id=\"a005a97\" data-element_type=\"widget\" data-e-type=\"widget\" data-widget_type=\"text-editor.default\">\n\t\t\t\t<div class=\"elementor-widget-container\">\n\t\t\t\t\t\t\t\t\t<p>Juicy Frozen Peach Fumot RandM Tornado 35000 sprytnie \u0142\u0105czy naturalny smak brzoskwini z orze\u017awiaj\u0105cym doznaniem kostek lodu. G\u0142adki i \u015bwie\u017cy, z wyra\u017anym owocowym aromatem i bez t\u0142usto\u015bci, przypomina szklank\u0119 sch\u0142odzonego soku brzoskwiniowego w gor\u0105cy letni dzie\u0144.<\/p><h2>G\u0142\u00f3wny smak : Soczysta brzoskwinia<\/h2><p>Naturalna s\u0142odycz: S\u0142odki smak dojrza\u0142ych brzoskwi\u0144 jest wyczuwalny na podniebieniu. S\u0142odycz jest intensywna, ale nie t\u0142usta, jak w \u015bwie\u017co obranym soku z bia\u0142ych brzoskwi\u0144, z lekkim posmakiem mi\u0105\u017cszu.<\/p><p>Autentyczny owocowy aromat: Aromat jest \u0142agodny i naturalny. Nie jest to ostry smak brzoskwini, ale mieszanka bia\u0142ej i \u017c\u00f3\u0142tej brzoskwini, jak \u015bwie\u017co pokrojona soczysta brzoskwinia, \u015bwie\u017ca i lekko cierpka.<\/p><p>Soczysty smak: Podczas inhalacji odczuwalna jest \u00absoczysto\u015b\u0107\u00bb, przypominaj\u0105ca nieco wgryzanie si\u0119 w brzoskwini\u0119 i obserwowanie, jak jej sok rozlewa si\u0119 w ustach, g\u0142adko i subtelnie w\u0142\u00f3kni\u015bcie.<\/p><h2>Aromat drugorz\u0119dny: uczucie \u015bwie\u017cego lodu (Ice)<\/h2><p>Poziom lodowatego odczucia: Lodowate odczucie nie jest jak podmuch mi\u0119ty, kt\u00f3ry trafia prosto w czo\u0142o, ale rozprzestrzenia si\u0119 \u0142agodniej z ka\u017cdym wdechem, jak brzoskwiniowa soda z lodem, ch\u0142\u00f3d rozprzestrzeniaj\u0105cy si\u0119 powoli z gard\u0142a do ust.<\/p>\t\t\t\t\t\t\t\t<\/div>\n\t\t\t\t<\/div>\n\t\t\t\t\t<\/div>\n\t\t\t\t<\/div>\n\t\t<div class=\"elementor-element elementor-element-718b380 e-flex e-con-boxed e-con e-parent\" data-id=\"718b380\" data-element_type=\"container\" data-e-type=\"container\">\n\t\t\t\t\t<div class=\"e-con-inner\">\n\t\t\t\t<div class=\"elementor-element elementor-element-d2cc8fa elementor-widget elementor-widget-text-editor\" data-id=\"d2cc8fa\" data-element_type=\"widget\" data-e-type=\"widget\" data-widget_type=\"text-editor.default\">\n\t\t\t\t<div class=\"elementor-widget-container\">\n\t\t\t\t\t\t\t\t\t<h2>Wyj\u0105tkowy smak i produkcja pary:<\/h2><p>Technologia podw\u00f3jnego rezystora RandM Tornado 35000 zapewnia optymalne podgrzewanie e-cieczy, zapewniaj\u0105c bogatszy smak i wi\u0119ksz\u0105 chmur\u0119 pary, idealn\u0105 dla u\u017cytkownik\u00f3w poszukuj\u0105cych intensywnych smak\u00f3w i intensywnych efekt\u00f3w wizualnych.<\/p><p>Smaki s\u0105 zr\u00f3\u017cnicowane i bogate, niezale\u017cnie od tego, czy s\u0105 to owoce, przek\u0105ski czy desery, zapewniaj\u0105c niezmiennie wysok\u0105 jako\u015b\u0107.<\/p><h2>Modny, spersonalizowany design:<\/h2><p>Efekty \u015bwietlne RGB mog\u0105 by\u0107 zsynchronizowane z muzyk\u0105, dzi\u0119ki czemu korzystanie z urz\u0105dzenia jest jeszcze przyjemniejsze, szczeg\u00f3lnie w przypadku okazji towarzyskich lub m\u0142odszych u\u017cytkownik\u00f3w. U\u017cytkownicy mog\u0105 dezaktywowa\u0107 efekty \u015bwietlne w celu bardziej dyskretnego u\u017cytkowania.<\/p><p>Zainspirowany nowoczesnym wzornictwem Digitalbox 12000, \u0142\u0105czy w sobie estetyk\u0119 i przeno\u015bno\u015b\u0107, z wygodnym uchwytem do codziennego u\u017cytku.<\/p><h2>\u0141atwy w u\u017cyciu:<\/h2><p>Model RandM Tornado 35000 nie wymaga konserwacji ani wymiany rezystor\u00f3w czy zbiornik\u00f3w e-liquidu. Mo\u017cna z niego korzysta\u0107 od razu, co czyni go idealnym rozwi\u0105zaniem dla pocz\u0105tkuj\u0105cych lub mniej wymagaj\u0105cych u\u017cytkownik\u00f3w.<\/p><p>Inteligentny wy\u015bwietlacz intuicyjnie pokazuje poziom na\u0142adowania baterii i pozosta\u0142\u0105 ilo\u015b\u0107 e-liquidu, dzi\u0119ki czemu nie musisz si\u0119 martwi\u0107 o przerwy w zasilaniu lub wyczerpanie e-liquidu.<\/p><p>Szybkie \u0142adowanie typu C skraca czas oczekiwania, a d\u0142uga \u017cywotno\u015b\u0107 baterii zapewnia d\u0142ugotrwa\u0142e u\u017cytkowanie.<\/p><h2>RandM Tornado 35000 funkcje<\/h2><p>Liczba zaci\u0105gni\u0119\u0107: Do 35 000 zaci\u0105gni\u0119\u0107, jedna z najwi\u0119kszych pojemno\u015bci na rynku, idealna dla intensywnych u\u017cytkownik\u00f3w i d\u0142ugiego czasu pracy.<\/p><p>Pojemno\u015b\u0107 baterii: Wyposa\u017cona w akumulator o pojemno\u015bci 700 mAh. Szybkie \u0142adowanie za po\u015brednictwem interfejsu Type-C gwarantuje d\u0142ugie u\u017cytkowanie i szybkie odzyskiwanie energii.<\/p><p>Technologia rezystorowa: Zastosowanie rezystora o podw\u00f3jnych oczkach 1,2 \u03a9 zapewnia bardziej r\u00f3wnomierne podgrzewanie, g\u0119stsz\u0105 par\u0119 i mocniejszy smak.<\/p><p>Dawka nikotyny: Mo\u017cna wybra\u0107 pomi\u0119dzy 0 %, 2 % lub 5 % nikotyny, aby zaspokoi\u0107 potrzeby ka\u017cdego u\u017cytkownika.<\/p><p>Funkcja wy\u015bwietlacza: Wyposa\u017cony w ekran LED, wy\u015bwietla poziom na\u0142adowania baterii i pozosta\u0142y poziom e-liquidu w czasie rzeczywistym, umo\u017cliwiaj\u0105c u\u017cytkownikom monitorowanie stanu urz\u0105dzenia.<\/p><p>Konstrukcja i przeno\u015bno\u015b\u0107: Kompaktowy i lekki, \u0142atwy do przenoszenia. Jego konstrukcja jest inspirowana modelem Digitalbox 12000 i charakteryzuje si\u0119 nowoczesnym, eleganckim wygl\u0105dem.<\/p>\t\t\t\t\t\t\t\t<\/div>\n\t\t\t\t<\/div>\n\t\t\t\t\t<\/div>\n\t\t\t\t<\/div>\n\t\t\t\t<\/div>","protected":false},"excerpt":{"rendered":"<p>La saveur P\u00eache Glac\u00e9e Juteuse Fumot RandM Tornado 35000 allie intelligemment l&rsquo;ar\u00f4me naturel de la p\u00eache \u00e0 une sensation rafra\u00eechissante de gla\u00e7ons. Douce et fra\u00eeche, avec un ar\u00f4me fruit\u00e9 prononc\u00e9, sans \u00eatre grasse, elle vous rappellera un verre de jus de p\u00eache glac\u00e9 par une chaude journ\u00e9e d&rsquo;\u00e9t\u00e9. Ar\u00f4me principal : P\u00eache Juteuse Douceur naturelle [&hellip;]<\/p>\n","protected":false},"featured_media":4766,"comment_status":"open","ping_status":"closed","template":"","meta":{"site-sidebar-layout":"no-sidebar","site-content-layout":"page-builder","ast-site-content-layout":"normal-width-container","site-content-style":"default","site-sidebar-style":"default","ast-global-header-display":"","ast-banner-title-visibility":"","ast-main-header-display":"","ast-hfb-above-header-display":"","ast-hfb-below-header-display":"","ast-hfb-mobile-header-display":"","site-post-title":"disabled","ast-breadcrumbs-content":"","ast-featured-img":"disabled","footer-sml-layout":"","ast-disable-related-posts":"","theme-transparent-header-meta":"default","adv-header-id-meta":"","stick-header-meta":"default","header-above-stick-meta":"","header-main-stick-meta":"","header-below-stick-meta":"","astra-migrate-meta-layouts":"set","ast-page-background-enabled":"default","ast-page-background-meta":{"desktop":{"background-color":"","background-image":"","background-repeat":"repeat","background-position":"center center","background-size":"auto","background-attachment":"scroll","background-type":"","background-media":"","overlay-type":"","overlay-color":"","overlay-opacity":"","overlay-gradient":""},"tablet":{"background-color":"","background-image":"","background-repeat":"repeat","background-position":"center center","background-size":"auto","background-attachment":"scroll","background-type":"","background-media":"","overlay-type":"","overlay-color":"","overlay-opacity":"","overlay-gradient":""},"mobile":{"background-color":"","background-image":"","background-repeat":"repeat","background-position":"center center","background-size":"auto","background-attachment":"scroll","background-type":"","background-media":"","overlay-type":"","overlay-color":"","overlay-opacity":"","overlay-gradient":""}},"ast-content-background-meta":{"desktop":{"background-color":"var(--ast-global-color-5)","background-image":"","background-repeat":"repeat","background-position":"center center","background-size":"auto","background-attachment":"scroll","background-type":"","background-media":"","overlay-type":"","overlay-color":"","overlay-opacity":"","overlay-gradient":""},"tablet":{"background-color":"var(--ast-global-color-5)","background-image":"","background-repeat":"repeat","background-position":"center center","background-size":"auto","background-attachment":"scroll","background-type":"","background-media":"","overlay-type":"","overlay-color":"","overlay-opacity":"","overlay-gradient":""},"mobile":{"background-color":"var(--ast-global-color-5)","background-image":"","background-repeat":"repeat","background-position":"center center","background-size":"auto","background-attachment":"scroll","background-type":"","background-media":"","overlay-type":"","overlay-color":"","overlay-opacity":"","overlay-gradient":""}}},"product_brand":[42],"product_cat":[49,105,15],"product_tag":[],"class_list":{"0":"post-4998","1":"product","2":"type-product","3":"status-publish","4":"has-post-thumbnail","6":"product_brand-randm-tornado","7":"product_cat-randm-tornado-35000-offre-35000-bouffees-de-cigarettes","8":"product_cat-puff-35k","9":"product_cat-magasin-cigarette-electronique","10":"desktop-align-center","11":"tablet-align-center","12":"mobile-align-center","13":"ast-product-gallery-layout-horizontal","14":"ast-product-gallery-with-no-image","15":"ast-product-single-variable","16":"ast-product-tabs-layout-horizontal","17":"ast-qv-on-image","19":"first","20":"instock","21":"sale","22":"shipping-taxable","23":"purchasable","24":"product-type-variable","25":"has-default-attributes"},"tiered_pricing_type":"fixed","tiered_pricing_fixed_rules":{"50":12.99,"100":11.39,"200":10.79,"400":10.39},"tiered_pricing_product_settings":{"layout":"default","base_unit_name":{"singular":null,"plural":null},"default_variation":null},"tiered_pricing_minimum_quantity":null,"tiered_pricing_roles_data":[],"tiered_pricing_percentage_rules":[],"_links":{"self":[{"href":"https:\/\/puffvapestore.com\/pl\/wp-json\/wp\/v2\/product\/4998","targetHints":{"allow":["GET"]}}],"collection":[{"href":"https:\/\/puffvapestore.com\/pl\/wp-json\/wp\/v2\/product"}],"about":[{"href":"https:\/\/puffvapestore.com\/pl\/wp-json\/wp\/v2\/types\/product"}],"replies":[{"embeddable":true,"href":"https:\/\/puffvapestore.com\/pl\/wp-json\/wp\/v2\/comments?post=4998"}],"version-history":[{"count":6,"href":"https:\/\/puffvapestore.com\/pl\/wp-json\/wp\/v2\/product\/4998\/revisions"}],"predecessor-version":[{"id":5007,"href":"https:\/\/puffvapestore.com\/pl\/wp-json\/wp\/v2\/product\/4998\/revisions\/5007"}],"wp:featuredmedia":[{"embeddable":true,"href":"https:\/\/puffvapestore.com\/pl\/wp-json\/wp\/v2\/media\/4766"}],"wp:attachment":[{"href":"https:\/\/puffvapestore.com\/pl\/wp-json\/wp\/v2\/media?parent=4998"}],"wp:term":[{"taxonomy":"product_brand","embeddable":true,"href":"https:\/\/puffvapestore.com\/pl\/wp-json\/wp\/v2\/product_brand?post=4998"},{"taxonomy":"product_cat","embeddable":true,"href":"https:\/\/puffvapestore.com\/pl\/wp-json\/wp\/v2\/product_cat?post=4998"},{"taxonomy":"product_tag","embeddable":true,"href":"https:\/\/puffvapestore.com\/pl\/wp-json\/wp\/v2\/product_tag?post=4998"}],"curies":[{"name":"wp","href":"https:\/\/api.w.org\/{rel}","templated":true}]}}