{"id":4964,"date":"2025-07-12T10:02:02","date_gmt":"2025-07-12T10:02:02","guid":{"rendered":"https:\/\/puffvapestore.com\/?post_type=product&#038;p=4964"},"modified":"2026-01-19T10:31:55","modified_gmt":"2026-01-19T10:31:55","slug":"fumot-tornado-35000-peach-mango-watermelon","status":"publish","type":"product","link":"https:\/\/puffvapestore.com\/pl\/product\/fumot-tornado-35000-brzoskwinia-mango-arbuz\/","title":{"rendered":"Brzoskwinia Mango Arbuz - Fumot Tornado 35000"},"content":{"rendered":"<div data-elementor-type=\"wp-post\" data-elementor-id=\"4964\" class=\"elementor elementor-4964\">\n\t\t\t\t<div class=\"elementor-element elementor-element-08c26f9 e-flex e-con-boxed e-con e-parent\" data-id=\"08c26f9\" data-element_type=\"container\" data-e-type=\"container\">\n\t\t\t\t\t<div class=\"e-con-inner\">\n\t\t\t\t<div class=\"elementor-element elementor-element-a005a97 elementor-widget elementor-widget-text-editor\" data-id=\"a005a97\" data-element_type=\"widget\" data-e-type=\"widget\" data-widget_type=\"text-editor.default\">\n\t\t\t\t<div class=\"elementor-widget-container\">\n\t\t\t\t\t\t\t\t\t<p>Ten smak Peach Mango Watermelon sprytnie \u0142\u0105czy w sobie smaki trzech tropikalnych owoc\u00f3w: jedwabisty, delikatny zapach brzoskwini, intensywn\u0105 s\u0142odycz mango i \u015bwie\u017cy, soczysty smak arbuza. Ka\u017cdy k\u0119s jest jak orze\u017awiaj\u0105ca sa\u0142atka owocowa w \u015brodku lata, s\u0142odka bez t\u0142usto\u015bci, bogata bez ostentacji, pod\u015bwiadomie zanurzaj\u0105ca ci\u0119 w tym smaku podczas chwil relaksu, jakby \u015bwiat zwolni\u0142.<\/p><p><strong>W\u0119dkarstwo<\/strong> Delikatna s\u0142odycz brzoskwini jest najpierw obecna na podniebieniu. Mniej lepka ni\u017c brzoskwinia z puszki, ma aromat \u015bwie\u017cego mi\u0105\u017cszu brzoskwiniowego, lekkiego i soczystego, z wyj\u0105tkow\u0105 nut\u0105 \u00abg\u0119sto\u015bci\u00bb. Nuta g\u0142owy jest wyra\u017ana i wyczuwalna od pierwszego posmaku. Mi\u0119kki, ale nie oleisty, oferuje naturalny owocowy aromat, kt\u00f3remu towarzyszy subtelny kwiatowy zapach, kt\u00f3ry podkre\u015bla og\u00f3ln\u0105 \u015bwie\u017co\u015b\u0107.<\/p><p><strong>Mango\u00a0<\/strong>Aromat mango stopniowo ujawnia si\u0119 w sercu, \u0142\u0105cz\u0105c si\u0119 z aromatem brzoskwini, tworz\u0105c bogaty smak owoc\u00f3w tropikalnych. Zapach mango jest g\u0119stszy i pe\u0142niejszy, z lekkim mlecznym aromatem i s\u0142odkim smakiem dojrza\u0142ego mango.<\/p><p><strong>Arbuz\u00a0<\/strong>Nuta bazy to orze\u017awiaj\u0105cy aromat arbuza, kt\u00f3ry ko\u0144czy smak czyst\u0105, orze\u017awiaj\u0105c\u0105 nut\u0105. Daje uczucie \u015bwie\u017co\u015bci, jak \u015bwie\u017co pokrojony arbuz.<\/p><h2>Elektroniczne papierosy Peach Mango Watermelon s\u0105 odpowiednie dla :<\/h2><p>U\u017cytkownicy ceni\u0105cy owocowe, s\u0142odkie i wyraziste smaki;<\/p><p>U\u017cytkownicy papieros\u00f3w elektronicznych poszukuj\u0105cy wyrazistego, niskobod\u017acowego smaku;<\/p><p>Mi\u0142o\u015bnicy smaku, kt\u00f3rzy ceni\u0105 sobie \u015bwie\u017cy, niet\u0142usty smak z lekko \u015bwie\u017cym posmakiem.<\/p>\t\t\t\t\t\t\t\t<\/div>\n\t\t\t\t<\/div>\n\t\t\t\t\t<\/div>\n\t\t\t\t<\/div>\n\t\t<div class=\"elementor-element elementor-element-718b380 e-flex e-con-boxed e-con e-parent\" data-id=\"718b380\" data-element_type=\"container\" data-e-type=\"container\">\n\t\t\t\t\t<div class=\"e-con-inner\">\n\t\t\t\t<div class=\"elementor-element elementor-element-d2cc8fa elementor-widget elementor-widget-text-editor\" data-id=\"d2cc8fa\" data-element_type=\"widget\" data-e-type=\"widget\" data-widget_type=\"text-editor.default\">\n\t\t\t\t<div class=\"elementor-widget-container\">\n\t\t\t\t\t\t\t\t\t<h2>Wiele zaci\u0105gni\u0119\u0107 - do 35 000 zaci\u0105gni\u0119\u0107<\/h2><p>Model RandM Tornado 35000 Peach Mango Watermelon jest wyposa\u017cony w system przechowywania p\u0142ynu o du\u017cej pojemno\u015bci i wysokowydajn\u0105 technologi\u0119 zarz\u0105dzania bateri\u0105, umo\u017cliwiaj\u0105c\u0105 wykonanie do 35 000 zaci\u0105gni\u0119\u0107. W por\u00f3wnaniu z konwencjonalnymi jednorazowymi papierosami elektronicznymi, jego \u017cywotno\u015b\u0107 jest znacznie d\u0142u\u017csza, dzi\u0119ki czemu jest szczeg\u00f3lnie odpowiedni dla intensywnych u\u017cytkownik\u00f3w lub d\u0142ugich podr\u00f3\u017cy, bez cz\u0119stej wymiany sprz\u0119tu, do d\u0142ugich zaci\u0105gni\u0119\u0107 bez zm\u0119czenia.<\/p><h2>Element grzewczy o podw\u00f3jnych oczkach - idealne po\u0142\u0105czenie bogatego smaku i wydajnej atomizacji<\/h2><p>Zastosowanie zaawansowanej technologii podw\u00f3jnego rezystora siatkowego 1,2 \u03a9 zapewnia bardziej r\u00f3wnomierne ogrzewanie i pe\u0142niejsz\u0105 atomizacj\u0119. Niezale\u017cnie od tego, czy chodzi o s\u0142odkie, owocowe czy lodowe smaki, zapewnia pe\u0142niejszy, delikatniejszy poziom smaku. Jednocze\u015bnie wytwarza g\u0119stszy dym, idealny dla u\u017cytkownik\u00f3w poszukuj\u0105cych zar\u00f3wno przyjemno\u015bci smakowej, jak i wizualnej.<\/p><h2>Wbudowany akumulator 700 mAh - wydajny i trwa\u0142y, kompatybilny z szybkim \u0142adowaniem Type-C<\/h2><p>Model RandM Tornado 35000 zosta\u0142 wyposa\u017cony w wydajn\u0105 bateri\u0119 litow\u0105 o pojemno\u015bci 700 mAh, zapewniaj\u0105c\u0105 nieprzerwane u\u017cytkowanie przez ca\u0142y dzie\u0144. Interfejs typu C znacznie poprawia szybko\u015b\u0107 \u0142adowania i skutecznie skraca czas oczekiwania. W por\u00f3wnaniu z tradycyjnymi jednorazowymi papierosami elektronicznymi, konstrukcja wielokrotnego \u0142adowania jest r\u00f3wnie\u017c bardziej przyjazna dla \u015brodowiska.<\/p><h2>Inteligentny wy\u015bwietlacz cyfrowy - monitorowanie stanu w czasie rzeczywistym<\/h2><p>Model RandM Tornado 35000 jest wyposa\u017cony w inteligentny, cyfrowy wy\u015bwietlacz o wysokiej rozdzielczo\u015bci, pokazuj\u0105cy w czasie rzeczywistym pozosta\u0142y poziom na\u0142adowania i poziom e-cieczy. Umo\u017cliwia to u\u017cytkownikom dok\u0142adne \u015bledzenie stanu u\u017cytkowania i unikni\u0119cie przerw spowodowanych awari\u0105 zasilania lub brakiem e-cieczy.<\/p><h2>Elegancka, przeno\u015bna konstrukcja - inspirowana Digitalbox 12000<\/h2><p>Jego design inspirowany jest s\u0142ynn\u0105 seri\u0105 Digitalbox 12000, \u0142\u0105cz\u0105c w sobie nowoczesno\u015b\u0107 i futuryzm. Kompaktowy i lekki, z zaokr\u0105glonymi rogami, oferuje optymalny komfort. \u0141atwy do przenoszenia, jest r\u00f3wnie\u017c idealny do pokazania swojej osobowo\u015bci i modnego gustu.<\/p><h2>Nie wymaga konserwacji: czysta przyjemno\u015b\u0107 od razu po wyj\u0119ciu z pude\u0142ka<\/h2><p>Model RandM Tornado 35000 Peach Mango Watermelon nie wymaga konserwacji: nie trzeba dodawa\u0107 e-cieczy, czy\u015bci\u0107 ani wymienia\u0107 cz\u0119\u015bci. Gotowy do u\u017cycia od razu po wyj\u0119ciu z pude\u0142ka, jest idealny dla u\u017cytkownik\u00f3w szukaj\u0105cych praktyczno\u015bci i spokoju ducha. Idealnie nadaje si\u0119 do podr\u00f3\u017cy, spotka\u0144 lub codziennego u\u017cytku.<\/p><h2>Dost\u0119pnych jest kilka st\u0119\u017ce\u0144 nikotyny: aby spe\u0142ni\u0107 Twoje potrzeby<\/h2><p>Dost\u0119pne s\u0105 st\u0119\u017cenia nikotyny 0 %, 2 % i 5 %, aby zaspokoi\u0107 potrzeby ka\u017cdego u\u017cytkownika. Niezale\u017cnie od tego, czy jeste\u015b u\u017cytkownikiem, kt\u00f3ry chce zmniejszy\u0107 dawk\u0119, czy entuzjast\u0105 elektronicznych papieros\u00f3w szukaj\u0105cym mocnego uderzenia w gard\u0142o, znajdziesz idealne st\u0119\u017cenie nikotyny.<\/p>\t\t\t\t\t\t\t\t<\/div>\n\t\t\t\t<\/div>\n\t\t\t\t\t<\/div>\n\t\t\t\t<\/div>\n\t\t\t\t<\/div>","protected":false},"excerpt":{"rendered":"<p>Cette saveur P\u00eache Mangue Past\u00e8que allie intelligemment les saveurs de trois fruits tropicaux : le parfum soyeux et d\u00e9licat de la p\u00eache, la douceur intense de la mangue et la fra\u00eecheur et la jutosit\u00e9 de la past\u00e8que. Chaque bouch\u00e9e est comme une salade de fruits rafra\u00eechissante en plein \u00e9t\u00e9, sucr\u00e9e sans \u00eatre grasse, riche sans [&hellip;]<\/p>\n","protected":false},"featured_media":4769,"comment_status":"open","ping_status":"closed","template":"","meta":{"site-sidebar-layout":"no-sidebar","site-content-layout":"page-builder","ast-site-content-layout":"normal-width-container","site-content-style":"default","site-sidebar-style":"default","ast-global-header-display":"","ast-banner-title-visibility":"","ast-main-header-display":"","ast-hfb-above-header-display":"","ast-hfb-below-header-display":"","ast-hfb-mobile-header-display":"","site-post-title":"disabled","ast-breadcrumbs-content":"","ast-featured-img":"disabled","footer-sml-layout":"","ast-disable-related-posts":"","theme-transparent-header-meta":"default","adv-header-id-meta":"","stick-header-meta":"default","header-above-stick-meta":"","header-main-stick-meta":"","header-below-stick-meta":"","astra-migrate-meta-layouts":"set","ast-page-background-enabled":"default","ast-page-background-meta":{"desktop":{"background-color":"","background-image":"","background-repeat":"repeat","background-position":"center center","background-size":"auto","background-attachment":"scroll","background-type":"","background-media":"","overlay-type":"","overlay-color":"","overlay-opacity":"","overlay-gradient":""},"tablet":{"background-color":"","background-image":"","background-repeat":"repeat","background-position":"center center","background-size":"auto","background-attachment":"scroll","background-type":"","background-media":"","overlay-type":"","overlay-color":"","overlay-opacity":"","overlay-gradient":""},"mobile":{"background-color":"","background-image":"","background-repeat":"repeat","background-position":"center center","background-size":"auto","background-attachment":"scroll","background-type":"","background-media":"","overlay-type":"","overlay-color":"","overlay-opacity":"","overlay-gradient":""}},"ast-content-background-meta":{"desktop":{"background-color":"var(--ast-global-color-5)","background-image":"","background-repeat":"repeat","background-position":"center center","background-size":"auto","background-attachment":"scroll","background-type":"","background-media":"","overlay-type":"","overlay-color":"","overlay-opacity":"","overlay-gradient":""},"tablet":{"background-color":"var(--ast-global-color-5)","background-image":"","background-repeat":"repeat","background-position":"center center","background-size":"auto","background-attachment":"scroll","background-type":"","background-media":"","overlay-type":"","overlay-color":"","overlay-opacity":"","overlay-gradient":""},"mobile":{"background-color":"var(--ast-global-color-5)","background-image":"","background-repeat":"repeat","background-position":"center center","background-size":"auto","background-attachment":"scroll","background-type":"","background-media":"","overlay-type":"","overlay-color":"","overlay-opacity":"","overlay-gradient":""}}},"product_brand":[42],"product_cat":[49,105,15],"product_tag":[],"class_list":{"0":"post-4964","1":"product","2":"type-product","3":"status-publish","4":"has-post-thumbnail","6":"product_brand-randm-tornado","7":"product_cat-randm-tornado-35000-offre-35000-bouffees-de-cigarettes","8":"product_cat-puff-35k","9":"product_cat-magasin-cigarette-electronique","10":"desktop-align-center","11":"tablet-align-center","12":"mobile-align-center","13":"ast-product-gallery-layout-horizontal","14":"ast-product-gallery-with-no-image","15":"ast-product-single-variable","16":"ast-product-tabs-layout-horizontal","17":"ast-qv-on-image","19":"first","20":"instock","21":"sale","22":"shipping-taxable","23":"purchasable","24":"product-type-variable","25":"has-default-attributes"},"tiered_pricing_type":"fixed","tiered_pricing_fixed_rules":{"50":12.99,"100":11.39,"200":10.79,"400":10.39},"tiered_pricing_product_settings":{"layout":"default","base_unit_name":{"singular":null,"plural":null},"default_variation":null},"tiered_pricing_minimum_quantity":null,"tiered_pricing_roles_data":[],"tiered_pricing_percentage_rules":[],"_links":{"self":[{"href":"https:\/\/puffvapestore.com\/pl\/wp-json\/wp\/v2\/product\/4964","targetHints":{"allow":["GET"]}}],"collection":[{"href":"https:\/\/puffvapestore.com\/pl\/wp-json\/wp\/v2\/product"}],"about":[{"href":"https:\/\/puffvapestore.com\/pl\/wp-json\/wp\/v2\/types\/product"}],"replies":[{"embeddable":true,"href":"https:\/\/puffvapestore.com\/pl\/wp-json\/wp\/v2\/comments?post=4964"}],"version-history":[{"count":6,"href":"https:\/\/puffvapestore.com\/pl\/wp-json\/wp\/v2\/product\/4964\/revisions"}],"predecessor-version":[{"id":4973,"href":"https:\/\/puffvapestore.com\/pl\/wp-json\/wp\/v2\/product\/4964\/revisions\/4973"}],"wp:featuredmedia":[{"embeddable":true,"href":"https:\/\/puffvapestore.com\/pl\/wp-json\/wp\/v2\/media\/4769"}],"wp:attachment":[{"href":"https:\/\/puffvapestore.com\/pl\/wp-json\/wp\/v2\/media?parent=4964"}],"wp:term":[{"taxonomy":"product_brand","embeddable":true,"href":"https:\/\/puffvapestore.com\/pl\/wp-json\/wp\/v2\/product_brand?post=4964"},{"taxonomy":"product_cat","embeddable":true,"href":"https:\/\/puffvapestore.com\/pl\/wp-json\/wp\/v2\/product_cat?post=4964"},{"taxonomy":"product_tag","embeddable":true,"href":"https:\/\/puffvapestore.com\/pl\/wp-json\/wp\/v2\/product_tag?post=4964"}],"curies":[{"name":"wp","href":"https:\/\/api.w.org\/{rel}","templated":true}]}}