{"id":4924,"date":"2025-07-11T05:27:56","date_gmt":"2025-07-11T05:27:56","guid":{"rendered":"https:\/\/puffvapestore.com\/?post_type=product&#038;p=4924"},"modified":"2026-01-19T10:31:55","modified_gmt":"2026-01-19T10:31:55","slug":"randm-35000-sour-apple-pop-une-saveur-relaxante-et-enjouee","status":"publish","type":"product","link":"https:\/\/puffvapestore.com\/pl\/product\/randm-35000-kwasne-jablko-pop-relaksujacy-i-radosny-smak\/","title":{"rendered":"RandM Tornado 35000 - Sour Apple Pop"},"content":{"rendered":"<div data-elementor-type=\"wp-post\" data-elementor-id=\"4924\" class=\"elementor elementor-4924\">\n\t\t\t\t<div class=\"elementor-element elementor-element-08c26f9 e-flex e-con-boxed e-con e-parent\" data-id=\"08c26f9\" data-element_type=\"container\" data-e-type=\"container\">\n\t\t\t\t\t<div class=\"e-con-inner\">\n\t\t\t\t<div class=\"elementor-element elementor-element-a005a97 elementor-widget elementor-widget-text-editor\" data-id=\"a005a97\" data-element_type=\"widget\" data-e-type=\"widget\" data-widget_type=\"text-editor.default\">\n\t\t\t\t<div class=\"elementor-widget-container\">\n\t\t\t\t\t\t\t\t\t<p>Od pierwszego pow\u0105chania, orze\u017awiaj\u0105ca stymulacja cierpkich jab\u0142ek obmywa Ci\u0119, jak ugryzienie \u015bwie\u017co zerwanego zielonego jab\u0142ka. Nast\u0119pnie stopniowo pojawia si\u0119 lekkie uczucie b\u0105belk\u00f3w sody, lekko s\u0142odkie, ale nie t\u0142uste, tworz\u0105c relaksuj\u0105cy, zabawny smak, kt\u00f3ry zach\u0119ca do mimowolnego zwolnienia tempa. Znajd\u017a balkon, usi\u0105d\u017a cicho, s\u0142o\u0144ce pie\u015bci ci\u0119, zrelaksuj si\u0119 i zapal elektronicznego papierosa; w tym momencie \u015bwiat wydaje si\u0119 cichy.<\/p><p><strong>Pocz\u0105tkowa inhalacja: kwasowo\u015b\u0107 zielonych jab\u0142ek<\/strong><br \/>Podczas wdychania dymu pierwszym doznaniem jest wyra\u017ana cierpko\u015b\u0107 Green Apple, podobna do tej odczuwanej po ugryzieniu \u015bwie\u017cego jab\u0142ka Granny Smith. Cierpki smak jest rze\u015bki i orze\u017awiaj\u0105cy, z naturaln\u0105 owocow\u0105 \u015bwie\u017co\u015bci\u0105, kt\u00f3ra szybko rozbudza kubki smakowe. Uczucie to jest podobne do lekkiej cierpko\u015bci zielonego jab\u0142ka, pe\u0142nego witalno\u015bci.<\/p><p><strong>\u015aredni smak: zr\u00f3wnowa\u017cony s\u0142odko-kwa\u015bny<\/strong><br \/>Gdy dym jest wdychany g\u0142\u0119biej, kwaskowato\u015b\u0107 zielonego jab\u0142ka stopniowo miesza si\u0119 ze s\u0142odycz\u0105 lizaka, tworz\u0105c s\u0142odko-kwa\u015bn\u0105 r\u00f3wnowag\u0119. S\u0142odycz nie jest przyt\u0142aczaj\u0105ca, ale przejawia si\u0119 jako lekki smak cukierk\u00f3w, jak w twardych cukierkach owocowych lub lizakach, dodaj\u0105c odrobin\u0119 s\u0142odyczy do kwaskowato\u015bci.<\/p><p><strong>Nuta ko\u0144cowa: owocowy, s\u0142odki posmak<\/strong><br \/>Podczas wydechu kwaskowato\u015b\u0107 stopniowo zanika, ust\u0119puj\u0105c miejsca \u015bwie\u017cemu, owocowemu aromatowi zielonych jab\u0142ek i s\u0142odyczy lizak\u00f3w. Ta ko\u0144cowa nuta oferuje s\u0142odki, cukrowy posmak, zachowuj\u0105c jednocze\u015bnie orze\u017awiaj\u0105cy smak. Wydech daje przyjemne uczucie \u015bwie\u017co\u015bci.<\/p>\t\t\t\t\t\t\t\t<\/div>\n\t\t\t\t<\/div>\n\t\t\t\t\t<\/div>\n\t\t\t\t<\/div>\n\t\t<div class=\"elementor-element elementor-element-718b380 e-flex e-con-boxed e-con e-parent\" data-id=\"718b380\" data-element_type=\"container\" data-e-type=\"container\">\n\t\t\t\t\t<div class=\"e-con-inner\">\n\t\t\t\t<div class=\"elementor-element elementor-element-d2cc8fa elementor-widget elementor-widget-text-editor\" data-id=\"d2cc8fa\" data-element_type=\"widget\" data-e-type=\"widget\" data-widget_type=\"text-editor.default\">\n\t\t\t\t<div class=\"elementor-widget-container\">\n\t\t\t\t\t\t\t\t\t<h2>Wiele zaci\u0105gni\u0119\u0107 - do 35 000 zaci\u0105gni\u0119\u0107<\/h2><p>Model RandM Tornado 35000 Sour Apple Pop jest wyposa\u017cony w system przechowywania p\u0142ynu o du\u017cej pojemno\u015bci i wysokowydajn\u0105 technologi\u0119 zarz\u0105dzania bateri\u0105, umo\u017cliwiaj\u0105c\u0105 wykonanie do 35 000 zaci\u0105gni\u0119\u0107. W por\u00f3wnaniu z konwencjonalnymi jednorazowymi papierosami elektronicznymi, jego \u017cywotno\u015b\u0107 jest znacznie d\u0142u\u017csza, co czyni go szczeg\u00f3lnie odpowiednim dla intensywnych u\u017cytkownik\u00f3w lub d\u0142ugich podr\u00f3\u017cy, bez cz\u0119stej wymiany sprz\u0119tu, dla d\u0142ugich, niem\u0119cz\u0105cych zaci\u0105gni\u0119\u0107.<\/p><h2>Element grzewczy o podw\u00f3jnych oczkach - idealne po\u0142\u0105czenie bogatego smaku i wydajnej atomizacji<\/h2><p>Zastosowanie zaawansowanej technologii podw\u00f3jnego rezystora siatkowego 1,2 \u03a9 zapewnia bardziej r\u00f3wnomierne ogrzewanie i pe\u0142niejsz\u0105 atomizacj\u0119. Niezale\u017cnie od tego, czy chodzi o s\u0142odkie, owocowe czy lodowe smaki, zapewnia pe\u0142niejszy, delikatniejszy poziom smaku. Jednocze\u015bnie wytwarza g\u0119stszy dym, idealny dla u\u017cytkownik\u00f3w poszukuj\u0105cych zar\u00f3wno przyjemno\u015bci smakowej, jak i wizualnej.<\/p><h2>Wbudowany akumulator 700 mAh - wydajny i trwa\u0142y, kompatybilny z szybkim \u0142adowaniem Type-C<\/h2><p>Model RandM Tornado 35000 zosta\u0142 wyposa\u017cony w wydajn\u0105 bateri\u0119 litow\u0105 o pojemno\u015bci 700 mAh, zapewniaj\u0105c\u0105 nieprzerwane u\u017cytkowanie przez ca\u0142y dzie\u0144. Interfejs typu C znacznie poprawia szybko\u015b\u0107 \u0142adowania i skutecznie skraca czas oczekiwania. W por\u00f3wnaniu z tradycyjnymi jednorazowymi papierosami elektronicznymi, konstrukcja wielokrotnego \u0142adowania jest r\u00f3wnie\u017c bardziej przyjazna dla \u015brodowiska.<\/p><h2>Inteligentny wy\u015bwietlacz cyfrowy - monitorowanie stanu w czasie rzeczywistym<\/h2><p>Model RandM Tornado 35000 Sour Apple Pop jest wyposa\u017cony w inteligentny, cyfrowy wy\u015bwietlacz o wysokiej rozdzielczo\u015bci, pokazuj\u0105cy w czasie rzeczywistym pozosta\u0142y poziom na\u0142adowania i poziom e-cieczy. Oznacza to, \u017ce u\u017cytkownicy mog\u0105 dok\u0142adnie \u015bledzi\u0107 stan u\u017cytkowania i unikn\u0105\u0107 przerw spowodowanych awari\u0105 zasilania lub brakiem e-cieczy.<\/p><h2>Elegancka, przeno\u015bna konstrukcja - inspirowana Digitalbox 12000<\/h2><p>Jego design inspirowany jest s\u0142ynn\u0105 seri\u0105 Digitalbox 12000, \u0142\u0105cz\u0105c w sobie nowoczesno\u015b\u0107 i futuryzm. Kompaktowy i lekki, z zaokr\u0105glonymi rogami, oferuje optymalny komfort. \u0141atwy do przenoszenia, jest r\u00f3wnie\u017c idealny do pokazania swojej osobowo\u015bci i modnego gustu.<\/p><h2>Nie wymaga konserwacji: czysta przyjemno\u015b\u0107 od razu po wyj\u0119ciu z pude\u0142ka<\/h2><p>Model RandM Tornado 35000 Sour Apple Pop jest bezobs\u0142ugowy: nie wymaga dodawania e-liquidu, czyszczenia ani wymiany cz\u0119\u015bci. Gotowy do u\u017cycia prosto z opakowania, jest idealny dla u\u017cytkownik\u00f3w szukaj\u0105cych praktyczno\u015bci i spokoju ducha. Jest idealny do podr\u00f3\u017cy, spotka\u0144 lub codziennego u\u017cytku.<\/p><h2>Dost\u0119pnych jest kilka st\u0119\u017ce\u0144 nikotyny: aby spe\u0142ni\u0107 Twoje potrzeby<\/h2><p>Dost\u0119pne s\u0105 st\u0119\u017cenia nikotyny 0 %, 2 % i 5 %, aby zaspokoi\u0107 potrzeby ka\u017cdego u\u017cytkownika. Niezale\u017cnie od tego, czy jeste\u015b u\u017cytkownikiem, kt\u00f3ry chce zmniejszy\u0107 dawk\u0119, czy entuzjast\u0105 elektronicznych papieros\u00f3w szukaj\u0105cym mocnego uderzenia w gard\u0142o, znajdziesz idealne st\u0119\u017cenie nikotyny.<\/p>\t\t\t\t\t\t\t\t<\/div>\n\t\t\t\t<\/div>\n\t\t\t\t\t<\/div>\n\t\t\t\t<\/div>\n\t\t\t\t<\/div>","protected":false},"excerpt":{"rendered":"<p>D\u00e8s la premi\u00e8re bouff\u00e9e, la stimulation rafra\u00eechissante des pommes acidul\u00e9es vous envahit, comme si vous croquiez une pomme verte fra\u00eechement cueillie. Puis, une l\u00e9g\u00e8re sensation de bulles de soda \u00e9merge progressivement, l\u00e9g\u00e8rement sucr\u00e9e sans \u00eatre grasse, cr\u00e9ant une saveur relaxante et enjou\u00e9e qui vous incite \u00e0 ralentir involontairement le rythme. Trouvez un balcon, asseyez-vous tranquillement, [&hellip;]<\/p>\n","protected":false},"featured_media":4771,"comment_status":"open","ping_status":"closed","template":"","meta":{"site-sidebar-layout":"no-sidebar","site-content-layout":"page-builder","ast-site-content-layout":"normal-width-container","site-content-style":"default","site-sidebar-style":"default","ast-global-header-display":"","ast-banner-title-visibility":"","ast-main-header-display":"","ast-hfb-above-header-display":"","ast-hfb-below-header-display":"","ast-hfb-mobile-header-display":"","site-post-title":"disabled","ast-breadcrumbs-content":"","ast-featured-img":"disabled","footer-sml-layout":"","ast-disable-related-posts":"","theme-transparent-header-meta":"default","adv-header-id-meta":"","stick-header-meta":"default","header-above-stick-meta":"","header-main-stick-meta":"","header-below-stick-meta":"","astra-migrate-meta-layouts":"set","ast-page-background-enabled":"default","ast-page-background-meta":{"desktop":{"background-color":"","background-image":"","background-repeat":"repeat","background-position":"center center","background-size":"auto","background-attachment":"scroll","background-type":"","background-media":"","overlay-type":"","overlay-color":"","overlay-opacity":"","overlay-gradient":""},"tablet":{"background-color":"","background-image":"","background-repeat":"repeat","background-position":"center center","background-size":"auto","background-attachment":"scroll","background-type":"","background-media":"","overlay-type":"","overlay-color":"","overlay-opacity":"","overlay-gradient":""},"mobile":{"background-color":"","background-image":"","background-repeat":"repeat","background-position":"center center","background-size":"auto","background-attachment":"scroll","background-type":"","background-media":"","overlay-type":"","overlay-color":"","overlay-opacity":"","overlay-gradient":""}},"ast-content-background-meta":{"desktop":{"background-color":"var(--ast-global-color-5)","background-image":"","background-repeat":"repeat","background-position":"center center","background-size":"auto","background-attachment":"scroll","background-type":"","background-media":"","overlay-type":"","overlay-color":"","overlay-opacity":"","overlay-gradient":""},"tablet":{"background-color":"var(--ast-global-color-5)","background-image":"","background-repeat":"repeat","background-position":"center center","background-size":"auto","background-attachment":"scroll","background-type":"","background-media":"","overlay-type":"","overlay-color":"","overlay-opacity":"","overlay-gradient":""},"mobile":{"background-color":"var(--ast-global-color-5)","background-image":"","background-repeat":"repeat","background-position":"center center","background-size":"auto","background-attachment":"scroll","background-type":"","background-media":"","overlay-type":"","overlay-color":"","overlay-opacity":"","overlay-gradient":""}}},"product_brand":[42],"product_cat":[49,105,15],"product_tag":[],"class_list":{"0":"post-4924","1":"product","2":"type-product","3":"status-publish","4":"has-post-thumbnail","6":"product_brand-randm-tornado","7":"product_cat-randm-tornado-35000-offre-35000-bouffees-de-cigarettes","8":"product_cat-puff-35k","9":"product_cat-magasin-cigarette-electronique","10":"desktop-align-center","11":"tablet-align-center","12":"mobile-align-center","13":"ast-product-gallery-layout-horizontal","14":"ast-product-gallery-with-no-image","15":"ast-product-single-variable","16":"ast-product-tabs-layout-horizontal","17":"ast-qv-on-image","19":"first","20":"instock","21":"sale","22":"shipping-taxable","23":"purchasable","24":"product-type-variable","25":"has-default-attributes"},"tiered_pricing_type":"fixed","tiered_pricing_fixed_rules":{"50":12.99,"100":11.39,"200":10.79,"400":10.39},"tiered_pricing_product_settings":{"layout":"default","base_unit_name":{"singular":null,"plural":null},"default_variation":null},"tiered_pricing_minimum_quantity":null,"tiered_pricing_roles_data":[],"tiered_pricing_percentage_rules":[],"_links":{"self":[{"href":"https:\/\/puffvapestore.com\/pl\/wp-json\/wp\/v2\/product\/4924","targetHints":{"allow":["GET"]}}],"collection":[{"href":"https:\/\/puffvapestore.com\/pl\/wp-json\/wp\/v2\/product"}],"about":[{"href":"https:\/\/puffvapestore.com\/pl\/wp-json\/wp\/v2\/types\/product"}],"replies":[{"embeddable":true,"href":"https:\/\/puffvapestore.com\/pl\/wp-json\/wp\/v2\/comments?post=4924"}],"version-history":[{"count":6,"href":"https:\/\/puffvapestore.com\/pl\/wp-json\/wp\/v2\/product\/4924\/revisions"}],"predecessor-version":[{"id":4933,"href":"https:\/\/puffvapestore.com\/pl\/wp-json\/wp\/v2\/product\/4924\/revisions\/4933"}],"wp:featuredmedia":[{"embeddable":true,"href":"https:\/\/puffvapestore.com\/pl\/wp-json\/wp\/v2\/media\/4771"}],"wp:attachment":[{"href":"https:\/\/puffvapestore.com\/pl\/wp-json\/wp\/v2\/media?parent=4924"}],"wp:term":[{"taxonomy":"product_brand","embeddable":true,"href":"https:\/\/puffvapestore.com\/pl\/wp-json\/wp\/v2\/product_brand?post=4924"},{"taxonomy":"product_cat","embeddable":true,"href":"https:\/\/puffvapestore.com\/pl\/wp-json\/wp\/v2\/product_cat?post=4924"},{"taxonomy":"product_tag","embeddable":true,"href":"https:\/\/puffvapestore.com\/pl\/wp-json\/wp\/v2\/product_tag?post=4924"}],"curies":[{"name":"wp","href":"https:\/\/api.w.org\/{rel}","templated":true}]}}