{"id":4914,"date":"2025-07-11T02:19:11","date_gmt":"2025-07-11T02:19:11","guid":{"rendered":"https:\/\/puffvapestore.com\/?post_type=product&#038;p=4914"},"modified":"2026-01-19T10:31:55","modified_gmt":"2026-01-19T10:31:55","slug":"randm-35000-cherry-bomb-limpact-aromatique-puissant","status":"publish","type":"product","link":"https:\/\/puffvapestore.com\/pl\/product\/randm-35000-bomba-wisniowa-potezne-uderzenie-aromatu\/","title":{"rendered":"RandM Tornado 35000 - Cherry Bomb"},"content":{"rendered":"<div data-elementor-type=\"wp-post\" data-elementor-id=\"4914\" class=\"elementor elementor-4914\">\n\t\t\t\t<div class=\"elementor-element elementor-element-08c26f9 e-flex e-con-boxed e-con e-parent\" data-id=\"08c26f9\" data-element_type=\"container\" data-e-type=\"container\">\n\t\t\t\t\t<div class=\"e-con-inner\">\n\t\t\t\t<div class=\"elementor-element elementor-element-a005a97 elementor-widget elementor-widget-text-editor\" data-id=\"a005a97\" data-element_type=\"widget\" data-e-type=\"widget\" data-widget_type=\"text-editor.default\">\n\t\t\t\t<div class=\"elementor-widget-container\">\n\t\t\t\t\t\t\t\t\t<p>RandM Tornado 35000 Cherry Bomb to elektroniczny papieros o silnym aromacie, przeznaczony dla mi\u0142o\u015bnik\u00f3w owoc\u00f3w i s\u0142odyczy. Ten smak, zwany \u00abCherry Bomb\u00bb, jest mocny, pe\u0142ny i bogaty, jak sugeruje jego nazwa.<\/p><h2>Nuta g\u0142\u00f3wna: aromat dojrza\u0142ych ciemnoczerwonych wi\u015bni<\/h2><p>G\u0142\u00f3wn\u0105 nut\u0105 jest dojrza\u0142a ciemnoczerwona wi\u015bnia, ze s\u0142odycz\u0105 naturalnego mi\u0105\u017cszu i lekk\u0105 kwaskowato\u015bci\u0105, jak \u015bwie\u017co zerwana soczysta wi\u015bnia.<\/p><h2>Nuta serca: cukierkowa s\u0142odycz i lekkie uczucie lodu<\/h2><p>Cherry Bomb jest nie tylko owocowy, ale tak\u017ce ma s\u0142odki, wi\u015bniowy smak (jak Jolly Rancher), z umiarkowan\u0105 s\u0142odycz\u0105, ale nie jest zbyt t\u0142usty.<\/p><h2>Nuta bazy: lekkie uczucie eksplozji i sugestywne aromaty<\/h2><p>\u00abWra\u017cenie bomby\u00bb: Nuta bazy Cherry Bomb pozostawia lekkie wra\u017cenie eksplozji na podniebieniu, spowodowane natychmiastowym wzrostem st\u0119\u017cenia zapachowego, tak jakby smak \u00abeksplodowa\u0142\u00bb na j\u0119zyku. Po paleniu na podniebieniu utrzymuje si\u0119 s\u0142odko-kwa\u015bny aromat wi\u015bni z czystym posmakiem.<\/p><p>Cherry Bomb zapewnia mocne i wybuchowe doznania smakowe, ze skoncentrowanym owocowym smakiem, s\u0142odycz\u0105 przypominaj\u0105c\u0105 cukierki i lekk\u0105 \u015bwie\u017co\u015bci\u0105. W po\u0142owie drogi mi\u0119dzy owocowym a syntetycznym cukierkiem, zachowuje naturalny owocowy aromat, dodaj\u0105c jednocze\u015bnie odrobin\u0119 \u2019eksplozji\u00ab, aby uzyska\u0107 bardziej atrakcyjny efekt. Je\u015bli szukasz owocowego smaku, kt\u00f3ry nie jest md\u0142y i niezapomniany, warto przyjrze\u0107 si\u0119 temu produktowi.<\/p>\t\t\t\t\t\t\t\t<\/div>\n\t\t\t\t<\/div>\n\t\t\t\t\t<\/div>\n\t\t\t\t<\/div>\n\t\t<div class=\"elementor-element elementor-element-718b380 e-flex e-con-boxed e-con e-parent\" data-id=\"718b380\" data-element_type=\"container\" data-e-type=\"container\">\n\t\t\t\t\t<div class=\"e-con-inner\">\n\t\t\t\t<div class=\"elementor-element elementor-element-d2cc8fa elementor-widget elementor-widget-text-editor\" data-id=\"d2cc8fa\" data-element_type=\"widget\" data-e-type=\"widget\" data-widget_type=\"text-editor.default\">\n\t\t\t\t<div class=\"elementor-widget-container\">\n\t\t\t\t\t\t\t\t\t<h2>Wiele zaci\u0105gni\u0119\u0107 - do 35 000 zaci\u0105gni\u0119\u0107<\/h2><p>Model RandM Tornado 35000 jest wyposa\u017cony w system przechowywania p\u0142ynu o du\u017cej pojemno\u015bci i wysokowydajn\u0105 technologi\u0119 zarz\u0105dzania bateri\u0105, umo\u017cliwiaj\u0105c\u0105 wykonanie do 35 000 zaci\u0105gni\u0119\u0107. W por\u00f3wnaniu z konwencjonalnymi jednorazowymi papierosami elektronicznymi, jego \u017cywotno\u015b\u0107 jest znacznie d\u0142u\u017csza, dzi\u0119ki czemu jest szczeg\u00f3lnie odpowiedni dla intensywnych u\u017cytkownik\u00f3w lub d\u0142ugich podr\u00f3\u017cy, bez cz\u0119stej wymiany sprz\u0119tu, do d\u0142ugich zaci\u0105gni\u0119\u0107 bez zm\u0119czenia.<\/p><h2>Element grzewczy o podw\u00f3jnych oczkach - idealne po\u0142\u0105czenie bogatego smaku i wydajnej atomizacji<\/h2><p>Zastosowanie zaawansowanej technologii podw\u00f3jnego rezystora siatkowego 1,2 \u03a9 zapewnia bardziej r\u00f3wnomierne ogrzewanie i pe\u0142niejsz\u0105 atomizacj\u0119. Niezale\u017cnie od tego, czy chodzi o s\u0142odkie, owocowe czy lodowe smaki, zapewnia pe\u0142niejszy, delikatniejszy poziom smaku. Jednocze\u015bnie wytwarza g\u0119stszy dym, idealny dla u\u017cytkownik\u00f3w poszukuj\u0105cych zar\u00f3wno przyjemno\u015bci smakowej, jak i wizualnej.<\/p><h2>Wbudowany akumulator 700 mAh - wydajny i trwa\u0142y, kompatybilny z szybkim \u0142adowaniem Type-C<\/h2><p>Model RandM Tornado 35000 zosta\u0142 wyposa\u017cony w wydajn\u0105 bateri\u0119 litow\u0105 o pojemno\u015bci 700 mAh, zapewniaj\u0105c\u0105 nieprzerwane u\u017cytkowanie przez ca\u0142y dzie\u0144. Interfejs typu C znacznie poprawia szybko\u015b\u0107 \u0142adowania i skutecznie skraca czas oczekiwania. W por\u00f3wnaniu z tradycyjnymi jednorazowymi papierosami elektronicznymi, konstrukcja wielokrotnego \u0142adowania jest r\u00f3wnie\u017c bardziej przyjazna dla \u015brodowiska.<\/p><h2>Inteligentny wy\u015bwietlacz cyfrowy - monitorowanie stanu w czasie rzeczywistym<\/h2><p>Model RandM Tornado 35000 jest wyposa\u017cony w inteligentny, cyfrowy wy\u015bwietlacz o wysokiej rozdzielczo\u015bci, pokazuj\u0105cy w czasie rzeczywistym pozosta\u0142y poziom na\u0142adowania i poziom e-cieczy. Umo\u017cliwia to u\u017cytkownikom dok\u0142adne \u015bledzenie stanu u\u017cytkowania i unikni\u0119cie przerw spowodowanych awari\u0105 zasilania lub brakiem e-cieczy.<\/p><h2>Elegancka, przeno\u015bna konstrukcja - inspirowana Digitalbox 12000<\/h2><p>Jego design inspirowany jest s\u0142ynn\u0105 seri\u0105 Digitalbox 12000, \u0142\u0105cz\u0105c w sobie nowoczesno\u015b\u0107 i futuryzm. Kompaktowy i lekki, z zaokr\u0105glonymi rogami, oferuje optymalny komfort. \u0141atwy do przenoszenia, jest r\u00f3wnie\u017c idealny do pokazania swojej osobowo\u015bci i modnego gustu.<\/p><h2>Nie wymaga konserwacji: czysta przyjemno\u015b\u0107 od razu po wyj\u0119ciu z pude\u0142ka<\/h2><p>Model RandM Tornado 35000 nie wymaga konserwacji: nie trzeba dodawa\u0107 e-liquidu, czy\u015bci\u0107 ani wymienia\u0107 cz\u0119\u015bci. Gotowy do u\u017cycia od razu po wyj\u0119ciu z pude\u0142ka, jest idealny dla u\u017cytkownik\u00f3w szukaj\u0105cych praktyczno\u015bci i spokoju ducha. Jest idealny do podr\u00f3\u017cy, spotka\u0144 lub codziennego u\u017cytku.<\/p><h2>Dost\u0119pnych jest kilka st\u0119\u017ce\u0144 nikotyny: aby spe\u0142ni\u0107 Twoje potrzeby<\/h2><p>Dost\u0119pne s\u0105 st\u0119\u017cenia nikotyny 0 %, 2 % i 5 %, aby zaspokoi\u0107 potrzeby ka\u017cdego u\u017cytkownika. Niezale\u017cnie od tego, czy jeste\u015b u\u017cytkownikiem, kt\u00f3ry chce zmniejszy\u0107 dawk\u0119, czy entuzjast\u0105 elektronicznych papieros\u00f3w szukaj\u0105cym mocnego uderzenia w gard\u0142o, znajdziesz idealne st\u0119\u017cenie nikotyny.<\/p>\t\t\t\t\t\t\t\t<\/div>\n\t\t\t\t<\/div>\n\t\t\t\t\t<\/div>\n\t\t\t\t<\/div>\n\t\t\t\t<\/div>","protected":false},"excerpt":{"rendered":"<p>RandM Tornado 35000 Cherry Bomb est un ar\u00f4me de cigarette \u00e9lectronique \u00e0 l&rsquo;impact aromatique puissant, con\u00e7u pour les amateurs de fruits et de sucr\u00e9. Cet ar\u00f4me, appel\u00e9 \u00ab\u00a0Cherry Bomb\u00a0\u00bb, est puissant, ample et riche, comme son nom l&rsquo;indique. Note principale\u00a0: Ar\u00f4me de cerise rouge fonc\u00e9e m\u00fbre La note principale est celle d&rsquo;une cerise rouge fonc\u00e9e [&hellip;]<\/p>\n","protected":false},"featured_media":4762,"comment_status":"open","ping_status":"closed","template":"","meta":{"site-sidebar-layout":"no-sidebar","site-content-layout":"page-builder","ast-site-content-layout":"normal-width-container","site-content-style":"default","site-sidebar-style":"default","ast-global-header-display":"","ast-banner-title-visibility":"","ast-main-header-display":"","ast-hfb-above-header-display":"","ast-hfb-below-header-display":"","ast-hfb-mobile-header-display":"","site-post-title":"disabled","ast-breadcrumbs-content":"","ast-featured-img":"disabled","footer-sml-layout":"","ast-disable-related-posts":"","theme-transparent-header-meta":"default","adv-header-id-meta":"","stick-header-meta":"default","header-above-stick-meta":"","header-main-stick-meta":"","header-below-stick-meta":"","astra-migrate-meta-layouts":"set","ast-page-background-enabled":"default","ast-page-background-meta":{"desktop":{"background-color":"","background-image":"","background-repeat":"repeat","background-position":"center center","background-size":"auto","background-attachment":"scroll","background-type":"","background-media":"","overlay-type":"","overlay-color":"","overlay-opacity":"","overlay-gradient":""},"tablet":{"background-color":"","background-image":"","background-repeat":"repeat","background-position":"center center","background-size":"auto","background-attachment":"scroll","background-type":"","background-media":"","overlay-type":"","overlay-color":"","overlay-opacity":"","overlay-gradient":""},"mobile":{"background-color":"","background-image":"","background-repeat":"repeat","background-position":"center center","background-size":"auto","background-attachment":"scroll","background-type":"","background-media":"","overlay-type":"","overlay-color":"","overlay-opacity":"","overlay-gradient":""}},"ast-content-background-meta":{"desktop":{"background-color":"var(--ast-global-color-5)","background-image":"","background-repeat":"repeat","background-position":"center center","background-size":"auto","background-attachment":"scroll","background-type":"","background-media":"","overlay-type":"","overlay-color":"","overlay-opacity":"","overlay-gradient":""},"tablet":{"background-color":"var(--ast-global-color-5)","background-image":"","background-repeat":"repeat","background-position":"center center","background-size":"auto","background-attachment":"scroll","background-type":"","background-media":"","overlay-type":"","overlay-color":"","overlay-opacity":"","overlay-gradient":""},"mobile":{"background-color":"var(--ast-global-color-5)","background-image":"","background-repeat":"repeat","background-position":"center center","background-size":"auto","background-attachment":"scroll","background-type":"","background-media":"","overlay-type":"","overlay-color":"","overlay-opacity":"","overlay-gradient":""}}},"product_brand":[42],"product_cat":[49,105,15],"product_tag":[],"class_list":{"0":"post-4914","1":"product","2":"type-product","3":"status-publish","4":"has-post-thumbnail","6":"product_brand-randm-tornado","7":"product_cat-randm-tornado-35000-offre-35000-bouffees-de-cigarettes","8":"product_cat-puff-35k","9":"product_cat-magasin-cigarette-electronique","10":"desktop-align-center","11":"tablet-align-center","12":"mobile-align-center","13":"ast-product-gallery-layout-horizontal","14":"ast-product-gallery-with-no-image","15":"ast-product-single-variable","16":"ast-product-tabs-layout-horizontal","17":"ast-qv-on-image","19":"first","20":"instock","21":"sale","22":"shipping-taxable","23":"purchasable","24":"product-type-variable","25":"has-default-attributes"},"tiered_pricing_type":"fixed","tiered_pricing_fixed_rules":{"50":12.99,"100":11.39,"200":10.79,"400":10.39},"tiered_pricing_product_settings":{"layout":"default","base_unit_name":{"singular":null,"plural":null},"default_variation":null},"tiered_pricing_minimum_quantity":null,"tiered_pricing_roles_data":[],"tiered_pricing_percentage_rules":[],"_links":{"self":[{"href":"https:\/\/puffvapestore.com\/pl\/wp-json\/wp\/v2\/product\/4914","targetHints":{"allow":["GET"]}}],"collection":[{"href":"https:\/\/puffvapestore.com\/pl\/wp-json\/wp\/v2\/product"}],"about":[{"href":"https:\/\/puffvapestore.com\/pl\/wp-json\/wp\/v2\/types\/product"}],"replies":[{"embeddable":true,"href":"https:\/\/puffvapestore.com\/pl\/wp-json\/wp\/v2\/comments?post=4914"}],"version-history":[{"count":6,"href":"https:\/\/puffvapestore.com\/pl\/wp-json\/wp\/v2\/product\/4914\/revisions"}],"predecessor-version":[{"id":4923,"href":"https:\/\/puffvapestore.com\/pl\/wp-json\/wp\/v2\/product\/4914\/revisions\/4923"}],"wp:featuredmedia":[{"embeddable":true,"href":"https:\/\/puffvapestore.com\/pl\/wp-json\/wp\/v2\/media\/4762"}],"wp:attachment":[{"href":"https:\/\/puffvapestore.com\/pl\/wp-json\/wp\/v2\/media?parent=4914"}],"wp:term":[{"taxonomy":"product_brand","embeddable":true,"href":"https:\/\/puffvapestore.com\/pl\/wp-json\/wp\/v2\/product_brand?post=4914"},{"taxonomy":"product_cat","embeddable":true,"href":"https:\/\/puffvapestore.com\/pl\/wp-json\/wp\/v2\/product_cat?post=4914"},{"taxonomy":"product_tag","embeddable":true,"href":"https:\/\/puffvapestore.com\/pl\/wp-json\/wp\/v2\/product_tag?post=4914"}],"curies":[{"name":"wp","href":"https:\/\/api.w.org\/{rel}","templated":true}]}}