{"id":4790,"date":"2025-07-11T01:02:46","date_gmt":"2025-07-11T01:02:46","guid":{"rendered":"https:\/\/puffvapestore.com\/?post_type=product&#038;p=4790"},"modified":"2026-01-19T10:31:54","modified_gmt":"2026-01-19T10:31:54","slug":"randm-tornado-35000-propose-38-saveurs","status":"publish","type":"product","link":"https:\/\/puffvapestore.com\/pl\/product\/randm-tornado-35000-oferuje-38-smakow\/","title":{"rendered":"RandM Tornado 35000: 35 tys. zaci\u0105gni\u0119\u0107, podw\u00f3jny op\u00f3r i wy\u015bwietlacz cyfrowy"},"content":{"rendered":"<div data-elementor-type=\"wp-post\" data-elementor-id=\"4790\" class=\"elementor elementor-4790\">\n\t\t\t\t<div class=\"elementor-element elementor-element-718b380 e-flex e-con-boxed e-con e-parent\" data-id=\"718b380\" data-element_type=\"container\" data-e-type=\"container\">\n\t\t\t\t\t<div class=\"e-con-inner\">\n\t\t\t\t<div class=\"elementor-element elementor-element-d2cc8fa elementor-widget elementor-widget-text-editor\" data-id=\"d2cc8fa\" data-element_type=\"widget\" data-e-type=\"widget\" data-widget_type=\"text-editor.default\">\n\t\t\t\t<div class=\"elementor-widget-container\">\n\t\t\t\t\t\t\t\t\t<h2>Wiele zaci\u0105gni\u0119\u0107 - do 35 000 zaci\u0105gni\u0119\u0107<\/h2><p>Model RandM Tornado 35000 jest wyposa\u017cony w system przechowywania p\u0142ynu o du\u017cej pojemno\u015bci i wysokowydajn\u0105 technologi\u0119 zarz\u0105dzania bateri\u0105, umo\u017cliwiaj\u0105c\u0105 wykonanie do 35 000 zaci\u0105gni\u0119\u0107. W por\u00f3wnaniu z konwencjonalnymi jednorazowymi papierosami elektronicznymi, jego \u017cywotno\u015b\u0107 jest znacznie d\u0142u\u017csza, dzi\u0119ki czemu jest szczeg\u00f3lnie odpowiedni dla intensywnych u\u017cytkownik\u00f3w lub d\u0142ugich podr\u00f3\u017cy, bez cz\u0119stej wymiany sprz\u0119tu, do d\u0142ugich zaci\u0105gni\u0119\u0107 bez zm\u0119czenia.<\/p><h2>Element grzewczy o podw\u00f3jnych oczkach - idealne po\u0142\u0105czenie bogatego smaku i wydajnej atomizacji<\/h2><p>Zastosowanie zaawansowanej technologii podw\u00f3jnego rezystora siatkowego 1,2 \u03a9 zapewnia bardziej r\u00f3wnomierne ogrzewanie i pe\u0142niejsz\u0105 atomizacj\u0119. Niezale\u017cnie od tego, czy chodzi o s\u0142odkie, owocowe czy lodowe smaki, zapewnia pe\u0142niejszy, delikatniejszy poziom smaku. Jednocze\u015bnie wytwarza g\u0119stszy dym, idealny dla u\u017cytkownik\u00f3w poszukuj\u0105cych zar\u00f3wno przyjemno\u015bci smakowej, jak i wizualnej.<\/p><h2>Wbudowany akumulator 700 mAh - wydajny i trwa\u0142y, kompatybilny z szybkim \u0142adowaniem Type-C<\/h2><p>Model RandM Tornado 35000 zosta\u0142 wyposa\u017cony w wydajn\u0105 bateri\u0119 litow\u0105 o pojemno\u015bci 700 mAh, zapewniaj\u0105c\u0105 nieprzerwane u\u017cytkowanie przez ca\u0142y dzie\u0144. Interfejs typu C znacznie poprawia szybko\u015b\u0107 \u0142adowania i skutecznie skraca czas oczekiwania. W por\u00f3wnaniu z tradycyjnymi jednorazowymi papierosami elektronicznymi, konstrukcja wielokrotnego \u0142adowania jest r\u00f3wnie\u017c bardziej przyjazna dla \u015brodowiska.<\/p><h2>Inteligentny wy\u015bwietlacz cyfrowy - monitorowanie stanu w czasie rzeczywistym<\/h2><p>Model RandM Tornado 35000 jest wyposa\u017cony w inteligentny, cyfrowy wy\u015bwietlacz o wysokiej rozdzielczo\u015bci, pokazuj\u0105cy w czasie rzeczywistym pozosta\u0142y poziom na\u0142adowania i poziom e-cieczy. Umo\u017cliwia to u\u017cytkownikom dok\u0142adne \u015bledzenie stanu u\u017cytkowania i unikni\u0119cie przerw spowodowanych awari\u0105 zasilania lub brakiem e-cieczy.<\/p><h2>Elegancka, przeno\u015bna konstrukcja - inspirowana Digitalbox 12000<\/h2><p>Jego design inspirowany jest s\u0142ynn\u0105 seri\u0105 Digitalbox 12000, \u0142\u0105cz\u0105c w sobie nowoczesno\u015b\u0107 i futuryzm. Kompaktowy i lekki, z zaokr\u0105glonymi rogami, oferuje optymalny komfort. \u0141atwy do przenoszenia, jest r\u00f3wnie\u017c idealny do pokazania swojej osobowo\u015bci i modnego gustu.<\/p><h2>Nie wymaga konserwacji: czysta przyjemno\u015b\u0107 od razu po wyj\u0119ciu z pude\u0142ka<\/h2><p>Model RandM Tornado 35000 nie wymaga konserwacji: nie trzeba dodawa\u0107 e-liquidu, czy\u015bci\u0107 ani wymienia\u0107 cz\u0119\u015bci. Gotowy do u\u017cycia od razu po wyj\u0119ciu z pude\u0142ka, jest idealny dla u\u017cytkownik\u00f3w szukaj\u0105cych praktyczno\u015bci i spokoju ducha. Jest idealny do podr\u00f3\u017cy, spotka\u0144 lub codziennego u\u017cytku.<\/p><h2>Dost\u0119pnych jest kilka st\u0119\u017ce\u0144 nikotyny: aby spe\u0142ni\u0107 Twoje potrzeby<\/h2><p>Dost\u0119pne s\u0105 st\u0119\u017cenia nikotyny 0 %, 2 % i 5 %, aby zaspokoi\u0107 potrzeby ka\u017cdego u\u017cytkownika. Niezale\u017cnie od tego, czy jeste\u015b u\u017cytkownikiem, kt\u00f3ry chce zmniejszy\u0107 dawk\u0119, czy entuzjast\u0105 elektronicznych papieros\u00f3w szukaj\u0105cym mocnego uderzenia w gard\u0142o, znajdziesz idealne st\u0119\u017cenie nikotyny.<\/p>\t\t\t\t\t\t\t\t<\/div>\n\t\t\t\t<\/div>\n\t\t\t\t\t<\/div>\n\t\t\t\t<\/div>\n\t\t<div class=\"elementor-element elementor-element-08c26f9 e-flex e-con-boxed e-con e-parent\" data-id=\"08c26f9\" data-element_type=\"container\" data-e-type=\"container\">\n\t\t\t\t\t<div class=\"e-con-inner\">\n\t\t\t\t<div class=\"elementor-element elementor-element-a005a97 elementor-widget elementor-widget-text-editor\" data-id=\"a005a97\" data-element_type=\"widget\" data-e-type=\"widget\" data-widget_type=\"text-editor.default\">\n\t\t\t\t<div class=\"elementor-widget-container\">\n\t\t\t\t\t\t\t\t\t<h2>Opcje smakowe dla RandM Tornado 35000<\/h2><p>Model RandM Tornado 35000 oferuje 38 bogatych i zr\u00f3\u017cnicowanych smak\u00f3w, w tym owocowe, ICE, napoje mieszane oraz unikalne i kreatywne smaki dostosowane do preferencji u\u017cytkownika.<\/p><p>Smaki owocowe s\u0105 sercem asortymentu, z prostymi smakami, takimi jak \u00abStrawberry Ice\u00bb, \u00abBlueberry Bubblegum\u00bb i z\u0142o\u017conymi smakami owocowymi, takimi jak \u00abPeach Mango Watermelon Ice\u00bb i \u00abStrawberry Kiwi\u00bb. Tropikalne opcje, takie jak \u00abKiwi Passionfruit Guava\u00bb i \u00abMexico Mango Ice\u00bb oferuj\u0105 orze\u017awiaj\u0105ce doznania, podczas gdy \u00abPeachy Mango Pineapple\u00bb oferuje wiele smak\u00f3w.<\/p><p>Seria Iced oferuje orze\u017awiaj\u0105ce smaki, takie jak \u00abBlack Ice\u00bb, \u00abBlue Razz Ice\u00bb i \u00abSour Apple Pop Ice\u00bb dla poszukiwaczy mocnych wra\u017ce\u0144. Smaki inspirowane drinkami, takie jak \u00abFanta\u00bb, \u00abPink Lemonade\u00bb i \u00abCherry Cola\u00bb, nawi\u0105zuj\u0105 do smaku klasycznych napoj\u00f3w. Innowacyjne kombinacje, takie jak \u00abCactus Lemon Green Tea\u00bb i \u00abCherry Peach Lemonade Tea\u00bb s\u0105 r\u00f3wnie\u017c wyj\u0105tkowo kreatywne.<\/p><p>Niekt\u00f3re nazwy smak\u00f3w s\u0105 r\u00f3wnie\u017c humorystyczne, takie jak \u00abLady Killer\u00bb, \u00abLove 66\u00bb i \u00abMr Blue\u00bb, sugeruj\u0105c s\u0142odkie lub tajemnicze smaki. RandM Tornado 35000 uwzgl\u0119dnia tradycyjne preferencje i \u015bwie\u017co\u015b\u0107 dzi\u0119ki r\u00f3\u017cnorodnym opcjom smakowym, dostosowanym do u\u017cytkownik\u00f3w poszukuj\u0105cych bogatych, spersonalizowanych do\u015bwiadcze\u0144.<\/p>\t\t\t\t\t\t\t\t<\/div>\n\t\t\t\t<\/div>\n\t\t\t\t\t<\/div>\n\t\t\t\t<\/div>\n\t\t\t\t<\/div>","protected":false},"excerpt":{"rendered":"<p>Nombreuses bouff\u00e9es \u2013 jusqu&rsquo;\u00e0 35000 bouff\u00e9es La RandM Tornado 35000 est \u00e9quip\u00e9e d&rsquo;un syst\u00e8me de stockage de liquide de grande capacit\u00e9 et d&rsquo;une technologie de gestion de batterie performante, permettant d&rsquo;atteindre jusqu&rsquo;\u00e0 35000 bouff\u00e9es. Compar\u00e9e aux cigarettes \u00e9lectroniques jetables classiques, sa dur\u00e9e de vie est consid\u00e9rablement am\u00e9lior\u00e9e, particuli\u00e8rement adapt\u00e9e aux utilisateurs intensifs ou aux longs [&hellip;]<\/p>\n","protected":false},"featured_media":4775,"comment_status":"open","ping_status":"closed","template":"","meta":{"site-sidebar-layout":"no-sidebar","site-content-layout":"page-builder","ast-site-content-layout":"normal-width-container","site-content-style":"default","site-sidebar-style":"default","ast-global-header-display":"","ast-banner-title-visibility":"","ast-main-header-display":"","ast-hfb-above-header-display":"","ast-hfb-below-header-display":"","ast-hfb-mobile-header-display":"","site-post-title":"disabled","ast-breadcrumbs-content":"","ast-featured-img":"disabled","footer-sml-layout":"","ast-disable-related-posts":"","theme-transparent-header-meta":"default","adv-header-id-meta":"","stick-header-meta":"default","header-above-stick-meta":"","header-main-stick-meta":"","header-below-stick-meta":"","astra-migrate-meta-layouts":"set","ast-page-background-enabled":"default","ast-page-background-meta":{"desktop":{"background-color":"","background-image":"","background-repeat":"repeat","background-position":"center center","background-size":"auto","background-attachment":"scroll","background-type":"","background-media":"","overlay-type":"","overlay-color":"","overlay-opacity":"","overlay-gradient":""},"tablet":{"background-color":"","background-image":"","background-repeat":"repeat","background-position":"center center","background-size":"auto","background-attachment":"scroll","background-type":"","background-media":"","overlay-type":"","overlay-color":"","overlay-opacity":"","overlay-gradient":""},"mobile":{"background-color":"","background-image":"","background-repeat":"repeat","background-position":"center center","background-size":"auto","background-attachment":"scroll","background-type":"","background-media":"","overlay-type":"","overlay-color":"","overlay-opacity":"","overlay-gradient":""}},"ast-content-background-meta":{"desktop":{"background-color":"var(--ast-global-color-5)","background-image":"","background-repeat":"repeat","background-position":"center center","background-size":"auto","background-attachment":"scroll","background-type":"","background-media":"","overlay-type":"","overlay-color":"","overlay-opacity":"","overlay-gradient":""},"tablet":{"background-color":"var(--ast-global-color-5)","background-image":"","background-repeat":"repeat","background-position":"center center","background-size":"auto","background-attachment":"scroll","background-type":"","background-media":"","overlay-type":"","overlay-color":"","overlay-opacity":"","overlay-gradient":""},"mobile":{"background-color":"var(--ast-global-color-5)","background-image":"","background-repeat":"repeat","background-position":"center center","background-size":"auto","background-attachment":"scroll","background-type":"","background-media":"","overlay-type":"","overlay-color":"","overlay-opacity":"","overlay-gradient":""}}},"product_brand":[42],"product_cat":[49,105,15],"product_tag":[],"class_list":{"0":"post-4790","1":"product","2":"type-product","3":"status-publish","4":"has-post-thumbnail","6":"product_brand-randm-tornado","7":"product_cat-randm-tornado-35000-offre-35000-bouffees-de-cigarettes","8":"product_cat-puff-35k","9":"product_cat-magasin-cigarette-electronique","10":"desktop-align-center","11":"tablet-align-center","12":"mobile-align-center","13":"ast-product-gallery-layout-horizontal","14":"ast-product-single-variable","15":"ast-product-tabs-layout-horizontal","16":"ast-qv-on-image","18":"first","19":"instock","20":"sale","21":"shipping-taxable","22":"purchasable","23":"product-type-variable","24":"has-default-attributes"},"tiered_pricing_type":"fixed","tiered_pricing_fixed_rules":{"50":12.99,"100":11.39,"200":10.79,"400":10.39},"tiered_pricing_product_settings":{"layout":"default","base_unit_name":{"singular":null,"plural":null},"default_variation":null},"tiered_pricing_minimum_quantity":null,"tiered_pricing_roles_data":[],"tiered_pricing_percentage_rules":[],"_links":{"self":[{"href":"https:\/\/puffvapestore.com\/pl\/wp-json\/wp\/v2\/product\/4790","targetHints":{"allow":["GET"]}}],"collection":[{"href":"https:\/\/puffvapestore.com\/pl\/wp-json\/wp\/v2\/product"}],"about":[{"href":"https:\/\/puffvapestore.com\/pl\/wp-json\/wp\/v2\/types\/product"}],"replies":[{"embeddable":true,"href":"https:\/\/puffvapestore.com\/pl\/wp-json\/wp\/v2\/comments?post=4790"}],"version-history":[{"count":6,"href":"https:\/\/puffvapestore.com\/pl\/wp-json\/wp\/v2\/product\/4790\/revisions"}],"predecessor-version":[{"id":4913,"href":"https:\/\/puffvapestore.com\/pl\/wp-json\/wp\/v2\/product\/4790\/revisions\/4913"}],"wp:featuredmedia":[{"embeddable":true,"href":"https:\/\/puffvapestore.com\/pl\/wp-json\/wp\/v2\/media\/4775"}],"wp:attachment":[{"href":"https:\/\/puffvapestore.com\/pl\/wp-json\/wp\/v2\/media?parent=4790"}],"wp:term":[{"taxonomy":"product_brand","embeddable":true,"href":"https:\/\/puffvapestore.com\/pl\/wp-json\/wp\/v2\/product_brand?post=4790"},{"taxonomy":"product_cat","embeddable":true,"href":"https:\/\/puffvapestore.com\/pl\/wp-json\/wp\/v2\/product_cat?post=4790"},{"taxonomy":"product_tag","embeddable":true,"href":"https:\/\/puffvapestore.com\/pl\/wp-json\/wp\/v2\/product_tag?post=4790"}],"curies":[{"name":"wp","href":"https:\/\/api.w.org\/{rel}","templated":true}]}}