{"id":4734,"date":"2025-07-09T11:26:05","date_gmt":"2025-07-09T11:26:05","guid":{"rendered":"https:\/\/puffvapestore.com\/?post_type=product&#038;p=4734"},"modified":"2026-01-19T10:36:00","modified_gmt":"2026-01-19T10:36:00","slug":"cola-ice-randm-tornado-30000","status":"publish","type":"product","link":"https:\/\/puffvapestore.com\/pl\/product\/cola-ice-randm-tornado-30000\/","title":{"rendered":"Cola Ice - RandM Tornado 30000"},"content":{"rendered":"<div data-elementor-type=\"wp-post\" data-elementor-id=\"4734\" class=\"elementor elementor-4734\">\n\t\t\t\t<div class=\"elementor-element elementor-element-08c26f9 e-flex e-con-boxed e-con e-parent\" data-id=\"08c26f9\" data-element_type=\"container\" data-e-type=\"container\">\n\t\t\t\t\t<div class=\"e-con-inner\">\n\t\t\t\t<div class=\"elementor-element elementor-element-a005a97 elementor-widget elementor-widget-text-editor\" data-id=\"a005a97\" data-element_type=\"widget\" data-e-type=\"widget\" data-widget_type=\"text-editor.default\">\n\t\t\t\t<div class=\"elementor-widget-container\">\n\t\t\t\t\t\t\t\t\t<p>W \u015bwiecie elektronicznych papieros\u00f3w model RandM Tornado 30000 wyr\u00f3\u017cnia si\u0119 doskona\u0142\u0105 wydajno\u015bci\u0105 i wyj\u0105tkowym designem. Smak Cola Ice nadaje mu odrobin\u0119 \u015bwie\u017co\u015bci i klasycznego uroku. Zainspirowany klasyczn\u0105 col\u0105, zmieszany z orze\u017awiaj\u0105cym zapachem mro\u017conej mi\u0119ty, oferuje orze\u017awiaj\u0105ce doznania smakowe, zupe\u0142nie jak popijanie mro\u017conej coli w gor\u0105cy letni dzie\u0144. Niezale\u017cnie od tego, czy jeste\u015b entuzjast\u0105 e-papieros\u00f3w poszukuj\u0105cym czystego smaku, czy wyj\u0105tkowego do\u015bwiadczenia, ten produkt zapewni Ci niezr\u00f3wnan\u0105 satysfakcj\u0119.<\/p><h2>G\u0142\u00f3wny smak: Cola<\/h2><p>Klasyczny, retro smak Coli: zaraz po inhalacji natychmiast wyczuwalny jest aromat napoj\u00f3w gazowanych, podobnych do Coca-Coli lub Pepsi, o umiarkowanej s\u0142odyczy. Delikatna karmelowa s\u0142odycz utrzymuje si\u0119 na podniebieniu, przypominaj\u0105c klasyczn\u0105 butelkowan\u0105 Col\u0119.<\/p><h2>Aromat drugorz\u0119dny: mi\u0119ta<\/h2><p>Podczas wydechu \u015bwie\u017co\u015b\u0107 mi\u0119ty wdziera si\u0119 na podniebienie, zapewniaj\u0105c ch\u0142odne, odurzaj\u0105ce wyko\u0144czenie. Dodatek mi\u0119ty odr\u00f3\u017cnia Cola Ice od czysto s\u0142odkich papieros\u00f3w elektronicznych, dodaj\u0105c orze\u017awiaj\u0105cego wymiaru, dzi\u0119ki czemu ka\u017cdy wdech i wydech jest pe\u0142en witalno\u015bci. Idealny do stosowania przez ca\u0142y dzie\u0144, szczeg\u00f3lnie w celu och\u0142odzenia lub relaksu.<\/p><h2>Og\u00f3lne do\u015bwiadczenie<\/h2><ul><li>Nuta g\u0142owy: delikatny, przypominaj\u0105cy Col\u0119 smak pojawia si\u0119 jako pierwszy, przyjemny.<\/li><li>Nuta serca: Uczucie \u015bwie\u017co\u015bci stopniowo narasta, wzmacniaj\u0105c wra\u017cenie warstwowo\u015bci.<\/li><li>Nuta bazy: lodowe doznanie ko\u0144czy si\u0119 lekk\u0105 karmelow\u0105 s\u0142odycz\u0105 i orze\u017awiaj\u0105cym posmakiem.<\/li><\/ul>\t\t\t\t\t\t\t\t<\/div>\n\t\t\t\t<\/div>\n\t\t\t\t\t<\/div>\n\t\t\t\t<\/div>\n\t\t<div class=\"elementor-element elementor-element-718b380 e-flex e-con-boxed e-con e-parent\" data-id=\"718b380\" data-element_type=\"container\" data-e-type=\"container\">\n\t\t\t\t\t<div class=\"e-con-inner\">\n\t\t\t\t<div class=\"elementor-element elementor-element-d2cc8fa elementor-widget elementor-widget-text-editor\" data-id=\"d2cc8fa\" data-element_type=\"widget\" data-e-type=\"widget\" data-widget_type=\"text-editor.default\">\n\t\t\t\t<div class=\"elementor-widget-container\">\n\t\t\t\t\t\t\t\t\t<h2>Kluczowe cechy RandM Tornado 30000<\/h2><p><strong>D\u0142uga autonomia: do 30 000 zaci\u0105gni\u0119\u0107<\/strong><br \/>Model RandM Tornado 30000 ma autonomi\u0119 30 000 zaci\u0105gni\u0119\u0107, znacznie wi\u0119cej ni\u017c konwencjonalne jednoraz\u00f3wki, co czyni go idealnym wyborem dla intensywnych u\u017cytkownik\u00f3w.<\/p><p><strong>Akumulator, ekologiczny i praktyczny<\/strong><br \/>Zintegrowana, wysokowydajna bateria litowa 600 mAh, kompatybilna z szybkim \u0142adowaniem typu C, kt\u00f3ra jest bardziej trwa\u0142a i praktyczna w u\u017cyciu, zmniejszaj\u0105c ilo\u015b\u0107 odpad\u00f3w elektronicznych.<\/p><p><strong>Du\u017ca pojemno\u015b\u0107 e-liquidu: 25 ml wst\u0119pnie nape\u0142nionego p\u0142ynu<\/strong><br \/>Wst\u0119pnie nape\u0142niony e-liquid, bez konieczno\u015bci wielokrotnego nape\u0142niania, nadaje si\u0119 do d\u0142ugotrwa\u0142ego u\u017cytkowania. Nawet przy cz\u0119stym u\u017cytkowaniu mo\u017ce wystarczy\u0107 na kilka tygodni, a okazjonalnym u\u017cytkownikom na kilka miesi\u0119cy.<\/p><p><strong>Opcjonalne st\u0119\u017cenie soli nikotyny: 2 % \/ 5 %<\/strong><br \/>Dostosowany do potrzeb nikotynowych ka\u017cdego u\u017cytkownika, od najl\u017cejszych do najci\u0119\u017cszych.<\/p><p><strong>Siatkowy element grzewczy: r\u00f3wnomierne ogrzewanie, niepor\u00f3wnywalny smak<\/strong><br \/>Dzi\u0119ki zaawansowanej technologii rezystora siatkowego e-ciecz jest podgrzewana bardziej r\u00f3wnomiernie, zapewniaj\u0105c pe\u0142ne, p\u0142ynne i ci\u0105g\u0142e palenie.<\/p><h2>Innowacyjna konstrukcja i rado\u015b\u0107 z u\u017cytkowania RandM Tornado 30000<\/h2><p><strong>Przezroczysta obudowa i dynamiczny wska\u017anik \u015bwietlny<\/strong><br \/>Wizualny zbiornik oleju umo\u017cliwia sprawdzenie poziomu oleju w czasie rzeczywistym, a dynamiczny wska\u017anik LED zapewnia informacje zwrotne w czasie rzeczywistym na temat stanu pracy maszyny - koncentrat technologii.<\/p><p><strong>Efekt \u015bwietlny RGB zsynchronizowany z muzyk\u0105: przyjemno\u015b\u0107 wizualna i s\u0142uchowa<\/strong><br \/>Unikalny system o\u015bwietlenia RGB miga w rytm muzyki, tworz\u0105c relaksuj\u0105c\u0105 atmosfer\u0119 na imprezach, wieczornych wyj\u015bciach i innych okazjach, zapewniaj\u0105c najwy\u017csz\u0105 rozrywk\u0119.<\/p><p><strong>Ergonomiczny wygl\u0105d: wygodny, elegancki i przeno\u015bny w d\u0142oni<\/strong><br \/>Jego lekka obudowa i konstrukcja przyjazna dla d\u0142oni sprawiaj\u0105, \u017ce idealnie nadaje si\u0119 do d\u0142ugotrwa\u0142ego u\u017cytkowania w domu, w pracy lub w podr\u00f3\u017cy.<\/p><h2>Zalety RandM Tornado 30000<\/h2><p><strong>Nie wymaga konserwacji<\/strong>\u00a0Nie ma potrzeby dodawania e-liquidu ani wymiany cz\u0119\u015bci, idealny dla pocz\u0105tkuj\u0105cych i leniwych u\u017cytkownik\u00f3w.<\/p><p><strong>Wysoka niezawodno\u015b\u0107<\/strong>\u00a0Wykonane z wysokiej jako\u015bci materia\u0142\u00f3w, oferuj\u0105 doskona\u0142\u0105 trwa\u0142o\u015b\u0107 i optymaln\u0105 wodoodporno\u015b\u0107.<\/p><p><strong>Gotowy do u\u017cycia<\/strong>\u00a0Nie wymaga prze\u0142\u0105cznika, wystarczy wdycha\u0107, intuicyjny i praktyczny w u\u017cyciu.<\/p><p><strong>R\u00f3\u017cnorodno\u015b\u0107 wyboru\u00a0<\/strong>R\u00f3\u017cne smaki i st\u0119\u017cenia nikotyny, aby zaspokoi\u0107 wszystkie gusta.<\/p>\t\t\t\t\t\t\t\t<\/div>\n\t\t\t\t<\/div>\n\t\t\t\t\t<\/div>\n\t\t\t\t<\/div>\n\t\t\t\t<\/div>","protected":false},"excerpt":{"rendered":"<p>Dans le monde de la cigarette \u00e9lectronique, la RandM Tornado 30000 se distingue par ses excellentes performances et son design unique. L&rsquo;ar\u00f4me Cola Ice lui conf\u00e8re une touche de fra\u00eecheur et de charme classique. Inspir\u00e9 du cola classique, m\u00eal\u00e9 \u00e0 l&rsquo;odeur rafra\u00eechissante de menthe glac\u00e9e, il offre une exp\u00e9rience gustative revigorante, comme si vous sirotiez [&hellip;]<\/p>\n","protected":false},"featured_media":4486,"comment_status":"open","ping_status":"closed","template":"","meta":{"site-sidebar-layout":"no-sidebar","site-content-layout":"page-builder","ast-site-content-layout":"normal-width-container","site-content-style":"default","site-sidebar-style":"default","ast-global-header-display":"","ast-banner-title-visibility":"","ast-main-header-display":"","ast-hfb-above-header-display":"","ast-hfb-below-header-display":"","ast-hfb-mobile-header-display":"","site-post-title":"disabled","ast-breadcrumbs-content":"","ast-featured-img":"disabled","footer-sml-layout":"","ast-disable-related-posts":"","theme-transparent-header-meta":"default","adv-header-id-meta":"","stick-header-meta":"default","header-above-stick-meta":"","header-main-stick-meta":"","header-below-stick-meta":"","astra-migrate-meta-layouts":"set","ast-page-background-enabled":"default","ast-page-background-meta":{"desktop":{"background-color":"","background-image":"","background-repeat":"repeat","background-position":"center center","background-size":"auto","background-attachment":"scroll","background-type":"","background-media":"","overlay-type":"","overlay-color":"","overlay-opacity":"","overlay-gradient":""},"tablet":{"background-color":"","background-image":"","background-repeat":"repeat","background-position":"center center","background-size":"auto","background-attachment":"scroll","background-type":"","background-media":"","overlay-type":"","overlay-color":"","overlay-opacity":"","overlay-gradient":""},"mobile":{"background-color":"","background-image":"","background-repeat":"repeat","background-position":"center center","background-size":"auto","background-attachment":"scroll","background-type":"","background-media":"","overlay-type":"","overlay-color":"","overlay-opacity":"","overlay-gradient":""}},"ast-content-background-meta":{"desktop":{"background-color":"var(--ast-global-color-5)","background-image":"","background-repeat":"repeat","background-position":"center center","background-size":"auto","background-attachment":"scroll","background-type":"","background-media":"","overlay-type":"","overlay-color":"","overlay-opacity":"","overlay-gradient":""},"tablet":{"background-color":"var(--ast-global-color-5)","background-image":"","background-repeat":"repeat","background-position":"center center","background-size":"auto","background-attachment":"scroll","background-type":"","background-media":"","overlay-type":"","overlay-color":"","overlay-opacity":"","overlay-gradient":""},"mobile":{"background-color":"var(--ast-global-color-5)","background-image":"","background-repeat":"repeat","background-position":"center center","background-size":"auto","background-attachment":"scroll","background-type":"","background-media":"","overlay-type":"","overlay-color":"","overlay-opacity":"","overlay-gradient":""}}},"product_brand":[42],"product_cat":[48,86,15],"product_tag":[],"class_list":{"0":"post-4734","1":"product","2":"type-product","3":"status-publish","4":"has-post-thumbnail","6":"product_brand-randm-tornado","7":"product_cat-randm-tornado-30000-concentre-de-fun","8":"product_cat-puff-30k","9":"product_cat-magasin-cigarette-electronique","10":"desktop-align-center","11":"tablet-align-center","12":"mobile-align-center","13":"ast-product-gallery-layout-horizontal","14":"ast-product-gallery-with-no-image","15":"ast-product-single-variable","16":"ast-product-tabs-layout-horizontal","17":"ast-qv-on-image","19":"first","20":"instock","21":"sale","22":"shipping-taxable","23":"purchasable","24":"product-type-variable","25":"has-default-attributes"},"tiered_pricing_type":"fixed","tiered_pricing_fixed_rules":{"50":9.38,"100":8.45,"200":7.95,"400":7.59},"tiered_pricing_product_settings":{"layout":"default","base_unit_name":{"singular":null,"plural":null},"default_variation":null},"tiered_pricing_minimum_quantity":null,"tiered_pricing_roles_data":[],"tiered_pricing_percentage_rules":[],"_links":{"self":[{"href":"https:\/\/puffvapestore.com\/pl\/wp-json\/wp\/v2\/product\/4734","targetHints":{"allow":["GET"]}}],"collection":[{"href":"https:\/\/puffvapestore.com\/pl\/wp-json\/wp\/v2\/product"}],"about":[{"href":"https:\/\/puffvapestore.com\/pl\/wp-json\/wp\/v2\/types\/product"}],"replies":[{"embeddable":true,"href":"https:\/\/puffvapestore.com\/pl\/wp-json\/wp\/v2\/comments?post=4734"}],"version-history":[{"count":14,"href":"https:\/\/puffvapestore.com\/pl\/wp-json\/wp\/v2\/product\/4734\/revisions"}],"predecessor-version":[{"id":4750,"href":"https:\/\/puffvapestore.com\/pl\/wp-json\/wp\/v2\/product\/4734\/revisions\/4750"}],"wp:featuredmedia":[{"embeddable":true,"href":"https:\/\/puffvapestore.com\/pl\/wp-json\/wp\/v2\/media\/4486"}],"wp:attachment":[{"href":"https:\/\/puffvapestore.com\/pl\/wp-json\/wp\/v2\/media?parent=4734"}],"wp:term":[{"taxonomy":"product_brand","embeddable":true,"href":"https:\/\/puffvapestore.com\/pl\/wp-json\/wp\/v2\/product_brand?post=4734"},{"taxonomy":"product_cat","embeddable":true,"href":"https:\/\/puffvapestore.com\/pl\/wp-json\/wp\/v2\/product_cat?post=4734"},{"taxonomy":"product_tag","embeddable":true,"href":"https:\/\/puffvapestore.com\/pl\/wp-json\/wp\/v2\/product_tag?post=4734"}],"curies":[{"name":"wp","href":"https:\/\/api.w.org\/{rel}","templated":true}]}}