{"id":4707,"date":"2025-07-09T04:58:45","date_gmt":"2025-07-09T04:58:45","guid":{"rendered":"https:\/\/puffvapestore.com\/?post_type=product&#038;p=4707"},"modified":"2026-01-19T10:36:00","modified_gmt":"2026-01-19T10:36:00","slug":"fumot-randm-tornado-30000-skittles","status":"publish","type":"product","link":"https:\/\/puffvapestore.com\/pl\/product\/fumot-randm-tornado-30000-kregli\/","title":{"rendered":"Skittles - RandM Tornado 30000"},"content":{"rendered":"<div data-elementor-type=\"wp-post\" data-elementor-id=\"4707\" class=\"elementor elementor-4707\">\n\t\t\t\t<div class=\"elementor-element elementor-element-08c26f9 e-flex e-con-boxed e-con e-parent\" data-id=\"08c26f9\" data-element_type=\"container\" data-e-type=\"container\">\n\t\t\t\t\t<div class=\"e-con-inner\">\n\t\t\t\t<div class=\"elementor-element elementor-element-a005a97 elementor-widget elementor-widget-text-editor\" data-id=\"a005a97\" data-element_type=\"widget\" data-e-type=\"widget\" data-widget_type=\"text-editor.default\">\n\t\t\t\t<div class=\"elementor-widget-container\">\n\t\t\t\t\t\t\t\t\t<p>Fumot RandM Tornado 30000 dodaje kolorowy, \u017cywy akcent do wystroju dzi\u0119ki unikalnemu smakowi Skittles. Wyobra\u017a sobie pracownik\u00f3w zebranych przed hangarem w ma\u0142ym francuskim miasteczku podczas przerwy na lunch, s\u0142o\u0144ce o\u015bwietlaj\u0105ce marmurowe \u015bciany i powietrze wype\u0142nione s\u0142odkim, owocowym elektronicznym dymem Skittles, natychmiast tworz\u0105c relaksuj\u0105c\u0105, komfortow\u0105 atmosfer\u0119. Ten smak elektronicznego papierosa, nazwany na cze\u015b\u0107 klasycznego cukierka, doskonale \u0142\u0105czy s\u0142odycz i cierpko\u015b\u0107 owoc\u00f3w z rado\u015bci\u0105 cukierk\u00f3w, tak jakby ka\u017cde zaci\u0105gni\u0119cie si\u0119 dymem tworzy\u0142o kolorow\u0105 symfoni\u0119 cytryny, truskawki, winogrona i zielonego jab\u0142ka na czubku j\u0119zyka, oferuj\u0105c u\u017cytkownikom zmys\u0142ow\u0105 przyjemno\u015b\u0107, kt\u00f3ra jest zar\u00f3wno znajoma, jak i nowa.<\/p><ul><li>Wielowarstwowa mieszanka owocowych smak\u00f3w: Fumot RandM Tornado 30000 Skittles to mieszanka kilku owocowych smak\u00f3w, w tym winogronowego, cytrynowego, zielonego jab\u0142ka, truskawkowego i pomara\u0144czowego. Podczas inhalacji do\u015bwiadczysz fal owocowych smak\u00f3w, naprzemiennie, aby uzyska\u0107 bogate, ci\u0105gle zmieniaj\u0105ce si\u0119 doznania.<\/li><li>S\u0142odycz jest wyra\u017ana, ale nie t\u0142usta: ten smak jest og\u00f3lnie s\u0142odki, z wyra\u017anym uczuciem s\u0142odyczy, podobnym do gar\u015bci t\u0119czowych cukierk\u00f3w.<\/li><\/ul>\t\t\t\t\t\t\t\t<\/div>\n\t\t\t\t<\/div>\n\t\t\t\t\t<\/div>\n\t\t\t\t<\/div>\n\t\t<div class=\"elementor-element elementor-element-718b380 e-flex e-con-boxed e-con e-parent\" data-id=\"718b380\" data-element_type=\"container\" data-e-type=\"container\">\n\t\t\t\t\t<div class=\"e-con-inner\">\n\t\t\t\t<div class=\"elementor-element elementor-element-d2cc8fa elementor-widget elementor-widget-text-editor\" data-id=\"d2cc8fa\" data-element_type=\"widget\" data-e-type=\"widget\" data-widget_type=\"text-editor.default\">\n\t\t\t\t<div class=\"elementor-widget-container\">\n\t\t\t\t\t\t\t\t\t<h2>Kluczowe cechy RandM Tornado 30000<\/h2><p><strong>D\u0142uga autonomia: do 30 000 zaci\u0105gni\u0119\u0107<\/strong><br \/>Model RandM Tornado 30000 ma autonomi\u0119 30 000 zaci\u0105gni\u0119\u0107, znacznie wi\u0119cej ni\u017c konwencjonalne jednoraz\u00f3wki, co czyni go idealnym wyborem dla intensywnych u\u017cytkownik\u00f3w.<\/p><p><strong>Akumulator, ekologiczny i praktyczny<\/strong><br \/>Zintegrowana, wysokowydajna bateria litowa 600 mAh, kompatybilna z szybkim \u0142adowaniem typu C, kt\u00f3ra jest bardziej trwa\u0142a i praktyczna w u\u017cyciu, zmniejszaj\u0105c ilo\u015b\u0107 odpad\u00f3w elektronicznych.<\/p><p><strong>Du\u017ca pojemno\u015b\u0107 e-liquidu: 25 ml wst\u0119pnie nape\u0142nionego p\u0142ynu<\/strong><br \/>Wst\u0119pnie nape\u0142niony e-liquid, bez konieczno\u015bci wielokrotnego nape\u0142niania, nadaje si\u0119 do d\u0142ugotrwa\u0142ego u\u017cytkowania. Nawet przy cz\u0119stym u\u017cytkowaniu mo\u017ce wystarczy\u0107 na kilka tygodni, a okazjonalnym u\u017cytkownikom na kilka miesi\u0119cy.<\/p><p><strong>Opcjonalne st\u0119\u017cenie soli nikotyny: 2 % \/ 5 %<\/strong><br \/>Dostosowany do potrzeb nikotynowych ka\u017cdego u\u017cytkownika, od najl\u017cejszych do najci\u0119\u017cszych.<\/p><p><strong>Siatkowy element grzewczy: r\u00f3wnomierne ogrzewanie, niepor\u00f3wnywalny smak<\/strong><br \/>Dzi\u0119ki zaawansowanej technologii rezystora siatkowego e-ciecz jest podgrzewana bardziej r\u00f3wnomiernie, zapewniaj\u0105c pe\u0142ne, p\u0142ynne i ci\u0105g\u0142e palenie.<\/p><h2>Innowacyjna konstrukcja i rado\u015b\u0107 z u\u017cytkowania RandM Tornado 30000<\/h2><p><strong>Przezroczysta obudowa i dynamiczny wska\u017anik \u015bwietlny<\/strong><br \/>Wizualny zbiornik oleju umo\u017cliwia sprawdzenie poziomu oleju w czasie rzeczywistym, a dynamiczny wska\u017anik LED zapewnia informacje zwrotne w czasie rzeczywistym na temat stanu pracy maszyny - koncentrat technologii.<\/p><p><strong>Efekt \u015bwietlny RGB zsynchronizowany z muzyk\u0105: przyjemno\u015b\u0107 wizualna i s\u0142uchowa<\/strong><br \/>Unikalny system o\u015bwietlenia RGB miga w rytm muzyki, tworz\u0105c relaksuj\u0105c\u0105 atmosfer\u0119 na imprezach, wieczornych wyj\u015bciach i innych okazjach, zapewniaj\u0105c najwy\u017csz\u0105 rozrywk\u0119.<\/p><p><strong>Ergonomiczny wygl\u0105d: wygodny, elegancki i przeno\u015bny w d\u0142oni<\/strong><br \/>Jego lekka obudowa i konstrukcja przyjazna dla d\u0142oni sprawiaj\u0105, \u017ce idealnie nadaje si\u0119 do d\u0142ugotrwa\u0142ego u\u017cytkowania w domu, w pracy lub w podr\u00f3\u017cy.<\/p><h2>Zalety RandM Tornado 30000<\/h2><p><strong>Nie wymaga konserwacji<\/strong>\u00a0Nie ma potrzeby dodawania e-liquidu ani wymiany cz\u0119\u015bci, idealny dla pocz\u0105tkuj\u0105cych i leniwych u\u017cytkownik\u00f3w.<\/p><p><strong>Wysoka niezawodno\u015b\u0107<\/strong>\u00a0Wykonane z wysokiej jako\u015bci materia\u0142\u00f3w, oferuj\u0105 doskona\u0142\u0105 trwa\u0142o\u015b\u0107 i optymaln\u0105 wodoodporno\u015b\u0107.<\/p><p><strong>Gotowy do u\u017cycia<\/strong>\u00a0Nie wymaga prze\u0142\u0105cznika, wystarczy wdycha\u0107, intuicyjny i praktyczny w u\u017cyciu.<\/p><p><strong>R\u00f3\u017cnorodno\u015b\u0107 wyboru\u00a0<\/strong>R\u00f3\u017cne smaki i st\u0119\u017cenia nikotyny, aby zaspokoi\u0107 wszystkie gusta.<\/p>\t\t\t\t\t\t\t\t<\/div>\n\t\t\t\t<\/div>\n\t\t\t\t\t<\/div>\n\t\t\t\t<\/div>\n\t\t\t\t<\/div>","protected":false},"excerpt":{"rendered":"<p>Fumot RandM Tornado 30000 ajoute une touche color\u00e9e et vibrante \u00e0 votre d\u00e9cor gr\u00e2ce \u00e0 son ar\u00f4me unique Skittles. Imaginez des ouvriers r\u00e9unis devant un hangar dans une petite ville fran\u00e7aise pendant leur pause d\u00e9jeuner, le soleil illuminant les murs marbr\u00e9s et l&rsquo;air empli de la fum\u00e9e \u00e9lectronique sucr\u00e9e et fruit\u00e9e des Skittles, cr\u00e9ant instantan\u00e9ment [&hellip;]<\/p>\n","protected":false},"featured_media":4501,"comment_status":"open","ping_status":"closed","template":"","meta":{"site-sidebar-layout":"no-sidebar","site-content-layout":"page-builder","ast-site-content-layout":"normal-width-container","site-content-style":"default","site-sidebar-style":"default","ast-global-header-display":"","ast-banner-title-visibility":"","ast-main-header-display":"","ast-hfb-above-header-display":"","ast-hfb-below-header-display":"","ast-hfb-mobile-header-display":"","site-post-title":"disabled","ast-breadcrumbs-content":"","ast-featured-img":"disabled","footer-sml-layout":"","ast-disable-related-posts":"","theme-transparent-header-meta":"default","adv-header-id-meta":"","stick-header-meta":"default","header-above-stick-meta":"","header-main-stick-meta":"","header-below-stick-meta":"","astra-migrate-meta-layouts":"set","ast-page-background-enabled":"default","ast-page-background-meta":{"desktop":{"background-color":"","background-image":"","background-repeat":"repeat","background-position":"center center","background-size":"auto","background-attachment":"scroll","background-type":"","background-media":"","overlay-type":"","overlay-color":"","overlay-opacity":"","overlay-gradient":""},"tablet":{"background-color":"","background-image":"","background-repeat":"repeat","background-position":"center center","background-size":"auto","background-attachment":"scroll","background-type":"","background-media":"","overlay-type":"","overlay-color":"","overlay-opacity":"","overlay-gradient":""},"mobile":{"background-color":"","background-image":"","background-repeat":"repeat","background-position":"center center","background-size":"auto","background-attachment":"scroll","background-type":"","background-media":"","overlay-type":"","overlay-color":"","overlay-opacity":"","overlay-gradient":""}},"ast-content-background-meta":{"desktop":{"background-color":"var(--ast-global-color-5)","background-image":"","background-repeat":"repeat","background-position":"center center","background-size":"auto","background-attachment":"scroll","background-type":"","background-media":"","overlay-type":"","overlay-color":"","overlay-opacity":"","overlay-gradient":""},"tablet":{"background-color":"var(--ast-global-color-5)","background-image":"","background-repeat":"repeat","background-position":"center center","background-size":"auto","background-attachment":"scroll","background-type":"","background-media":"","overlay-type":"","overlay-color":"","overlay-opacity":"","overlay-gradient":""},"mobile":{"background-color":"var(--ast-global-color-5)","background-image":"","background-repeat":"repeat","background-position":"center center","background-size":"auto","background-attachment":"scroll","background-type":"","background-media":"","overlay-type":"","overlay-color":"","overlay-opacity":"","overlay-gradient":""}}},"product_brand":[42],"product_cat":[48,86,15],"product_tag":[],"class_list":{"0":"post-4707","1":"product","2":"type-product","3":"status-publish","4":"has-post-thumbnail","6":"product_brand-randm-tornado","7":"product_cat-randm-tornado-30000-concentre-de-fun","8":"product_cat-puff-30k","9":"product_cat-magasin-cigarette-electronique","10":"desktop-align-center","11":"tablet-align-center","12":"mobile-align-center","13":"ast-product-gallery-layout-horizontal","14":"ast-product-gallery-with-no-image","15":"ast-product-single-variable","16":"ast-product-tabs-layout-horizontal","17":"ast-qv-on-image","19":"first","20":"instock","21":"sale","22":"shipping-taxable","23":"purchasable","24":"product-type-variable","25":"has-default-attributes"},"tiered_pricing_type":"fixed","tiered_pricing_fixed_rules":{"50":9.38,"100":8.45,"200":7.95,"400":7.59},"tiered_pricing_product_settings":{"layout":"default","base_unit_name":{"singular":null,"plural":null},"default_variation":null},"tiered_pricing_minimum_quantity":null,"tiered_pricing_roles_data":[],"tiered_pricing_percentage_rules":[],"_links":{"self":[{"href":"https:\/\/puffvapestore.com\/pl\/wp-json\/wp\/v2\/product\/4707","targetHints":{"allow":["GET"]}}],"collection":[{"href":"https:\/\/puffvapestore.com\/pl\/wp-json\/wp\/v2\/product"}],"about":[{"href":"https:\/\/puffvapestore.com\/pl\/wp-json\/wp\/v2\/types\/product"}],"replies":[{"embeddable":true,"href":"https:\/\/puffvapestore.com\/pl\/wp-json\/wp\/v2\/comments?post=4707"}],"version-history":[{"count":6,"href":"https:\/\/puffvapestore.com\/pl\/wp-json\/wp\/v2\/product\/4707\/revisions"}],"predecessor-version":[{"id":4715,"href":"https:\/\/puffvapestore.com\/pl\/wp-json\/wp\/v2\/product\/4707\/revisions\/4715"}],"wp:featuredmedia":[{"embeddable":true,"href":"https:\/\/puffvapestore.com\/pl\/wp-json\/wp\/v2\/media\/4501"}],"wp:attachment":[{"href":"https:\/\/puffvapestore.com\/pl\/wp-json\/wp\/v2\/media?parent=4707"}],"wp:term":[{"taxonomy":"product_brand","embeddable":true,"href":"https:\/\/puffvapestore.com\/pl\/wp-json\/wp\/v2\/product_brand?post=4707"},{"taxonomy":"product_cat","embeddable":true,"href":"https:\/\/puffvapestore.com\/pl\/wp-json\/wp\/v2\/product_cat?post=4707"},{"taxonomy":"product_tag","embeddable":true,"href":"https:\/\/puffvapestore.com\/pl\/wp-json\/wp\/v2\/product_tag?post=4707"}],"curies":[{"name":"wp","href":"https:\/\/api.w.org\/{rel}","templated":true}]}}