{"id":4685,"date":"2025-07-08T12:35:12","date_gmt":"2025-07-08T12:35:12","guid":{"rendered":"https:\/\/puffvapestore.com\/?post_type=product&#038;p=4685"},"modified":"2026-01-19T10:36:01","modified_gmt":"2026-01-19T10:36:01","slug":"fumot-randm-tornado-30000-triple-mango","status":"publish","type":"product","link":"https:\/\/puffvapestore.com\/pl\/product\/fumot-randm-tornado-30000-potrojne-mango\/","title":{"rendered":"Triple Mango - RandM Tornado 30000"},"content":{"rendered":"<div data-elementor-type=\"wp-post\" data-elementor-id=\"4685\" class=\"elementor elementor-4685\">\n\t\t\t\t<div class=\"elementor-element elementor-element-08c26f9 e-flex e-con-boxed e-con e-parent\" data-id=\"08c26f9\" data-element_type=\"container\" data-e-type=\"container\">\n\t\t\t\t\t<div class=\"e-con-inner\">\n\t\t\t\t<div class=\"elementor-element elementor-element-a005a97 elementor-widget elementor-widget-text-editor\" data-id=\"a005a97\" data-element_type=\"widget\" data-e-type=\"widget\" data-widget_type=\"text-editor.default\">\n\t\t\t\t<div class=\"elementor-widget-container\">\n\t\t\t\t\t\t\t\t\t<p>We Francji, kraju o bardzo wysokich standardach, je\u015bli chodzi o jako\u015b\u0107 \u017cycia, elektroniczne papierosy Fumot RandM Tornado 30000 dyskretnie sta\u0142y si\u0119 cz\u0119\u015bci\u0105 codziennego \u017cycia miejskich pracownik\u00f3w umys\u0142owych dzi\u0119ki swojej wydajnej konfiguracji i wyj\u0105tkowemu smakowi. W szczeg\u00f3lno\u015bci smak Triple Mango oferuje zaskakuj\u0105c\u0105 r\u00f3wnowag\u0119 mi\u0119dzy delikatno\u015bci\u0105 i elegancj\u0105, rzadki komfort sensoryczny w gor\u0105czkowym miejskim \u015bwiecie.<\/p><h2>Warstwy kwiatu Triple Mango<\/h2><p>Triple Mango nie jest prostym po\u0142\u0105czeniem jednego smaku mango, ale fuzj\u0105 trzech r\u00f3\u017cnych odmian mango. Od pierwszego pow\u0105chania poczujesz intensywn\u0105 s\u0142odycz mango, jakby s\u0142o\u0144ce \u015bwieci\u0142o na czubku j\u0119zyka. Nast\u0119pnie powoli rozwija si\u0119 jedwabisty aromat mango Almanzo, dodaj\u0105c egzotycznego akcentu. Wreszcie, orze\u017awiaj\u0105cy, lekko pikantny smak tropikalnego mango dope\u0142nia doznania. To po\u0142\u0105czenie smak\u00f3w przekszta\u0142ca ka\u017cd\u0105 inhalacj\u0119 w tropikaln\u0105 owocow\u0105 przygod\u0119, s\u0142odk\u0105, ale nie t\u0142ust\u0105, z niesko\u0144czonym posmakiem.<\/p>\t\t\t\t\t\t\t\t<\/div>\n\t\t\t\t<\/div>\n\t\t\t\t\t<\/div>\n\t\t\t\t<\/div>\n\t\t<div class=\"elementor-element elementor-element-718b380 e-flex e-con-boxed e-con e-parent\" data-id=\"718b380\" data-element_type=\"container\" data-e-type=\"container\">\n\t\t\t\t\t<div class=\"e-con-inner\">\n\t\t\t\t<div class=\"elementor-element elementor-element-d2cc8fa elementor-widget elementor-widget-text-editor\" data-id=\"d2cc8fa\" data-element_type=\"widget\" data-e-type=\"widget\" data-widget_type=\"text-editor.default\">\n\t\t\t\t<div class=\"elementor-widget-container\">\n\t\t\t\t\t\t\t\t\t<h2>Specyfikacje RandM Tornado 30000 :<\/h2><p>Liczba zaci\u0105gni\u0119\u0107: Do 30 000 zaci\u0105gni\u0119\u0107, co czyni go jednym z najd\u0142u\u017cej dzia\u0142aj\u0105cych jednorazowych papieros\u00f3w elektronicznych na rynku.<\/p><p>Bateria: Wyposa\u017cony w akumulator o pojemno\u015bci 600 mAh, \u0142aduje si\u0119 przez port typu C, zapewniaj\u0105c szybkie i wydajne \u0142adowanie.<\/p><p>Pojemno\u015b\u0107 zbiornika : Mie\u015bci 25 ml wst\u0119pnie nape\u0142nionego e-liquidu.<\/p><p>Dawka nikotyny: dost\u0119pna w 2 solach nikotyny % lub 5 solach nikotyny %, aby zaspokoi\u0107 wszystkie potrzeby.<\/p><p>Technologia Mesh Coil: Gwarantuje sp\u00f3jne, p\u0142ynne i pyszne doznania podczas waporyzacji dzi\u0119ki r\u00f3wnomiernemu podgrzewaniu e-liquidu.<\/p><p>Konstrukcja: Lekka, przezroczysta obudowa monitoruje poziom e-liquidu i posiada dynamiczne wska\u017aniki pokazuj\u0105ce aktywno\u015b\u0107 rezystora siatkowego.<\/p><p>Funkcja muzyczna: Wyposa\u017cony w unikalny zestaw \u015bwiate\u0142 RGB zsynchronizowany z muzyk\u0105, dodaje wizualny i rozrywkowy akcent do elektronicznych papieros\u00f3w.<\/p><p>Trwa\u0142o\u015b\u0107: Wykonany z najnowocze\u015bniejszych materia\u0142\u00f3w, jest wysoce niezawodny i wyposa\u017cony w szczeln\u0105 technologi\u0119 e-liquid, dzi\u0119ki czemu idealnie nadaje si\u0119 do codziennego u\u017cytku i podr\u00f3\u017cy.<\/p><h2>Wydajno\u015b\u0107 i zalety RandM Tornado 30000<\/h2><p>\u017bywotno\u015b\u0107 p\u0142ynu: 25 ml wst\u0119pnie nape\u0142nionego p\u0142ynu pozwala na d\u0142ugotrwa\u0142e u\u017cytkowanie bez konieczno\u015bci uzupe\u0142niania, ale d\u0142ugo\u015b\u0107 u\u017cytkowania r\u00f3\u017cni si\u0119 w zale\u017cno\u015bci od sposobu u\u017cytkowania. Regularni u\u017cytkownicy elektronicznych papieros\u00f3w mog\u0105 u\u017cywa\u0107 go przez tygodnie, podczas gdy zwykli u\u017cytkownicy mog\u0105 u\u017cywa\u0107 go przez miesi\u0105ce.<\/p><p>Smak: Dzi\u0119ki technologii odporno\u015bci siatki, smak jest naturalnie bogaty, a obj\u0119to\u015b\u0107 dymu stabilna.<\/p><p>\u0141atwy w u\u017cyciu: Brak skomplikowanych przycisk\u00f3w lub ustawie\u0144, wystarczy odkurzy\u0107, aby aktywowa\u0107, \u0142atwy w u\u017cyciu nawet dla nowicjuszy. Bezobs\u0142ugowy (nie wymaga \u0142adowania ani wymiany elementu grzejnego), co jest jeszcze bardziej praktyczne.<\/p><p>Design: O\u015bwietlenie LED i ergonomiczna obudowa dodaj\u0105 jej atrakcyjno\u015bci.<\/p>\t\t\t\t\t\t\t\t<\/div>\n\t\t\t\t<\/div>\n\t\t\t\t\t<\/div>\n\t\t\t\t<\/div>\n\t\t\t\t<\/div>","protected":false},"excerpt":{"rendered":"<p>En France, pays tr\u00e8s exigeant en mati\u00e8re de qualit\u00e9 de vie, les cigarettes \u00e9lectroniques Fumot RandM Tornado 30000 se sont discr\u00e8tement int\u00e9gr\u00e9es au quotidien des cols blancs urbains gr\u00e2ce \u00e0 leur configuration performante et \u00e0 leur saveur unique. Son ar\u00f4me Triple Mangue, en particulier, offre un \u00e9quilibre surprenant entre d\u00e9licatesse et \u00e9l\u00e9gance, un r\u00e9confort sensoriel [&hellip;]<\/p>\n","protected":false},"featured_media":4506,"comment_status":"open","ping_status":"closed","template":"","meta":{"site-sidebar-layout":"no-sidebar","site-content-layout":"page-builder","ast-site-content-layout":"normal-width-container","site-content-style":"default","site-sidebar-style":"default","ast-global-header-display":"","ast-banner-title-visibility":"","ast-main-header-display":"","ast-hfb-above-header-display":"","ast-hfb-below-header-display":"","ast-hfb-mobile-header-display":"","site-post-title":"disabled","ast-breadcrumbs-content":"","ast-featured-img":"disabled","footer-sml-layout":"","ast-disable-related-posts":"","theme-transparent-header-meta":"default","adv-header-id-meta":"","stick-header-meta":"default","header-above-stick-meta":"","header-main-stick-meta":"","header-below-stick-meta":"","astra-migrate-meta-layouts":"set","ast-page-background-enabled":"default","ast-page-background-meta":{"desktop":{"background-color":"","background-image":"","background-repeat":"repeat","background-position":"center center","background-size":"auto","background-attachment":"scroll","background-type":"","background-media":"","overlay-type":"","overlay-color":"","overlay-opacity":"","overlay-gradient":""},"tablet":{"background-color":"","background-image":"","background-repeat":"repeat","background-position":"center center","background-size":"auto","background-attachment":"scroll","background-type":"","background-media":"","overlay-type":"","overlay-color":"","overlay-opacity":"","overlay-gradient":""},"mobile":{"background-color":"","background-image":"","background-repeat":"repeat","background-position":"center center","background-size":"auto","background-attachment":"scroll","background-type":"","background-media":"","overlay-type":"","overlay-color":"","overlay-opacity":"","overlay-gradient":""}},"ast-content-background-meta":{"desktop":{"background-color":"var(--ast-global-color-5)","background-image":"","background-repeat":"repeat","background-position":"center center","background-size":"auto","background-attachment":"scroll","background-type":"","background-media":"","overlay-type":"","overlay-color":"","overlay-opacity":"","overlay-gradient":""},"tablet":{"background-color":"var(--ast-global-color-5)","background-image":"","background-repeat":"repeat","background-position":"center center","background-size":"auto","background-attachment":"scroll","background-type":"","background-media":"","overlay-type":"","overlay-color":"","overlay-opacity":"","overlay-gradient":""},"mobile":{"background-color":"var(--ast-global-color-5)","background-image":"","background-repeat":"repeat","background-position":"center center","background-size":"auto","background-attachment":"scroll","background-type":"","background-media":"","overlay-type":"","overlay-color":"","overlay-opacity":"","overlay-gradient":""}}},"product_brand":[42],"product_cat":[48,86,15],"product_tag":[],"class_list":{"0":"post-4685","1":"product","2":"type-product","3":"status-publish","4":"has-post-thumbnail","6":"product_brand-randm-tornado","7":"product_cat-randm-tornado-30000-concentre-de-fun","8":"product_cat-puff-30k","9":"product_cat-magasin-cigarette-electronique","10":"desktop-align-center","11":"tablet-align-center","12":"mobile-align-center","13":"ast-product-gallery-layout-horizontal","14":"ast-product-gallery-with-no-image","15":"ast-product-single-variable","16":"ast-product-tabs-layout-horizontal","17":"ast-qv-on-image","19":"first","20":"instock","21":"sale","22":"shipping-taxable","23":"purchasable","24":"product-type-variable","25":"has-default-attributes"},"tiered_pricing_type":"fixed","tiered_pricing_fixed_rules":{"50":9.38,"100":8.45,"200":7.95,"400":7.59},"tiered_pricing_product_settings":{"layout":"default","base_unit_name":{"singular":null,"plural":null},"default_variation":null},"tiered_pricing_minimum_quantity":null,"tiered_pricing_roles_data":[],"tiered_pricing_percentage_rules":[],"_links":{"self":[{"href":"https:\/\/puffvapestore.com\/pl\/wp-json\/wp\/v2\/product\/4685","targetHints":{"allow":["GET"]}}],"collection":[{"href":"https:\/\/puffvapestore.com\/pl\/wp-json\/wp\/v2\/product"}],"about":[{"href":"https:\/\/puffvapestore.com\/pl\/wp-json\/wp\/v2\/types\/product"}],"replies":[{"embeddable":true,"href":"https:\/\/puffvapestore.com\/pl\/wp-json\/wp\/v2\/comments?post=4685"}],"version-history":[{"count":6,"href":"https:\/\/puffvapestore.com\/pl\/wp-json\/wp\/v2\/product\/4685\/revisions"}],"predecessor-version":[{"id":4693,"href":"https:\/\/puffvapestore.com\/pl\/wp-json\/wp\/v2\/product\/4685\/revisions\/4693"}],"wp:featuredmedia":[{"embeddable":true,"href":"https:\/\/puffvapestore.com\/pl\/wp-json\/wp\/v2\/media\/4506"}],"wp:attachment":[{"href":"https:\/\/puffvapestore.com\/pl\/wp-json\/wp\/v2\/media?parent=4685"}],"wp:term":[{"taxonomy":"product_brand","embeddable":true,"href":"https:\/\/puffvapestore.com\/pl\/wp-json\/wp\/v2\/product_brand?post=4685"},{"taxonomy":"product_cat","embeddable":true,"href":"https:\/\/puffvapestore.com\/pl\/wp-json\/wp\/v2\/product_cat?post=4685"},{"taxonomy":"product_tag","embeddable":true,"href":"https:\/\/puffvapestore.com\/pl\/wp-json\/wp\/v2\/product_tag?post=4685"}],"curies":[{"name":"wp","href":"https:\/\/api.w.org\/{rel}","templated":true}]}}