{"id":4676,"date":"2025-07-09T14:24:15","date_gmt":"2025-07-09T14:24:15","guid":{"rendered":"https:\/\/puffvapestore.com\/?post_type=product&#038;p=4676"},"modified":"2026-01-19T10:36:01","modified_gmt":"2026-01-19T10:36:01","slug":"puff-tornado-30000-pineapple-ice","status":"publish","type":"product","link":"https:\/\/puffvapestore.com\/pl\/product\/puff-tornado-30000-ananasowy-lod\/","title":{"rendered":"Pineapple Ice - RandM Tornado 30000"},"content":{"rendered":"<div data-elementor-type=\"wp-post\" data-elementor-id=\"4676\" class=\"elementor elementor-4676\">\n\t\t\t\t<div class=\"elementor-element elementor-element-08c26f9 e-flex e-con-boxed e-con e-parent\" data-id=\"08c26f9\" data-element_type=\"container\" data-e-type=\"container\">\n\t\t\t\t\t<div class=\"e-con-inner\">\n\t\t\t\t<div class=\"elementor-element elementor-element-a005a97 elementor-widget elementor-widget-text-editor\" data-id=\"a005a97\" data-element_type=\"widget\" data-e-type=\"widget\" data-widget_type=\"text-editor.default\">\n\t\t\t\t<div class=\"elementor-widget-container\">\n\t\t\t\t\t\t\t\t\t<p>W\u015br\u00f3d wielu smak\u00f3w RandM Tornado 30000, Glazed Pineapple sta\u0142 si\u0119 nowym ulubie\u0144cem m\u0142odszego francuskiego pokolenia podczas spotka\u0144 towarzyskich dzi\u0119ki unikalnemu tropikalnemu stylowi i orze\u017awiaj\u0105cym doznaniom. RandM Tornado 30000 to nie tylko wysokowydajny elektroniczny papieros, ale tak\u017ce symbol stylu \u017cycia. Glac\u00e9 Pineapple, szczeg\u00f3lnie pasuj\u0105cy do t\u0119tni\u0105cych \u017cyciem, artystycznych scen, takich jak Paris Street Festival, nadaje niesko\u0144czony urok ka\u017cdemu zaci\u0105gni\u0119ciu si\u0119 dzi\u0119ki \u015bwie\u017cemu smakowi i \u017cywemu designowi.<\/p><h2>Po\u0142\u0105czenie tropikalnego ananasa i \u015bwie\u017cej mi\u0119ty<\/h2><p>Glac\u00e9 Pineapple sprytnie \u0142\u0105czy s\u0142odki, soczysty smak po\u0142udniowego ananasa ze \u015bwie\u017co\u015bci\u0105 mi\u0119ty, zapewniaj\u0105c ekscytuj\u0105ce doznania smakowe. Z ka\u017cdym zaci\u0105gni\u0119ciem si\u0119 dymem w zmys\u0142y wdziera si\u0119 bogaty owocowy aromat ananasa, niczym na tropikalnej pla\u017cy pod pal\u0105cym s\u0142o\u0144cem; nast\u0119pnie wdziera si\u0119 \u015bwie\u017cy posmak mi\u0119ty, dodaj\u0105c odrobin\u0119 \u015bwie\u017co\u015bci, niczym bryza znad Sekwany w Pary\u017cu. Ten smak jest \u0142agodny, ale nie t\u0142usty, \u015bwie\u017cy i niedra\u017cni\u0105cy, zgodnie z d\u0105\u017ceniem francuskich konsument\u00f3w do wyrafinowania i r\u00f3wnowagi. Niezale\u017cnie od tego, czy przechadzasz si\u0119 po targu sztuki Montmartre, czy w\u015br\u00f3d t\u0119tni\u0105cych \u017cyciem t\u0142um\u00f3w podczas uroczysto\u015bci 14 lipca, Pineapple Ice pozwala poczu\u0107 wyj\u0105tkow\u0105 osobowo\u015b\u0107 ka\u017cdego zaci\u0105gni\u0119cia si\u0119 dymem.<\/p><h2>Obowi\u0105zkowy element paryskich festiwali ulicznych<\/h2><p>Wyobra\u017a sobie, \u017ce w wiecz\u00f3r paryskiego festiwalu ulicznego (np. 14 lipca lub F\u00eate de la Musique) ulice roz\u015bwietlaj\u0105 kolorowe \u015bwiat\u0142a i \u017cywa muzyka, a m\u0142odzi ludzie trzymaj\u0105 RandM Tornado 30000 i ch\u0142on\u0105 \u015bwie\u017cy, owocowy aromat Pineapple Ice. \u015awiat\u0142a RGB zsynchronizowane z muzyk\u0105 tego elektronicznego papierosa idealnie wpasowuj\u0105 si\u0119 w rytm festiwali. Kolorowe \u015bwiat\u0142a ta\u0144cz\u0105 w rytm muzyki, dodaj\u0105c doznaniom odrobin\u0119 paryskiego romantyzmu i awangardy. Przezroczysta pow\u0142oka nie tylko pozwala w ka\u017cdej chwili sprawdzi\u0107 poziom nape\u0142nienia 25 ml e-liquidu, ale tak\u017ce dodaje odrobin\u0119 modnej technologii, idealnie wpasowuj\u0105c si\u0119 w modn\u0105 atmosfer\u0119 paryskich ulic.<\/p>\t\t\t\t\t\t\t\t<\/div>\n\t\t\t\t<\/div>\n\t\t\t\t\t<\/div>\n\t\t\t\t<\/div>\n\t\t<div class=\"elementor-element elementor-element-718b380 e-flex e-con-boxed e-con e-parent\" data-id=\"718b380\" data-element_type=\"container\" data-e-type=\"container\">\n\t\t\t\t\t<div class=\"e-con-inner\">\n\t\t\t\t<div class=\"elementor-element elementor-element-d2cc8fa elementor-widget elementor-widget-text-editor\" data-id=\"d2cc8fa\" data-element_type=\"widget\" data-e-type=\"widget\" data-widget_type=\"text-editor.default\">\n\t\t\t\t<div class=\"elementor-widget-container\">\n\t\t\t\t\t\t\t\t\t<h2>Specyfikacje RandM Tornado 30000 :<\/h2><p>Liczba zaci\u0105gni\u0119\u0107: Do 30 000 zaci\u0105gni\u0119\u0107, co czyni go jednym z najd\u0142u\u017cej dzia\u0142aj\u0105cych jednorazowych papieros\u00f3w elektronicznych na rynku.<\/p><p>Bateria: Wyposa\u017cony w akumulator o pojemno\u015bci 600 mAh, \u0142aduje si\u0119 przez port typu C, zapewniaj\u0105c szybkie i wydajne \u0142adowanie.<\/p><p>Pojemno\u015b\u0107 zbiornika : Mie\u015bci 25 ml wst\u0119pnie nape\u0142nionego e-liquidu.<\/p><p>Dawka nikotyny: dost\u0119pna w 2 solach nikotyny % lub 5 solach nikotyny %, aby zaspokoi\u0107 wszystkie potrzeby.<\/p><p>Technologia Mesh Coil: Gwarantuje sp\u00f3jne, p\u0142ynne i pyszne doznania podczas waporyzacji dzi\u0119ki r\u00f3wnomiernemu podgrzewaniu e-liquidu.<\/p><p>Konstrukcja: Lekka, przezroczysta obudowa monitoruje poziom e-liquidu i posiada dynamiczne wska\u017aniki pokazuj\u0105ce aktywno\u015b\u0107 rezystora siatkowego.<\/p><p>Funkcja muzyczna: Wyposa\u017cony w unikalny zestaw \u015bwiate\u0142 RGB zsynchronizowany z muzyk\u0105, dodaje wizualny i rozrywkowy akcent do elektronicznych papieros\u00f3w.<\/p><p>Trwa\u0142o\u015b\u0107: Wykonany z najnowocze\u015bniejszych materia\u0142\u00f3w, jest wysoce niezawodny i wyposa\u017cony w szczeln\u0105 technologi\u0119 e-liquid, dzi\u0119ki czemu idealnie nadaje si\u0119 do codziennego u\u017cytku i podr\u00f3\u017cy.<\/p><h2>Wydajno\u015b\u0107 i zalety RandM Tornado 30000<\/h2><p>\u017bywotno\u015b\u0107 p\u0142ynu: 25 ml wst\u0119pnie nape\u0142nionego p\u0142ynu pozwala na d\u0142ugotrwa\u0142e u\u017cytkowanie bez konieczno\u015bci uzupe\u0142niania, ale d\u0142ugo\u015b\u0107 u\u017cytkowania r\u00f3\u017cni si\u0119 w zale\u017cno\u015bci od sposobu u\u017cytkowania. Regularni u\u017cytkownicy elektronicznych papieros\u00f3w mog\u0105 u\u017cywa\u0107 go przez tygodnie, podczas gdy zwykli u\u017cytkownicy mog\u0105 u\u017cywa\u0107 go przez miesi\u0105ce.<\/p><p>Smak: Dzi\u0119ki technologii odporno\u015bci siatki, smak jest naturalnie bogaty, a obj\u0119to\u015b\u0107 dymu stabilna.<\/p><p>\u0141atwy w u\u017cyciu: Brak skomplikowanych przycisk\u00f3w lub ustawie\u0144, wystarczy odkurzy\u0107, aby aktywowa\u0107, \u0142atwy w u\u017cyciu nawet dla nowicjuszy. Bezobs\u0142ugowy (nie wymaga \u0142adowania ani wymiany elementu grzejnego), co jest jeszcze bardziej praktyczne.<\/p><p>Design: O\u015bwietlenie LED i ergonomiczna obudowa dodaj\u0105 jej atrakcyjno\u015bci.<\/p>\t\t\t\t\t\t\t\t<\/div>\n\t\t\t\t<\/div>\n\t\t\t\t\t<\/div>\n\t\t\t\t<\/div>\n\t\t\t\t<\/div>","protected":false},"excerpt":{"rendered":"<p>Parmi les nombreuses saveurs de la RandM Tornado 30000, l&rsquo;Ananas Glac\u00e9 est devenue la nouvelle favorite de la jeune g\u00e9n\u00e9ration fran\u00e7aise lors des occasions mondaines gr\u00e2ce \u00e0 son style tropical unique et \u00e0 son exp\u00e9rience rafra\u00eechissante. La RandM Tornado 30000 est non seulement une cigarette \u00e9lectronique haute performance, mais aussi un symbole d&rsquo;un style de [&hellip;]<\/p>\n","protected":false},"featured_media":4499,"comment_status":"open","ping_status":"closed","template":"","meta":{"site-sidebar-layout":"no-sidebar","site-content-layout":"page-builder","ast-site-content-layout":"normal-width-container","site-content-style":"default","site-sidebar-style":"default","ast-global-header-display":"","ast-banner-title-visibility":"","ast-main-header-display":"","ast-hfb-above-header-display":"","ast-hfb-below-header-display":"","ast-hfb-mobile-header-display":"","site-post-title":"disabled","ast-breadcrumbs-content":"","ast-featured-img":"disabled","footer-sml-layout":"","ast-disable-related-posts":"","theme-transparent-header-meta":"default","adv-header-id-meta":"","stick-header-meta":"default","header-above-stick-meta":"","header-main-stick-meta":"","header-below-stick-meta":"","astra-migrate-meta-layouts":"set","ast-page-background-enabled":"default","ast-page-background-meta":{"desktop":{"background-color":"","background-image":"","background-repeat":"repeat","background-position":"center center","background-size":"auto","background-attachment":"scroll","background-type":"","background-media":"","overlay-type":"","overlay-color":"","overlay-opacity":"","overlay-gradient":""},"tablet":{"background-color":"","background-image":"","background-repeat":"repeat","background-position":"center center","background-size":"auto","background-attachment":"scroll","background-type":"","background-media":"","overlay-type":"","overlay-color":"","overlay-opacity":"","overlay-gradient":""},"mobile":{"background-color":"","background-image":"","background-repeat":"repeat","background-position":"center center","background-size":"auto","background-attachment":"scroll","background-type":"","background-media":"","overlay-type":"","overlay-color":"","overlay-opacity":"","overlay-gradient":""}},"ast-content-background-meta":{"desktop":{"background-color":"var(--ast-global-color-5)","background-image":"","background-repeat":"repeat","background-position":"center center","background-size":"auto","background-attachment":"scroll","background-type":"","background-media":"","overlay-type":"","overlay-color":"","overlay-opacity":"","overlay-gradient":""},"tablet":{"background-color":"var(--ast-global-color-5)","background-image":"","background-repeat":"repeat","background-position":"center center","background-size":"auto","background-attachment":"scroll","background-type":"","background-media":"","overlay-type":"","overlay-color":"","overlay-opacity":"","overlay-gradient":""},"mobile":{"background-color":"var(--ast-global-color-5)","background-image":"","background-repeat":"repeat","background-position":"center center","background-size":"auto","background-attachment":"scroll","background-type":"","background-media":"","overlay-type":"","overlay-color":"","overlay-opacity":"","overlay-gradient":""}}},"product_brand":[42],"product_cat":[48,86,15],"product_tag":[],"class_list":{"0":"post-4676","1":"product","2":"type-product","3":"status-publish","4":"has-post-thumbnail","6":"product_brand-randm-tornado","7":"product_cat-randm-tornado-30000-concentre-de-fun","8":"product_cat-puff-30k","9":"product_cat-magasin-cigarette-electronique","10":"desktop-align-center","11":"tablet-align-center","12":"mobile-align-center","13":"ast-product-gallery-layout-horizontal","14":"ast-product-gallery-with-no-image","15":"ast-product-single-variable","16":"ast-product-tabs-layout-horizontal","17":"ast-qv-on-image","19":"first","20":"instock","21":"sale","22":"shipping-taxable","23":"purchasable","24":"product-type-variable","25":"has-default-attributes"},"tiered_pricing_type":"fixed","tiered_pricing_fixed_rules":{"50":9.38,"100":8.45,"200":7.95,"400":7.59},"tiered_pricing_product_settings":{"layout":"default","base_unit_name":{"singular":null,"plural":null},"default_variation":null},"tiered_pricing_minimum_quantity":null,"tiered_pricing_roles_data":[],"tiered_pricing_percentage_rules":[],"_links":{"self":[{"href":"https:\/\/puffvapestore.com\/pl\/wp-json\/wp\/v2\/product\/4676","targetHints":{"allow":["GET"]}}],"collection":[{"href":"https:\/\/puffvapestore.com\/pl\/wp-json\/wp\/v2\/product"}],"about":[{"href":"https:\/\/puffvapestore.com\/pl\/wp-json\/wp\/v2\/types\/product"}],"replies":[{"embeddable":true,"href":"https:\/\/puffvapestore.com\/pl\/wp-json\/wp\/v2\/comments?post=4676"}],"version-history":[{"count":7,"href":"https:\/\/puffvapestore.com\/pl\/wp-json\/wp\/v2\/product\/4676\/revisions"}],"predecessor-version":[{"id":4754,"href":"https:\/\/puffvapestore.com\/pl\/wp-json\/wp\/v2\/product\/4676\/revisions\/4754"}],"wp:featuredmedia":[{"embeddable":true,"href":"https:\/\/puffvapestore.com\/pl\/wp-json\/wp\/v2\/media\/4499"}],"wp:attachment":[{"href":"https:\/\/puffvapestore.com\/pl\/wp-json\/wp\/v2\/media?parent=4676"}],"wp:term":[{"taxonomy":"product_brand","embeddable":true,"href":"https:\/\/puffvapestore.com\/pl\/wp-json\/wp\/v2\/product_brand?post=4676"},{"taxonomy":"product_cat","embeddable":true,"href":"https:\/\/puffvapestore.com\/pl\/wp-json\/wp\/v2\/product_cat?post=4676"},{"taxonomy":"product_tag","embeddable":true,"href":"https:\/\/puffvapestore.com\/pl\/wp-json\/wp\/v2\/product_tag?post=4676"}],"curies":[{"name":"wp","href":"https:\/\/api.w.org\/{rel}","templated":true}]}}