{"id":4658,"date":"2025-07-08T07:09:18","date_gmt":"2025-07-08T07:09:18","guid":{"rendered":"https:\/\/puffvapestore.com\/?post_type=product&#038;p=4658"},"modified":"2026-01-19T10:36:01","modified_gmt":"2026-01-19T10:36:01","slug":"peach-ice-randm-tornado-30000","status":"publish","type":"product","link":"https:\/\/puffvapestore.com\/pl\/product\/brzoskwiniowy-lod-randm-tornado-30000\/","title":{"rendered":"Peach Ice - RandM Tornado 30000"},"content":{"rendered":"<div data-elementor-type=\"wp-post\" data-elementor-id=\"4658\" class=\"elementor elementor-4658\">\n\t\t\t\t<div class=\"elementor-element elementor-element-08c26f9 e-flex e-con-boxed e-con e-parent\" data-id=\"08c26f9\" data-element_type=\"container\" data-e-type=\"container\">\n\t\t\t\t\t<div class=\"e-con-inner\">\n\t\t\t\t<div class=\"elementor-element elementor-element-a005a97 elementor-widget elementor-widget-text-editor\" data-id=\"a005a97\" data-element_type=\"widget\" data-e-type=\"widget\" data-widget_type=\"text-editor.default\">\n\t\t\t\t<div class=\"elementor-widget-container\">\n\t\t\t\t\t\t\t\t\t<h2>S\u0142odka brzoskwiniowa nuta bazy:<\/h2><p>G\u0142\u00f3wnym smakiem jest naturalna s\u0142odycz dojrza\u0142ych brzoskwi\u0144, z lekk\u0105 nut\u0105 s\u0142odko-kwa\u015bn\u0105, doskonale oddaj\u0105c\u0105 esencj\u0119 \u015bwie\u017cych letnich brzoskwi\u0144. Z ka\u017cdym zaci\u0105gni\u0119ciem si\u0119 dymem owocowy aromat brzoskwi\u0144 wdziera si\u0119 do nosa, zapewniaj\u0105c bogate owocowe doznania i sprawiaj\u0105c, \u017ce czujesz si\u0119 jak w s\u0142onecznym sadzie.<\/p><h2>Nuta bazy \u015bwie\u017cej mi\u0119ty:<\/h2><p>Na wydechu stopniowo pojawia si\u0119 \u015bwie\u017co\u015b\u0107 mi\u0119ty, dodaj\u0105c orze\u017awiaj\u0105cy akcent do s\u0142odyczy brzoskwi\u0144. Ta \u015bwie\u017co\u015b\u0107 utrzymuje si\u0119 przez kilka sekund na podniebieniu, troch\u0119 jak posmak glazurowanych brzoskwi\u0144 lub mro\u017conego letniego soku.<\/p><h2>Og\u00f3lna charakterystyka smaku :<\/h2><ul><li>R\u00f3wnowaga g\u0142\u00f3wnych nut: Osi\u0105gni\u0119to dobr\u0105 r\u00f3wnowag\u0119 mi\u0119dzy s\u0142odycz\u0105 i \u015bwie\u017co\u015bci\u0105, nie przesadzaj\u0105c z \u017cadn\u0105 z nich.<\/li><li>Naturalny smak: bli\u017cszy \u00abprawdziwym owocom\u00bb ni\u017c cukierkom, idealny dla fan\u00f3w autentycznych owocowych smak\u00f3w.<\/li><li>Lekki i \u0142atwy w paleniu: ani ci\u0119\u017cki, ani t\u0142usty, idealny do d\u0142ugotrwa\u0142ej konsumpcji, szczeg\u00f3lnie latem lub dla och\u0142ody.<\/li><li>S\u0142odkie uczucie w gardle: lekkie uderzenie w gard\u0142o, idealne dla mi\u0142o\u015bnik\u00f3w s\u0142odkich smak\u00f3w.<\/li><\/ul>\t\t\t\t\t\t\t\t<\/div>\n\t\t\t\t<\/div>\n\t\t\t\t\t<\/div>\n\t\t\t\t<\/div>\n\t\t<div class=\"elementor-element elementor-element-718b380 e-flex e-con-boxed e-con e-parent\" data-id=\"718b380\" data-element_type=\"container\" data-e-type=\"container\">\n\t\t\t\t\t<div class=\"e-con-inner\">\n\t\t\t\t<div class=\"elementor-element elementor-element-d2cc8fa elementor-widget elementor-widget-text-editor\" data-id=\"d2cc8fa\" data-element_type=\"widget\" data-e-type=\"widget\" data-widget_type=\"text-editor.default\">\n\t\t\t\t<div class=\"elementor-widget-container\">\n\t\t\t\t\t\t\t\t\t<h2>Specyfikacje RandM Tornado 30000 :<\/h2><p>Liczba zaci\u0105gni\u0119\u0107: Do 30 000 zaci\u0105gni\u0119\u0107, co czyni go jednym z najd\u0142u\u017cej dzia\u0142aj\u0105cych jednorazowych papieros\u00f3w elektronicznych na rynku.<\/p><p>Bateria: Wyposa\u017cony w akumulator o pojemno\u015bci 600 mAh, \u0142aduje si\u0119 przez port typu C, zapewniaj\u0105c szybkie i wydajne \u0142adowanie.<\/p><p>Pojemno\u015b\u0107 zbiornika : Mie\u015bci 25 ml wst\u0119pnie nape\u0142nionego e-liquidu.<\/p><p>Dawka nikotyny: dost\u0119pna w 2 solach nikotyny % lub 5 solach nikotyny %, aby zaspokoi\u0107 wszystkie potrzeby.<\/p><p>Technologia Mesh Coil: Gwarantuje sp\u00f3jne, p\u0142ynne i pyszne doznania podczas waporyzacji dzi\u0119ki r\u00f3wnomiernemu podgrzewaniu e-liquidu.<\/p><p>Konstrukcja: Lekka, przezroczysta obudowa monitoruje poziom e-liquidu i posiada dynamiczne wska\u017aniki pokazuj\u0105ce aktywno\u015b\u0107 rezystora siatkowego.<\/p><p>Funkcja muzyczna: Wyposa\u017cony w unikalny zestaw \u015bwiate\u0142 RGB zsynchronizowany z muzyk\u0105, dodaje wizualny i rozrywkowy akcent do elektronicznych papieros\u00f3w.<\/p><p>Trwa\u0142o\u015b\u0107: Wykonany z najnowocze\u015bniejszych materia\u0142\u00f3w, jest wysoce niezawodny i wyposa\u017cony w szczeln\u0105 technologi\u0119 e-liquid, dzi\u0119ki czemu idealnie nadaje si\u0119 do codziennego u\u017cytku i podr\u00f3\u017cy.<\/p><h2>Wydajno\u015b\u0107 i zalety RandM Tornado 30000<\/h2><p>\u017bywotno\u015b\u0107 p\u0142ynu: 25 ml wst\u0119pnie nape\u0142nionego p\u0142ynu pozwala na d\u0142ugotrwa\u0142e u\u017cytkowanie bez konieczno\u015bci uzupe\u0142niania, ale d\u0142ugo\u015b\u0107 u\u017cytkowania r\u00f3\u017cni si\u0119 w zale\u017cno\u015bci od sposobu u\u017cytkowania. Regularni u\u017cytkownicy elektronicznych papieros\u00f3w mog\u0105 u\u017cywa\u0107 go przez tygodnie, podczas gdy zwykli u\u017cytkownicy mog\u0105 u\u017cywa\u0107 go przez miesi\u0105ce.<\/p><p>Smak: Dzi\u0119ki technologii odporno\u015bci siatki, smak jest naturalnie bogaty, a obj\u0119to\u015b\u0107 dymu stabilna.<\/p><p>\u0141atwy w u\u017cyciu: Brak skomplikowanych przycisk\u00f3w lub ustawie\u0144, wystarczy odkurzy\u0107, aby aktywowa\u0107, \u0142atwy w u\u017cyciu nawet dla nowicjuszy. Bezobs\u0142ugowy (nie wymaga \u0142adowania ani wymiany elementu grzejnego), co jest jeszcze bardziej praktyczne.<\/p><p>Design: O\u015bwietlenie LED i ergonomiczna obudowa dodaj\u0105 jej atrakcyjno\u015bci.<\/p>\t\t\t\t\t\t\t\t<\/div>\n\t\t\t\t<\/div>\n\t\t\t\t\t<\/div>\n\t\t\t\t<\/div>\n\t\t\t\t<\/div>","protected":false},"excerpt":{"rendered":"<p>Note de fond de p\u00eache sucr\u00e9e : La saveur principale est la douceur naturelle des p\u00eaches m\u00fbres, avec une l\u00e9g\u00e8re note aigre-douce, capturant parfaitement l&rsquo;essence des p\u00eaches fra\u00eeches d&rsquo;\u00e9t\u00e9. \u00c0 chaque bouff\u00e9e de fum\u00e9e, l&rsquo;ar\u00f4me fruit\u00e9 de la p\u00eache envahit votre nez, vous offrant une exp\u00e9rience fruit\u00e9e riche, vous donnant l&rsquo;impression d&rsquo;\u00eatre dans un verger [&hellip;]<\/p>\n","protected":false},"featured_media":4497,"comment_status":"open","ping_status":"closed","template":"","meta":{"site-sidebar-layout":"no-sidebar","site-content-layout":"page-builder","ast-site-content-layout":"normal-width-container","site-content-style":"default","site-sidebar-style":"default","ast-global-header-display":"","ast-banner-title-visibility":"","ast-main-header-display":"","ast-hfb-above-header-display":"","ast-hfb-below-header-display":"","ast-hfb-mobile-header-display":"","site-post-title":"disabled","ast-breadcrumbs-content":"","ast-featured-img":"disabled","footer-sml-layout":"","ast-disable-related-posts":"","theme-transparent-header-meta":"default","adv-header-id-meta":"","stick-header-meta":"default","header-above-stick-meta":"","header-main-stick-meta":"","header-below-stick-meta":"","astra-migrate-meta-layouts":"set","ast-page-background-enabled":"default","ast-page-background-meta":{"desktop":{"background-color":"","background-image":"","background-repeat":"repeat","background-position":"center center","background-size":"auto","background-attachment":"scroll","background-type":"","background-media":"","overlay-type":"","overlay-color":"","overlay-opacity":"","overlay-gradient":""},"tablet":{"background-color":"","background-image":"","background-repeat":"repeat","background-position":"center center","background-size":"auto","background-attachment":"scroll","background-type":"","background-media":"","overlay-type":"","overlay-color":"","overlay-opacity":"","overlay-gradient":""},"mobile":{"background-color":"","background-image":"","background-repeat":"repeat","background-position":"center center","background-size":"auto","background-attachment":"scroll","background-type":"","background-media":"","overlay-type":"","overlay-color":"","overlay-opacity":"","overlay-gradient":""}},"ast-content-background-meta":{"desktop":{"background-color":"var(--ast-global-color-5)","background-image":"","background-repeat":"repeat","background-position":"center center","background-size":"auto","background-attachment":"scroll","background-type":"","background-media":"","overlay-type":"","overlay-color":"","overlay-opacity":"","overlay-gradient":""},"tablet":{"background-color":"var(--ast-global-color-5)","background-image":"","background-repeat":"repeat","background-position":"center center","background-size":"auto","background-attachment":"scroll","background-type":"","background-media":"","overlay-type":"","overlay-color":"","overlay-opacity":"","overlay-gradient":""},"mobile":{"background-color":"var(--ast-global-color-5)","background-image":"","background-repeat":"repeat","background-position":"center center","background-size":"auto","background-attachment":"scroll","background-type":"","background-media":"","overlay-type":"","overlay-color":"","overlay-opacity":"","overlay-gradient":""}}},"product_brand":[42],"product_cat":[48,86,15],"product_tag":[],"class_list":{"0":"post-4658","1":"product","2":"type-product","3":"status-publish","4":"has-post-thumbnail","6":"product_brand-randm-tornado","7":"product_cat-randm-tornado-30000-concentre-de-fun","8":"product_cat-puff-30k","9":"product_cat-magasin-cigarette-electronique","10":"desktop-align-center","11":"tablet-align-center","12":"mobile-align-center","13":"ast-product-gallery-layout-horizontal","14":"ast-product-gallery-with-no-image","15":"ast-product-single-variable","16":"ast-product-tabs-layout-horizontal","17":"ast-qv-on-image","19":"first","20":"instock","21":"sale","22":"shipping-taxable","23":"purchasable","24":"product-type-variable","25":"has-default-attributes"},"tiered_pricing_type":"fixed","tiered_pricing_fixed_rules":{"50":9.38,"100":8.45,"200":7.95,"400":7.59},"tiered_pricing_product_settings":{"layout":"default","base_unit_name":{"singular":null,"plural":null},"default_variation":null},"tiered_pricing_minimum_quantity":null,"tiered_pricing_roles_data":[],"tiered_pricing_percentage_rules":[],"_links":{"self":[{"href":"https:\/\/puffvapestore.com\/pl\/wp-json\/wp\/v2\/product\/4658","targetHints":{"allow":["GET"]}}],"collection":[{"href":"https:\/\/puffvapestore.com\/pl\/wp-json\/wp\/v2\/product"}],"about":[{"href":"https:\/\/puffvapestore.com\/pl\/wp-json\/wp\/v2\/types\/product"}],"replies":[{"embeddable":true,"href":"https:\/\/puffvapestore.com\/pl\/wp-json\/wp\/v2\/comments?post=4658"}],"version-history":[{"count":6,"href":"https:\/\/puffvapestore.com\/pl\/wp-json\/wp\/v2\/product\/4658\/revisions"}],"predecessor-version":[{"id":4666,"href":"https:\/\/puffvapestore.com\/pl\/wp-json\/wp\/v2\/product\/4658\/revisions\/4666"}],"wp:featuredmedia":[{"embeddable":true,"href":"https:\/\/puffvapestore.com\/pl\/wp-json\/wp\/v2\/media\/4497"}],"wp:attachment":[{"href":"https:\/\/puffvapestore.com\/pl\/wp-json\/wp\/v2\/media?parent=4658"}],"wp:term":[{"taxonomy":"product_brand","embeddable":true,"href":"https:\/\/puffvapestore.com\/pl\/wp-json\/wp\/v2\/product_brand?post=4658"},{"taxonomy":"product_cat","embeddable":true,"href":"https:\/\/puffvapestore.com\/pl\/wp-json\/wp\/v2\/product_cat?post=4658"},{"taxonomy":"product_tag","embeddable":true,"href":"https:\/\/puffvapestore.com\/pl\/wp-json\/wp\/v2\/product_tag?post=4658"}],"curies":[{"name":"wp","href":"https:\/\/api.w.org\/{rel}","templated":true}]}}