{"id":4648,"date":"2025-07-08T05:57:41","date_gmt":"2025-07-08T05:57:41","guid":{"rendered":"https:\/\/puffvapestore.com\/?post_type=product&#038;p=4648"},"modified":"2026-01-19T10:36:00","modified_gmt":"2026-01-19T10:36:00","slug":"randm-tornado-30000-puff-blue-razz-ice","status":"publish","type":"product","link":"https:\/\/puffvapestore.com\/pl\/product\/randm-tornado-30000-puff-blue-razz-ice\/","title":{"rendered":"Blue Razz Ice - RandM Tornado 30000"},"content":{"rendered":"<div data-elementor-type=\"wp-post\" data-elementor-id=\"4648\" class=\"elementor elementor-4648\">\n\t\t\t\t<div class=\"elementor-element elementor-element-08c26f9 e-flex e-con-boxed e-con e-parent\" data-id=\"08c26f9\" data-element_type=\"container\" data-e-type=\"container\">\n\t\t\t\t\t<div class=\"e-con-inner\">\n\t\t\t\t<div class=\"elementor-element elementor-element-a005a97 elementor-widget elementor-widget-text-editor\" data-id=\"a005a97\" data-element_type=\"widget\" data-e-type=\"widget\" data-widget_type=\"text-editor.default\">\n\t\t\t\t<div class=\"elementor-widget-container\">\n\t\t\t\t\t\t\t\t\t<p>RandM Tornado 30000 Blue Razz Ice to elektroniczny papieros o smaku jag\u00f3d i malin w po\u0142\u0105czeniu z orze\u017awiaj\u0105cymi nutami mentolu. Smak ten jest doceniany przez wielu u\u017cytkownik\u00f3w za unikaln\u0105 mieszank\u0119 s\u0142odyczy, kwasowo\u015bci i \u015bwie\u017co\u015bci:<\/p><h2>1. G\u0142\u00f3wny smak : Jagoda i malina (Blue Razz)<\/h2><p>S\u0142odka baza: Sercem Blue Razz Ice jest po\u0142\u0105czenie bor\u00f3wki i maliny, oferuj\u0105ce g\u0142adkie, niet\u0142uste owocowe doznania. Bor\u00f3wka dodaje delikatnej, zaokr\u0105glonej s\u0142odyczy z lekkim aromatem jag\u00f3d, podczas gdy malina dodaje odrobin\u0119 s\u0142odyczy i wyra\u017anej kwaskowato\u015bci, nadaj\u0105c smakowi bardziej z\u0142o\u017cony charakter.<\/p><p>Cierpka i orze\u017awiaj\u0105ca charakterystyka: Kwaskowato\u015b\u0107 malin jest jedn\u0105 z g\u0142\u00f3wnych cech tego smaku. Przy pierwszym \u0142yku czu\u0107 lekk\u0105 kwaskowato\u015b\u0107, jakby\u015bmy gry\u017ali \u015bwie\u017c\u0105 jagod\u0119. Kwasowo\u015b\u0107 ta jest zr\u00f3wnowa\u017cona s\u0142odycz\u0105 jag\u00f3d, co pozwala unikn\u0105\u0107 monotonii jednego s\u0142odkiego smaku.<\/p><h2>2. Orze\u017awiaj\u0105cy mentol<\/h2><p>Orze\u017awiaj\u0105ce doznania: Orze\u017awiaj\u0105ce doznania w tytoniu Blue Razz Ice wynikaj\u0105 z dodatku mentolu. Ten orze\u017awiaj\u0105cy efekt rozwija si\u0119 stopniowo podczas wdechu, osi\u0105gaj\u0105c sw\u00f3j szczyt podczas wydechu. Ch\u0142odz\u0105ce uczucie mentolu nie jest nadmiernie dra\u017cni\u0105ce, ale otula usta i gard\u0142o kremow\u0105 s\u0142odycz\u0105, zapewniaj\u0105c orze\u017awiaj\u0105ce uczucie lodu.<\/p><p>Utrzymuj\u0105cy si\u0119 posmak : Po wydechu na podniebieniu utrzymuje si\u0119 \u015bwie\u017co\u015b\u0107 mentolu, kt\u00f3rej towarzyszy lekki owocowy posmak, zapewniaj\u0105cy czysty, orze\u017awiaj\u0105cy finisz.<\/p><p>Blue Razz Ice to bardzo dobrze zbalansowany smak, oferuj\u0105cy trzy doznania: s\u0142odkie, kwa\u015bne i \u015bwie\u017ce.<\/p><ul><li>Odpowiedni dla fan\u00f3w owocowych smak\u00f3w bez nadmiernej s\u0142odyczy.<\/li><li>Uczucie ch\u0142odzenia jest orze\u017awiaj\u0105ce, ale nie nadmiernie pobudzaj\u0105ce, dzi\u0119ki czemu nadaje si\u0119 do codziennego palenia.<\/li><li>Przej\u015bcie mi\u0119dzy nutami g\u00f3rnymi, \u015brodkowymi i bazowymi jest naturalne, z silnym poczuciem warstwowo\u015bci.<\/li><\/ul><p>Je\u015bli lubisz po\u0142\u0105czenie orze\u017awiaj\u0105cych jag\u00f3d i lodowatego uczucia, ten smak jest idealnym wyborem.<\/p>\t\t\t\t\t\t\t\t<\/div>\n\t\t\t\t<\/div>\n\t\t\t\t\t<\/div>\n\t\t\t\t<\/div>\n\t\t<div class=\"elementor-element elementor-element-718b380 e-flex e-con-boxed e-con e-parent\" data-id=\"718b380\" data-element_type=\"container\" data-e-type=\"container\">\n\t\t\t\t\t<div class=\"e-con-inner\">\n\t\t\t\t<div class=\"elementor-element elementor-element-d2cc8fa elementor-widget elementor-widget-text-editor\" data-id=\"d2cc8fa\" data-element_type=\"widget\" data-e-type=\"widget\" data-widget_type=\"text-editor.default\">\n\t\t\t\t<div class=\"elementor-widget-container\">\n\t\t\t\t\t\t\t\t\t<h2>Specyfikacje RandM Tornado 30000 :<\/h2><p>Liczba zaci\u0105gni\u0119\u0107: Do 30 000 zaci\u0105gni\u0119\u0107, co czyni go jednym z najd\u0142u\u017cej dzia\u0142aj\u0105cych jednorazowych papieros\u00f3w elektronicznych na rynku.<\/p><p>Bateria: Wyposa\u017cony w akumulator o pojemno\u015bci 600 mAh, \u0142aduje si\u0119 przez port typu C, zapewniaj\u0105c szybkie i wydajne \u0142adowanie.<\/p><p>Pojemno\u015b\u0107 zbiornika : Mie\u015bci 25 ml wst\u0119pnie nape\u0142nionego e-liquidu.<\/p><p>Dawka nikotyny: dost\u0119pna w 2 solach nikotyny % lub 5 solach nikotyny %, aby zaspokoi\u0107 wszystkie potrzeby.<\/p><p>Technologia Mesh Coil: Gwarantuje sp\u00f3jne, p\u0142ynne i pyszne doznania podczas waporyzacji dzi\u0119ki r\u00f3wnomiernemu podgrzewaniu e-liquidu.<\/p><p>Konstrukcja: Lekka, przezroczysta obudowa monitoruje poziom e-liquidu i posiada dynamiczne wska\u017aniki pokazuj\u0105ce aktywno\u015b\u0107 rezystora siatkowego.<\/p><p>Funkcja muzyczna: Wyposa\u017cony w unikalny zestaw \u015bwiate\u0142 RGB zsynchronizowany z muzyk\u0105, dodaje wizualny i rozrywkowy akcent do elektronicznych papieros\u00f3w.<\/p><p>Trwa\u0142o\u015b\u0107: Wykonany z najnowocze\u015bniejszych materia\u0142\u00f3w, jest wysoce niezawodny i wyposa\u017cony w szczeln\u0105 technologi\u0119 e-liquid, dzi\u0119ki czemu idealnie nadaje si\u0119 do codziennego u\u017cytku i podr\u00f3\u017cy.<\/p><h2>Wydajno\u015b\u0107 i zalety RandM Tornado 30000<\/h2><p>\u017bywotno\u015b\u0107 p\u0142ynu: 25 ml wst\u0119pnie nape\u0142nionego p\u0142ynu pozwala na d\u0142ugotrwa\u0142e u\u017cytkowanie bez konieczno\u015bci uzupe\u0142niania, ale d\u0142ugo\u015b\u0107 u\u017cytkowania r\u00f3\u017cni si\u0119 w zale\u017cno\u015bci od sposobu u\u017cytkowania. Regularni u\u017cytkownicy elektronicznych papieros\u00f3w mog\u0105 u\u017cywa\u0107 go przez tygodnie, podczas gdy zwykli u\u017cytkownicy mog\u0105 u\u017cywa\u0107 go przez miesi\u0105ce.<\/p><p>Smak: Dzi\u0119ki technologii odporno\u015bci siatki, smak jest naturalnie bogaty, a obj\u0119to\u015b\u0107 dymu stabilna.<\/p><p>\u0141atwy w u\u017cyciu: Brak skomplikowanych przycisk\u00f3w lub ustawie\u0144, wystarczy odkurzy\u0107, aby aktywowa\u0107, \u0142atwy w u\u017cyciu nawet dla nowicjuszy. Bezobs\u0142ugowy (nie wymaga \u0142adowania ani wymiany elementu grzejnego), co jest jeszcze bardziej praktyczne.<\/p><p>Design: O\u015bwietlenie LED i ergonomiczna obudowa dodaj\u0105 jej atrakcyjno\u015bci.<\/p>\t\t\t\t\t\t\t\t<\/div>\n\t\t\t\t<\/div>\n\t\t\t\t\t<\/div>\n\t\t\t\t<\/div>\n\t\t\t\t<\/div>","protected":false},"excerpt":{"rendered":"<p>RandM Tornado 30000 Blue Razz Ice est un ar\u00f4me pour cigarette \u00e9lectronique aux ar\u00f4mes principaux de myrtille et de framboise, associ\u00e9s \u00e0 des notes menthol\u00e9es rafra\u00eechissantes. Cet ar\u00f4me est appr\u00e9ci\u00e9 par de nombreux utilisateurs pour son m\u00e9lange unique de douceur, d&rsquo;acidit\u00e9 et de fra\u00eecheur\u00a0: 1. Ar\u00f4me principal\u00a0: Myrtille et framboise (Blue Razz) Base sucr\u00e9e\u00a0: Le [&hellip;]<\/p>\n","protected":false},"featured_media":4480,"comment_status":"open","ping_status":"closed","template":"","meta":{"site-sidebar-layout":"no-sidebar","site-content-layout":"page-builder","ast-site-content-layout":"normal-width-container","site-content-style":"default","site-sidebar-style":"default","ast-global-header-display":"","ast-banner-title-visibility":"","ast-main-header-display":"","ast-hfb-above-header-display":"","ast-hfb-below-header-display":"","ast-hfb-mobile-header-display":"","site-post-title":"disabled","ast-breadcrumbs-content":"","ast-featured-img":"disabled","footer-sml-layout":"","ast-disable-related-posts":"","theme-transparent-header-meta":"default","adv-header-id-meta":"","stick-header-meta":"default","header-above-stick-meta":"","header-main-stick-meta":"","header-below-stick-meta":"","astra-migrate-meta-layouts":"set","ast-page-background-enabled":"default","ast-page-background-meta":{"desktop":{"background-color":"","background-image":"","background-repeat":"repeat","background-position":"center center","background-size":"auto","background-attachment":"scroll","background-type":"","background-media":"","overlay-type":"","overlay-color":"","overlay-opacity":"","overlay-gradient":""},"tablet":{"background-color":"","background-image":"","background-repeat":"repeat","background-position":"center center","background-size":"auto","background-attachment":"scroll","background-type":"","background-media":"","overlay-type":"","overlay-color":"","overlay-opacity":"","overlay-gradient":""},"mobile":{"background-color":"","background-image":"","background-repeat":"repeat","background-position":"center center","background-size":"auto","background-attachment":"scroll","background-type":"","background-media":"","overlay-type":"","overlay-color":"","overlay-opacity":"","overlay-gradient":""}},"ast-content-background-meta":{"desktop":{"background-color":"var(--ast-global-color-5)","background-image":"","background-repeat":"repeat","background-position":"center center","background-size":"auto","background-attachment":"scroll","background-type":"","background-media":"","overlay-type":"","overlay-color":"","overlay-opacity":"","overlay-gradient":""},"tablet":{"background-color":"var(--ast-global-color-5)","background-image":"","background-repeat":"repeat","background-position":"center center","background-size":"auto","background-attachment":"scroll","background-type":"","background-media":"","overlay-type":"","overlay-color":"","overlay-opacity":"","overlay-gradient":""},"mobile":{"background-color":"var(--ast-global-color-5)","background-image":"","background-repeat":"repeat","background-position":"center center","background-size":"auto","background-attachment":"scroll","background-type":"","background-media":"","overlay-type":"","overlay-color":"","overlay-opacity":"","overlay-gradient":""}}},"product_brand":[42],"product_cat":[48,86,15],"product_tag":[],"class_list":{"0":"post-4648","1":"product","2":"type-product","3":"status-publish","4":"has-post-thumbnail","6":"product_brand-randm-tornado","7":"product_cat-randm-tornado-30000-concentre-de-fun","8":"product_cat-puff-30k","9":"product_cat-magasin-cigarette-electronique","10":"desktop-align-center","11":"tablet-align-center","12":"mobile-align-center","13":"ast-product-gallery-layout-horizontal","14":"ast-product-gallery-with-no-image","15":"ast-product-single-variable","16":"ast-product-tabs-layout-horizontal","17":"ast-qv-on-image","19":"first","20":"instock","21":"sale","22":"shipping-taxable","23":"purchasable","24":"product-type-variable","25":"has-default-attributes"},"tiered_pricing_type":"fixed","tiered_pricing_fixed_rules":{"50":9.38,"100":8.45,"200":7.95,"400":7.59},"tiered_pricing_product_settings":{"layout":"default","base_unit_name":{"singular":null,"plural":null},"default_variation":null},"tiered_pricing_minimum_quantity":null,"tiered_pricing_roles_data":[],"tiered_pricing_percentage_rules":[],"_links":{"self":[{"href":"https:\/\/puffvapestore.com\/pl\/wp-json\/wp\/v2\/product\/4648","targetHints":{"allow":["GET"]}}],"collection":[{"href":"https:\/\/puffvapestore.com\/pl\/wp-json\/wp\/v2\/product"}],"about":[{"href":"https:\/\/puffvapestore.com\/pl\/wp-json\/wp\/v2\/types\/product"}],"replies":[{"embeddable":true,"href":"https:\/\/puffvapestore.com\/pl\/wp-json\/wp\/v2\/comments?post=4648"}],"version-history":[{"count":7,"href":"https:\/\/puffvapestore.com\/pl\/wp-json\/wp\/v2\/product\/4648\/revisions"}],"predecessor-version":[{"id":4657,"href":"https:\/\/puffvapestore.com\/pl\/wp-json\/wp\/v2\/product\/4648\/revisions\/4657"}],"wp:featuredmedia":[{"embeddable":true,"href":"https:\/\/puffvapestore.com\/pl\/wp-json\/wp\/v2\/media\/4480"}],"wp:attachment":[{"href":"https:\/\/puffvapestore.com\/pl\/wp-json\/wp\/v2\/media?parent=4648"}],"wp:term":[{"taxonomy":"product_brand","embeddable":true,"href":"https:\/\/puffvapestore.com\/pl\/wp-json\/wp\/v2\/product_brand?post=4648"},{"taxonomy":"product_cat","embeddable":true,"href":"https:\/\/puffvapestore.com\/pl\/wp-json\/wp\/v2\/product_cat?post=4648"},{"taxonomy":"product_tag","embeddable":true,"href":"https:\/\/puffvapestore.com\/pl\/wp-json\/wp\/v2\/product_tag?post=4648"}],"curies":[{"name":"wp","href":"https:\/\/api.w.org\/{rel}","templated":true}]}}