{"id":4518,"date":"2025-07-07T09:40:14","date_gmt":"2025-07-07T09:40:14","guid":{"rendered":"https:\/\/puffvapestore.com\/?post_type=product&#038;p=4518"},"modified":"2026-01-19T10:36:00","modified_gmt":"2026-01-19T10:36:00","slug":"randm-tornado-30000-propose-30-saveurs","status":"publish","type":"product","link":"https:\/\/puffvapestore.com\/pl\/product\/randm-tornado-30000-oferuje-30-smakow\/","title":{"rendered":"RandM Tornado 30000: oferuje 30000 zaci\u0105gni\u0119\u0107 dymem, \u0142adowanie przez port Type-C"},"content":{"rendered":"<div data-elementor-type=\"wp-post\" data-elementor-id=\"4518\" class=\"elementor elementor-4518\">\n\t\t\t\t<div class=\"elementor-element elementor-element-718b380 e-flex e-con-boxed e-con e-parent\" data-id=\"718b380\" data-element_type=\"container\" data-e-type=\"container\">\n\t\t\t\t\t<div class=\"e-con-inner\">\n\t\t\t\t<div class=\"elementor-element elementor-element-d2cc8fa elementor-widget elementor-widget-text-editor\" data-id=\"d2cc8fa\" data-element_type=\"widget\" data-e-type=\"widget\" data-widget_type=\"text-editor.default\">\n\t\t\t\t<div class=\"elementor-widget-container\">\n\t\t\t\t\t\t\t\t\t<h2>Specyfikacje RandM Tornado 30000 :<\/h2><p>Liczba zaci\u0105gni\u0119\u0107: Do 30 000 zaci\u0105gni\u0119\u0107, co czyni go jednym z najd\u0142u\u017cej dzia\u0142aj\u0105cych jednorazowych papieros\u00f3w elektronicznych na rynku.<\/p><p>Bateria: Wyposa\u017cony w akumulator o pojemno\u015bci 600 mAh, \u0142aduje si\u0119 przez port typu C, zapewniaj\u0105c szybkie i wydajne \u0142adowanie.<\/p><p>Pojemno\u015b\u0107 zbiornika : Mie\u015bci 25 ml wst\u0119pnie nape\u0142nionego e-liquidu.<\/p><p>Dawka nikotyny: dost\u0119pna w 2 solach nikotyny % lub 5 solach nikotyny %, aby zaspokoi\u0107 wszystkie potrzeby.<\/p><p>Technologia Mesh Coil: Gwarantuje sp\u00f3jne, p\u0142ynne i pyszne doznania podczas waporyzacji dzi\u0119ki r\u00f3wnomiernemu podgrzewaniu e-liquidu.<\/p><p>Konstrukcja: Lekka, przezroczysta obudowa monitoruje poziom e-liquidu i posiada dynamiczne wska\u017aniki pokazuj\u0105ce aktywno\u015b\u0107 rezystora siatkowego.<\/p><p>Funkcja muzyczna: Wyposa\u017cony w unikalny zestaw \u015bwiate\u0142 RGB zsynchronizowany z muzyk\u0105, dodaje wizualny i rozrywkowy akcent do elektronicznych papieros\u00f3w.<\/p><p>Trwa\u0142o\u015b\u0107: Wykonany z najnowocze\u015bniejszych materia\u0142\u00f3w, jest wysoce niezawodny i wyposa\u017cony w szczeln\u0105 technologi\u0119 e-liquid, dzi\u0119ki czemu idealnie nadaje si\u0119 do codziennego u\u017cytku i podr\u00f3\u017cy.<\/p><h2>Wydajno\u015b\u0107 i zalety RandM Tornado 30000<\/h2><p>\u017bywotno\u015b\u0107 p\u0142ynu: 25 ml wst\u0119pnie nape\u0142nionego p\u0142ynu pozwala na d\u0142ugotrwa\u0142e u\u017cytkowanie bez konieczno\u015bci uzupe\u0142niania, ale d\u0142ugo\u015b\u0107 u\u017cytkowania r\u00f3\u017cni si\u0119 w zale\u017cno\u015bci od sposobu u\u017cytkowania. Regularni u\u017cytkownicy elektronicznych papieros\u00f3w mog\u0105 u\u017cywa\u0107 go przez tygodnie, podczas gdy zwykli u\u017cytkownicy mog\u0105 u\u017cywa\u0107 go przez miesi\u0105ce.<\/p><p>Smak: Dzi\u0119ki technologii odporno\u015bci siatki, smak jest naturalnie bogaty, a obj\u0119to\u015b\u0107 dymu stabilna.<\/p><p>\u0141atwy w u\u017cyciu: Brak skomplikowanych przycisk\u00f3w lub ustawie\u0144, wystarczy odkurzy\u0107, aby aktywowa\u0107, \u0142atwy w u\u017cyciu nawet dla nowicjuszy. Bezobs\u0142ugowy (nie wymaga \u0142adowania ani wymiany elementu grzejnego), co jest jeszcze bardziej praktyczne.<\/p><p>Design: O\u015bwietlenie LED i ergonomiczna obudowa dodaj\u0105 jej atrakcyjno\u015bci.<\/p>\t\t\t\t\t\t\t\t<\/div>\n\t\t\t\t<\/div>\n\t\t\t\t\t<\/div>\n\t\t\t\t<\/div>\n\t\t<div class=\"elementor-element elementor-element-08c26f9 e-flex e-con-boxed e-con e-parent\" data-id=\"08c26f9\" data-element_type=\"container\" data-e-type=\"container\">\n\t\t\t\t\t<div class=\"e-con-inner\">\n\t\t\t\t<div class=\"elementor-element elementor-element-a005a97 elementor-widget elementor-widget-text-editor\" data-id=\"a005a97\" data-element_type=\"widget\" data-e-type=\"widget\" data-widget_type=\"text-editor.default\">\n\t\t\t\t<div class=\"elementor-widget-container\">\n\t\t\t\t\t\t\t\t\t<h2>RandM Tornado 30000 oferuje 30 bogatych i zr\u00f3\u017cnicowanych smak\u00f3w<\/h2><p>Model RandM Tornado 30000 oferuje 30 bogatych i zr\u00f3\u017cnicowanych smak\u00f3w, kt\u00f3re zaspokoj\u0105 preferencje ka\u017cdego u\u017cytkownika. Smaki te mo\u017cna podzieli\u0107 na kilka kategorii: lody owocowe, mieszanki owocowe i klasyczne napoje. Smaki lod\u00f3w owocowych s\u0105 g\u0142\u00f3wnie orze\u017awiaj\u0105ce, a \u00abBanana Ice\u00bb, \u00abBlueberry Ice\u00bb, \u00abGrape Ice\u00bb itp. dodaj\u0105 orze\u017awiaj\u0105cy akcent do tradycyjnych smak\u00f3w owocowych. Lush Ice\u00ab i \u00bbIce Pop\u00ab oferuj\u0105 bardziej intensywne orze\u017awiaj\u0105ce doznania. Gama owocowych smak\u00f3w, takich jak \u00bbBlueberry Raspberry\u00ab, \u00bbPeach Mango Pineapple\u00ab i \u00bbStrawberry Watermelon\u00ab, podkre\u015bla warstwowo\u015b\u0107 owocowych smak\u00f3w i r\u00f3wnowa\u017cy kwasowo\u015b\u0107 i s\u0142odycz.<\/p><p>Klasyczne smaki w gamie napoj\u00f3w odwzorowuj\u0105 popularne napoje, takie jak \u00abCherry Cola\u00bb i \u00abCola Ice\u00bb, kt\u00f3re odtwarzaj\u0105 s\u0142odycz coli, podczas gdy \u00abPink Lemonade\u00bb i \u00abVimto\u00bb zapewniaj\u0105 znajomy pikantny smak napoj\u00f3w. Ponadto unikalne smaki, takie jak \u00abSkittles\u00bb i \u00abLove 66\u00bb (melon spadziowy + marakuja + arbuz) dodaj\u0105 odrobiny kaprysu, podczas gdy \u00abCool Mint\u00bb i \u00abBlack Ice\u00bb s\u0105 idealne dla fan\u00f3w intensywnej \u015bwie\u017co\u015bci. Podsumowuj\u0105c, RandM Tornado 30000 obejmuje szerok\u0105 gam\u0119 smak\u00f3w, od \u015bwie\u017cych po bogate, od pojedynczych owoc\u00f3w po z\u0142o\u017cone mieszanki, kt\u00f3re mog\u0105 zaspokoi\u0107 potrzeby r\u00f3\u017cnych scenariuszy i kubk\u00f3w smakowych.<\/p>\t\t\t\t\t\t\t\t<\/div>\n\t\t\t\t<\/div>\n\t\t\t\t\t<\/div>\n\t\t\t\t<\/div>\n\t\t\t\t<\/div>","protected":false},"excerpt":{"rendered":"<p>Sp\u00e9cifications de la RandM Tornado 30000\u00a0: Nombre de bouff\u00e9es\u00a0: Jusqu&rsquo;\u00e0 30000 bouff\u00e9es, ce qui en fait l&rsquo;une des cigarettes \u00e9lectroniques jetables les plus durables du march\u00e9. Batterie : \u00c9quip\u00e9e d&rsquo;une batterie rechargeable de 600 mAh, elle se recharge via un port Type-C pour une charge rapide et efficace. Capacit\u00e9 du r\u00e9servoir\u00a0: Contient 25\u00a0ml d&rsquo;e-liquide pr\u00e9rempli. [&hellip;]<\/p>\n","protected":false},"featured_media":4508,"comment_status":"open","ping_status":"closed","template":"","meta":{"site-sidebar-layout":"no-sidebar","site-content-layout":"page-builder","ast-site-content-layout":"normal-width-container","site-content-style":"default","site-sidebar-style":"default","ast-global-header-display":"","ast-banner-title-visibility":"","ast-main-header-display":"","ast-hfb-above-header-display":"","ast-hfb-below-header-display":"","ast-hfb-mobile-header-display":"","site-post-title":"disabled","ast-breadcrumbs-content":"","ast-featured-img":"disabled","footer-sml-layout":"","ast-disable-related-posts":"","theme-transparent-header-meta":"default","adv-header-id-meta":"","stick-header-meta":"default","header-above-stick-meta":"","header-main-stick-meta":"","header-below-stick-meta":"","astra-migrate-meta-layouts":"set","ast-page-background-enabled":"default","ast-page-background-meta":{"desktop":{"background-color":"","background-image":"","background-repeat":"repeat","background-position":"center center","background-size":"auto","background-attachment":"scroll","background-type":"","background-media":"","overlay-type":"","overlay-color":"","overlay-opacity":"","overlay-gradient":""},"tablet":{"background-color":"","background-image":"","background-repeat":"repeat","background-position":"center center","background-size":"auto","background-attachment":"scroll","background-type":"","background-media":"","overlay-type":"","overlay-color":"","overlay-opacity":"","overlay-gradient":""},"mobile":{"background-color":"","background-image":"","background-repeat":"repeat","background-position":"center center","background-size":"auto","background-attachment":"scroll","background-type":"","background-media":"","overlay-type":"","overlay-color":"","overlay-opacity":"","overlay-gradient":""}},"ast-content-background-meta":{"desktop":{"background-color":"var(--ast-global-color-5)","background-image":"","background-repeat":"repeat","background-position":"center center","background-size":"auto","background-attachment":"scroll","background-type":"","background-media":"","overlay-type":"","overlay-color":"","overlay-opacity":"","overlay-gradient":""},"tablet":{"background-color":"var(--ast-global-color-5)","background-image":"","background-repeat":"repeat","background-position":"center center","background-size":"auto","background-attachment":"scroll","background-type":"","background-media":"","overlay-type":"","overlay-color":"","overlay-opacity":"","overlay-gradient":""},"mobile":{"background-color":"var(--ast-global-color-5)","background-image":"","background-repeat":"repeat","background-position":"center center","background-size":"auto","background-attachment":"scroll","background-type":"","background-media":"","overlay-type":"","overlay-color":"","overlay-opacity":"","overlay-gradient":""}}},"product_brand":[42],"product_cat":[48,86,15],"product_tag":[],"class_list":{"0":"post-4518","1":"product","2":"type-product","3":"status-publish","4":"has-post-thumbnail","6":"product_brand-randm-tornado","7":"product_cat-randm-tornado-30000-concentre-de-fun","8":"product_cat-puff-30k","9":"product_cat-magasin-cigarette-electronique","10":"desktop-align-center","11":"tablet-align-center","12":"mobile-align-center","13":"ast-product-gallery-layout-horizontal","14":"ast-product-single-variable","15":"ast-product-tabs-layout-horizontal","16":"ast-qv-on-image","18":"first","19":"instock","20":"sale","21":"shipping-taxable","22":"purchasable","23":"product-type-variable","24":"has-default-attributes"},"tiered_pricing_type":"fixed","tiered_pricing_fixed_rules":{"50":9.38,"100":8.45,"200":7.95,"400":7.59},"tiered_pricing_product_settings":{"layout":"default","base_unit_name":{"singular":null,"plural":null},"default_variation":null},"tiered_pricing_minimum_quantity":null,"tiered_pricing_roles_data":[],"tiered_pricing_percentage_rules":[],"_links":{"self":[{"href":"https:\/\/puffvapestore.com\/pl\/wp-json\/wp\/v2\/product\/4518","targetHints":{"allow":["GET"]}}],"collection":[{"href":"https:\/\/puffvapestore.com\/pl\/wp-json\/wp\/v2\/product"}],"about":[{"href":"https:\/\/puffvapestore.com\/pl\/wp-json\/wp\/v2\/types\/product"}],"replies":[{"embeddable":true,"href":"https:\/\/puffvapestore.com\/pl\/wp-json\/wp\/v2\/comments?post=4518"}],"version-history":[{"count":7,"href":"https:\/\/puffvapestore.com\/pl\/wp-json\/wp\/v2\/product\/4518\/revisions"}],"predecessor-version":[{"id":4647,"href":"https:\/\/puffvapestore.com\/pl\/wp-json\/wp\/v2\/product\/4518\/revisions\/4647"}],"wp:featuredmedia":[{"embeddable":true,"href":"https:\/\/puffvapestore.com\/pl\/wp-json\/wp\/v2\/media\/4508"}],"wp:attachment":[{"href":"https:\/\/puffvapestore.com\/pl\/wp-json\/wp\/v2\/media?parent=4518"}],"wp:term":[{"taxonomy":"product_brand","embeddable":true,"href":"https:\/\/puffvapestore.com\/pl\/wp-json\/wp\/v2\/product_brand?post=4518"},{"taxonomy":"product_cat","embeddable":true,"href":"https:\/\/puffvapestore.com\/pl\/wp-json\/wp\/v2\/product_cat?post=4518"},{"taxonomy":"product_tag","embeddable":true,"href":"https:\/\/puffvapestore.com\/pl\/wp-json\/wp\/v2\/product_tag?post=4518"}],"curies":[{"name":"wp","href":"https:\/\/api.w.org\/{rel}","templated":true}]}}