{"id":4460,"date":"2025-07-07T05:24:13","date_gmt":"2025-07-07T05:24:13","guid":{"rendered":"https:\/\/puffvapestore.com\/?post_type=product&#038;p=4460"},"modified":"2026-01-19T10:35:08","modified_gmt":"2026-01-19T10:35:08","slug":"double-apple-randm-tornado-25000","status":"publish","type":"product","link":"https:\/\/puffvapestore.com\/pl\/product\/podwojne-jablko-randm-tornado-25000\/","title":{"rendered":"RandM Tornado 25000 - Podw\u00f3jne jab\u0142ko"},"content":{"rendered":"<div data-elementor-type=\"wp-post\" data-elementor-id=\"4460\" class=\"elementor elementor-4460\">\n\t\t\t\t<div class=\"elementor-element elementor-element-08c26f9 e-flex e-con-boxed e-con e-parent\" data-id=\"08c26f9\" data-element_type=\"container\" data-e-type=\"container\">\n\t\t\t\t\t<div class=\"e-con-inner\">\n\t\t\t\t<div class=\"elementor-element elementor-element-a005a97 elementor-widget elementor-widget-text-editor\" data-id=\"a005a97\" data-element_type=\"widget\" data-e-type=\"widget\" data-widget_type=\"text-editor.default\">\n\t\t\t\t<div class=\"elementor-widget-container\">\n\t\t\t\t\t\t\t\t\t<p>We Francji kultura elektronicznych papieros\u00f3w od dawna wpisana jest w rytm miejskiego \u017cycia, a model RandM Tornado 25000 sta\u0142 si\u0119 obowi\u0105zkowym nabytkiem dla wielu szybko zmieniaj\u0105cych si\u0119 trendsetter\u00f3w, dzi\u0119ki doskona\u0142ej wydajno\u015bci i wyj\u0105tkowemu smakowi podw\u00f3jnego jab\u0142ka. Wyobra\u017a sobie, \u017ce opierasz si\u0119 o wspania\u0142\u0105 krat\u0119 z kutego \u017celaza w kawiarni na \u015bwie\u017cym powietrzu poza francusk\u0105 dzielnic\u0105 biznesow\u0105, trzymaj\u0105c to lekkie, eleganckie urz\u0105dzenie i bior\u0105c lekkiego \u0142yka. \u015awie\u017cy jab\u0142kowy aromat Double Pomme rozkwita mi\u0119dzy wargami i z\u0119bami, dodaj\u0105c odrobin\u0119 francuskiego romantyzmu i s\u0142odyczy sadu.<\/p><h2>Saveur Double Pomme: owocowe smaki we francuskim stylu<\/h2><p>Dzi\u0119ki wyj\u0105tkowemu aromatowi, smak Double Pomme precyzyjnie oddaje cierpk\u0105, chrupi\u0105c\u0105 s\u0142odycz zielonych jab\u0142ek i s\u0142odk\u0105 s\u0142odycz czerwonych jab\u0142ek, zapewniaj\u0105c intensywne doznania smakowe. Ka\u017cdy \u0142yk jest jak szklanka soku jab\u0142kowego \u015bwie\u017co zebranego z burgundzkiego sadu, z bogatym, orze\u017awiaj\u0105cym owocowym aromatem, kt\u00f3ry idealnie pasuje do francuskich gust\u00f3w w zakresie wyrafinowania i r\u00f3wnowagi. W lokalach poza francuskimi dzielnicami handlowymi \u015bwie\u017cy, owocowy aromat Double Pomme miesza si\u0119 z bogatymi smakami okolicznych kawiarni, jakby wprowadzaj\u0105c odrobin\u0119 natury i spokoju do zabieganego miejskiego \u017cycia. Niezale\u017cnie od tego, czy masz sjest\u0119, czy niezobowi\u0105zuj\u0105c\u0105 pogaw\u0119dk\u0119 z przyjaci\u00f3\u0142mi, ten smak przyniesie Ci niepowtarzalny urok.<\/p>\t\t\t\t\t\t\t\t<\/div>\n\t\t\t\t<\/div>\n\t\t\t\t\t<\/div>\n\t\t\t\t<\/div>\n\t\t<div class=\"elementor-element elementor-element-718b380 e-flex e-con-boxed e-con e-parent\" data-id=\"718b380\" data-element_type=\"container\" data-e-type=\"container\">\n\t\t\t\t\t<div class=\"e-con-inner\">\n\t\t\t\t<div class=\"elementor-element elementor-element-d2cc8fa elementor-widget elementor-widget-text-editor\" data-id=\"d2cc8fa\" data-element_type=\"widget\" data-e-type=\"widget\" data-widget_type=\"text-editor.default\">\n\t\t\t\t<div class=\"elementor-widget-container\">\n\t\t\t\t\t\t\t\t\t<h2>Specyfikacja produktu<\/h2><p>Liczba zaci\u0105gni\u0119\u0107 : Do 25 000 zaci\u0105gni\u0119\u0107, zaprojektowany dla intensywnych u\u017cytkownik\u00f3w lub tych, kt\u00f3rzy szukaj\u0105 ultra d\u0142ugiej autonomii, bez konieczno\u015bci cz\u0119stej wymiany urz\u0105dzenia.<\/p><p>Pojemno\u015b\u0107 baterii: Wbudowany akumulator o wysokiej wydajno\u015bci 700 mAh, kompatybilny z szybkim \u0142adowaniem typu C, wysoka wydajno\u015b\u0107 \u0142adowania i skr\u00f3cony czas oczekiwania.<\/p><p>Pojemno\u015b\u0107 p\u0142ynu: 20 ml e-liquidu z fabrycznie zainstalowanymi wysokiej jako\u015bci solami nikotyny, oferuj\u0105cymi st\u0119\u017cenie nikotyny 2 % lub 5 %, aby zaspokoi\u0107 potrzeby ka\u017cdego u\u017cytkownika.<\/p><p>Technologia oporowa: Zaawansowana technologia oporowa o podw\u00f3jnych oczkach zapewnia bogaty smak i stabilny dym od pierwszego do ostatniego zaci\u0105gni\u0119cia.<\/p><p>Wy\u015bwietlacz: Wyposa\u017cony w ekran dotykowy TFT o wysokiej rozdzielczo\u015bci, wy\u015bwietla poziom na\u0142adowania baterii, pozosta\u0142\u0105 ilo\u015b\u0107 e-liquidu i ustawienia zasilania w czasie rzeczywistym, zapewniaj\u0105c intuicyjn\u0105 obs\u0142ug\u0119 i przejrzyste informacje na pierwszy rzut oka.<\/p><p>Obs\u0142uga dotykowa: Innowacyjny, \u0142atwy w u\u017cyciu prze\u0142\u0105cznik dotykowy:<\/p><ul><li>Kliknij dwukrotnie, aby uruchomi\u0107 urz\u0105dzenie;<\/li><li>Trzy klikni\u0119cia, aby zmieni\u0107 tryb mocy wyj\u015bciowej; Cztery klikni\u0119cia, aby uzyska\u0107 dost\u0119p do zintegrowanego trybu mini-gry;<\/li><li>Wystarczy jedno klikni\u0119cie, aby rozpocz\u0105\u0107 gr\u0119.<\/li><\/ul><p>Konstrukcja: lekka, elegancka i nowoczesna, \u0142atwa do przenoszenia, atrakcyjna i praktyczna.<\/p><p>Dodatkowe funkcje: Unikalne wbudowane mini-gry (takie jak gry typu clicker) oferuj\u0105 u\u017cytkownikom wyj\u0105tkow\u0105 rozrywk\u0119, odrywaj\u0105c si\u0119 od pojedynczej funkcji tradycyjnych jednorazowych papieros\u00f3w elektronicznych.<\/p><h2>Cechy i korzy\u015bci produktu<\/h2><p>Gotowy do u\u017cycia: nie wymaga skomplikowanych ustawie\u0144 ani konserwacji, dzi\u0119ki czemu mo\u017cna z niego korzysta\u0107 od razu po wyj\u0119ciu z pude\u0142ka, co jest odpowiednie zar\u00f3wno dla pocz\u0105tkuj\u0105cych, jak i aktywnych u\u017cytkownik\u00f3w.<\/p><p>Doskona\u0142y smak: technologia podw\u00f3jnego oporu oczek zapewnia g\u0142adki, bogaty smak, a ka\u017cde zaci\u0105gni\u0119cie si\u0119 utrzymuje jednolity smak, zapewniaj\u0105c najwy\u017csz\u0105 satysfakcj\u0119.<\/p><p>D\u0142uga \u017cywotno\u015b\u0107 baterii: Bateria o pojemno\u015bci 700 mAh w po\u0142\u0105czeniu z szybkim \u0142adowaniem typu C zapewnia d\u0142ugotrwa\u0142e u\u017cytkowanie, optymalizuje zu\u017cycie e-liquidu i zapobiega marnotrawstwu.<\/p><p>Przeno\u015bno\u015b\u0107: Kompaktowy i lekki, \u0142atwy do wsuni\u0119cia do kieszeni lub torby, dzi\u0119ki czemu mo\u017cna z niego korzysta\u0107 w dowolnym miejscu i czasie.<\/p><p>Rozrywka: Ekskluzywna zintegrowana funkcja mini-gry zapewniaj\u0105ca jeszcze wi\u0119cej zabawy, dzi\u0119ki czemu RandM Tornado 25000 wyr\u00f3\u017cnia si\u0119 z t\u0142umu.<\/p><p>Personalizacja: Regulowany przep\u0142yw powietrza i wiele opcji st\u0119\u017cenia nikotyny daj\u0105 u\u017cytkownikom swobod\u0119 dostosowania do w\u0142asnych preferencji, aby zaspokoi\u0107 r\u00f3\u017cnorodne potrzeby.<\/p>\t\t\t\t\t\t\t\t<\/div>\n\t\t\t\t<\/div>\n\t\t\t\t\t<\/div>\n\t\t\t\t<\/div>\n\t\t\t\t<\/div>","protected":false},"excerpt":{"rendered":"<p>En France, la culture de la cigarette \u00e9lectronique est ancr\u00e9e depuis longtemps dans le rythme de la vie urbaine, et la RandM Tornado 25000 est devenue un incontournable pour de nombreux cr\u00e9ateurs de tendances au rythme effr\u00e9n\u00e9, gr\u00e2ce \u00e0 ses excellentes performances et \u00e0 son ar\u00f4me unique de pomme double. Imaginez-vous adoss\u00e9 \u00e0 la magnifique [&hellip;]<\/p>\n","protected":false},"featured_media":4252,"comment_status":"open","ping_status":"closed","template":"","meta":{"site-sidebar-layout":"no-sidebar","site-content-layout":"page-builder","ast-site-content-layout":"normal-width-container","site-content-style":"default","site-sidebar-style":"default","ast-global-header-display":"","ast-banner-title-visibility":"","ast-main-header-display":"","ast-hfb-above-header-display":"","ast-hfb-below-header-display":"","ast-hfb-mobile-header-display":"","site-post-title":"disabled","ast-breadcrumbs-content":"","ast-featured-img":"disabled","footer-sml-layout":"","ast-disable-related-posts":"","theme-transparent-header-meta":"default","adv-header-id-meta":"","stick-header-meta":"default","header-above-stick-meta":"","header-main-stick-meta":"","header-below-stick-meta":"","astra-migrate-meta-layouts":"set","ast-page-background-enabled":"default","ast-page-background-meta":{"desktop":{"background-color":"","background-image":"","background-repeat":"repeat","background-position":"center center","background-size":"auto","background-attachment":"scroll","background-type":"","background-media":"","overlay-type":"","overlay-color":"","overlay-opacity":"","overlay-gradient":""},"tablet":{"background-color":"","background-image":"","background-repeat":"repeat","background-position":"center center","background-size":"auto","background-attachment":"scroll","background-type":"","background-media":"","overlay-type":"","overlay-color":"","overlay-opacity":"","overlay-gradient":""},"mobile":{"background-color":"","background-image":"","background-repeat":"repeat","background-position":"center center","background-size":"auto","background-attachment":"scroll","background-type":"","background-media":"","overlay-type":"","overlay-color":"","overlay-opacity":"","overlay-gradient":""}},"ast-content-background-meta":{"desktop":{"background-color":"var(--ast-global-color-5)","background-image":"","background-repeat":"repeat","background-position":"center center","background-size":"auto","background-attachment":"scroll","background-type":"","background-media":"","overlay-type":"","overlay-color":"","overlay-opacity":"","overlay-gradient":""},"tablet":{"background-color":"var(--ast-global-color-5)","background-image":"","background-repeat":"repeat","background-position":"center center","background-size":"auto","background-attachment":"scroll","background-type":"","background-media":"","overlay-type":"","overlay-color":"","overlay-opacity":"","overlay-gradient":""},"mobile":{"background-color":"var(--ast-global-color-5)","background-image":"","background-repeat":"repeat","background-position":"center center","background-size":"auto","background-attachment":"scroll","background-type":"","background-media":"","overlay-type":"","overlay-color":"","overlay-opacity":"","overlay-gradient":""}}},"product_brand":[42],"product_cat":[47,87,15],"product_tag":[],"class_list":{"0":"post-4460","1":"product","2":"type-product","3":"status-publish","4":"has-post-thumbnail","6":"product_brand-randm-tornado","7":"product_cat-randm-tornado-25000-allie-portabilite-et-personnalisation","8":"product_cat-puff-25k","9":"product_cat-magasin-cigarette-electronique","10":"desktop-align-center","11":"tablet-align-center","12":"mobile-align-center","13":"ast-product-gallery-layout-horizontal","14":"ast-product-single-variable","15":"ast-product-tabs-layout-horizontal","16":"ast-qv-on-image","18":"first","19":"instock","20":"sale","21":"shipping-taxable","22":"purchasable","23":"product-type-variable","24":"has-default-attributes"},"tiered_pricing_type":"fixed","tiered_pricing_fixed_rules":{"30":10.17,"60":9.22,"100":8.38,"200":8.08,"500":7.88,"1000":7.48},"tiered_pricing_product_settings":{"layout":"default","base_unit_name":{"singular":null,"plural":null},"default_variation":null},"tiered_pricing_minimum_quantity":null,"tiered_pricing_roles_data":[],"tiered_pricing_percentage_rules":[],"_links":{"self":[{"href":"https:\/\/puffvapestore.com\/pl\/wp-json\/wp\/v2\/product\/4460","targetHints":{"allow":["GET"]}}],"collection":[{"href":"https:\/\/puffvapestore.com\/pl\/wp-json\/wp\/v2\/product"}],"about":[{"href":"https:\/\/puffvapestore.com\/pl\/wp-json\/wp\/v2\/types\/product"}],"replies":[{"embeddable":true,"href":"https:\/\/puffvapestore.com\/pl\/wp-json\/wp\/v2\/comments?post=4460"}],"version-history":[{"count":7,"href":"https:\/\/puffvapestore.com\/pl\/wp-json\/wp\/v2\/product\/4460\/revisions"}],"predecessor-version":[{"id":10743,"href":"https:\/\/puffvapestore.com\/pl\/wp-json\/wp\/v2\/product\/4460\/revisions\/10743"}],"wp:featuredmedia":[{"embeddable":true,"href":"https:\/\/puffvapestore.com\/pl\/wp-json\/wp\/v2\/media\/4252"}],"wp:attachment":[{"href":"https:\/\/puffvapestore.com\/pl\/wp-json\/wp\/v2\/media?parent=4460"}],"wp:term":[{"taxonomy":"product_brand","embeddable":true,"href":"https:\/\/puffvapestore.com\/pl\/wp-json\/wp\/v2\/product_brand?post=4460"},{"taxonomy":"product_cat","embeddable":true,"href":"https:\/\/puffvapestore.com\/pl\/wp-json\/wp\/v2\/product_cat?post=4460"},{"taxonomy":"product_tag","embeddable":true,"href":"https:\/\/puffvapestore.com\/pl\/wp-json\/wp\/v2\/product_tag?post=4460"}],"curies":[{"name":"wp","href":"https:\/\/api.w.org\/{rel}","templated":true}]}}