{"id":4433,"date":"2025-07-05T07:01:03","date_gmt":"2025-07-05T07:01:03","guid":{"rendered":"https:\/\/puffvapestore.com\/?post_type=product&#038;p=4433"},"modified":"2026-01-19T10:35:08","modified_gmt":"2026-01-19T10:35:08","slug":"banana-ice-randm-tornado-25000","status":"publish","type":"product","link":"https:\/\/puffvapestore.com\/pl\/product\/lod-bananowy-randm-tornado-25000\/","title":{"rendered":"RandM Tornado 25000 - Banana Ice"},"content":{"rendered":"<div data-elementor-type=\"wp-post\" data-elementor-id=\"4433\" class=\"elementor elementor-4433\">\n\t\t\t\t<div class=\"elementor-element elementor-element-08c26f9 e-flex e-con-boxed e-con e-parent\" data-id=\"08c26f9\" data-element_type=\"container\" data-e-type=\"container\">\n\t\t\t\t\t<div class=\"e-con-inner\">\n\t\t\t\t<div class=\"elementor-element elementor-element-a005a97 elementor-widget elementor-widget-text-editor\" data-id=\"a005a97\" data-element_type=\"widget\" data-e-type=\"widget\" data-widget_type=\"text-editor.default\">\n\t\t\t\t<div class=\"elementor-widget-container\">\n\t\t\t\t\t\t\t\t\t<p>Wyci\u0105gnij elektroniczny papieros RandM Tornado 25000 Banana Ice i zaci\u0105gnij si\u0119 lekko, jakby\u015b chcia\u0142 doda\u0107 odrobin\u0119 \u015bwie\u017cej s\u0142odyczy do tej romantycznej sceny. Ten elektroniczny papieros z bananowym lodem jako g\u0142\u00f3wnym aromatem \u0142\u0105czy intensywn\u0105 s\u0142odycz tropikalnych owoc\u00f3w ze \u015bwie\u017co\u015bci\u0105 mro\u017conej mi\u0119ty, zapewniaj\u0105c odurzaj\u0105ce doznania smakowe, jakby bryza pie\u015bci\u0142a twoj\u0105 twarz na nocnym targu na francuskiej wsi.<\/p><h2>Smak: wyj\u0105tkowy urok Banana Ice<\/h2><p>Smak Banana Ice jest inspirowany jedwabist\u0105 s\u0142odycz\u0105 dojrza\u0142ych banan\u00f3w. Na podniebieniu dym wydziela mocny tropikalny smak, przypominaj\u0105cy gryzienie \u015bwie\u017co zerwanego banana, z intensywnym owocowym aromatem i wyra\u017anymi nutami. Nast\u0119pnie pojawia si\u0119 delikatny mi\u0119towy zapach, przypominaj\u0105cy ch\u0142odn\u0105 bryz\u0119 wiej\u0105c\u0105 na nocnym targu, kt\u00f3ry natychmiast rozbudza zmys\u0142y, sprawiaj\u0105c, \u017ce ka\u017cde zaci\u0105gni\u0119cie jest orze\u017awiaj\u0105ce i niet\u0142uste. Ta wspania\u0142a r\u00f3wnowaga s\u0142odyczy i \u015bwie\u017co\u015bci jest idealna do relaksu w t\u0119tni\u0105cej \u017cyciem atmosferze francuskiego wiejskiego nocnego targu, a tak\u017ce zapewnia przyjemny dotyk \u015bwie\u017co\u015bci w d\u0142ugie letnie noce.<\/p><p>Dzi\u0119ki zaawansowanej technologii podw\u00f3jnego oporu oczek w modelu RandM Tornado 25000, ka\u017cde zaci\u0105gni\u0119cie si\u0119 tytoniem RandM Tornado 25000 o smaku mro\u017conego banana uwalnia bogaty, owocowy aromat banana i stabilny, lodowaty dym. Od pierwszego do 25 000 zaci\u0105gni\u0119cia, smak jest sp\u00f3jny, a po\u0142\u0105czenie s\u0142odyczy i \u015bwie\u017co\u015bci jest zawsze satysfakcjonuj\u0105ce. Niezale\u017cnie od tego, czy spacerujesz samotnie po brukowanej \u015bcie\u017cce nocnego targu, czy siedzisz w barze na \u015bwie\u017cym powietrzu z przyjaci\u00f3\u0142mi, ten elektroniczny papieros mo\u017ce sprawi\u0107, \u017ce b\u0119dziesz najbardziej uzale\u017cniaj\u0105c\u0105 obecno\u015bci\u0105 w nocy na francuskiej wsi.<\/p>\t\t\t\t\t\t\t\t<\/div>\n\t\t\t\t<\/div>\n\t\t\t\t\t<\/div>\n\t\t\t\t<\/div>\n\t\t<div class=\"elementor-element elementor-element-718b380 e-flex e-con-boxed e-con e-parent\" data-id=\"718b380\" data-element_type=\"container\" data-e-type=\"container\">\n\t\t\t\t\t<div class=\"e-con-inner\">\n\t\t\t\t<div class=\"elementor-element elementor-element-d2cc8fa elementor-widget elementor-widget-text-editor\" data-id=\"d2cc8fa\" data-element_type=\"widget\" data-e-type=\"widget\" data-widget_type=\"text-editor.default\">\n\t\t\t\t<div class=\"elementor-widget-container\">\n\t\t\t\t\t\t\t\t\t<h2>Specyfikacja produktu<\/h2><p>Liczba zaci\u0105gni\u0119\u0107 : Do 25 000 zaci\u0105gni\u0119\u0107, zaprojektowany dla intensywnych u\u017cytkownik\u00f3w lub tych, kt\u00f3rzy szukaj\u0105 ultra d\u0142ugiej autonomii, bez konieczno\u015bci cz\u0119stej wymiany urz\u0105dzenia.<\/p><p>Pojemno\u015b\u0107 baterii: Wbudowany akumulator o wysokiej wydajno\u015bci 700 mAh, kompatybilny z szybkim \u0142adowaniem typu C, wysoka wydajno\u015b\u0107 \u0142adowania i skr\u00f3cony czas oczekiwania.<\/p><p>Pojemno\u015b\u0107 p\u0142ynu: 20 ml e-liquidu z fabrycznie zainstalowanymi wysokiej jako\u015bci solami nikotyny, oferuj\u0105cymi st\u0119\u017cenie nikotyny 2 % lub 5 %, aby zaspokoi\u0107 potrzeby ka\u017cdego u\u017cytkownika.<\/p><p>Technologia oporowa: Zaawansowana technologia oporowa o podw\u00f3jnych oczkach zapewnia bogaty smak i stabilny dym od pierwszego do ostatniego zaci\u0105gni\u0119cia.<\/p><p>Wy\u015bwietlacz: Wyposa\u017cony w ekran dotykowy TFT o wysokiej rozdzielczo\u015bci, wy\u015bwietla poziom na\u0142adowania baterii, pozosta\u0142\u0105 ilo\u015b\u0107 e-liquidu i ustawienia zasilania w czasie rzeczywistym, zapewniaj\u0105c intuicyjn\u0105 obs\u0142ug\u0119 i przejrzyste informacje na pierwszy rzut oka.<\/p><p>Obs\u0142uga dotykowa: Innowacyjny, \u0142atwy w u\u017cyciu prze\u0142\u0105cznik dotykowy:<\/p><ul><li>Kliknij dwukrotnie, aby uruchomi\u0107 urz\u0105dzenie;<\/li><li>Trzy klikni\u0119cia, aby zmieni\u0107 tryb mocy wyj\u015bciowej; Cztery klikni\u0119cia, aby uzyska\u0107 dost\u0119p do zintegrowanego trybu mini-gry;<\/li><li>Wystarczy jedno klikni\u0119cie, aby rozpocz\u0105\u0107 gr\u0119.<\/li><\/ul><p>Konstrukcja: lekka, elegancka i nowoczesna, \u0142atwa do przenoszenia, atrakcyjna i praktyczna.<\/p><p>Dodatkowe funkcje: Unikalne wbudowane mini-gry (takie jak gry typu clicker) oferuj\u0105 u\u017cytkownikom wyj\u0105tkow\u0105 rozrywk\u0119, odrywaj\u0105c si\u0119 od pojedynczej funkcji tradycyjnych jednorazowych papieros\u00f3w elektronicznych.<\/p><h2>Cechy i korzy\u015bci produktu<\/h2><p>Gotowy do u\u017cycia: nie wymaga skomplikowanych ustawie\u0144 ani konserwacji, dzi\u0119ki czemu mo\u017cna z niego korzysta\u0107 od razu po wyj\u0119ciu z pude\u0142ka, co jest odpowiednie zar\u00f3wno dla pocz\u0105tkuj\u0105cych, jak i aktywnych u\u017cytkownik\u00f3w.<\/p><p>Doskona\u0142y smak: technologia podw\u00f3jnego oporu oczek zapewnia g\u0142adki, bogaty smak, a ka\u017cde zaci\u0105gni\u0119cie si\u0119 utrzymuje jednolity smak, zapewniaj\u0105c najwy\u017csz\u0105 satysfakcj\u0119.<\/p><p>D\u0142uga \u017cywotno\u015b\u0107 baterii: Bateria o pojemno\u015bci 700 mAh w po\u0142\u0105czeniu z szybkim \u0142adowaniem typu C zapewnia d\u0142ugotrwa\u0142e u\u017cytkowanie, optymalizuje zu\u017cycie e-liquidu i zapobiega marnotrawstwu.<\/p><p>Przeno\u015bno\u015b\u0107: Kompaktowy i lekki, \u0142atwy do wsuni\u0119cia do kieszeni lub torby, dzi\u0119ki czemu mo\u017cna z niego korzysta\u0107 w dowolnym miejscu i czasie.<\/p><p>Rozrywka: Ekskluzywna zintegrowana funkcja mini-gry zapewniaj\u0105ca jeszcze wi\u0119cej zabawy, dzi\u0119ki czemu RandM Tornado 25000 wyr\u00f3\u017cnia si\u0119 z t\u0142umu.<\/p><p>Personalizacja: Regulowany przep\u0142yw powietrza i wiele opcji st\u0119\u017cenia nikotyny daj\u0105 u\u017cytkownikom swobod\u0119 dostosowania do w\u0142asnych preferencji, aby zaspokoi\u0107 r\u00f3\u017cnorodne potrzeby.<\/p>\t\t\t\t\t\t\t\t<\/div>\n\t\t\t\t<\/div>\n\t\t\t\t\t<\/div>\n\t\t\t\t<\/div>\n\t\t\t\t<\/div>","protected":false},"excerpt":{"rendered":"<p>Sortez la cigarette \u00e9lectronique RandM Tornado 25000 Banana Ice et prenez une l\u00e9g\u00e8re bouff\u00e9e, comme pour ajouter une touche de douceur fra\u00eeche \u00e0 cette sc\u00e8ne romantique. Cette cigarette \u00e9lectronique \u00e0 la banane glac\u00e9e comme saveur principale allie la douceur intense des fruits tropicaux \u00e0 la fra\u00eecheur de la menthe glac\u00e9e, pour une exp\u00e9rience gustative enivrante, [&hellip;]<\/p>\n","protected":false},"featured_media":4238,"comment_status":"open","ping_status":"closed","template":"","meta":{"site-sidebar-layout":"no-sidebar","site-content-layout":"page-builder","ast-site-content-layout":"normal-width-container","site-content-style":"default","site-sidebar-style":"default","ast-global-header-display":"","ast-banner-title-visibility":"","ast-main-header-display":"","ast-hfb-above-header-display":"","ast-hfb-below-header-display":"","ast-hfb-mobile-header-display":"","site-post-title":"disabled","ast-breadcrumbs-content":"","ast-featured-img":"disabled","footer-sml-layout":"","ast-disable-related-posts":"","theme-transparent-header-meta":"default","adv-header-id-meta":"","stick-header-meta":"default","header-above-stick-meta":"","header-main-stick-meta":"","header-below-stick-meta":"","astra-migrate-meta-layouts":"set","ast-page-background-enabled":"default","ast-page-background-meta":{"desktop":{"background-color":"","background-image":"","background-repeat":"repeat","background-position":"center center","background-size":"auto","background-attachment":"scroll","background-type":"","background-media":"","overlay-type":"","overlay-color":"","overlay-opacity":"","overlay-gradient":""},"tablet":{"background-color":"","background-image":"","background-repeat":"repeat","background-position":"center center","background-size":"auto","background-attachment":"scroll","background-type":"","background-media":"","overlay-type":"","overlay-color":"","overlay-opacity":"","overlay-gradient":""},"mobile":{"background-color":"","background-image":"","background-repeat":"repeat","background-position":"center center","background-size":"auto","background-attachment":"scroll","background-type":"","background-media":"","overlay-type":"","overlay-color":"","overlay-opacity":"","overlay-gradient":""}},"ast-content-background-meta":{"desktop":{"background-color":"var(--ast-global-color-5)","background-image":"","background-repeat":"repeat","background-position":"center center","background-size":"auto","background-attachment":"scroll","background-type":"","background-media":"","overlay-type":"","overlay-color":"","overlay-opacity":"","overlay-gradient":""},"tablet":{"background-color":"var(--ast-global-color-5)","background-image":"","background-repeat":"repeat","background-position":"center center","background-size":"auto","background-attachment":"scroll","background-type":"","background-media":"","overlay-type":"","overlay-color":"","overlay-opacity":"","overlay-gradient":""},"mobile":{"background-color":"var(--ast-global-color-5)","background-image":"","background-repeat":"repeat","background-position":"center center","background-size":"auto","background-attachment":"scroll","background-type":"","background-media":"","overlay-type":"","overlay-color":"","overlay-opacity":"","overlay-gradient":""}}},"product_brand":[42],"product_cat":[47,87,15],"product_tag":[],"class_list":{"0":"post-4433","1":"product","2":"type-product","3":"status-publish","4":"has-post-thumbnail","6":"product_brand-randm-tornado","7":"product_cat-randm-tornado-25000-allie-portabilite-et-personnalisation","8":"product_cat-puff-25k","9":"product_cat-magasin-cigarette-electronique","10":"desktop-align-center","11":"tablet-align-center","12":"mobile-align-center","13":"ast-product-gallery-layout-horizontal","14":"ast-product-single-variable","15":"ast-product-tabs-layout-horizontal","16":"ast-qv-on-image","18":"first","19":"instock","20":"sale","21":"shipping-taxable","22":"purchasable","23":"product-type-variable","24":"has-default-attributes"},"tiered_pricing_type":"fixed","tiered_pricing_fixed_rules":{"30":10.17,"60":9.22,"100":8.38,"200":8.08,"500":7.88,"1000":7.48},"tiered_pricing_product_settings":{"layout":"default","base_unit_name":{"singular":null,"plural":null},"default_variation":null},"tiered_pricing_minimum_quantity":null,"tiered_pricing_roles_data":[],"tiered_pricing_percentage_rules":[],"_links":{"self":[{"href":"https:\/\/puffvapestore.com\/pl\/wp-json\/wp\/v2\/product\/4433","targetHints":{"allow":["GET"]}}],"collection":[{"href":"https:\/\/puffvapestore.com\/pl\/wp-json\/wp\/v2\/product"}],"about":[{"href":"https:\/\/puffvapestore.com\/pl\/wp-json\/wp\/v2\/types\/product"}],"replies":[{"embeddable":true,"href":"https:\/\/puffvapestore.com\/pl\/wp-json\/wp\/v2\/comments?post=4433"}],"version-history":[{"count":7,"href":"https:\/\/puffvapestore.com\/pl\/wp-json\/wp\/v2\/product\/4433\/revisions"}],"predecessor-version":[{"id":10741,"href":"https:\/\/puffvapestore.com\/pl\/wp-json\/wp\/v2\/product\/4433\/revisions\/10741"}],"wp:featuredmedia":[{"embeddable":true,"href":"https:\/\/puffvapestore.com\/pl\/wp-json\/wp\/v2\/media\/4238"}],"wp:attachment":[{"href":"https:\/\/puffvapestore.com\/pl\/wp-json\/wp\/v2\/media?parent=4433"}],"wp:term":[{"taxonomy":"product_brand","embeddable":true,"href":"https:\/\/puffvapestore.com\/pl\/wp-json\/wp\/v2\/product_brand?post=4433"},{"taxonomy":"product_cat","embeddable":true,"href":"https:\/\/puffvapestore.com\/pl\/wp-json\/wp\/v2\/product_cat?post=4433"},{"taxonomy":"product_tag","embeddable":true,"href":"https:\/\/puffvapestore.com\/pl\/wp-json\/wp\/v2\/product_tag?post=4433"}],"curies":[{"name":"wp","href":"https:\/\/api.w.org\/{rel}","templated":true}]}}