{"id":4398,"date":"2025-07-05T02:27:59","date_gmt":"2025-07-05T02:27:59","guid":{"rendered":"https:\/\/puffvapestore.com\/?post_type=product&#038;p=4398"},"modified":"2026-01-19T10:35:08","modified_gmt":"2026-01-19T10:35:08","slug":"fumot-randm-tornado-25000-miami-mint","status":"publish","type":"product","link":"https:\/\/puffvapestore.com\/pl\/product\/fumot-randm-tornado-25000-miami-mint\/","title":{"rendered":"RandM Tornado 25000 - Miami Mint"},"content":{"rendered":"<div data-elementor-type=\"wp-post\" data-elementor-id=\"4398\" class=\"elementor elementor-4398\">\n\t\t\t\t<div class=\"elementor-element elementor-element-08c26f9 e-flex e-con-boxed e-con e-parent\" data-id=\"08c26f9\" data-element_type=\"container\" data-e-type=\"container\">\n\t\t\t\t\t<div class=\"e-con-inner\">\n\t\t\t\t<div class=\"elementor-element elementor-element-a005a97 elementor-widget elementor-widget-text-editor\" data-id=\"a005a97\" data-element_type=\"widget\" data-e-type=\"widget\" data-widget_type=\"text-editor.default\">\n\t\t\t\t<div class=\"elementor-widget-container\">\n\t\t\t\t\t\t\t\t\t<p>Fumot RandM Tornado 25000 Mint Miami to elektroniczny papieros z dominuj\u0105c\u0105 nut\u0105 \u015bwie\u017cej mi\u0119ty, \u0142\u0105cz\u0105cy orze\u017awiaj\u0105cy mentolowy smak z nut\u0105 s\u0142odyczy, zapewniaj\u0105c od\u015bwie\u017caj\u0105ce i czyste doznania podczas palenia. Opisywany jako \u00abjak bycie na letniej pla\u017cy w Miami\u00bb, smak ten \u0142\u0105czy \u015bwie\u017c\u0105 mi\u0119t\u0119 i subteln\u0105 s\u0142odycz dla mi\u0142o\u015bnik\u00f3w elektronicznych papieros\u00f3w poszukuj\u0105cych orze\u017awiaj\u0105cego smaku.<\/p><h2>Charakterystyka i szczeg\u00f3\u0142y smaku<\/h2><h3>\u015awie\u017ca mi\u0119ta<\/h3><p>Mint Miami ma intensywny mentolowy smak, kt\u00f3ry zapewnia \u015bwie\u017cy, orze\u017awiaj\u0105cy smak. Podczas inhalacji \u015bwie\u017cy powiew mi\u0119ty szybko rozbudza kubki smakowe, zapewniaj\u0105c orze\u017awiaj\u0105ce mrowienie podobne do tego, kt\u00f3re towarzyszy mi\u0119towym cukierkom lub mi\u0119towej gumie do \u017cucia. To \u015bwie\u017ce uczucie utrzymuje si\u0119 w ustach i pozostawia orze\u017awiaj\u0105cy posmak, idealny do dodania odrobiny ch\u0142odu w upalne dni.<\/p><h3>Subtelna s\u0142odycz<\/h3><p>Smak ten zawiera odrobin\u0119 s\u0142odyczy na bazie \u015bwie\u017cej mi\u0119ty. S\u0142odycz ta nie przypomina mocnych cukierk\u00f3w, lecz jest delikatna i subtelna, podobna do lekkiej s\u0142odyczy \u015bwie\u017cej mi\u0119ty. Dodaje odrobin\u0119 g\u0142\u0119bi do \u015bwie\u017co\u015bci mi\u0119ty, unikaj\u0105c monotonii prostego smaku mi\u0119ty. Ta lekka nuta s\u0142odyczy sprawia, \u017ce Mint Miami nadaje si\u0119 do d\u0142u\u017cszego spo\u017cycia i zmniejsza zm\u0119czenie kubk\u00f3w smakowych.<\/p>\t\t\t\t\t\t\t\t<\/div>\n\t\t\t\t<\/div>\n\t\t\t\t\t<\/div>\n\t\t\t\t<\/div>\n\t\t<div class=\"elementor-element elementor-element-718b380 e-flex e-con-boxed e-con e-parent\" data-id=\"718b380\" data-element_type=\"container\" data-e-type=\"container\">\n\t\t\t\t\t<div class=\"e-con-inner\">\n\t\t\t\t<div class=\"elementor-element elementor-element-d2cc8fa elementor-widget elementor-widget-text-editor\" data-id=\"d2cc8fa\" data-element_type=\"widget\" data-e-type=\"widget\" data-widget_type=\"text-editor.default\">\n\t\t\t\t<div class=\"elementor-widget-container\">\n\t\t\t\t\t\t\t\t\t<h2>Specyfikacje Fumot RandM Tornado 25000 :<\/h2><p>Liczba zaci\u0105gni\u0119\u0107 : Do 25 000, idealny dla ci\u0119\u017ckich palaczy lub os\u00f3b poszukuj\u0105cych d\u0142ugotrwa\u0142ego u\u017cytkowania bez cz\u0119stej wymiany.<\/p><p>Bateria: Akumulator o pojemno\u015bci 700 mAh z funkcj\u0105 szybkiego \u0142adowania typu C.<\/p><p>E-liquid: Wst\u0119pnie nape\u0142niony 20 ml e-liquidu o st\u0119\u017ceniu soli nikotyny 2 % lub 5 %.<\/p><p>Technologia rezystorowa: rezystory o podw\u00f3jnych oczkach zapewniaj\u0105 bogaty, sp\u00f3jny smak i g\u0119st\u0105 par\u0119 przez ca\u0142y okres u\u017cytkowania.<\/p><p>Wy\u015bwietlacz: Wyposa\u017cony w ekran dotykowy TFT o wysokiej rozdzielczo\u015bci, wy\u015bwietla poziom na\u0142adowania baterii, pozosta\u0142y poziom e-liquidu i ustawienia mocy wyj\u015bciowej w czasie rzeczywistym.<\/p><p>Sterowanie dotykowe: Innowacyjny prze\u0142\u0105cznik dotykowy u\u0142atwia regulacj\u0119 mocy (podw\u00f3jne klikni\u0119cie, aby aktywowa\u0107, potr\u00f3jne klikni\u0119cie, aby zmieni\u0107 moc, poczw\u00f3rne klikni\u0119cie, aby prze\u0142\u0105czy\u0107 si\u0119 do trybu gry, pojedyncze klikni\u0119cie, aby rozpocz\u0105\u0107 gr\u0119).<\/p><p>Konstrukcja: kompaktowa i lekka, \u0142atwa do przenoszenia, elegancka i nowoczesna.<\/p><p>Regulowany przep\u0142yw powietrza: Mo\u017cliwo\u015b\u0107 dostosowania przep\u0142ywu pary do preferencji palacza.<\/p><h2>Cechy i zalety Fumot RandM Tornado 25000 :<\/h2><p>\u0141atwy w u\u017cyciu: Nie wymaga konserwacji, uzupe\u0142niania ani wymiany cz\u0119\u015bci; wystarczy otworzy\u0107 opakowanie i korzysta\u0107 z tego elektronicznego papierosa.<\/p><p>Smak: U\u017cytkownicy doceniaj\u0105 bogaty, sp\u00f3jny smak i kremow\u0105 par\u0119, wzmocnione przez podw\u00f3jne oczka.<\/p><p>Autonomia: Bateria o pojemno\u015bci 700 mAh w po\u0142\u0105czeniu z funkcj\u0105 szybkiego \u0142adowania pozwala na wielokrotne \u0142adowanie i u\u017cytkowanie, unikaj\u0105c marnowania e-liquidu z powodu roz\u0142adowanej baterii.<\/p><p>Przeno\u015bno\u015b\u0107: Lekka, kompaktowa konstrukcja u\u0142atwia przenoszenie urz\u0105dzenia.<\/p><p>Wbudowana funkcja mini-gier: Obs\u0142uguje ma\u0142e gry, takie jak mini-gry typu \"kliknij, aby zagra\u0107\", zapewniaj\u0105c wyj\u0105tkow\u0105 rozrywk\u0119, rzadko spotykan\u0105 w innych jednorazowych papierosach elektronicznych dost\u0119pnych na rynku.<\/p>\t\t\t\t\t\t\t\t<\/div>\n\t\t\t\t<\/div>\n\t\t\t\t\t<\/div>\n\t\t\t\t<\/div>\n\t\t\t\t<\/div>","protected":false},"excerpt":{"rendered":"<p>La Fumot RandM Tornado 25000 Menthe Miami est une cigarette \u00e9lectronique \u00e0 dominante menthe fra\u00eeche, alliant une saveur menthol\u00e9e rafra\u00eechissante \u00e0 une touche sucr\u00e9e pour une exp\u00e9rience de fumeur rafra\u00eechissante et pure. D\u00e9crit comme \u00ab\u00a0comme \u00eatre sur une plage d&rsquo;\u00e9t\u00e9 \u00e0 Miami\u00a0\u00bb, cet ar\u00f4me allie menthe fra\u00eeche et douceur subtile pour les amateurs de cigarettes [&hellip;]<\/p>\n","protected":false},"featured_media":4266,"comment_status":"open","ping_status":"closed","template":"","meta":{"site-sidebar-layout":"no-sidebar","site-content-layout":"page-builder","ast-site-content-layout":"normal-width-container","site-content-style":"default","site-sidebar-style":"default","ast-global-header-display":"","ast-banner-title-visibility":"","ast-main-header-display":"","ast-hfb-above-header-display":"","ast-hfb-below-header-display":"","ast-hfb-mobile-header-display":"","site-post-title":"disabled","ast-breadcrumbs-content":"","ast-featured-img":"disabled","footer-sml-layout":"","ast-disable-related-posts":"","theme-transparent-header-meta":"default","adv-header-id-meta":"","stick-header-meta":"default","header-above-stick-meta":"","header-main-stick-meta":"","header-below-stick-meta":"","astra-migrate-meta-layouts":"set","ast-page-background-enabled":"default","ast-page-background-meta":{"desktop":{"background-color":"","background-image":"","background-repeat":"repeat","background-position":"center center","background-size":"auto","background-attachment":"scroll","background-type":"","background-media":"","overlay-type":"","overlay-color":"","overlay-opacity":"","overlay-gradient":""},"tablet":{"background-color":"","background-image":"","background-repeat":"repeat","background-position":"center center","background-size":"auto","background-attachment":"scroll","background-type":"","background-media":"","overlay-type":"","overlay-color":"","overlay-opacity":"","overlay-gradient":""},"mobile":{"background-color":"","background-image":"","background-repeat":"repeat","background-position":"center center","background-size":"auto","background-attachment":"scroll","background-type":"","background-media":"","overlay-type":"","overlay-color":"","overlay-opacity":"","overlay-gradient":""}},"ast-content-background-meta":{"desktop":{"background-color":"var(--ast-global-color-5)","background-image":"","background-repeat":"repeat","background-position":"center center","background-size":"auto","background-attachment":"scroll","background-type":"","background-media":"","overlay-type":"","overlay-color":"","overlay-opacity":"","overlay-gradient":""},"tablet":{"background-color":"var(--ast-global-color-5)","background-image":"","background-repeat":"repeat","background-position":"center center","background-size":"auto","background-attachment":"scroll","background-type":"","background-media":"","overlay-type":"","overlay-color":"","overlay-opacity":"","overlay-gradient":""},"mobile":{"background-color":"var(--ast-global-color-5)","background-image":"","background-repeat":"repeat","background-position":"center center","background-size":"auto","background-attachment":"scroll","background-type":"","background-media":"","overlay-type":"","overlay-color":"","overlay-opacity":"","overlay-gradient":""}}},"product_brand":[42],"product_cat":[47,87,15],"product_tag":[],"class_list":{"0":"post-4398","1":"product","2":"type-product","3":"status-publish","4":"has-post-thumbnail","6":"product_brand-randm-tornado","7":"product_cat-randm-tornado-25000-allie-portabilite-et-personnalisation","8":"product_cat-puff-25k","9":"product_cat-magasin-cigarette-electronique","10":"desktop-align-center","11":"tablet-align-center","12":"mobile-align-center","13":"ast-product-gallery-layout-horizontal","14":"ast-product-single-variable","15":"ast-product-tabs-layout-horizontal","16":"ast-qv-on-image","18":"first","19":"instock","20":"sale","21":"shipping-taxable","22":"purchasable","23":"product-type-variable","24":"has-default-attributes"},"tiered_pricing_type":"fixed","tiered_pricing_fixed_rules":{"30":10.17,"60":9.22,"100":8.38,"200":8.08,"500":7.88,"1000":7.48},"tiered_pricing_product_settings":{"layout":"default","base_unit_name":{"singular":null,"plural":null},"default_variation":null},"tiered_pricing_minimum_quantity":null,"tiered_pricing_roles_data":[],"tiered_pricing_percentage_rules":[],"_links":{"self":[{"href":"https:\/\/puffvapestore.com\/pl\/wp-json\/wp\/v2\/product\/4398","targetHints":{"allow":["GET"]}}],"collection":[{"href":"https:\/\/puffvapestore.com\/pl\/wp-json\/wp\/v2\/product"}],"about":[{"href":"https:\/\/puffvapestore.com\/pl\/wp-json\/wp\/v2\/types\/product"}],"replies":[{"embeddable":true,"href":"https:\/\/puffvapestore.com\/pl\/wp-json\/wp\/v2\/comments?post=4398"}],"version-history":[{"count":11,"href":"https:\/\/puffvapestore.com\/pl\/wp-json\/wp\/v2\/product\/4398\/revisions"}],"predecessor-version":[{"id":10739,"href":"https:\/\/puffvapestore.com\/pl\/wp-json\/wp\/v2\/product\/4398\/revisions\/10739"}],"wp:featuredmedia":[{"embeddable":true,"href":"https:\/\/puffvapestore.com\/pl\/wp-json\/wp\/v2\/media\/4266"}],"wp:attachment":[{"href":"https:\/\/puffvapestore.com\/pl\/wp-json\/wp\/v2\/media?parent=4398"}],"wp:term":[{"taxonomy":"product_brand","embeddable":true,"href":"https:\/\/puffvapestore.com\/pl\/wp-json\/wp\/v2\/product_brand?post=4398"},{"taxonomy":"product_cat","embeddable":true,"href":"https:\/\/puffvapestore.com\/pl\/wp-json\/wp\/v2\/product_cat?post=4398"},{"taxonomy":"product_tag","embeddable":true,"href":"https:\/\/puffvapestore.com\/pl\/wp-json\/wp\/v2\/product_tag?post=4398"}],"curies":[{"name":"wp","href":"https:\/\/api.w.org\/{rel}","templated":true}]}}