{"id":4389,"date":"2025-07-04T11:15:25","date_gmt":"2025-07-04T11:15:25","guid":{"rendered":"https:\/\/puffvapestore.com\/?post_type=product&#038;p=4389"},"modified":"2026-01-19T10:35:08","modified_gmt":"2026-01-19T10:35:08","slug":"tornado-25000-puffs-lush-ice","status":"publish","type":"product","link":"https:\/\/puffvapestore.com\/pl\/product\/tornado-25000-puffow-bujnego-lodu\/","title":{"rendered":"RandM Tornado 25000 - Lush Ice"},"content":{"rendered":"<div data-elementor-type=\"wp-post\" data-elementor-id=\"4389\" class=\"elementor elementor-4389\">\n\t\t\t\t<div class=\"elementor-element elementor-element-08c26f9 e-flex e-con-boxed e-con e-parent\" data-id=\"08c26f9\" data-element_type=\"container\" data-e-type=\"container\">\n\t\t\t\t\t<div class=\"e-con-inner\">\n\t\t\t\t<div class=\"elementor-element elementor-element-a005a97 elementor-widget elementor-widget-text-editor\" data-id=\"a005a97\" data-element_type=\"widget\" data-e-type=\"widget\" data-widget_type=\"text-editor.default\">\n\t\t\t\t<div class=\"elementor-widget-container\">\n\t\t\t\t\t\t\t\t\t<p>Elektroniczne papierosy RandM Tornado 25000 Puffs Lush Ice \u0142\u0105cz\u0105 soczyst\u0105 s\u0142odycz arbuza ze \u015bwie\u017cym mi\u0119towym posmakiem, zapewniaj\u0105c orze\u017awiaj\u0105ce, pobudzaj\u0105ce i z\u0142o\u017cone doznania podczas palenia. Jego s\u0142odka, \u015bwie\u017ca r\u00f3wnowaga, d\u0142ugotrwa\u0142y smak i dwuwarstwowa moc sprawiaj\u0105, \u017ce jest to idealny wyb\u00f3r dla mi\u0142o\u015bnik\u00f3w owoc\u00f3w.<\/p><h2>G\u0142\u00f3wny aromat - arbuz:<\/h2><p>G\u0142\u00f3wnym aromatem Lush Ice jest aromat dojrza\u0142ego arbuza, z bogatym, soczystym uczuciem, jak ugryzienie \u015bwie\u017cego arbuza w gor\u0105cy letni dzie\u0144. Arbuz ma umiarkowan\u0105 s\u0142odycz, niezbyt wyra\u017an\u0105, i dodaje naturalnego owocowego aromatu.<\/p><p>\u015awie\u017cy, owocowy smak: Aromat arbuza jest orze\u017awiaj\u0105cy i niet\u0142usty, z lekkim smakiem i nut\u0105 naturalnej owocowej kwasowo\u015bci, kt\u00f3ra podkre\u015bla ca\u0142o\u015b\u0107. Ten owocowy smak jest szczeg\u00f3lnie wyra\u017any podczas inhalacji, natychmiast wype\u0142niaj\u0105c usta i zapewniaj\u0105c przyjemne owocowe doznania.<\/p><h2>\u015awie\u017cy, mi\u0119towy posmak:<\/h2><p>\u015awie\u017cy posmak: Bazuj\u0105c na s\u0142odyczy arbuza, Lush Ice zawiera nut\u0119 \u015bwie\u017cej mi\u0119ty. Mi\u0119ta nie jest przyt\u0142aczaj\u0105ca, ale ma odpowiedni\u0105 ilo\u015b\u0107 \u015bwie\u017co\u015bci, dodaj\u0105c orze\u017awiaj\u0105cy efekt \u00ablodowatej bryzy\u00bb do s\u0142odkiego arbuza.<\/p><p>\u015awie\u017ce wyko\u0144czenie: Mentol pozostawia orze\u017awiaj\u0105cy posmak, niczym letnia bryza, zapewniaj\u0105c d\u0142ugotrwa\u0142e uczucie ch\u0142odu. Ten orze\u017awiaj\u0105cy efekt jest szczeg\u00f3lnie odpowiedni do stosowania przez ca\u0142y dzie\u0144, zw\u0142aszcza w upalne dni. Zapewnia koj\u0105ce doznania.<\/p><h2>Subtelne r\u00f3\u017cnice w smaku:<\/h2><ul><li>Inhalacja: Na wej\u015bciu dominuje s\u0142odycz i soczysto\u015b\u0107 arbuza, z lekkim akcentem orze\u017awiaj\u0105cej owocowej kwaskowato\u015bci, kt\u00f3ra rozbudza kubki smakowe.<\/li><li>Wydech: Mentol stopniowo wy\u0142ania si\u0119, zapewniaj\u0105c \u015bwie\u017ce wyko\u0144czenie, zachowuj\u0105c posmak arbuza. Smak jest \u015bwie\u017cy bez utraty g\u0142\u0119bi.<\/li><li>Posmak: Lekka s\u0142odycz arbuza i \u015bwie\u017co\u015b\u0107 mentolu pozostaj\u0105 na podniebieniu, oferuj\u0105c niesko\u0144czon\u0105 intensywno\u015b\u0107, idealn\u0105 do ci\u0105g\u0142ego wdychania.<\/li><\/ul>\t\t\t\t\t\t\t\t<\/div>\n\t\t\t\t<\/div>\n\t\t\t\t\t<\/div>\n\t\t\t\t<\/div>\n\t\t<div class=\"elementor-element elementor-element-718b380 e-flex e-con-boxed e-con e-parent\" data-id=\"718b380\" data-element_type=\"container\" data-e-type=\"container\">\n\t\t\t\t\t<div class=\"e-con-inner\">\n\t\t\t\t<div class=\"elementor-element elementor-element-d2cc8fa elementor-widget elementor-widget-text-editor\" data-id=\"d2cc8fa\" data-element_type=\"widget\" data-e-type=\"widget\" data-widget_type=\"text-editor.default\">\n\t\t\t\t<div class=\"elementor-widget-container\">\n\t\t\t\t\t\t\t\t\t<h2>Specyfikacje RandM Tornado 25000 :<\/h2><p>Liczba zaci\u0105gni\u0119\u0107 : Do 25 000, idealny dla ci\u0119\u017ckich palaczy lub os\u00f3b poszukuj\u0105cych d\u0142ugotrwa\u0142ego u\u017cytkowania bez cz\u0119stej wymiany.<\/p><p>Bateria: Akumulator o pojemno\u015bci 700 mAh z funkcj\u0105 szybkiego \u0142adowania typu C.<\/p><p>E-liquid: Wst\u0119pnie nape\u0142niony 20 ml e-liquidu o st\u0119\u017ceniu soli nikotyny 2 % lub 5 %.<\/p><p>Technologia rezystorowa: rezystory o podw\u00f3jnych oczkach zapewniaj\u0105 bogaty, sp\u00f3jny smak i g\u0119st\u0105 par\u0119 przez ca\u0142y okres u\u017cytkowania.<\/p><p>Wy\u015bwietlacz: Wyposa\u017cony w ekran dotykowy TFT o wysokiej rozdzielczo\u015bci, wy\u015bwietla poziom na\u0142adowania baterii, pozosta\u0142y poziom e-liquidu i ustawienia mocy wyj\u015bciowej w czasie rzeczywistym.<\/p><p>Sterowanie dotykowe: Innowacyjny prze\u0142\u0105cznik dotykowy u\u0142atwia regulacj\u0119 mocy (podw\u00f3jne klikni\u0119cie, aby aktywowa\u0107, potr\u00f3jne klikni\u0119cie, aby zmieni\u0107 moc, poczw\u00f3rne klikni\u0119cie, aby prze\u0142\u0105czy\u0107 si\u0119 do trybu gry, pojedyncze klikni\u0119cie, aby rozpocz\u0105\u0107 gr\u0119).<\/p><p>Konstrukcja: kompaktowa i lekka, \u0142atwa do przenoszenia, elegancka i nowoczesna.<\/p><p>Regulowany przep\u0142yw powietrza: Mo\u017cliwo\u015b\u0107 dostosowania przep\u0142ywu pary do preferencji palacza.<\/p><h2>Cechy i zalety RandM Tornado 25000 :<\/h2><p>\u0141atwy w u\u017cyciu: Nie wymaga konserwacji, uzupe\u0142niania ani wymiany cz\u0119\u015bci; wystarczy otworzy\u0107 opakowanie i korzysta\u0107 z tego elektronicznego papierosa.<\/p><p>Smak: U\u017cytkownicy doceniaj\u0105 bogaty, sp\u00f3jny smak i kremow\u0105 par\u0119, wzmocnione przez podw\u00f3jne oczka.<\/p><p>Autonomia: Bateria o pojemno\u015bci 700 mAh w po\u0142\u0105czeniu z funkcj\u0105 szybkiego \u0142adowania pozwala na wielokrotne \u0142adowanie i u\u017cytkowanie, unikaj\u0105c marnowania e-liquidu z powodu roz\u0142adowanej baterii.<\/p><p>Przeno\u015bno\u015b\u0107: Lekka, kompaktowa konstrukcja u\u0142atwia przenoszenie urz\u0105dzenia.<\/p><p>Wbudowana funkcja mini-gier: Obs\u0142uguje ma\u0142e gry, takie jak mini-gry typu \"kliknij, aby zagra\u0107\", zapewniaj\u0105c wyj\u0105tkow\u0105 rozrywk\u0119, rzadko spotykan\u0105 w innych jednorazowych papierosach elektronicznych dost\u0119pnych na rynku.<\/p>\t\t\t\t\t\t\t\t<\/div>\n\t\t\t\t<\/div>\n\t\t\t\t\t<\/div>\n\t\t\t\t<\/div>\n\t\t\t\t<\/div>","protected":false},"excerpt":{"rendered":"<p>Les cigarettes \u00e9lectroniques RandM Tornado 25000\u200b Puffs\u200b Lush Ice associent la douceur juteuse de la past\u00e8que \u00e0 un arri\u00e8re-go\u00fbt de menthe fra\u00eeche, pour une exp\u00e9rience de fumage rafra\u00eechissante, vivifiante et complexe. Son \u00e9quilibre sucr\u00e9 et frais, sa saveur longue dur\u00e9e et sa r\u00e9sistance \u00e0 double couche en font le choix id\u00e9al pour les amateurs de [&hellip;]<\/p>\n","protected":false},"featured_media":4264,"comment_status":"open","ping_status":"closed","template":"","meta":{"site-sidebar-layout":"no-sidebar","site-content-layout":"page-builder","ast-site-content-layout":"normal-width-container","site-content-style":"default","site-sidebar-style":"default","ast-global-header-display":"","ast-banner-title-visibility":"","ast-main-header-display":"","ast-hfb-above-header-display":"","ast-hfb-below-header-display":"","ast-hfb-mobile-header-display":"","site-post-title":"disabled","ast-breadcrumbs-content":"","ast-featured-img":"disabled","footer-sml-layout":"","ast-disable-related-posts":"","theme-transparent-header-meta":"default","adv-header-id-meta":"","stick-header-meta":"default","header-above-stick-meta":"","header-main-stick-meta":"","header-below-stick-meta":"","astra-migrate-meta-layouts":"set","ast-page-background-enabled":"default","ast-page-background-meta":{"desktop":{"background-color":"","background-image":"","background-repeat":"repeat","background-position":"center center","background-size":"auto","background-attachment":"scroll","background-type":"","background-media":"","overlay-type":"","overlay-color":"","overlay-opacity":"","overlay-gradient":""},"tablet":{"background-color":"","background-image":"","background-repeat":"repeat","background-position":"center center","background-size":"auto","background-attachment":"scroll","background-type":"","background-media":"","overlay-type":"","overlay-color":"","overlay-opacity":"","overlay-gradient":""},"mobile":{"background-color":"","background-image":"","background-repeat":"repeat","background-position":"center center","background-size":"auto","background-attachment":"scroll","background-type":"","background-media":"","overlay-type":"","overlay-color":"","overlay-opacity":"","overlay-gradient":""}},"ast-content-background-meta":{"desktop":{"background-color":"var(--ast-global-color-5)","background-image":"","background-repeat":"repeat","background-position":"center center","background-size":"auto","background-attachment":"scroll","background-type":"","background-media":"","overlay-type":"","overlay-color":"","overlay-opacity":"","overlay-gradient":""},"tablet":{"background-color":"var(--ast-global-color-5)","background-image":"","background-repeat":"repeat","background-position":"center center","background-size":"auto","background-attachment":"scroll","background-type":"","background-media":"","overlay-type":"","overlay-color":"","overlay-opacity":"","overlay-gradient":""},"mobile":{"background-color":"var(--ast-global-color-5)","background-image":"","background-repeat":"repeat","background-position":"center center","background-size":"auto","background-attachment":"scroll","background-type":"","background-media":"","overlay-type":"","overlay-color":"","overlay-opacity":"","overlay-gradient":""}}},"product_brand":[42],"product_cat":[47,87,15],"product_tag":[],"class_list":{"0":"post-4389","1":"product","2":"type-product","3":"status-publish","4":"has-post-thumbnail","6":"product_brand-randm-tornado","7":"product_cat-randm-tornado-25000-allie-portabilite-et-personnalisation","8":"product_cat-puff-25k","9":"product_cat-magasin-cigarette-electronique","10":"desktop-align-center","11":"tablet-align-center","12":"mobile-align-center","13":"ast-product-gallery-layout-horizontal","14":"ast-product-gallery-with-no-image","15":"ast-product-single-variable","16":"ast-product-tabs-layout-horizontal","17":"ast-qv-on-image","19":"first","20":"instock","21":"sale","22":"shipping-taxable","23":"purchasable","24":"product-type-variable","25":"has-default-attributes"},"tiered_pricing_type":"fixed","tiered_pricing_fixed_rules":{"30":10.17,"60":9.22,"100":8.38,"200":8.08,"500":7.88,"1000":7.48},"tiered_pricing_product_settings":{"layout":"default","base_unit_name":{"singular":null,"plural":null},"default_variation":null},"tiered_pricing_minimum_quantity":null,"tiered_pricing_roles_data":[],"tiered_pricing_percentage_rules":[],"_links":{"self":[{"href":"https:\/\/puffvapestore.com\/pl\/wp-json\/wp\/v2\/product\/4389","targetHints":{"allow":["GET"]}}],"collection":[{"href":"https:\/\/puffvapestore.com\/pl\/wp-json\/wp\/v2\/product"}],"about":[{"href":"https:\/\/puffvapestore.com\/pl\/wp-json\/wp\/v2\/types\/product"}],"replies":[{"embeddable":true,"href":"https:\/\/puffvapestore.com\/pl\/wp-json\/wp\/v2\/comments?post=4389"}],"version-history":[{"count":7,"href":"https:\/\/puffvapestore.com\/pl\/wp-json\/wp\/v2\/product\/4389\/revisions"}],"predecessor-version":[{"id":10736,"href":"https:\/\/puffvapestore.com\/pl\/wp-json\/wp\/v2\/product\/4389\/revisions\/10736"}],"wp:featuredmedia":[{"embeddable":true,"href":"https:\/\/puffvapestore.com\/pl\/wp-json\/wp\/v2\/media\/4264"}],"wp:attachment":[{"href":"https:\/\/puffvapestore.com\/pl\/wp-json\/wp\/v2\/media?parent=4389"}],"wp:term":[{"taxonomy":"product_brand","embeddable":true,"href":"https:\/\/puffvapestore.com\/pl\/wp-json\/wp\/v2\/product_brand?post=4389"},{"taxonomy":"product_cat","embeddable":true,"href":"https:\/\/puffvapestore.com\/pl\/wp-json\/wp\/v2\/product_cat?post=4389"},{"taxonomy":"product_tag","embeddable":true,"href":"https:\/\/puffvapestore.com\/pl\/wp-json\/wp\/v2\/product_tag?post=4389"}],"curies":[{"name":"wp","href":"https:\/\/api.w.org\/{rel}","templated":true}]}}