{"id":4379,"date":"2025-07-04T08:00:18","date_gmt":"2025-07-04T08:00:18","guid":{"rendered":"https:\/\/puffvapestore.com\/?post_type=product&#038;p=4379"},"modified":"2026-01-19T10:35:08","modified_gmt":"2026-01-19T10:35:08","slug":"r-and-m-tornado-25000-strawberry-watermelon","status":"publish","type":"product","link":"https:\/\/puffvapestore.com\/pl\/product\/r-and-m-tornado-25000-truskawka-arbuz\/","title":{"rendered":"RandM Tornado 25000 - Arbuz truskawkowy"},"content":{"rendered":"<div data-elementor-type=\"wp-post\" data-elementor-id=\"4379\" class=\"elementor elementor-4379\">\n\t\t\t\t<div class=\"elementor-element elementor-element-08c26f9 e-flex e-con-boxed e-con e-parent\" data-id=\"08c26f9\" data-element_type=\"container\" data-e-type=\"container\">\n\t\t\t\t\t<div class=\"e-con-inner\">\n\t\t\t\t<div class=\"elementor-element elementor-element-a005a97 elementor-widget elementor-widget-text-editor\" data-id=\"a005a97\" data-element_type=\"widget\" data-e-type=\"widget\" data-widget_type=\"text-editor.default\">\n\t\t\t\t<div class=\"elementor-widget-container\">\n\t\t\t\t\t\t\t\t\t<p>R and M Tornado 25000 Strawberry Watermelon to popularny jednorazowy papieros elektroniczny. Jego truskawkowo-arbuzowy smak \u0142\u0105czy w sobie s\u0142odycz i \u015bwie\u017co\u015b\u0107 dw\u00f3ch klasycznych owoc\u00f3w.<\/p><h2>Charakterystyka smakowa<\/h2><p><strong>S\u0142odycz truskawek:<\/strong><br \/>Truskawka jest sercem tego smaku, zapewniaj\u0105c bogat\u0105, naturaln\u0105 s\u0142odycz, kt\u00f3ra na\u015bladuje aromat i smak dojrza\u0142ych truskawek. Podczas inhalacji truskawkowa s\u0142odycz najpierw uderza w kubki smakowe, oferuj\u0105c g\u0142adki, zaokr\u0105glony owocowy aromat, tworz\u0105c jasn\u0105 baz\u0119 dla ostatecznego smaku.<\/p><p><strong>\u015awie\u017cy i soczysty arbuz:<\/strong><br \/>Smak arbuza doskonale \u0142\u0105czy si\u0119 ze smakiem truskawki, nadaj\u0105c mu \u015bwie\u017cy, soczysty smak, jak ugryzienie lodowatego arbuza w gor\u0105cy letni dzie\u0144. Nieco mniej s\u0142odki ni\u017c truskawka, arbuz ujawnia wi\u0119cej naturalnej s\u0142odyczy i kremowo\u015bci owocu, r\u00f3wnowa\u017c\u0105c bogat\u0105 s\u0142odycz truskawki.<\/p><p><strong>Fuzja truskawki i arbuza :<\/strong><br \/>Wyj\u0105tkowo\u015b\u0107 tego smaku polega na harmonii truskawki i arbuza. Tworz\u0105 one idealn\u0105 r\u00f3wnowag\u0119 smakow\u0105: truskawka oferuje bogaty owocowy aromat i s\u0142odycz, podczas gdy arbuz dodaje orze\u017awiaj\u0105cej lekko\u015bci. Podczas wdechu dominuje truskawkowa s\u0142odycz, stopniowo wy\u0142aniaj\u0105ca si\u0119 wraz ze \u015bwie\u017co\u015bci\u0105 arbuza; podczas wydechu \u015bwie\u017co\u015b\u0107 arbuza jest bardziej wyra\u017ana, a truskawkowy posmak delikatnie odbija si\u0119 echem na podniebieniu, oferuj\u0105c satysfakcjonuj\u0105ce wyko\u0144czenie.<\/p><h2>Szczeg\u00f3\u0142owe do\u015bwiadczenie<\/h2><p><strong>Wdychanie\u00a0<\/strong>Przy pierwszym wdechu s\u0142odki, owocowy aromat truskawki atakuje kubki smakowe, zapewniaj\u0105c ciep\u0142e, znajome owocowe doznania, kt\u00f3rym towarzyszy lekki s\u0142odko-kwa\u015bny posmak. Nast\u0119pnie powoli wy\u0142ania si\u0119 \u015bwie\u017co\u015b\u0107 arbuza, dodaj\u0105c ca\u0142o\u015bci odrobin\u0119 wodnistej \u015bwie\u017co\u015bci.<\/p><p><strong>Wyga\u015bni\u0119cie\u00a0<\/strong>Na wydechu orze\u017awiaj\u0105ce cechy arbuza s\u0105 bardziej widoczne, zapewniaj\u0105c s\u0142odycz podobn\u0105 do soku, podczas gdy s\u0142odki posmak truskawki pozostaje na podniebieniu, tworz\u0105c przyjemny finisz.<\/p><p><strong>Posmak<\/strong>\u00a0Posmak jest \u015bwie\u017cy i nies\u0142odki. Aromaty truskawek i arbuza lekko utrzymuj\u0105 si\u0119 na podniebieniu, nie s\u0105 ani zbyt mocne, ani monotonne.<\/p>\t\t\t\t\t\t\t\t<\/div>\n\t\t\t\t<\/div>\n\t\t\t\t\t<\/div>\n\t\t\t\t<\/div>\n\t\t<div class=\"elementor-element elementor-element-718b380 e-flex e-con-boxed e-con e-parent\" data-id=\"718b380\" data-element_type=\"container\" data-e-type=\"container\">\n\t\t\t\t\t<div class=\"e-con-inner\">\n\t\t\t\t<div class=\"elementor-element elementor-element-d2cc8fa elementor-widget elementor-widget-text-editor\" data-id=\"d2cc8fa\" data-element_type=\"widget\" data-e-type=\"widget\" data-widget_type=\"text-editor.default\">\n\t\t\t\t<div class=\"elementor-widget-container\">\n\t\t\t\t\t\t\t\t\t<h2>Specyfikacje RandM Tornado 25000 :<\/h2><p>Liczba zaci\u0105gni\u0119\u0107 : Do 25 000, idealny dla ci\u0119\u017ckich palaczy lub os\u00f3b poszukuj\u0105cych d\u0142ugotrwa\u0142ego u\u017cytkowania bez cz\u0119stej wymiany.<\/p><p>Bateria: Akumulator o pojemno\u015bci 700 mAh z funkcj\u0105 szybkiego \u0142adowania typu C.<\/p><p>E-liquid: Wst\u0119pnie nape\u0142niony 20 ml e-liquidu o st\u0119\u017ceniu soli nikotyny 2 % lub 5 %.<\/p><p>Technologia rezystorowa: rezystory o podw\u00f3jnych oczkach zapewniaj\u0105 bogaty, sp\u00f3jny smak i g\u0119st\u0105 par\u0119 przez ca\u0142y okres u\u017cytkowania.<\/p><p>Wy\u015bwietlacz: Wyposa\u017cony w ekran dotykowy TFT o wysokiej rozdzielczo\u015bci, wy\u015bwietla poziom na\u0142adowania baterii, pozosta\u0142y poziom e-liquidu i ustawienia mocy wyj\u015bciowej w czasie rzeczywistym.<\/p><p>Sterowanie dotykowe: Innowacyjny prze\u0142\u0105cznik dotykowy u\u0142atwia regulacj\u0119 mocy (podw\u00f3jne klikni\u0119cie, aby aktywowa\u0107, potr\u00f3jne klikni\u0119cie, aby zmieni\u0107 moc, poczw\u00f3rne klikni\u0119cie, aby prze\u0142\u0105czy\u0107 si\u0119 do trybu gry, pojedyncze klikni\u0119cie, aby rozpocz\u0105\u0107 gr\u0119).<\/p><p>Konstrukcja: kompaktowa i lekka, \u0142atwa do przenoszenia, elegancka i nowoczesna.<\/p><p>Regulowany przep\u0142yw powietrza: Mo\u017cliwo\u015b\u0107 dostosowania przep\u0142ywu pary do preferencji palacza.<\/p><h2>Cechy i zalety RandM Tornado 25000 :<\/h2><p>\u0141atwy w u\u017cyciu: Nie wymaga konserwacji, uzupe\u0142niania ani wymiany cz\u0119\u015bci; wystarczy otworzy\u0107 opakowanie i korzysta\u0107 z tego elektronicznego papierosa.<\/p><p>Smak: U\u017cytkownicy doceniaj\u0105 bogaty, sp\u00f3jny smak i kremow\u0105 par\u0119, wzmocnione przez podw\u00f3jne oczka.<\/p><p>Autonomia: Bateria o pojemno\u015bci 700 mAh w po\u0142\u0105czeniu z funkcj\u0105 szybkiego \u0142adowania pozwala na wielokrotne \u0142adowanie i u\u017cytkowanie, unikaj\u0105c marnowania e-liquidu z powodu roz\u0142adowanej baterii.<\/p><p>Przeno\u015bno\u015b\u0107: Lekka, kompaktowa konstrukcja u\u0142atwia przenoszenie urz\u0105dzenia.<\/p><p>Wbudowana funkcja mini-gier: Obs\u0142uguje ma\u0142e gry, takie jak mini-gry typu \"kliknij, aby zagra\u0107\", zapewniaj\u0105c wyj\u0105tkow\u0105 rozrywk\u0119, rzadko spotykan\u0105 w innych jednorazowych papierosach elektronicznych dost\u0119pnych na rynku.<\/p>\t\t\t\t\t\t\t\t<\/div>\n\t\t\t\t<\/div>\n\t\t\t\t\t<\/div>\n\t\t\t\t<\/div>\n\t\t\t\t<\/div>","protected":false},"excerpt":{"rendered":"<p>R and M Tornado 25000 Fraise Past\u00e8que est une cigarette \u00e9lectronique jetable populaire. Son ar\u00f4me fraise past\u00e8que allie la douceur et la fra\u00eecheur de deux fruits classiques. Caract\u00e9ristiques gustatives La douceur et la douceur de la fraise\u00a0: La fraise est au c\u0153ur de cette saveur, apportant une douceur riche et naturelle, imitant l&rsquo;ar\u00f4me et le [&hellip;]<\/p>\n","protected":false},"featured_media":4280,"comment_status":"open","ping_status":"closed","template":"","meta":{"site-sidebar-layout":"no-sidebar","site-content-layout":"page-builder","ast-site-content-layout":"normal-width-container","site-content-style":"default","site-sidebar-style":"default","ast-global-header-display":"","ast-banner-title-visibility":"","ast-main-header-display":"","ast-hfb-above-header-display":"","ast-hfb-below-header-display":"","ast-hfb-mobile-header-display":"","site-post-title":"disabled","ast-breadcrumbs-content":"","ast-featured-img":"disabled","footer-sml-layout":"","ast-disable-related-posts":"","theme-transparent-header-meta":"default","adv-header-id-meta":"","stick-header-meta":"default","header-above-stick-meta":"","header-main-stick-meta":"","header-below-stick-meta":"","astra-migrate-meta-layouts":"set","ast-page-background-enabled":"default","ast-page-background-meta":{"desktop":{"background-color":"","background-image":"","background-repeat":"repeat","background-position":"center center","background-size":"auto","background-attachment":"scroll","background-type":"","background-media":"","overlay-type":"","overlay-color":"","overlay-opacity":"","overlay-gradient":""},"tablet":{"background-color":"","background-image":"","background-repeat":"repeat","background-position":"center center","background-size":"auto","background-attachment":"scroll","background-type":"","background-media":"","overlay-type":"","overlay-color":"","overlay-opacity":"","overlay-gradient":""},"mobile":{"background-color":"","background-image":"","background-repeat":"repeat","background-position":"center center","background-size":"auto","background-attachment":"scroll","background-type":"","background-media":"","overlay-type":"","overlay-color":"","overlay-opacity":"","overlay-gradient":""}},"ast-content-background-meta":{"desktop":{"background-color":"var(--ast-global-color-5)","background-image":"","background-repeat":"repeat","background-position":"center center","background-size":"auto","background-attachment":"scroll","background-type":"","background-media":"","overlay-type":"","overlay-color":"","overlay-opacity":"","overlay-gradient":""},"tablet":{"background-color":"var(--ast-global-color-5)","background-image":"","background-repeat":"repeat","background-position":"center center","background-size":"auto","background-attachment":"scroll","background-type":"","background-media":"","overlay-type":"","overlay-color":"","overlay-opacity":"","overlay-gradient":""},"mobile":{"background-color":"var(--ast-global-color-5)","background-image":"","background-repeat":"repeat","background-position":"center center","background-size":"auto","background-attachment":"scroll","background-type":"","background-media":"","overlay-type":"","overlay-color":"","overlay-opacity":"","overlay-gradient":""}}},"product_brand":[42],"product_cat":[47,87,15],"product_tag":[],"class_list":{"0":"post-4379","1":"product","2":"type-product","3":"status-publish","4":"has-post-thumbnail","6":"product_brand-randm-tornado","7":"product_cat-randm-tornado-25000-allie-portabilite-et-personnalisation","8":"product_cat-puff-25k","9":"product_cat-magasin-cigarette-electronique","10":"desktop-align-center","11":"tablet-align-center","12":"mobile-align-center","13":"ast-product-gallery-layout-horizontal","14":"ast-product-single-variable","15":"ast-product-tabs-layout-horizontal","16":"ast-qv-on-image","18":"first","19":"instock","20":"sale","21":"shipping-taxable","22":"purchasable","23":"product-type-variable","24":"has-default-attributes"},"tiered_pricing_type":"fixed","tiered_pricing_fixed_rules":{"30":10.17,"60":9.22,"100":8.38,"200":8.08,"500":7.88,"1000":7.48},"tiered_pricing_product_settings":{"layout":"default","base_unit_name":{"singular":null,"plural":null},"default_variation":null},"tiered_pricing_minimum_quantity":null,"tiered_pricing_roles_data":[],"tiered_pricing_percentage_rules":[],"_links":{"self":[{"href":"https:\/\/puffvapestore.com\/pl\/wp-json\/wp\/v2\/product\/4379","targetHints":{"allow":["GET"]}}],"collection":[{"href":"https:\/\/puffvapestore.com\/pl\/wp-json\/wp\/v2\/product"}],"about":[{"href":"https:\/\/puffvapestore.com\/pl\/wp-json\/wp\/v2\/types\/product"}],"replies":[{"embeddable":true,"href":"https:\/\/puffvapestore.com\/pl\/wp-json\/wp\/v2\/comments?post=4379"}],"version-history":[{"count":7,"href":"https:\/\/puffvapestore.com\/pl\/wp-json\/wp\/v2\/product\/4379\/revisions"}],"predecessor-version":[{"id":4388,"href":"https:\/\/puffvapestore.com\/pl\/wp-json\/wp\/v2\/product\/4379\/revisions\/4388"}],"wp:featuredmedia":[{"embeddable":true,"href":"https:\/\/puffvapestore.com\/pl\/wp-json\/wp\/v2\/media\/4280"}],"wp:attachment":[{"href":"https:\/\/puffvapestore.com\/pl\/wp-json\/wp\/v2\/media?parent=4379"}],"wp:term":[{"taxonomy":"product_brand","embeddable":true,"href":"https:\/\/puffvapestore.com\/pl\/wp-json\/wp\/v2\/product_brand?post=4379"},{"taxonomy":"product_cat","embeddable":true,"href":"https:\/\/puffvapestore.com\/pl\/wp-json\/wp\/v2\/product_cat?post=4379"},{"taxonomy":"product_tag","embeddable":true,"href":"https:\/\/puffvapestore.com\/pl\/wp-json\/wp\/v2\/product_tag?post=4379"}],"curies":[{"name":"wp","href":"https:\/\/api.w.org\/{rel}","templated":true}]}}