{"id":4370,"date":"2025-07-04T06:50:46","date_gmt":"2025-07-04T06:50:46","guid":{"rendered":"https:\/\/puffvapestore.com\/?post_type=product&#038;p=4370"},"modified":"2026-01-19T10:35:08","modified_gmt":"2026-01-19T10:35:08","slug":"puff-tornado-25000-blueberry-raspberry","status":"publish","type":"product","link":"https:\/\/puffvapestore.com\/pl\/product\/puff-tornado-25000-jagoda-malina\/","title":{"rendered":"RandM Tornado 25000 - Blueberry Raspberry"},"content":{"rendered":"<div data-elementor-type=\"wp-post\" data-elementor-id=\"4370\" class=\"elementor elementor-4370\">\n\t\t\t\t<div class=\"elementor-element elementor-element-08c26f9 e-flex e-con-boxed e-con e-parent\" data-id=\"08c26f9\" data-element_type=\"container\" data-e-type=\"container\">\n\t\t\t\t\t<div class=\"e-con-inner\">\n\t\t\t\t<div class=\"elementor-element elementor-element-a005a97 elementor-widget elementor-widget-text-editor\" data-id=\"a005a97\" data-element_type=\"widget\" data-e-type=\"widget\" data-widget_type=\"text-editor.default\">\n\t\t\t\t<div class=\"elementor-widget-container\">\n\t\t\t\t\t\t\t\t\t<p>Smak RandM Tornado 25000 Blueberry Raspberry jest z\u0142o\u017cony i zr\u00f3wnowa\u017cony, \u0142\u0105cz\u0105c unikalny smak jag\u00f3d i malin. Doznania s\u0105 s\u0142odko-gorzkie, bogate w niuanse.<\/p><h2>Charakterystyka smakowa<\/h2><p><strong>S\u0142odycz jag\u00f3d:<\/strong><br \/>Dominuje aromat jag\u00f3d, smak jest okr\u0105g\u0142y i pe\u0142ny, z naturalnymi owocowymi aromatami i nut\u0105 d\u017cemu, subtelnym s\u0142odkim aromatem przypominaj\u0105cym dojrza\u0142e jagody. Smak bor\u00f3wki jest g\u0142adki i g\u0119sty, z jedwabistym aromatem jag\u00f3d.<\/p><p><strong>\u015awie\u017ce, cierpkie maliny:<\/strong><br \/>Po s\u0142odyczy bor\u00f3wek stopniowo pojawia si\u0119 smak malin, wnosz\u0105c nut\u0119 \u017cywej kwasowo\u015bci i \u015bwie\u017cego owocowego aromatu. S\u0142odko-cierpkie nuty malin dodaj\u0105 odrobin\u0119 \u015bwie\u017co\u015bci, tak jakby\u015b delektowa\u0142 si\u0119 \u015bwie\u017co zebranymi malinami.<\/p><h3>Harmonijne do\u015bwiadczenie s\u0142odko-kwa\u015bnej r\u00f3wnowagi:<\/h3><ul><li>Og\u00f3lny smak: Smak Blueberry Raspberry opisywany jest jako \u00abowocowa harmonia\u00bb, w kt\u00f3rej s\u0142odycz jag\u00f3d uzupe\u0142nia kwaskowato\u015b\u0107 malin, tworz\u0105c g\u0142adki i orze\u017awiaj\u0105cy smak.<\/li><li>Elementy: Przy wdechu dominuje s\u0142odycz bor\u00f3wek, przynosz\u0105c s\u0142odycz; nast\u0119pnie stopniowo wy\u0142ania si\u0119 kwaskowato\u015b\u0107 malin, przynosz\u0105c witalno\u015b\u0107; przy wydechu smaki obu owoc\u00f3w stapiaj\u0105 si\u0119, pozostawiaj\u0105c orze\u017awiaj\u0105cy posmak.<\/li><li>Szczeg\u00f3\u0142y: R\u00f3wnowaga tego smaku pozwala na codzienn\u0105 konsumpcj\u0119, zaspokajaj\u0105c s\u0142odki apetyt bez uczucia md\u0142o\u015bci. Wsp\u00f3\u0142granie s\u0142odyczy i kwasowo\u015bci sprawia, \u017ce ka\u017cde zaci\u0105gni\u0119cie si\u0119 dymem jest pe\u0142ne \u015bwie\u017co\u015bci.<\/li><\/ul>\t\t\t\t\t\t\t\t<\/div>\n\t\t\t\t<\/div>\n\t\t\t\t\t<\/div>\n\t\t\t\t<\/div>\n\t\t<div class=\"elementor-element elementor-element-718b380 e-flex e-con-boxed e-con e-parent\" data-id=\"718b380\" data-element_type=\"container\" data-e-type=\"container\">\n\t\t\t\t\t<div class=\"e-con-inner\">\n\t\t\t\t<div class=\"elementor-element elementor-element-d2cc8fa elementor-widget elementor-widget-text-editor\" data-id=\"d2cc8fa\" data-element_type=\"widget\" data-e-type=\"widget\" data-widget_type=\"text-editor.default\">\n\t\t\t\t<div class=\"elementor-widget-container\">\n\t\t\t\t\t\t\t\t\t<h2>Specyfikacje RandM Tornado 25K Blueberry Raspberry:<\/h2><p>Liczba zaci\u0105gni\u0119\u0107 : Do 25 000, idealny dla ci\u0119\u017ckich palaczy lub os\u00f3b poszukuj\u0105cych d\u0142ugotrwa\u0142ego u\u017cytkowania bez cz\u0119stej wymiany.<\/p><p>Bateria: Akumulator o pojemno\u015bci 700 mAh z funkcj\u0105 szybkiego \u0142adowania typu C.<\/p><p>E-liquid: Wst\u0119pnie nape\u0142niony 20 ml e-liquidu o st\u0119\u017ceniu soli nikotyny 2 % lub 5 %.<\/p><p>Technologia rezystorowa: rezystory o podw\u00f3jnych oczkach zapewniaj\u0105 bogaty, sp\u00f3jny smak i g\u0119st\u0105 par\u0119 przez ca\u0142y okres u\u017cytkowania.<\/p><p>Wy\u015bwietlacz: Wyposa\u017cony w ekran dotykowy TFT o wysokiej rozdzielczo\u015bci, wy\u015bwietla poziom na\u0142adowania baterii, pozosta\u0142y poziom e-liquidu i ustawienia mocy wyj\u015bciowej w czasie rzeczywistym.<\/p><p>Sterowanie dotykowe: Innowacyjny prze\u0142\u0105cznik dotykowy u\u0142atwia regulacj\u0119 mocy (podw\u00f3jne klikni\u0119cie, aby aktywowa\u0107, potr\u00f3jne klikni\u0119cie, aby zmieni\u0107 moc, poczw\u00f3rne klikni\u0119cie, aby prze\u0142\u0105czy\u0107 si\u0119 do trybu gry, pojedyncze klikni\u0119cie, aby rozpocz\u0105\u0107 gr\u0119).<\/p><p>Konstrukcja: kompaktowa i lekka, \u0142atwa do przenoszenia, elegancka i nowoczesna.<\/p><p>Regulowany przep\u0142yw powietrza: Mo\u017cliwo\u015b\u0107 dostosowania przep\u0142ywu pary do preferencji palacza.<\/p><h2>Cechy i zalety RandM Tornado 25000 :<\/h2><p>\u0141atwy w u\u017cyciu: Nie wymaga konserwacji, uzupe\u0142niania ani wymiany cz\u0119\u015bci; wystarczy otworzy\u0107 opakowanie i korzysta\u0107 z tego elektronicznego papierosa.<\/p><p>Smak: U\u017cytkownicy doceniaj\u0105 bogaty, sp\u00f3jny smak i kremow\u0105 par\u0119, wzmocnione przez podw\u00f3jne oczka.<\/p><p>Autonomia: Bateria o pojemno\u015bci 700 mAh w po\u0142\u0105czeniu z funkcj\u0105 szybkiego \u0142adowania pozwala na wielokrotne \u0142adowanie i u\u017cytkowanie, unikaj\u0105c marnowania e-liquidu z powodu roz\u0142adowanej baterii.<\/p><p>Przeno\u015bno\u015b\u0107: Lekka, kompaktowa konstrukcja u\u0142atwia przenoszenie urz\u0105dzenia.<\/p><p>Wbudowana funkcja mini-gier: Obs\u0142uguje ma\u0142e gry, takie jak mini-gry typu \"kliknij, aby zagra\u0107\", zapewniaj\u0105c wyj\u0105tkow\u0105 rozrywk\u0119, rzadko spotykan\u0105 w innych jednorazowych papierosach elektronicznych dost\u0119pnych na rynku.<\/p>\t\t\t\t\t\t\t\t<\/div>\n\t\t\t\t<\/div>\n\t\t\t\t\t<\/div>\n\t\t\t\t<\/div>\n\t\t\t\t<\/div>","protected":false},"excerpt":{"rendered":"<p>Le go\u00fbt de la RandM Tornado 25000 Myrtille Framboise est complexe et \u00e9quilibr\u00e9, m\u00ealant l&rsquo;ar\u00f4me unique des myrtilles et des framboises. L&rsquo;exp\u00e9rience est aigre-douce, riche en nuances. Caract\u00e9ristiques gustatives La douceur des myrtilles\u00a0: L&rsquo;ar\u00f4me des myrtilles domine, le go\u00fbt est rond et ample, avec des ar\u00f4mes fruit\u00e9s naturels et une touche de confiture, un subtil [&hellip;]<\/p>\n","protected":false},"featured_media":4244,"comment_status":"open","ping_status":"closed","template":"","meta":{"site-sidebar-layout":"no-sidebar","site-content-layout":"page-builder","ast-site-content-layout":"normal-width-container","site-content-style":"default","site-sidebar-style":"default","ast-global-header-display":"","ast-banner-title-visibility":"","ast-main-header-display":"","ast-hfb-above-header-display":"","ast-hfb-below-header-display":"","ast-hfb-mobile-header-display":"","site-post-title":"disabled","ast-breadcrumbs-content":"","ast-featured-img":"disabled","footer-sml-layout":"","ast-disable-related-posts":"","theme-transparent-header-meta":"default","adv-header-id-meta":"","stick-header-meta":"default","header-above-stick-meta":"","header-main-stick-meta":"","header-below-stick-meta":"","astra-migrate-meta-layouts":"set","ast-page-background-enabled":"default","ast-page-background-meta":{"desktop":{"background-color":"","background-image":"","background-repeat":"repeat","background-position":"center center","background-size":"auto","background-attachment":"scroll","background-type":"","background-media":"","overlay-type":"","overlay-color":"","overlay-opacity":"","overlay-gradient":""},"tablet":{"background-color":"","background-image":"","background-repeat":"repeat","background-position":"center center","background-size":"auto","background-attachment":"scroll","background-type":"","background-media":"","overlay-type":"","overlay-color":"","overlay-opacity":"","overlay-gradient":""},"mobile":{"background-color":"","background-image":"","background-repeat":"repeat","background-position":"center center","background-size":"auto","background-attachment":"scroll","background-type":"","background-media":"","overlay-type":"","overlay-color":"","overlay-opacity":"","overlay-gradient":""}},"ast-content-background-meta":{"desktop":{"background-color":"var(--ast-global-color-5)","background-image":"","background-repeat":"repeat","background-position":"center center","background-size":"auto","background-attachment":"scroll","background-type":"","background-media":"","overlay-type":"","overlay-color":"","overlay-opacity":"","overlay-gradient":""},"tablet":{"background-color":"var(--ast-global-color-5)","background-image":"","background-repeat":"repeat","background-position":"center center","background-size":"auto","background-attachment":"scroll","background-type":"","background-media":"","overlay-type":"","overlay-color":"","overlay-opacity":"","overlay-gradient":""},"mobile":{"background-color":"var(--ast-global-color-5)","background-image":"","background-repeat":"repeat","background-position":"center center","background-size":"auto","background-attachment":"scroll","background-type":"","background-media":"","overlay-type":"","overlay-color":"","overlay-opacity":"","overlay-gradient":""}}},"product_brand":[42],"product_cat":[47,87,15],"product_tag":[],"class_list":{"0":"post-4370","1":"product","2":"type-product","3":"status-publish","4":"has-post-thumbnail","6":"product_brand-randm-tornado","7":"product_cat-randm-tornado-25000-allie-portabilite-et-personnalisation","8":"product_cat-puff-25k","9":"product_cat-magasin-cigarette-electronique","10":"desktop-align-center","11":"tablet-align-center","12":"mobile-align-center","13":"ast-product-gallery-layout-horizontal","14":"ast-product-single-variable","15":"ast-product-tabs-layout-horizontal","16":"ast-qv-on-image","18":"first","19":"instock","20":"sale","21":"shipping-taxable","22":"purchasable","23":"product-type-variable","24":"has-default-attributes"},"tiered_pricing_type":"fixed","tiered_pricing_fixed_rules":{"30":10.17,"60":9.22,"100":8.38,"200":8.08,"500":7.88,"1000":7.48},"tiered_pricing_product_settings":{"layout":"default","base_unit_name":{"singular":null,"plural":null},"default_variation":null},"tiered_pricing_minimum_quantity":null,"tiered_pricing_roles_data":[],"tiered_pricing_percentage_rules":[],"_links":{"self":[{"href":"https:\/\/puffvapestore.com\/pl\/wp-json\/wp\/v2\/product\/4370","targetHints":{"allow":["GET"]}}],"collection":[{"href":"https:\/\/puffvapestore.com\/pl\/wp-json\/wp\/v2\/product"}],"about":[{"href":"https:\/\/puffvapestore.com\/pl\/wp-json\/wp\/v2\/types\/product"}],"replies":[{"embeddable":true,"href":"https:\/\/puffvapestore.com\/pl\/wp-json\/wp\/v2\/comments?post=4370"}],"version-history":[{"count":7,"href":"https:\/\/puffvapestore.com\/pl\/wp-json\/wp\/v2\/product\/4370\/revisions"}],"predecessor-version":[{"id":10737,"href":"https:\/\/puffvapestore.com\/pl\/wp-json\/wp\/v2\/product\/4370\/revisions\/10737"}],"wp:featuredmedia":[{"embeddable":true,"href":"https:\/\/puffvapestore.com\/pl\/wp-json\/wp\/v2\/media\/4244"}],"wp:attachment":[{"href":"https:\/\/puffvapestore.com\/pl\/wp-json\/wp\/v2\/media?parent=4370"}],"wp:term":[{"taxonomy":"product_brand","embeddable":true,"href":"https:\/\/puffvapestore.com\/pl\/wp-json\/wp\/v2\/product_brand?post=4370"},{"taxonomy":"product_cat","embeddable":true,"href":"https:\/\/puffvapestore.com\/pl\/wp-json\/wp\/v2\/product_cat?post=4370"},{"taxonomy":"product_tag","embeddable":true,"href":"https:\/\/puffvapestore.com\/pl\/wp-json\/wp\/v2\/product_tag?post=4370"}],"curies":[{"name":"wp","href":"https:\/\/api.w.org\/{rel}","templated":true}]}}