{"id":4361,"date":"2025-07-05T11:42:09","date_gmt":"2025-07-05T11:42:09","guid":{"rendered":"https:\/\/puffvapestore.com\/?post_type=product&#038;p=4361"},"modified":"2026-01-19T10:35:08","modified_gmt":"2026-01-19T10:35:08","slug":"puff-randm-tornado-25000-cherry-cola","status":"publish","type":"product","link":"https:\/\/puffvapestore.com\/pl\/product\/puff-randm-tornado-25000-cherry-cola\/","title":{"rendered":"RandM Tornado 25000 - Cherry Cola"},"content":{"rendered":"<div data-elementor-type=\"wp-post\" data-elementor-id=\"4361\" class=\"elementor elementor-4361\">\n\t\t\t\t<div class=\"elementor-element elementor-element-08c26f9 e-flex e-con-boxed e-con e-parent\" data-id=\"08c26f9\" data-element_type=\"container\" data-e-type=\"container\">\n\t\t\t\t\t<div class=\"e-con-inner\">\n\t\t\t\t<div class=\"elementor-element elementor-element-a005a97 elementor-widget elementor-widget-text-editor\" data-id=\"a005a97\" data-element_type=\"widget\" data-e-type=\"widget\" data-widget_type=\"text-editor.default\">\n\t\t\t\t<div class=\"elementor-widget-container\">\n\t\t\t\t\t\t\t\t\t<p>Ten smak Cherry Cola jest idealny dla waper\u00f3w, kt\u00f3rzy lubi\u0105 owocowe, orze\u017awiaj\u0105ce po\u0142\u0105czenie, szczeg\u00f3lnie w upalne dni lub podczas relaksu. Przywo\u0142uje nostalgi\u0119 za klasyczn\u0105 Cherry Col\u0105, oferuj\u0105c jednocze\u015bnie zupe\u0142nie nowe doznania podczas waporyzacji. Przeno\u015bno\u015b\u0107 i d\u0142uga \u017cywotno\u015b\u0107 (25 000 zaci\u0105gni\u0119\u0107) sprawiaj\u0105, \u017ce jest to niezawodny wyb\u00f3r zar\u00f3wno do codziennego u\u017cytku, jak i w podr\u00f3\u017cy.<\/p><h3>Nuta g\u0142owy: s\u0142odka wi\u015bnia<\/h3><p>Gdy tylko we\u017amiesz wdech, pierwszym doznaniem b\u0119dzie bogaty aromat wi\u015bni. Ten wi\u015bniowy aromat nie jest sztuczn\u0105 s\u0142odycz\u0105, ale s\u0142odkim po\u0142\u0105czeniem \u015bwie\u017cych owoc\u00f3w i kandyzowanej wi\u015bni, z subteln\u0105 pikantn\u0105 owocow\u0105 nut\u0105, kt\u00f3ra wzmacnia wra\u017cenie realizmu i z\u0142o\u017cono\u015bci.<\/p><h3>Nuta serca: intensywny smak coli<\/h3><p>Owocowy aromat wi\u015bni naturalnie \u0142\u0105czy si\u0119 z typowym smakiem coli. Ten smak coli przynosi uczucie b\u0105belk\u00f3w, tak jakby\u015b do\u015bwiadcza\u0142 gwizdu napoj\u00f3w gazowanych podczas inhalacji. Nie jest zbyt mocny, pozostawia miejsce dla wi\u015bni i zachowuje og\u00f3ln\u0105 r\u00f3wnowag\u0119.<\/p><h3>Nuta bazy: \u015bwie\u017co\u015b\u0107 na podniebieniu i finiszu<\/h3><p>Wydech dymu zapewnia lekk\u0105 mi\u0119tow\u0105 \u015bwie\u017co\u015b\u0107. \u015awie\u017co\u015b\u0107 ta nie jest ostra, ale rozja\u015bnia og\u00f3lny smak, czyni\u0105c finisz bardziej orze\u017awiaj\u0105cym i czystym. R\u00f3wnowa\u017cy s\u0142odycz nut g\u00f3rnych i \u015brodkowych, unikaj\u0105c t\u0142ustego posmaku w ustach.<\/p><h3>Og\u00f3lne wra\u017cenie<\/h3><ul><li>Smak: s\u0142odko-kwa\u015bny, bogaty, ale nie t\u0142usty, orze\u017awiaj\u0105cy finisz.<\/li><li>S\u0142odycz: \u015brednio-wysoka (tendencja do owocowej s\u0142odyczy zamiast cukru prostego)<\/li><li>Rzeczywisto\u015b\u0107: wysoka, odwzorowanie smaku jest doskona\u0142e, jakby\u015b pi\u0142 mro\u017con\u0105 wi\u015bniow\u0105 col\u0119.<\/li><\/ul>\t\t\t\t\t\t\t\t<\/div>\n\t\t\t\t<\/div>\n\t\t\t\t\t<\/div>\n\t\t\t\t<\/div>\n\t\t<div class=\"elementor-element elementor-element-718b380 e-flex e-con-boxed e-con e-parent\" data-id=\"718b380\" data-element_type=\"container\" data-e-type=\"container\">\n\t\t\t\t\t<div class=\"e-con-inner\">\n\t\t\t\t<div class=\"elementor-element elementor-element-d2cc8fa elementor-widget elementor-widget-text-editor\" data-id=\"d2cc8fa\" data-element_type=\"widget\" data-e-type=\"widget\" data-widget_type=\"text-editor.default\">\n\t\t\t\t<div class=\"elementor-widget-container\">\n\t\t\t\t\t\t\t\t\t<h2>Specyfikacje RandM Tornado 25000 :<\/h2><p>Liczba zaci\u0105gni\u0119\u0107 : Do 25 000, idealny dla ci\u0119\u017ckich palaczy lub os\u00f3b poszukuj\u0105cych d\u0142ugotrwa\u0142ego u\u017cytkowania bez cz\u0119stej wymiany.<\/p><p>Bateria: Akumulator o pojemno\u015bci 700 mAh z funkcj\u0105 szybkiego \u0142adowania typu C.<\/p><p>E-liquid: Wst\u0119pnie nape\u0142niony 20 ml e-liquidu o st\u0119\u017ceniu soli nikotyny 2 % lub 5 %.<\/p><p>Technologia rezystorowa: rezystory o podw\u00f3jnych oczkach zapewniaj\u0105 bogaty, sp\u00f3jny smak i g\u0119st\u0105 par\u0119 przez ca\u0142y okres u\u017cytkowania.<\/p><p>Wy\u015bwietlacz: Wyposa\u017cony w ekran dotykowy TFT o wysokiej rozdzielczo\u015bci, wy\u015bwietla poziom na\u0142adowania baterii, pozosta\u0142y poziom e-liquidu i ustawienia mocy wyj\u015bciowej w czasie rzeczywistym.<\/p><p>Sterowanie dotykowe: Innowacyjny prze\u0142\u0105cznik dotykowy u\u0142atwia regulacj\u0119 mocy (podw\u00f3jne klikni\u0119cie, aby aktywowa\u0107, potr\u00f3jne klikni\u0119cie, aby zmieni\u0107 moc, poczw\u00f3rne klikni\u0119cie, aby prze\u0142\u0105czy\u0107 si\u0119 do trybu gry, pojedyncze klikni\u0119cie, aby rozpocz\u0105\u0107 gr\u0119).<\/p><p>Konstrukcja: kompaktowa i lekka, \u0142atwa do przenoszenia, elegancka i nowoczesna.<\/p><p>Regulowany przep\u0142yw powietrza: Mo\u017cliwo\u015b\u0107 dostosowania przep\u0142ywu pary do preferencji palacza.<\/p><h2>Cechy i zalety RandM Tornado 25000 :<\/h2><p>\u0141atwy w u\u017cyciu: Nie wymaga konserwacji, uzupe\u0142niania ani wymiany cz\u0119\u015bci; wystarczy otworzy\u0107 opakowanie i korzysta\u0107 z tego elektronicznego papierosa.<\/p><p>Smak: U\u017cytkownicy doceniaj\u0105 bogaty, sp\u00f3jny smak i kremow\u0105 par\u0119, wzmocnione przez podw\u00f3jne oczka.<\/p><p>Autonomia: Bateria o pojemno\u015bci 700 mAh w po\u0142\u0105czeniu z funkcj\u0105 szybkiego \u0142adowania pozwala na wielokrotne \u0142adowanie i u\u017cytkowanie, unikaj\u0105c marnowania e-liquidu z powodu roz\u0142adowanej baterii.<\/p><p>Przeno\u015bno\u015b\u0107: Lekka, kompaktowa konstrukcja u\u0142atwia przenoszenie urz\u0105dzenia.<\/p><p>Wbudowana funkcja mini-gier: Obs\u0142uguje ma\u0142e gry, takie jak mini-gry typu \"kliknij, aby zagra\u0107\", zapewniaj\u0105c wyj\u0105tkow\u0105 rozrywk\u0119, rzadko spotykan\u0105 w innych jednorazowych papierosach elektronicznych dost\u0119pnych na rynku.<\/p>\t\t\t\t\t\t\t\t<\/div>\n\t\t\t\t<\/div>\n\t\t\t\t\t<\/div>\n\t\t\t\t<\/div>\n\t\t\t\t<\/div>","protected":false},"excerpt":{"rendered":"<p>Cet ar\u00f4me Cherry Cola est id\u00e9al pour les vapoteurs qui appr\u00e9cient une combinaison fruit\u00e9e et rafra\u00eechissante, notamment par temps chaud ou pour les moments de d\u00e9tente. Il \u00e9voque la nostalgie du Cherry Cola classique tout en offrant une exp\u00e9rience de vapotage in\u00e9dite. Que ce soit pour une utilisation quotidienne ou \u00e0 emporter, sa portabilit\u00e9 et [&hellip;]<\/p>\n","protected":false},"featured_media":4248,"comment_status":"open","ping_status":"closed","template":"","meta":{"site-sidebar-layout":"no-sidebar","site-content-layout":"page-builder","ast-site-content-layout":"normal-width-container","site-content-style":"default","site-sidebar-style":"default","ast-global-header-display":"","ast-banner-title-visibility":"","ast-main-header-display":"","ast-hfb-above-header-display":"","ast-hfb-below-header-display":"","ast-hfb-mobile-header-display":"","site-post-title":"disabled","ast-breadcrumbs-content":"","ast-featured-img":"disabled","footer-sml-layout":"","ast-disable-related-posts":"","theme-transparent-header-meta":"default","adv-header-id-meta":"","stick-header-meta":"default","header-above-stick-meta":"","header-main-stick-meta":"","header-below-stick-meta":"","astra-migrate-meta-layouts":"set","ast-page-background-enabled":"default","ast-page-background-meta":{"desktop":{"background-color":"","background-image":"","background-repeat":"repeat","background-position":"center center","background-size":"auto","background-attachment":"scroll","background-type":"","background-media":"","overlay-type":"","overlay-color":"","overlay-opacity":"","overlay-gradient":""},"tablet":{"background-color":"","background-image":"","background-repeat":"repeat","background-position":"center center","background-size":"auto","background-attachment":"scroll","background-type":"","background-media":"","overlay-type":"","overlay-color":"","overlay-opacity":"","overlay-gradient":""},"mobile":{"background-color":"","background-image":"","background-repeat":"repeat","background-position":"center center","background-size":"auto","background-attachment":"scroll","background-type":"","background-media":"","overlay-type":"","overlay-color":"","overlay-opacity":"","overlay-gradient":""}},"ast-content-background-meta":{"desktop":{"background-color":"var(--ast-global-color-5)","background-image":"","background-repeat":"repeat","background-position":"center center","background-size":"auto","background-attachment":"scroll","background-type":"","background-media":"","overlay-type":"","overlay-color":"","overlay-opacity":"","overlay-gradient":""},"tablet":{"background-color":"var(--ast-global-color-5)","background-image":"","background-repeat":"repeat","background-position":"center center","background-size":"auto","background-attachment":"scroll","background-type":"","background-media":"","overlay-type":"","overlay-color":"","overlay-opacity":"","overlay-gradient":""},"mobile":{"background-color":"var(--ast-global-color-5)","background-image":"","background-repeat":"repeat","background-position":"center center","background-size":"auto","background-attachment":"scroll","background-type":"","background-media":"","overlay-type":"","overlay-color":"","overlay-opacity":"","overlay-gradient":""}}},"product_brand":[42],"product_cat":[47,87,15],"product_tag":[],"class_list":{"0":"post-4361","1":"product","2":"type-product","3":"status-publish","4":"has-post-thumbnail","6":"product_brand-randm-tornado","7":"product_cat-randm-tornado-25000-allie-portabilite-et-personnalisation","8":"product_cat-puff-25k","9":"product_cat-magasin-cigarette-electronique","10":"desktop-align-center","11":"tablet-align-center","12":"mobile-align-center","13":"ast-product-gallery-layout-horizontal","14":"ast-product-single-variable","15":"ast-product-tabs-layout-horizontal","16":"ast-qv-on-image","18":"first","19":"instock","20":"sale","21":"shipping-taxable","22":"purchasable","23":"product-type-variable","24":"has-default-attributes"},"tiered_pricing_type":"fixed","tiered_pricing_fixed_rules":{"30":10.17,"60":9.22,"100":8.38,"200":8.08,"500":7.88,"1000":7.48},"tiered_pricing_product_settings":{"layout":"default","base_unit_name":{"singular":null,"plural":null},"default_variation":null},"tiered_pricing_minimum_quantity":null,"tiered_pricing_roles_data":[],"tiered_pricing_percentage_rules":[],"_links":{"self":[{"href":"https:\/\/puffvapestore.com\/pl\/wp-json\/wp\/v2\/product\/4361","targetHints":{"allow":["GET"]}}],"collection":[{"href":"https:\/\/puffvapestore.com\/pl\/wp-json\/wp\/v2\/product"}],"about":[{"href":"https:\/\/puffvapestore.com\/pl\/wp-json\/wp\/v2\/types\/product"}],"replies":[{"embeddable":true,"href":"https:\/\/puffvapestore.com\/pl\/wp-json\/wp\/v2\/comments?post=4361"}],"version-history":[{"count":7,"href":"https:\/\/puffvapestore.com\/pl\/wp-json\/wp\/v2\/product\/4361\/revisions"}],"predecessor-version":[{"id":4753,"href":"https:\/\/puffvapestore.com\/pl\/wp-json\/wp\/v2\/product\/4361\/revisions\/4753"}],"wp:featuredmedia":[{"embeddable":true,"href":"https:\/\/puffvapestore.com\/pl\/wp-json\/wp\/v2\/media\/4248"}],"wp:attachment":[{"href":"https:\/\/puffvapestore.com\/pl\/wp-json\/wp\/v2\/media?parent=4361"}],"wp:term":[{"taxonomy":"product_brand","embeddable":true,"href":"https:\/\/puffvapestore.com\/pl\/wp-json\/wp\/v2\/product_brand?post=4361"},{"taxonomy":"product_cat","embeddable":true,"href":"https:\/\/puffvapestore.com\/pl\/wp-json\/wp\/v2\/product_cat?post=4361"},{"taxonomy":"product_tag","embeddable":true,"href":"https:\/\/puffvapestore.com\/pl\/wp-json\/wp\/v2\/product_tag?post=4361"}],"curies":[{"name":"wp","href":"https:\/\/api.w.org\/{rel}","templated":true}]}}