{"id":4229,"date":"2025-07-03T08:20:32","date_gmt":"2025-07-03T08:20:32","guid":{"rendered":"https:\/\/puffvapestore.com\/?post_type=product&#038;p=4229"},"modified":"2026-01-19T10:36:52","modified_gmt":"2026-01-19T10:36:52","slug":"puff-20000-taf-randm-tornado-20k-peach-berry","status":"publish","type":"product","link":"https:\/\/puffvapestore.com\/pl\/product\/puff-20000-taf-randm-tornado-20k-peach-berry\/","title":{"rendered":"RandM Tornado 20000 - Peach Berry"},"content":{"rendered":"<div data-elementor-type=\"wp-post\" data-elementor-id=\"4229\" class=\"elementor elementor-4229\">\n\t\t\t\t<div class=\"elementor-element elementor-element-08c26f9 e-flex e-con-boxed e-con e-parent\" data-id=\"08c26f9\" data-element_type=\"container\" data-e-type=\"container\">\n\t\t\t\t\t<div class=\"e-con-inner\">\n\t\t\t\t<div class=\"elementor-element elementor-element-a005a97 elementor-widget elementor-widget-text-editor\" data-id=\"a005a97\" data-element_type=\"widget\" data-e-type=\"widget\" data-widget_type=\"text-editor.default\">\n\t\t\t\t<div class=\"elementor-widget-container\">\n\t\t\t\t\t\t\t\t\t<p>Aromat Peach &amp; Berry jest idealny do codziennego u\u017cytku dzi\u0119ki s\u0142odkim, orze\u017awiaj\u0105cym nutom, szczeg\u00f3lnie latem lub w celu poprawy nastroju. Jego bogaty, owocowy smak, kt\u00f3ry nie jest dra\u017cni\u0105cy, jest idealny do ca\u0142odziennego palenia i zapewnia przyjemne doznania, zar\u00f3wno podczas relaksu, jak i spotka\u0144 towarzyskich. Podczas wdechu s\u0142odki, soczysty smak brzoskwini przywo\u0142uje na my\u015bl sad, a podczas wydechu \u015bwie\u017co\u015b\u0107 jag\u00f3d przywo\u0142uje \u015bwie\u017cy le\u015bny oddech.<\/p><h2>Charakterystyka smaku brzoskwiniowego :<\/h2><p>Gdy tylko otworzysz usta, poczujesz intensywn\u0105 s\u0142odycz dojrza\u0142ej \u017c\u00f3\u0142tej brzoskwini, niczym soczysty mi\u0105\u017csz \u015bwie\u017co pokrojonego owocu. S\u0142odki, ale nie t\u0142usty, ma naturalny owocowy aromat i g\u0142adk\u0105, lekko pektynow\u0105 konsystencj\u0119. Aromat brzoskwini utrzymuje si\u0119 przez d\u0142ugi czas, a posmak jest \u015bwie\u017cy i g\u0142adki, zapewniaj\u0105c zaokr\u0105glon\u0105 podstaw\u0119 og\u00f3lnego wra\u017cenia.<\/p><h2>Charakterystyka smakowa jag\u00f3d :<\/h2><p>Harmonia lekko cierpkich nut jag\u00f3d, malin i truskawek podkre\u015bla ca\u0142o\u015b\u0107. \u015awie\u017ca kwaskowato\u015b\u0107 jag\u00f3d jest wyczuwalna od pierwszego wdechu, a nast\u0119pnie staje si\u0119 s\u0142odka w sercu, pomagaj\u0105c pogodzi\u0107 s\u0142odycz brzoskwini.<\/p><h2>Charakterystyka smakowa :<\/h2><ul><li>S\u0142odka nuta g\u0142\u00f3wna, pikantna nuta drugorz\u0119dna: dominuje wyra\u017ana s\u0142odycz brzoskwini, podczas gdy kwaskowato\u015b\u0107 jag\u00f3d tworzy baz\u0119, tworz\u0105c uzupe\u0142niaj\u0105cy si\u0119 zapach.<\/li><li>Bogate, z\u0142o\u017cone podniebienie: g\u00f3rna nuta jest zdominowana przez brzoskwini\u0119, \u015brodkowa nuta to po\u0142\u0105czenie brzoskwini i jag\u00f3d, a nuta bazy to s\u0142odkie i cierpkie jagody.<\/li><li>Odpowiedni dla: os\u00f3b, kt\u00f3re lubi\u0105 owocowe, s\u0142odkie smaki, ale maj\u0105 nadziej\u0119, \u017ce smak nie jest zbyt monotonny.<\/li><\/ul>\t\t\t\t\t\t\t\t<\/div>\n\t\t\t\t<\/div>\n\t\t\t\t\t<\/div>\n\t\t\t\t<\/div>\n\t\t<div class=\"elementor-element elementor-element-718b380 e-flex e-con-boxed e-con e-parent\" data-id=\"718b380\" data-element_type=\"container\" data-e-type=\"container\">\n\t\t\t\t\t<div class=\"e-con-inner\">\n\t\t\t\t<div class=\"elementor-element elementor-element-d2cc8fa elementor-widget elementor-widget-text-editor\" data-id=\"d2cc8fa\" data-element_type=\"widget\" data-e-type=\"widget\" data-widget_type=\"text-editor.default\">\n\t\t\t\t<div class=\"elementor-widget-container\">\n\t\t\t\t\t\t\t\t\t<p><strong>Doskona\u0142a wydajno\u015b\u0107 dymu<\/strong><br \/>Model RandM Tornado 20000 na nowo definiuje jednorazowe papierosy elektroniczne dzi\u0119ki wyj\u0105tkowej pojemno\u015bci do 20 000 zaci\u0105gni\u0119\u0107. Zaprojektowany z my\u015bl\u0105 o d\u0142u\u017cszej \u017cywotno\u015bci ni\u017c konwencjonalne jednorazowe papierosy elektroniczne, jest idealny dla intensywnych vaper\u00f3w, os\u00f3b cz\u0119sto podr\u00f3\u017cuj\u0105cych i ka\u017cdego, kto szuka niezawodnego, d\u0142ugotrwa\u0142ego rozwi\u0105zania bez konieczno\u015bci cz\u0119stej wymiany elektronicznego papierosa.<\/p><p><strong>Wydajny akumulator<\/strong><br \/>Model Tornado 20000 jest wyposa\u017cony w pot\u0119\u017cny akumulator litowy o pojemno\u015bci 850 mAh, kt\u00f3ry zapewnia d\u0142ugotrwa\u0142e u\u017cytkowanie, nawet przy du\u017cym obci\u0105\u017ceniu. Kompatybilno\u015b\u0107 z szybkim \u0142adowaniem USB-C zapewnia szybkie, wydajne i stabilne \u0142adowanie, maksymalizuj\u0105c pojemno\u015b\u0107 e-liquidu przy jednoczesnym zminimalizowaniu przestoj\u00f3w.<\/p><p><strong>Du\u017cy zapas e-liquidu o pojemno\u015bci 20 ml<\/strong><br \/>Wst\u0119pnie nape\u0142niony 20 ml najwy\u017cszej jako\u015bci e-liquidu, dost\u0119pny w st\u0119\u017ceniach nikotyny 2 % (20 mg) i 5 % (50 mg), aby zaspokoi\u0107 potrzeby ka\u017cdego u\u017cytkownika. Wykonany z surowc\u00f3w spo\u017cywczych, kt\u00f3re spe\u0142niaj\u0105 mi\u0119dzynarodowe standardy bezpiecze\u0144stwa, ten e-liquid jest bogaty w smak, znacznie zwi\u0119kszaj\u0105c przyjemno\u015b\u0107 i satysfakcj\u0119 z inhalacji.<\/p><p><strong>Podw\u00f3jna siatka grzewcza + regulowany system ssania<\/strong><br \/>Wyposa\u017cony w technologi\u0119 rezystora o podw\u00f3jnych oczkach, znacznie poprawia r\u00f3wnomierno\u015b\u0107 ogrzewania i wydajno\u015b\u0107 atomizacji, zapewniaj\u0105c g\u0119stszy, g\u0142adszy smak, kt\u00f3ry jest bli\u017cszy prawdziwemu dymowi. Dzi\u0119ki regulowanemu systemowi zaci\u0105gania u\u017cytkownicy mog\u0105 swobodnie prze\u0142\u0105cza\u0107 si\u0119 mi\u0119dzy trybami pojedynczej cewki (niska moc) i podw\u00f3jnej cewki (wysoka moc), aby uzyska\u0107 spersonalizowane wra\u017cenia z zaci\u0105gania.<\/p><p><strong>Inteligentny wy\u015bwietlacz LED, czytelny na pierwszy rzut oka<\/strong><br \/>Wbudowany inteligentny wy\u015bwietlacz LED pokazuje moc i pozosta\u0142y poziom e-cieczy w czasie rzeczywistym. U\u017cytkownicy mog\u0105 wyra\u017anie zobaczy\u0107 stan urz\u0105dzenia, aby unikn\u0105\u0107 nag\u0142ych przerw w zasilaniu lub wyczerpania e-cieczy. Intuicyjna konstrukcja i \u0142atwo\u015b\u0107 obs\u0142ugi sprawiaj\u0105, \u017ce jest on odpowiedni dla wszystkich u\u017cytkownik\u00f3w, zw\u0142aszcza pocz\u0105tkuj\u0105cych.<\/p><p><strong>Znakomity, przeno\u015bny i elegancki<\/strong><br \/>Model Tornado 20000 \u0142\u0105czy w sobie praktyczn\u0105 funkcjonalno\u015b\u0107 i elegancj\u0119. Jego kompaktowa, lekka konstrukcja z \u0142atwo\u015bci\u0105 mie\u015bci si\u0119 w kieszeni lub torbie, dzi\u0119ki czemu jest idealnym towarzyszem codziennych dojazd\u00f3w do pracy, podr\u00f3\u017cy lub wieczor\u00f3w poza domem. Dost\u0119pny w wielu jasnych kolorach i stylowych wzorach, jest nie tylko stylowym elektronicznym papierosem, ale tak\u017ce niezb\u0119dnym dodatkiem modowym.<\/p><p><strong>Prawdziwa gotowo\u015b\u0107 do u\u017cycia zaraz po wyj\u0119ciu z pude\u0142ka<\/strong><br \/>Nie ma potrzeby dodawania e-cieczy, wymiany rdzeni atomizera ani czyszczenia urz\u0105dzenia. Model RandM Tornado 20000 jest bezobs\u0142ugowy i wykorzystuje automatyczny system aktywacji inhalacji. Jest szybki i \u0142atwy w u\u017cyciu od razu po wyj\u0119ciu z pude\u0142ka. Jest szczeg\u00f3lnie odpowiedni dla pocz\u0105tkuj\u0105cych, zapracowanych pracownik\u00f3w biurowych lub u\u017cytkownik\u00f3w, kt\u00f3rzy chc\u0105 uwolni\u0107 si\u0119 od ogranicze\u0144 tradycyjnych papieros\u00f3w.<\/p><p><strong>Wi\u0119cej informacji :<\/strong><\/p><ul><li>Szczelna konstrukcja: szczelna technologia z wieloma uszczelkami, koniec z wyciekami e-liquidu.<\/li><li>Automatyczne zarz\u0105dzanie oszcz\u0119dzaniem energii: automatyczny tryb gotowo\u015bci w przypadku braku aktywno\u015bci w celu wyd\u0142u\u017cenia \u017cywotno\u015bci baterii.<\/li><\/ul>\t\t\t\t\t\t\t\t<\/div>\n\t\t\t\t<\/div>\n\t\t\t\t\t<\/div>\n\t\t\t\t<\/div>\n\t\t\t\t<\/div>","protected":false},"excerpt":{"rendered":"<p>L&rsquo;ar\u00f4me P\u00eache et Baies est id\u00e9al pour un usage quotidien gr\u00e2ce \u00e0 ses notes sucr\u00e9es et rafra\u00eechissantes, notamment en \u00e9t\u00e9 ou pour se remonter le moral. Son ar\u00f4me riche et fruit\u00e9, sans \u00eatre irritant, est id\u00e9al pour fumer toute la journ\u00e9e et offre une exp\u00e9rience agr\u00e9able, que ce soit pour se d\u00e9tendre ou pour des [&hellip;]<\/p>\n","protected":false},"featured_media":8451,"comment_status":"open","ping_status":"closed","template":"","meta":{"site-sidebar-layout":"no-sidebar","site-content-layout":"page-builder","ast-site-content-layout":"normal-width-container","site-content-style":"default","site-sidebar-style":"default","ast-global-header-display":"","ast-banner-title-visibility":"","ast-main-header-display":"","ast-hfb-above-header-display":"","ast-hfb-below-header-display":"","ast-hfb-mobile-header-display":"","site-post-title":"disabled","ast-breadcrumbs-content":"","ast-featured-img":"disabled","footer-sml-layout":"","ast-disable-related-posts":"","theme-transparent-header-meta":"default","adv-header-id-meta":"","stick-header-meta":"default","header-above-stick-meta":"","header-main-stick-meta":"","header-below-stick-meta":"","astra-migrate-meta-layouts":"set","ast-page-background-enabled":"default","ast-page-background-meta":{"desktop":{"background-color":"","background-image":"","background-repeat":"repeat","background-position":"center center","background-size":"auto","background-attachment":"scroll","background-type":"","background-media":"","overlay-type":"","overlay-color":"","overlay-opacity":"","overlay-gradient":""},"tablet":{"background-color":"","background-image":"","background-repeat":"repeat","background-position":"center center","background-size":"auto","background-attachment":"scroll","background-type":"","background-media":"","overlay-type":"","overlay-color":"","overlay-opacity":"","overlay-gradient":""},"mobile":{"background-color":"","background-image":"","background-repeat":"repeat","background-position":"center center","background-size":"auto","background-attachment":"scroll","background-type":"","background-media":"","overlay-type":"","overlay-color":"","overlay-opacity":"","overlay-gradient":""}},"ast-content-background-meta":{"desktop":{"background-color":"var(--ast-global-color-5)","background-image":"","background-repeat":"repeat","background-position":"center center","background-size":"auto","background-attachment":"scroll","background-type":"","background-media":"","overlay-type":"","overlay-color":"","overlay-opacity":"","overlay-gradient":""},"tablet":{"background-color":"var(--ast-global-color-5)","background-image":"","background-repeat":"repeat","background-position":"center center","background-size":"auto","background-attachment":"scroll","background-type":"","background-media":"","overlay-type":"","overlay-color":"","overlay-opacity":"","overlay-gradient":""},"mobile":{"background-color":"var(--ast-global-color-5)","background-image":"","background-repeat":"repeat","background-position":"center center","background-size":"auto","background-attachment":"scroll","background-type":"","background-media":"","overlay-type":"","overlay-color":"","overlay-opacity":"","overlay-gradient":""}}},"product_brand":[42],"product_cat":[46,85,77,15],"product_tag":[],"class_list":{"0":"post-4229","1":"product","2":"type-product","3":"status-publish","4":"has-post-thumbnail","6":"product_brand-randm-tornado","7":"product_cat-randm-tornado-20000-performances-fiables","8":"product_cat-puff-20k","9":"product_cat-entrepot-de-lue","10":"product_cat-magasin-cigarette-electronique","11":"desktop-align-center","12":"tablet-align-center","13":"mobile-align-center","14":"ast-product-gallery-layout-horizontal","15":"ast-product-single-variable","16":"ast-product-tabs-layout-horizontal","17":"ast-qv-on-image","19":"first","20":"instock","21":"sale","22":"shipping-taxable","23":"purchasable","24":"product-type-variable","25":"has-default-attributes"},"tiered_pricing_type":"fixed","tiered_pricing_fixed_rules":{"30":10.37,"60":9.19,"100":7.85,"200":7.69,"500":7.19,"1000":7.09},"tiered_pricing_product_settings":{"layout":"default","base_unit_name":{"singular":null,"plural":null},"default_variation":null},"tiered_pricing_minimum_quantity":null,"tiered_pricing_roles_data":[],"tiered_pricing_percentage_rules":[],"_links":{"self":[{"href":"https:\/\/puffvapestore.com\/pl\/wp-json\/wp\/v2\/product\/4229","targetHints":{"allow":["GET"]}}],"collection":[{"href":"https:\/\/puffvapestore.com\/pl\/wp-json\/wp\/v2\/product"}],"about":[{"href":"https:\/\/puffvapestore.com\/pl\/wp-json\/wp\/v2\/types\/product"}],"replies":[{"embeddable":true,"href":"https:\/\/puffvapestore.com\/pl\/wp-json\/wp\/v2\/comments?post=4229"}],"version-history":[{"count":8,"href":"https:\/\/puffvapestore.com\/pl\/wp-json\/wp\/v2\/product\/4229\/revisions"}],"predecessor-version":[{"id":10323,"href":"https:\/\/puffvapestore.com\/pl\/wp-json\/wp\/v2\/product\/4229\/revisions\/10323"}],"wp:featuredmedia":[{"embeddable":true,"href":"https:\/\/puffvapestore.com\/pl\/wp-json\/wp\/v2\/media\/8451"}],"wp:attachment":[{"href":"https:\/\/puffvapestore.com\/pl\/wp-json\/wp\/v2\/media?parent=4229"}],"wp:term":[{"taxonomy":"product_brand","embeddable":true,"href":"https:\/\/puffvapestore.com\/pl\/wp-json\/wp\/v2\/product_brand?post=4229"},{"taxonomy":"product_cat","embeddable":true,"href":"https:\/\/puffvapestore.com\/pl\/wp-json\/wp\/v2\/product_cat?post=4229"},{"taxonomy":"product_tag","embeddable":true,"href":"https:\/\/puffvapestore.com\/pl\/wp-json\/wp\/v2\/product_tag?post=4229"}],"curies":[{"name":"wp","href":"https:\/\/api.w.org\/{rel}","templated":true}]}}