{"id":4220,"date":"2025-07-03T06:12:34","date_gmt":"2025-07-03T06:12:34","guid":{"rendered":"https:\/\/puffvapestore.com\/?post_type=product&#038;p=4220"},"modified":"2026-01-19T10:36:52","modified_gmt":"2026-01-19T10:36:52","slug":"puff-fumot-20000-lychee-hami-melon","status":"publish","type":"product","link":"https:\/\/puffvapestore.com\/pl\/product\/puff-fumot-20000-liczi-melon-hami\/","title":{"rendered":"RandM Tornado 20000 - Lychee Hami Melon"},"content":{"rendered":"<div data-elementor-type=\"wp-post\" data-elementor-id=\"4220\" class=\"elementor elementor-4220\">\n\t\t\t\t<div class=\"elementor-element elementor-element-08c26f9 e-flex e-con-boxed e-con e-parent\" data-id=\"08c26f9\" data-element_type=\"container\" data-e-type=\"container\">\n\t\t\t\t\t<div class=\"e-con-inner\">\n\t\t\t\t<div class=\"elementor-element elementor-element-a005a97 elementor-widget elementor-widget-text-editor\" data-id=\"a005a97\" data-element_type=\"widget\" data-e-type=\"widget\" data-widget_type=\"text-editor.default\">\n\t\t\t\t<div class=\"elementor-widget-container\">\n\t\t\t\t\t\t\t\t\t<p>Smak Melon Litchi Hami RandM Tornado 20000 to wyj\u0105tkowy papieros elektroniczny, kt\u00f3ry \u0142\u0105czy kwiatowy, s\u0142odki aromat litchi ze \u015bwie\u017co\u015bci\u0105 i soczysto\u015bci\u0105 kantalupa, oferuj\u0105c u\u017cytkownikom bogate i przyjemne wra\u017cenia z palenia.<\/p><ul><li><strong>S\u0142odki, kwiatowy aromat liczi:<\/strong><br \/>Smak liczi jest sercem tego aromatu, zapewniaj\u0105c s\u0142odki, niet\u0142usty kwiatowy smak. Podczas inhalacji aromat liczi najpierw uderza w nos, z lekkim s\u0142odko-kwa\u015bnym posmakiem, podobnym do \u015bwie\u017cego mi\u0105\u017cszu liczi. Ta kwiatowa nuta jest zar\u00f3wno elegancka, jak i bogata, oferuj\u0105c luksusowe doznania owoc\u00f3w tropikalnych.<\/li><li><strong>\u015awie\u017ca, soczysta kantalupa:<\/strong><br \/>Smak kantalupy nadaje ca\u0142o\u015bci orze\u017awiaj\u0105cy wymiar, charakteryzuj\u0105cy si\u0119 soczysto\u015bci\u0105 i subteln\u0105 miodow\u0105 s\u0142odycz\u0105. Aromat kantalupy stopniowo ujawnia si\u0119 na wydechu, przynosz\u0105c \u017cywy smak podobny do dojrza\u0142ych owoc\u00f3w, tak jakby\u015b pr\u00f3bowa\u0142 \u015bwie\u017co pokrojonej kantalupy.<\/li><li><strong>Posmak i trwa\u0142o\u015b\u0107:<\/strong><br \/>Posmak po inhalacji jest \u015bwie\u017cy, z lekkim kwiatowym aromatem liczi i niesko\u0144czon\u0105 s\u0142odycz\u0105 kantalupa. Posmak nie jest zbyt wyra\u017any, co pozwala na d\u0142u\u017csz\u0105 inhalacj\u0119 bez zm\u0119czenia smakiem.<\/li><\/ul>\t\t\t\t\t\t\t\t<\/div>\n\t\t\t\t<\/div>\n\t\t\t\t\t<\/div>\n\t\t\t\t<\/div>\n\t\t<div class=\"elementor-element elementor-element-718b380 e-flex e-con-boxed e-con e-parent\" data-id=\"718b380\" data-element_type=\"container\" data-e-type=\"container\">\n\t\t\t\t\t<div class=\"e-con-inner\">\n\t\t\t\t<div class=\"elementor-element elementor-element-d2cc8fa elementor-widget elementor-widget-text-editor\" data-id=\"d2cc8fa\" data-element_type=\"widget\" data-e-type=\"widget\" data-widget_type=\"text-editor.default\">\n\t\t\t\t<div class=\"elementor-widget-container\">\n\t\t\t\t\t\t\t\t\t<p><strong>Doskona\u0142a wydajno\u015b\u0107 dymu<\/strong><br \/>Model RandM Tornado 20000 Lychee Hami Melon na nowo definiuje jednorazowe papierosy elektroniczne dzi\u0119ki wyj\u0105tkowej pojemno\u015bci do 20 000 zaci\u0105gni\u0119\u0107. Zaprojektowany z my\u015bl\u0105 o d\u0142u\u017cszej \u017cywotno\u015bci ni\u017c konwencjonalne jednorazowe papierosy elektroniczne, jest idealny dla intensywnych vaper\u00f3w, os\u00f3b cz\u0119sto podr\u00f3\u017cuj\u0105cych i ka\u017cdego, kto szuka niezawodnego, d\u0142ugotrwa\u0142ego rozwi\u0105zania bez konieczno\u015bci cz\u0119stej wymiany elektronicznego papierosa.<\/p><p><strong>Wydajny akumulator<\/strong><br \/>Model Tornado 20000 jest wyposa\u017cony w pot\u0119\u017cny akumulator litowy o pojemno\u015bci 850 mAh, kt\u00f3ry zapewnia d\u0142ugotrwa\u0142e u\u017cytkowanie, nawet przy du\u017cym obci\u0105\u017ceniu. Kompatybilno\u015b\u0107 z szybkim \u0142adowaniem USB-C zapewnia szybkie, wydajne i stabilne \u0142adowanie, maksymalizuj\u0105c pojemno\u015b\u0107 e-liquidu przy jednoczesnym zminimalizowaniu przestoj\u00f3w.<\/p><p><strong>Du\u017cy zapas e-liquidu o pojemno\u015bci 20 ml<\/strong><br \/>Wst\u0119pnie nape\u0142niony 20 ml najwy\u017cszej jako\u015bci e-liquidu, dost\u0119pny w st\u0119\u017ceniach nikotyny 2 % (20 mg) i 5 % (50 mg), aby zaspokoi\u0107 potrzeby ka\u017cdego u\u017cytkownika. Wykonany z surowc\u00f3w spo\u017cywczych, kt\u00f3re spe\u0142niaj\u0105 mi\u0119dzynarodowe standardy bezpiecze\u0144stwa, ten e-liquid jest bogaty w smak, znacznie zwi\u0119kszaj\u0105c przyjemno\u015b\u0107 i satysfakcj\u0119 z inhalacji.<\/p><p><strong>Podw\u00f3jna siatka grzewcza + regulowany system ssania<\/strong><br \/>Wyposa\u017cony w technologi\u0119 rezystora o podw\u00f3jnych oczkach, znacznie poprawia r\u00f3wnomierno\u015b\u0107 ogrzewania i wydajno\u015b\u0107 atomizacji, zapewniaj\u0105c g\u0119stszy, g\u0142adszy smak, kt\u00f3ry jest bli\u017cszy prawdziwemu dymowi. Dzi\u0119ki regulowanemu systemowi zaci\u0105gania u\u017cytkownicy mog\u0105 swobodnie prze\u0142\u0105cza\u0107 si\u0119 mi\u0119dzy trybami pojedynczej cewki (niska moc) i podw\u00f3jnej cewki (wysoka moc), aby uzyska\u0107 spersonalizowane wra\u017cenia z zaci\u0105gania.<\/p><p><strong>Inteligentny wy\u015bwietlacz LED, czytelny na pierwszy rzut oka<\/strong><br \/>Wbudowany inteligentny wy\u015bwietlacz LED pokazuje moc i pozosta\u0142y poziom e-cieczy w czasie rzeczywistym. U\u017cytkownicy mog\u0105 wyra\u017anie zobaczy\u0107 stan urz\u0105dzenia, aby unikn\u0105\u0107 nag\u0142ych przerw w zasilaniu lub wyczerpania e-cieczy. Intuicyjna konstrukcja i \u0142atwo\u015b\u0107 obs\u0142ugi sprawiaj\u0105, \u017ce jest on odpowiedni dla wszystkich u\u017cytkownik\u00f3w, zw\u0142aszcza pocz\u0105tkuj\u0105cych.<\/p><p><strong>Znakomity, przeno\u015bny i elegancki<\/strong><br \/>Puff Tornado 20000 Lychee Hami Melon \u0142\u0105czy w sobie praktyczn\u0105 funkcjonalno\u015b\u0107 z elegancj\u0105. Jego kompaktowa, lekka konstrukcja z \u0142atwo\u015bci\u0105 mie\u015bci si\u0119 w kieszeni lub torbie, dzi\u0119ki czemu jest idealnym towarzyszem codziennych dojazd\u00f3w do pracy, podr\u00f3\u017cy lub wieczor\u00f3w poza domem. Dost\u0119pny w wielu jasnych kolorach i stylowych wzorach, jest nie tylko stylowym elektronicznym papierosem, ale tak\u017ce niezb\u0119dnym dodatkiem modowym.<\/p><p><strong>Prawdziwa gotowo\u015b\u0107 do u\u017cycia zaraz po wyj\u0119ciu z pude\u0142ka<\/strong><br \/>Nie ma potrzeby dodawania e-cieczy, wymiany rdzeni atomizera ani czyszczenia urz\u0105dzenia. Model RandM Tornado 20000 jest bezobs\u0142ugowy i wykorzystuje automatyczny system aktywacji inhalacji. Jest szybki i \u0142atwy w u\u017cyciu od razu po wyj\u0119ciu z pude\u0142ka. Jest szczeg\u00f3lnie odpowiedni dla pocz\u0105tkuj\u0105cych, zapracowanych pracownik\u00f3w biurowych lub u\u017cytkownik\u00f3w, kt\u00f3rzy chc\u0105 uwolni\u0107 si\u0119 od ogranicze\u0144 tradycyjnych papieros\u00f3w.<\/p><p><strong>Wi\u0119cej informacji :<\/strong><\/p><ul><li>Szczelna konstrukcja: szczelna technologia z wieloma uszczelkami, koniec z wyciekami e-liquidu.<\/li><li>Automatyczne zarz\u0105dzanie oszcz\u0119dzaniem energii: automatyczny tryb gotowo\u015bci w przypadku braku aktywno\u015bci w celu wyd\u0142u\u017cenia \u017cywotno\u015bci baterii.<\/li><\/ul>\t\t\t\t\t\t\t\t<\/div>\n\t\t\t\t<\/div>\n\t\t\t\t\t<\/div>\n\t\t\t\t<\/div>\n\t\t\t\t<\/div>","protected":false},"excerpt":{"rendered":"<p>La saveur Melon Litchi Hami de RandM Tornado 20000 est une cigarette \u00e9lectronique unique qui allie l&rsquo;ar\u00f4me floral et sucr\u00e9 du litchi \u00e0 la fra\u00eecheur et \u00e0 la jutosit\u00e9 du cantaloup, offrant aux utilisateurs une exp\u00e9rience de fumage riche et agr\u00e9able. Ar\u00f4me floral et sucr\u00e9 du litchi\u00a0: Le go\u00fbt du litchi est au c\u0153ur de [&hellip;]<\/p>\n","protected":false},"featured_media":8448,"comment_status":"open","ping_status":"closed","template":"","meta":{"site-sidebar-layout":"no-sidebar","site-content-layout":"page-builder","ast-site-content-layout":"normal-width-container","site-content-style":"default","site-sidebar-style":"default","ast-global-header-display":"","ast-banner-title-visibility":"","ast-main-header-display":"","ast-hfb-above-header-display":"","ast-hfb-below-header-display":"","ast-hfb-mobile-header-display":"","site-post-title":"disabled","ast-breadcrumbs-content":"","ast-featured-img":"disabled","footer-sml-layout":"","ast-disable-related-posts":"","theme-transparent-header-meta":"default","adv-header-id-meta":"","stick-header-meta":"default","header-above-stick-meta":"","header-main-stick-meta":"","header-below-stick-meta":"","astra-migrate-meta-layouts":"set","ast-page-background-enabled":"default","ast-page-background-meta":{"desktop":{"background-color":"","background-image":"","background-repeat":"repeat","background-position":"center center","background-size":"auto","background-attachment":"scroll","background-type":"","background-media":"","overlay-type":"","overlay-color":"","overlay-opacity":"","overlay-gradient":""},"tablet":{"background-color":"","background-image":"","background-repeat":"repeat","background-position":"center center","background-size":"auto","background-attachment":"scroll","background-type":"","background-media":"","overlay-type":"","overlay-color":"","overlay-opacity":"","overlay-gradient":""},"mobile":{"background-color":"","background-image":"","background-repeat":"repeat","background-position":"center center","background-size":"auto","background-attachment":"scroll","background-type":"","background-media":"","overlay-type":"","overlay-color":"","overlay-opacity":"","overlay-gradient":""}},"ast-content-background-meta":{"desktop":{"background-color":"var(--ast-global-color-5)","background-image":"","background-repeat":"repeat","background-position":"center center","background-size":"auto","background-attachment":"scroll","background-type":"","background-media":"","overlay-type":"","overlay-color":"","overlay-opacity":"","overlay-gradient":""},"tablet":{"background-color":"var(--ast-global-color-5)","background-image":"","background-repeat":"repeat","background-position":"center center","background-size":"auto","background-attachment":"scroll","background-type":"","background-media":"","overlay-type":"","overlay-color":"","overlay-opacity":"","overlay-gradient":""},"mobile":{"background-color":"var(--ast-global-color-5)","background-image":"","background-repeat":"repeat","background-position":"center center","background-size":"auto","background-attachment":"scroll","background-type":"","background-media":"","overlay-type":"","overlay-color":"","overlay-opacity":"","overlay-gradient":""}}},"product_brand":[42],"product_cat":[46,85,77,15],"product_tag":[],"class_list":{"0":"post-4220","1":"product","2":"type-product","3":"status-publish","4":"has-post-thumbnail","6":"product_brand-randm-tornado","7":"product_cat-randm-tornado-20000-performances-fiables","8":"product_cat-puff-20k","9":"product_cat-entrepot-de-lue","10":"product_cat-magasin-cigarette-electronique","11":"desktop-align-center","12":"tablet-align-center","13":"mobile-align-center","14":"ast-product-gallery-layout-horizontal","15":"ast-product-single-variable","16":"ast-product-tabs-layout-horizontal","17":"ast-qv-on-image","19":"first","20":"instock","21":"sale","22":"shipping-taxable","23":"purchasable","24":"product-type-variable","25":"has-default-attributes"},"tiered_pricing_type":"fixed","tiered_pricing_fixed_rules":{"30":10.37,"60":9.19,"100":7.85,"200":7.69,"500":7.19,"1000":7.09},"tiered_pricing_product_settings":{"layout":"default","base_unit_name":{"singular":null,"plural":null},"default_variation":null},"tiered_pricing_minimum_quantity":null,"tiered_pricing_roles_data":[],"tiered_pricing_percentage_rules":[],"_links":{"self":[{"href":"https:\/\/puffvapestore.com\/pl\/wp-json\/wp\/v2\/product\/4220","targetHints":{"allow":["GET"]}}],"collection":[{"href":"https:\/\/puffvapestore.com\/pl\/wp-json\/wp\/v2\/product"}],"about":[{"href":"https:\/\/puffvapestore.com\/pl\/wp-json\/wp\/v2\/types\/product"}],"replies":[{"embeddable":true,"href":"https:\/\/puffvapestore.com\/pl\/wp-json\/wp\/v2\/comments?post=4220"}],"version-history":[{"count":7,"href":"https:\/\/puffvapestore.com\/pl\/wp-json\/wp\/v2\/product\/4220\/revisions"}],"predecessor-version":[{"id":4288,"href":"https:\/\/puffvapestore.com\/pl\/wp-json\/wp\/v2\/product\/4220\/revisions\/4288"}],"wp:featuredmedia":[{"embeddable":true,"href":"https:\/\/puffvapestore.com\/pl\/wp-json\/wp\/v2\/media\/8448"}],"wp:attachment":[{"href":"https:\/\/puffvapestore.com\/pl\/wp-json\/wp\/v2\/media?parent=4220"}],"wp:term":[{"taxonomy":"product_brand","embeddable":true,"href":"https:\/\/puffvapestore.com\/pl\/wp-json\/wp\/v2\/product_brand?post=4220"},{"taxonomy":"product_cat","embeddable":true,"href":"https:\/\/puffvapestore.com\/pl\/wp-json\/wp\/v2\/product_cat?post=4220"},{"taxonomy":"product_tag","embeddable":true,"href":"https:\/\/puffvapestore.com\/pl\/wp-json\/wp\/v2\/product_tag?post=4220"}],"curies":[{"name":"wp","href":"https:\/\/api.w.org\/{rel}","templated":true}]}}