{"id":4171,"date":"2025-07-02T07:46:25","date_gmt":"2025-07-02T07:46:25","guid":{"rendered":"https:\/\/puffvapestore.com\/?post_type=product&#038;p=4171"},"modified":"2026-01-19T10:36:52","modified_gmt":"2026-01-19T10:36:52","slug":"fumot-tornado-20000-cherry-berry","status":"publish","type":"product","link":"https:\/\/puffvapestore.com\/pl\/product\/fumot-tornado-20000-jagoda-wisniowa\/","title":{"rendered":"RandM Tornado 20000 - Cherry Berry"},"content":{"rendered":"<div data-elementor-type=\"wp-post\" data-elementor-id=\"4171\" class=\"elementor elementor-4171\">\n\t\t\t\t<div class=\"elementor-element elementor-element-08c26f9 e-flex e-con-boxed e-con e-parent\" data-id=\"08c26f9\" data-element_type=\"container\" data-e-type=\"container\">\n\t\t\t\t\t<div class=\"e-con-inner\">\n\t\t\t\t<div class=\"elementor-element elementor-element-a005a97 elementor-widget elementor-widget-text-editor\" data-id=\"a005a97\" data-element_type=\"widget\" data-e-type=\"widget\" data-widget_type=\"text-editor.default\">\n\t\t\t\t<div class=\"elementor-widget-container\">\n\t\t\t\t\t\t\t\t\t<p>Wi\u015bniowo-jagodowy aromat papierosa RandM Fumot Tornado 20000 nadaje niepowtarzalny owocowy smak. Dzi\u0119ki doskona\u0142ej wydajno\u015bci i stylowemu wzornictwu, ten elektroniczny papieros \u0142\u0105czy w sobie elegancj\u0119 i swobod\u0119 paryskich ulic, co czyni go niezb\u0119dnym podczas zwiedzania miasta.<\/p><p>Aromat wi\u015bni i jag\u00f3d \u0142\u0105czy s\u0142odycz wi\u015bni ze \u015bwie\u017co\u015bci\u0105 jag\u00f3d. Ka\u017cde zaci\u0105gni\u0119cie si\u0119 dymem przypomina smakowanie \u015bwie\u017cych owoc\u00f3w zebranych z sad\u00f3w francuskiej wsi. Intensywna s\u0142odycz wi\u015bni jest odurzaj\u0105ca jak pierwsza mi\u0142o\u015b\u0107, a lekko cierpkie jagody dodaj\u0105 odrobiny \u015bwie\u017co\u015bci, podobnie jak komfort owocowego smoothie na tarasie paryskiej kawiarni. Wyobra\u017a sobie, \u017ce spacerujesz ulicami Pary\u017ca, uko\u0142ysany bryz\u0105 wiej\u0105c\u0105 w\u015br\u00f3d platan\u00f3w na Polach Elizejskich. Z elektronicznym papierosem w d\u0142oni zaci\u0105gasz si\u0119 lekkim dymem. Owocowy aromat wi\u015bni rozkwita na czubku j\u0119zyka, a utrzymuj\u0105ce si\u0119 opary pary mieszaj\u0105 si\u0119 z romantyczn\u0105 atmosfer\u0105 wok\u00f3\u0142 ciebie, natychmiast zanurzaj\u0105c ci\u0119 w elegancji i wolno\u015bci Francji.<\/p>\t\t\t\t\t\t\t\t<\/div>\n\t\t\t\t<\/div>\n\t\t\t\t\t<\/div>\n\t\t\t\t<\/div>\n\t\t<div class=\"elementor-element elementor-element-718b380 e-flex e-con-boxed e-con e-parent\" data-id=\"718b380\" data-element_type=\"container\" data-e-type=\"container\">\n\t\t\t\t\t<div class=\"e-con-inner\">\n\t\t\t\t<div class=\"elementor-element elementor-element-d2cc8fa elementor-widget elementor-widget-text-editor\" data-id=\"d2cc8fa\" data-element_type=\"widget\" data-e-type=\"widget\" data-widget_type=\"text-editor.default\">\n\t\t\t\t<div class=\"elementor-widget-container\">\n\t\t\t\t\t\t\t\t\t<h2>20 000 zaci\u0105gni\u0119\u0107 przy d\u0142ugotrwa\u0142ym u\u017cytkowaniu<\/h2><p>Model RandM Tornado 20000 Cherry Berry jest wst\u0119pnie ustawiony na 20 000 u\u017cy\u0107, czyli znacznie wi\u0119cej ni\u017c konwencjonalne jednorazowe papierosy elektroniczne. Zaspokaja potrzeb\u0119 d\u0142ugotrwa\u0142ego u\u017cytkowania bez konieczno\u015bci cz\u0119stej wymiany urz\u0105dzenia, dzi\u0119ki czemu jest szczeg\u00f3lnie odpowiedni dla intensywnych u\u017cytkownik\u00f3w lub d\u0142ugich podr\u00f3\u017cy.<\/p><h2>D\u0142uga \u017cywotno\u015b\u0107 baterii i wygodne \u0142adowanie<\/h2><p>Wbudowany akumulator litowy o du\u017cej pojemno\u015bci 850 mAh, kompatybilny z szybkim \u0142adowaniem USB-C, zapewnia bardziej wydajne i stabilne \u0142adowanie. Zapewnia wyd\u0142u\u017con\u0105 autonomi\u0119 nawet podczas intensywnego u\u017cytkowania, dzi\u0119ki czemu mo\u017cna w pe\u0142ni wykorzysta\u0107 znajduj\u0105cy si\u0119 w \u015brodku e-liquid.<\/p><h2>Du\u017ca rezerwa e-cieczy<\/h2><p>Model RandM Tornado 20000 Cherry Berry jest fabrycznie wyposa\u017cony w 20 ml wysokiej jako\u015bci e-liquidu, oferuj\u0105cego st\u0119\u017cenie nikotyny 2 % lub 5 %, aby zaspokoi\u0107 gusta i potrzeby ka\u017cdego u\u017cytkownika. Wysokiej jako\u015bci formu\u0142a e-liquidu zapewnia czysty, bogaty smak przy ka\u017cdym zaci\u0105gni\u0119ciu, zapewniaj\u0105c p\u0142ynne i satysfakcjonuj\u0105ce wra\u017cenia z palenia.<\/p><h2>Podw\u00f3jny op\u00f3r siatki i regulowany przep\u0142yw powietrza<\/h2><p>Zastosowanie zaawansowanej technologii podw\u00f3jnego oporu siatki znacznie poprawia wydajno\u015b\u0107 ogrzewania i g\u0119sto\u015b\u0107 dymu, zapewniaj\u0105c g\u0142adszy i bardziej intensywny smak. Dzi\u0119ki wbudowanemu regulowanemu systemowi oporu, u\u017cytkownicy mog\u0105 prze\u0142\u0105cza\u0107 si\u0119 mi\u0119dzy trybami pojedynczego i podw\u00f3jnego oporu zgodnie z w\u0142asnymi preferencjami i swobodnie regulowa\u0107 mi\u0119dzy lekkim i silnym ssaniem. Op\u00f3r mo\u017cna \u0142atwo zmieni\u0107 na ekranie dotykowym.<\/p><h2>Inteligentny wy\u015bwietlacz LED<\/h2><p>Model RandM Tornado 20000 jest wyposa\u017cony w inteligentny wy\u015bwietlacz LED, kt\u00f3ry pokazuje poziom na\u0142adowania baterii i pozosta\u0142y poziom e-cieczy w czasie rzeczywistym. Oznacza to, \u017ce mo\u017cesz monitorowa\u0107 stan swojego urz\u0105dzenia przez ca\u0142y czas, unikaj\u0105c awarii zasilania lub wyczerpania e-liquidu. Intuicyjna konstrukcja sprawia, \u017ce urz\u0105dzenie jest \u0142atwe w obs\u0142udze nawet dla pocz\u0105tkuj\u0105cych u\u017cytkownik\u00f3w.<\/p><h2>Nowoczesna, przeno\u015bna konstrukcja<\/h2><p>Elegancki, nowoczesny design i lekkie, \u0142atwe do przenoszenia etui z \u0142atwo\u015bci\u0105 mieszcz\u0105 si\u0119 w kieszeni lub torbie, dzi\u0119ki czemu idealnie nadaj\u0105 si\u0119 do codziennego u\u017cytku, podr\u00f3\u017cy lub wieczornych wyj\u015b\u0107. Bogata kolorystyka i elegancki design podkre\u015blaj\u0105 jego wyj\u0105tkowy styl.<\/p><h2>Gotowy do u\u017cycia zaraz po wyj\u0119ciu z pude\u0142ka, nie wymaga konserwacji<\/h2><p>Nie trzeba dodawa\u0107 e-cieczy, wymienia\u0107 rdzenia atomizera ani go czy\u015bci\u0107; nie wymaga konserwacji. Jest gotowy do u\u017cycia od razu po wyj\u0119ciu z pude\u0142ka, a jego automatyczna aktywacja zaci\u0105gni\u0119cia upraszcza i przyspiesza proces, dzi\u0119ki czemu jest idealny dla pocz\u0105tkuj\u0105cych lub u\u017cytkownik\u00f3w szukaj\u0105cych alternatywy dla tradycyjnych papieros\u00f3w.<\/p>\t\t\t\t\t\t\t\t<\/div>\n\t\t\t\t<\/div>\n\t\t\t\t\t<\/div>\n\t\t\t\t<\/div>\n\t\t\t\t<\/div>","protected":false},"excerpt":{"rendered":"<p>La saveur cerise et baies de la RandM Fumot Tornado 20000 ajoute une saveur fruit\u00e9e unique \u00e0 votre exp\u00e9rience. Avec ses excellentes performances et son design \u00e9l\u00e9gant, cette cigarette \u00e9lectronique int\u00e8gre l&rsquo;\u00e9l\u00e9gance et la libert\u00e9 des rues parisiennes, ce qui en fait un incontournable pour explorer la ville. La saveur cerise et baies allie la [&hellip;]<\/p>\n","protected":false},"featured_media":8440,"comment_status":"open","ping_status":"closed","template":"","meta":{"site-sidebar-layout":"no-sidebar","site-content-layout":"page-builder","ast-site-content-layout":"normal-width-container","site-content-style":"default","site-sidebar-style":"default","ast-global-header-display":"","ast-banner-title-visibility":"","ast-main-header-display":"","ast-hfb-above-header-display":"","ast-hfb-below-header-display":"","ast-hfb-mobile-header-display":"","site-post-title":"disabled","ast-breadcrumbs-content":"","ast-featured-img":"disabled","footer-sml-layout":"","ast-disable-related-posts":"","theme-transparent-header-meta":"default","adv-header-id-meta":"","stick-header-meta":"default","header-above-stick-meta":"","header-main-stick-meta":"","header-below-stick-meta":"","astra-migrate-meta-layouts":"set","ast-page-background-enabled":"default","ast-page-background-meta":{"desktop":{"background-color":"","background-image":"","background-repeat":"repeat","background-position":"center center","background-size":"auto","background-attachment":"scroll","background-type":"","background-media":"","overlay-type":"","overlay-color":"","overlay-opacity":"","overlay-gradient":""},"tablet":{"background-color":"","background-image":"","background-repeat":"repeat","background-position":"center center","background-size":"auto","background-attachment":"scroll","background-type":"","background-media":"","overlay-type":"","overlay-color":"","overlay-opacity":"","overlay-gradient":""},"mobile":{"background-color":"","background-image":"","background-repeat":"repeat","background-position":"center center","background-size":"auto","background-attachment":"scroll","background-type":"","background-media":"","overlay-type":"","overlay-color":"","overlay-opacity":"","overlay-gradient":""}},"ast-content-background-meta":{"desktop":{"background-color":"var(--ast-global-color-5)","background-image":"","background-repeat":"repeat","background-position":"center center","background-size":"auto","background-attachment":"scroll","background-type":"","background-media":"","overlay-type":"","overlay-color":"","overlay-opacity":"","overlay-gradient":""},"tablet":{"background-color":"var(--ast-global-color-5)","background-image":"","background-repeat":"repeat","background-position":"center center","background-size":"auto","background-attachment":"scroll","background-type":"","background-media":"","overlay-type":"","overlay-color":"","overlay-opacity":"","overlay-gradient":""},"mobile":{"background-color":"var(--ast-global-color-5)","background-image":"","background-repeat":"repeat","background-position":"center center","background-size":"auto","background-attachment":"scroll","background-type":"","background-media":"","overlay-type":"","overlay-color":"","overlay-opacity":"","overlay-gradient":""}}},"product_brand":[42],"product_cat":[46,85,77,15],"product_tag":[],"class_list":{"0":"post-4171","1":"product","2":"type-product","3":"status-publish","4":"has-post-thumbnail","6":"product_brand-randm-tornado","7":"product_cat-randm-tornado-20000-performances-fiables","8":"product_cat-puff-20k","9":"product_cat-entrepot-de-lue","10":"product_cat-magasin-cigarette-electronique","11":"desktop-align-center","12":"tablet-align-center","13":"mobile-align-center","14":"ast-product-gallery-layout-horizontal","15":"ast-product-single-variable","16":"ast-product-tabs-layout-horizontal","17":"ast-qv-on-image","19":"first","20":"instock","21":"sale","22":"shipping-taxable","23":"purchasable","24":"product-type-variable","25":"has-default-attributes"},"tiered_pricing_type":"fixed","tiered_pricing_fixed_rules":{"30":10.37,"60":9.19,"100":7.85,"200":7.69,"500":7.19,"1000":7.09},"tiered_pricing_product_settings":{"layout":"default","base_unit_name":{"singular":null,"plural":null},"default_variation":null},"tiered_pricing_minimum_quantity":null,"tiered_pricing_roles_data":[],"tiered_pricing_percentage_rules":[],"_links":{"self":[{"href":"https:\/\/puffvapestore.com\/pl\/wp-json\/wp\/v2\/product\/4171","targetHints":{"allow":["GET"]}}],"collection":[{"href":"https:\/\/puffvapestore.com\/pl\/wp-json\/wp\/v2\/product"}],"about":[{"href":"https:\/\/puffvapestore.com\/pl\/wp-json\/wp\/v2\/types\/product"}],"replies":[{"embeddable":true,"href":"https:\/\/puffvapestore.com\/pl\/wp-json\/wp\/v2\/comments?post=4171"}],"version-history":[{"count":8,"href":"https:\/\/puffvapestore.com\/pl\/wp-json\/wp\/v2\/product\/4171\/revisions"}],"predecessor-version":[{"id":10322,"href":"https:\/\/puffvapestore.com\/pl\/wp-json\/wp\/v2\/product\/4171\/revisions\/10322"}],"wp:featuredmedia":[{"embeddable":true,"href":"https:\/\/puffvapestore.com\/pl\/wp-json\/wp\/v2\/media\/8440"}],"wp:attachment":[{"href":"https:\/\/puffvapestore.com\/pl\/wp-json\/wp\/v2\/media?parent=4171"}],"wp:term":[{"taxonomy":"product_brand","embeddable":true,"href":"https:\/\/puffvapestore.com\/pl\/wp-json\/wp\/v2\/product_brand?post=4171"},{"taxonomy":"product_cat","embeddable":true,"href":"https:\/\/puffvapestore.com\/pl\/wp-json\/wp\/v2\/product_cat?post=4171"},{"taxonomy":"product_tag","embeddable":true,"href":"https:\/\/puffvapestore.com\/pl\/wp-json\/wp\/v2\/product_tag?post=4171"}],"curies":[{"name":"wp","href":"https:\/\/api.w.org\/{rel}","templated":true}]}}