{"id":4073,"date":"2025-07-01T04:53:39","date_gmt":"2025-07-01T04:53:39","guid":{"rendered":"https:\/\/puffvapestore.com\/?post_type=product&#038;p=4073"},"modified":"2026-01-19T10:36:50","modified_gmt":"2026-01-19T10:36:50","slug":"randm-tornado-20000-30-saveurs","status":"publish","type":"product","link":"https:\/\/puffvapestore.com\/pl\/product\/randm-tornado-20000-30-smakow\/","title":{"rendered":"RandM Tornado 20000 : 39 smak\u00f3w, 2 tryby, bateria 850 mAh"},"content":{"rendered":"<div data-elementor-type=\"wp-post\" data-elementor-id=\"4073\" class=\"elementor elementor-4073\">\n\t\t\t\t<div class=\"elementor-element elementor-element-718b380 e-flex e-con-boxed e-con e-parent\" data-id=\"718b380\" data-element_type=\"container\" data-e-type=\"container\">\n\t\t\t\t\t<div class=\"e-con-inner\">\n\t\t\t\t<div class=\"elementor-element elementor-element-d2cc8fa elementor-widget elementor-widget-text-editor\" data-id=\"d2cc8fa\" data-element_type=\"widget\" data-e-type=\"widget\" data-widget_type=\"text-editor.default\">\n\t\t\t\t<div class=\"elementor-widget-container\">\n\t\t\t\t\t\t\t\t\t<h2>20 000 zaci\u0105gni\u0119\u0107 przy d\u0142ugotrwa\u0142ym u\u017cytkowaniu<\/h2><p>Model RandM Tornado 20000 jest zaprogramowany na 20 000 u\u017cy\u0107, czyli znacznie wi\u0119cej ni\u017c konwencjonalne jednorazowe papierosy elektroniczne. Zaspokaja potrzeb\u0119 d\u0142ugotrwa\u0142ego u\u017cytkowania bez konieczno\u015bci cz\u0119stej wymiany urz\u0105dzenia, dzi\u0119ki czemu jest szczeg\u00f3lnie odpowiedni dla intensywnych u\u017cytkownik\u00f3w lub d\u0142ugich podr\u00f3\u017cy.<\/p><h2>D\u0142uga \u017cywotno\u015b\u0107 baterii i wygodne \u0142adowanie<\/h2><p>Wbudowany akumulator litowy o du\u017cej pojemno\u015bci 850 mAh, kompatybilny z szybkim \u0142adowaniem USB-C, zapewnia bardziej wydajne i stabilne \u0142adowanie. Zapewnia wyd\u0142u\u017con\u0105 autonomi\u0119 nawet podczas intensywnego u\u017cytkowania, dzi\u0119ki czemu mo\u017cna w pe\u0142ni wykorzysta\u0107 znajduj\u0105cy si\u0119 w \u015brodku e-liquid.<\/p><h2>Du\u017ca rezerwa e-cieczy<\/h2><p>Model RandM Tornado 20000 jest fabrycznie wyposa\u017cony w 20 ml wysokiej jako\u015bci e-liquidu, oferuj\u0105cego st\u0119\u017cenie nikotyny 2 % lub 5 %, aby zaspokoi\u0107 gusta i potrzeby ka\u017cdego u\u017cytkownika. Wysokiej jako\u015bci formu\u0142a e-liquidu zapewnia czysty, bogaty smak przy ka\u017cdym zaci\u0105gni\u0119ciu, zapewniaj\u0105c p\u0142ynne i satysfakcjonuj\u0105ce wra\u017cenia z palenia.<\/p><h2>Podw\u00f3jny op\u00f3r siatki i regulowany przep\u0142yw powietrza<\/h2><p>Zastosowanie zaawansowanej technologii podw\u00f3jnego oporu siatki znacznie poprawia wydajno\u015b\u0107 ogrzewania i g\u0119sto\u015b\u0107 dymu, zapewniaj\u0105c g\u0142adszy i bardziej intensywny smak. Dzi\u0119ki wbudowanemu regulowanemu systemowi oporu, u\u017cytkownicy mog\u0105 prze\u0142\u0105cza\u0107 si\u0119 mi\u0119dzy trybami pojedynczego i podw\u00f3jnego oporu zgodnie z w\u0142asnymi preferencjami i swobodnie regulowa\u0107 mi\u0119dzy lekkim i silnym ssaniem. Op\u00f3r mo\u017cna \u0142atwo zmieni\u0107 na ekranie dotykowym.<\/p><h2>Inteligentny wy\u015bwietlacz LED<\/h2><p>Model RandM Tornado 20000 jest wyposa\u017cony w inteligentny wy\u015bwietlacz LED, kt\u00f3ry pokazuje poziom na\u0142adowania baterii i pozosta\u0142y poziom e-cieczy w czasie rzeczywistym. Oznacza to, \u017ce mo\u017cesz monitorowa\u0107 stan swojego urz\u0105dzenia przez ca\u0142y czas, unikaj\u0105c awarii zasilania lub wyczerpania e-liquidu. Intuicyjna konstrukcja sprawia, \u017ce urz\u0105dzenie jest \u0142atwe w obs\u0142udze nawet dla pocz\u0105tkuj\u0105cych u\u017cytkownik\u00f3w.<\/p><h2>Nowoczesna, przeno\u015bna konstrukcja<\/h2><p>Elegancki, nowoczesny design i lekkie, \u0142atwe do przenoszenia etui z \u0142atwo\u015bci\u0105 mieszcz\u0105 si\u0119 w kieszeni lub torbie, dzi\u0119ki czemu idealnie nadaj\u0105 si\u0119 do codziennego u\u017cytku, podr\u00f3\u017cy lub wieczornych wyj\u015b\u0107. Bogata kolorystyka i elegancki design podkre\u015blaj\u0105 jego wyj\u0105tkowy styl.<\/p><h2>Gotowy do u\u017cycia zaraz po wyj\u0119ciu z pude\u0142ka, nie wymaga konserwacji<\/h2><p>Nie trzeba dodawa\u0107 e-cieczy, wymienia\u0107 rdzenia atomizera ani go czy\u015bci\u0107; nie wymaga konserwacji. Jest gotowy do u\u017cycia od razu po wyj\u0119ciu z pude\u0142ka, a jego automatyczna aktywacja zaci\u0105gni\u0119cia upraszcza i przyspiesza proces, dzi\u0119ki czemu jest idealny dla pocz\u0105tkuj\u0105cych lub u\u017cytkownik\u00f3w szukaj\u0105cych alternatywy dla tradycyjnych papieros\u00f3w.<\/p>\t\t\t\t\t\t\t\t<\/div>\n\t\t\t\t<\/div>\n\t\t\t\t\t<\/div>\n\t\t\t\t<\/div>\n\t\t<div class=\"elementor-element elementor-element-08c26f9 e-flex e-con-boxed e-con e-parent\" data-id=\"08c26f9\" data-element_type=\"container\" data-e-type=\"container\">\n\t\t\t\t\t<div class=\"e-con-inner\">\n\t\t\t\t<div class=\"elementor-element elementor-element-a005a97 elementor-widget elementor-widget-text-editor\" data-id=\"a005a97\" data-element_type=\"widget\" data-e-type=\"widget\" data-widget_type=\"text-editor.default\">\n\t\t\t\t<div class=\"elementor-widget-container\">\n\t\t\t\t\t\t\t\t\t<h2>RandM Tornado 20000 oferuje r\u00f3\u017cnorodne smaki<\/h2><p>RandM Tornado 20000 oferuje r\u00f3\u017cnorodne smaki, od \u015bwie\u017cych owoc\u00f3w po s\u0142odycze i kreatywne napoje, ze s\u0142odkimi, cierpkimi i orze\u017awiaj\u0105cymi smakami, aby zaspokoi\u0107 szerok\u0105 gam\u0119 smak\u00f3w. Jest idealny do codziennego u\u017cytku lub odkrywania nowych do\u015bwiadcze\u0144.<\/p><p>Owocowe aromaty s\u0105 na pierwszym planie, z prostymi smakami, takimi jak \u00abCherry\u00bb i \u00abIced Watermelon\u00bb, a tak\u017ce z\u0142o\u017conymi smakami, takimi jak \u00abStrawberry-Kiwi\u00bb, \u00abPeach-Mango-Watermelon\u00bb i \u00abKiwi-Passionfruit-Guava\u00bb, z ich bogatymi niuansami. Orze\u017awiaj\u0105ca \u00abLemoniada og\u00f3rkowa\u00bb i s\u0142odko-gorzki \u00abZielone jab\u0142ko ananasowo-cytrynowe\u00bb oferuj\u0105 jeszcze bardziej oryginalne po\u0142\u0105czenie.<\/p><p>Smaki cukierk\u00f3w i deser\u00f3w, takie jak \u00abCotton Candy\u00bb, \u00abJelly Beans\u00bb, \u00abSkittles\u00bb i \u00abBanana Cake\u00bb oferuj\u0105 s\u0142odkie i nostalgiczne doznania. Glace Fraise\u00ab i \u00bbBlue Razz\u00ab \u0142\u0105cz\u0105 mleczne i owocowe smaki, podczas gdy \u00bbBonbons Myrtille Framboise\u00ab i \u00bbCola Cerise\u00ab odtwarzaj\u0105 przyjemno\u015b\u0107 klasycznych drink\u00f3w.<\/p><p>Co wi\u0119cej, mro\u017cone linie, takie jak \u00abGlace Poire\u00bb i \u00abGlace Fraise Framboise Cerise\u00bb, dodaj\u0105 odrobiny \u015bwie\u017co\u015bci, podczas gdy tropikalne smaki, takie jak \u00abLitchi Hami Melon\u00bb i \u00abPina Colada\u00bb, oferuj\u0105 \u015bwi\u0105teczn\u0105 uczt\u0119.<\/p>\t\t\t\t\t\t\t\t<\/div>\n\t\t\t\t<\/div>\n\t\t\t\t\t<\/div>\n\t\t\t\t<\/div>\n\t\t\t\t<\/div>","protected":false},"excerpt":{"rendered":"<p>20000 bouff\u00e9es pour une utilisation longue dur\u00e9e La RandM Tornado 20000 est pr\u00e9r\u00e9gl\u00e9e pour une autonomie allant jusqu&rsquo;\u00e0 20000 utilisations, bien sup\u00e9rieure \u00e0 celle des cigarettes \u00e9lectroniques jetables classiques. Elle r\u00e9pond aux besoins d&rsquo;une utilisation longue dur\u00e9e sans remplacement fr\u00e9quent de l&rsquo;appareil, particuli\u00e8rement adapt\u00e9e aux utilisateurs intensifs ou aux longs voyages. Autonomie \u00e9lev\u00e9e et chargement [&hellip;]<\/p>\n","protected":false},"featured_media":4000,"comment_status":"open","ping_status":"closed","template":"","meta":{"site-sidebar-layout":"no-sidebar","site-content-layout":"page-builder","ast-site-content-layout":"normal-width-container","site-content-style":"default","site-sidebar-style":"default","ast-global-header-display":"","ast-banner-title-visibility":"","ast-main-header-display":"","ast-hfb-above-header-display":"","ast-hfb-below-header-display":"","ast-hfb-mobile-header-display":"","site-post-title":"disabled","ast-breadcrumbs-content":"","ast-featured-img":"disabled","footer-sml-layout":"","ast-disable-related-posts":"","theme-transparent-header-meta":"default","adv-header-id-meta":"","stick-header-meta":"default","header-above-stick-meta":"","header-main-stick-meta":"","header-below-stick-meta":"","astra-migrate-meta-layouts":"set","ast-page-background-enabled":"default","ast-page-background-meta":{"desktop":{"background-color":"","background-image":"","background-repeat":"repeat","background-position":"center center","background-size":"auto","background-attachment":"scroll","background-type":"","background-media":"","overlay-type":"","overlay-color":"","overlay-opacity":"","overlay-gradient":""},"tablet":{"background-color":"","background-image":"","background-repeat":"repeat","background-position":"center center","background-size":"auto","background-attachment":"scroll","background-type":"","background-media":"","overlay-type":"","overlay-color":"","overlay-opacity":"","overlay-gradient":""},"mobile":{"background-color":"","background-image":"","background-repeat":"repeat","background-position":"center center","background-size":"auto","background-attachment":"scroll","background-type":"","background-media":"","overlay-type":"","overlay-color":"","overlay-opacity":"","overlay-gradient":""}},"ast-content-background-meta":{"desktop":{"background-color":"var(--ast-global-color-5)","background-image":"","background-repeat":"repeat","background-position":"center center","background-size":"auto","background-attachment":"scroll","background-type":"","background-media":"","overlay-type":"","overlay-color":"","overlay-opacity":"","overlay-gradient":""},"tablet":{"background-color":"var(--ast-global-color-5)","background-image":"","background-repeat":"repeat","background-position":"center center","background-size":"auto","background-attachment":"scroll","background-type":"","background-media":"","overlay-type":"","overlay-color":"","overlay-opacity":"","overlay-gradient":""},"mobile":{"background-color":"var(--ast-global-color-5)","background-image":"","background-repeat":"repeat","background-position":"center center","background-size":"auto","background-attachment":"scroll","background-type":"","background-media":"","overlay-type":"","overlay-color":"","overlay-opacity":"","overlay-gradient":""}}},"product_brand":[42],"product_cat":[46,85,77,15],"product_tag":[],"class_list":{"0":"post-4073","1":"product","2":"type-product","3":"status-publish","4":"has-post-thumbnail","6":"product_brand-randm-tornado","7":"product_cat-randm-tornado-20000-performances-fiables","8":"product_cat-puff-20k","9":"product_cat-entrepot-de-lue","10":"product_cat-magasin-cigarette-electronique","11":"desktop-align-center","12":"tablet-align-center","13":"mobile-align-center","14":"ast-product-gallery-layout-horizontal","15":"ast-product-single-variable","16":"ast-product-tabs-layout-horizontal","17":"ast-qv-on-image","19":"first","20":"instock","21":"sale","22":"shipping-taxable","23":"purchasable","24":"product-type-variable","25":"has-default-attributes"},"tiered_pricing_type":"fixed","tiered_pricing_fixed_rules":{"30":10.37,"60":9.19,"100":7.85,"200":7.69,"500":7.19,"1000":7.09},"tiered_pricing_product_settings":{"layout":"default","base_unit_name":{"singular":null,"plural":null},"default_variation":null},"tiered_pricing_minimum_quantity":null,"tiered_pricing_roles_data":[],"tiered_pricing_percentage_rules":[],"_links":{"self":[{"href":"https:\/\/puffvapestore.com\/pl\/wp-json\/wp\/v2\/product\/4073","targetHints":{"allow":["GET"]}}],"collection":[{"href":"https:\/\/puffvapestore.com\/pl\/wp-json\/wp\/v2\/product"}],"about":[{"href":"https:\/\/puffvapestore.com\/pl\/wp-json\/wp\/v2\/types\/product"}],"replies":[{"embeddable":true,"href":"https:\/\/puffvapestore.com\/pl\/wp-json\/wp\/v2\/comments?post=4073"}],"version-history":[{"count":10,"href":"https:\/\/puffvapestore.com\/pl\/wp-json\/wp\/v2\/product\/4073\/revisions"}],"predecessor-version":[{"id":13875,"href":"https:\/\/puffvapestore.com\/pl\/wp-json\/wp\/v2\/product\/4073\/revisions\/13875"}],"wp:featuredmedia":[{"embeddable":true,"href":"https:\/\/puffvapestore.com\/pl\/wp-json\/wp\/v2\/media\/4000"}],"wp:attachment":[{"href":"https:\/\/puffvapestore.com\/pl\/wp-json\/wp\/v2\/media?parent=4073"}],"wp:term":[{"taxonomy":"product_brand","embeddable":true,"href":"https:\/\/puffvapestore.com\/pl\/wp-json\/wp\/v2\/product_brand?post=4073"},{"taxonomy":"product_cat","embeddable":true,"href":"https:\/\/puffvapestore.com\/pl\/wp-json\/wp\/v2\/product_cat?post=4073"},{"taxonomy":"product_tag","embeddable":true,"href":"https:\/\/puffvapestore.com\/pl\/wp-json\/wp\/v2\/product_tag?post=4073"}],"curies":[{"name":"wp","href":"https:\/\/api.w.org\/{rel}","templated":true}]}}