{"id":3387,"date":"2025-06-29T03:01:09","date_gmt":"2025-06-29T03:01:09","guid":{"rendered":"https:\/\/puffvapestore.com\/?post_type=product&#038;p=3387"},"modified":"2026-01-19T10:54:04","modified_gmt":"2026-01-19T10:54:04","slug":"randm-tornado-9000-vimto","status":"publish","type":"product","link":"https:\/\/puffvapestore.com\/pl\/product\/randm-tornado-9000-vimto\/","title":{"rendered":"RandM Tornado 9000 - Vimto"},"content":{"rendered":"<div data-elementor-type=\"wp-post\" data-elementor-id=\"3387\" class=\"elementor elementor-3387\">\n\t\t\t\t<div class=\"elementor-element elementor-element-d3f3f97 e-flex e-con-boxed e-con e-parent\" data-id=\"d3f3f97\" data-element_type=\"container\" data-e-type=\"container\">\n\t\t\t\t\t<div class=\"e-con-inner\">\n\t\t\t\t<div class=\"elementor-element elementor-element-9600b1d elementor-widget elementor-widget-text-editor\" data-id=\"9600b1d\" data-element_type=\"widget\" data-e-type=\"widget\" data-widget_type=\"text-editor.default\">\n\t\t\t\t<div class=\"elementor-widget-container\">\n\t\t\t\t\t\t\t\t\t<h2>Smak : Vimto<\/h2><p>Vimto to klasyczny brytyjski nap\u00f3j bezalkoholowy, mieszany z czarnymi porzeczkami, winogronami i malinami. Smak Vimto w napoju RandM Tornado 9000 doskonale oddaje kultowy smak tego napoju, oferuj\u0105c s\u0142odko-kwa\u015bny smak bogatych jag\u00f3d i subtelne gazowane b\u0105belki.<\/p><ul><li><strong>Nuty g\u0142owy: Bogata eksplozja czarnych owoc\u00f3w<\/strong><br \/>Dominacja czarnej porzeczki: Od pierwszego pow\u0105chania, smak czarnej porzeczki jest w pe\u0142ni widoczny, ze s\u0142odko-kwa\u015bnym smakiem ciemnych jag\u00f3d przypominaj\u0105cym dojrza\u0142y d\u017cem z czarnej porzeczki, z lekk\u0105 dzik\u0105 kwasowo\u015bci\u0105. Okr\u0105g\u0142a s\u0142odycz czerwonych winogron \u0142agodzi \u017cywo\u015b\u0107 czarnej porzeczki i zapewnia \u0142agodn\u0105 baz\u0119, podobn\u0105 do skoncentrowanego soku winogronowego.<\/li><li><strong>Nuty serca: owocowo-malinowy aromat i nasycenie dwutlenkiem w\u0119gla.<\/strong><br \/>\u017bywa malinowa kwasowo\u015b\u0107: ponad bogat\u0105 baz\u0105 czarnej porzeczki i winogron, stopniowo wy\u0142ania si\u0119 owocowa kwasowo\u015b\u0107 malin, dodaj\u0105c odrobin\u0119 \u015bwie\u017cych czerwonych owoc\u00f3w, \u0142agodz\u0105c og\u00f3lny smak.<\/li><li><strong>Nuty bazy: posmak s\u0142odkiego d\u017cemu.<\/strong><br \/>Mi\u00f3d mieszany z jagodami: Pod koniec inhalacji smak stopniowo ewoluuje w kierunku naturalnej s\u0142odyczy dojrza\u0142ych jag\u00f3d, z lekkim uczuciem kandyzowania.<\/li><\/ul>\t\t\t\t\t\t\t\t<\/div>\n\t\t\t\t<\/div>\n\t\t\t\t\t<\/div>\n\t\t\t\t<\/div>\n\t\t<div class=\"elementor-element elementor-element-08c26f9 e-flex e-con-boxed e-con e-parent\" data-id=\"08c26f9\" data-element_type=\"container\" data-e-type=\"container\">\n\t\t\t\t\t<div class=\"e-con-inner\">\n\t\t\t\t<div class=\"elementor-element elementor-element-a005a97 elementor-widget elementor-widget-text-editor\" data-id=\"a005a97\" data-element_type=\"widget\" data-e-type=\"widget\" data-widget_type=\"text-editor.default\">\n\t\t\t\t<div class=\"elementor-widget-container\">\n\t\t\t\t\t\t\t\t\t<h2>RandM Tornado 9000 Vimto<\/h2><p>Elektroniczny papieros RandM Tornado 9000 Vimto oferuje do 9000 zaci\u0105gni\u0119\u0107 dla d\u0142ugotrwa\u0142ej przyjemno\u015bci. Jest on wyposa\u017cony w pot\u0119\u017cny akumulator o pojemno\u015bci 850 mAh i port szybkiego \u0142adowania USB-C do ci\u0105g\u0142ego u\u017cytkowania. Jego elegancka, ergonomiczna konstrukcja \u0142\u0105czy w sobie przeno\u015bno\u015b\u0107 i styl, co czyni go niezb\u0119dnym dla vaper\u00f3w poszukuj\u0105cych wydajno\u015bci i praktyczno\u015bci. Model Tornado 9000 Vimto jest wyposa\u017cony w zbiornik o pojemno\u015bci 18 ml, zapewniaj\u0105cy d\u0142ugotrwa\u0142y smak bez konieczno\u015bci cz\u0119stego uzupe\u0142niania. Zintegrowany rezystor siatkowy 0,8 ohm poprawia przep\u0142yw pary, zapewniaj\u0105c bogaty, kremowy smak przy ka\u017cdym zaci\u0105gni\u0119ciu.<\/p>\t\t\t\t\t\t\t\t<\/div>\n\t\t\t\t<\/div>\n\t\t\t\t\t<\/div>\n\t\t\t\t<\/div>\n\t\t<div class=\"elementor-element elementor-element-4ac287c e-flex e-con-boxed e-con e-parent\" data-id=\"4ac287c\" data-element_type=\"container\" data-e-type=\"container\">\n\t\t\t\t\t<div class=\"e-con-inner\">\n\t\t<div class=\"elementor-element elementor-element-bbd8e4a e-con-full e-flex e-con e-child\" data-id=\"bbd8e4a\" data-element_type=\"container\" data-e-type=\"container\">\n\t\t\t\t<div class=\"elementor-element elementor-element-0dc5338 elementor-widget elementor-widget-text-editor\" data-id=\"0dc5338\" data-element_type=\"widget\" data-e-type=\"widget\" data-widget_type=\"text-editor.default\">\n\t\t\t\t<div class=\"elementor-widget-container\">\n\t\t\t\t\t\t\t\t\t<h2>Cechy RandM Tornado 9K Vimto:<\/h2><ul><li>Pojemno\u015b\u0107 zaci\u0105gni\u0119cia : Do 9000 zaci\u0105gni\u0119\u0107, idealny do d\u0142ugotrwa\u0142ego u\u017cytkowania.<\/li><li>Bateria: Akumulator o pojemno\u015bci 850 mAh z funkcj\u0105 \u0142adowania typu C dla szybkiego i wydajnego \u0142adowania.<\/li><li>E-liquid: Wst\u0119pnie nape\u0142niony 18 ml e-liquidu o st\u0119\u017ceniu nikotyny 2% lub opcjonalnie 5%.<\/li><li>Technologia: Wykorzystuje zaawansowane rezystory siatkowe zapewniaj\u0105ce delikatn\u0105, r\u00f3wnomiern\u0105 par\u0119 i intensywny smak.<\/li><li>Konstrukcja: Ma\u0142y i lekki, elegancki i atrakcyjny, wyposa\u017cony w jasne diody LED RGB zapewniaj\u0105ce doskona\u0142e efekty wizualne. Nie s\u0105 wymagane \u017cadne przyciski: wystarczy wdycha\u0107, aby rozpocz\u0105\u0107, co jest przydatne dla pocz\u0105tkuj\u0105cych.<\/li><\/ul>\t\t\t\t\t\t\t\t<\/div>\n\t\t\t\t<\/div>\n\t\t\t\t<\/div>\n\t\t<div class=\"elementor-element elementor-element-8e0e87d e-con-full e-flex e-con e-child\" data-id=\"8e0e87d\" data-element_type=\"container\" data-e-type=\"container\">\n\t\t\t\t<div class=\"elementor-element elementor-element-63d978d elementor-widget elementor-widget-image-gallery\" data-id=\"63d978d\" data-element_type=\"widget\" data-e-type=\"widget\" data-widget_type=\"image-gallery.default\">\n\t\t\t\t<div class=\"elementor-widget-container\">\n\t\t\t\t\t\t\t<div class=\"elementor-image-gallery\">\n\t\t\t<div id='gallery-1' class='gallery galleryid-3387 gallery-columns-1 gallery-size-medium_large'><figure class='gallery-item'>\n\t\t\t<div class='gallery-icon landscape'>\n\t\t\t\t<img fetchpriority=\"high\" decoding=\"async\" width=\"768\" height=\"768\" src=\"https:\/\/puffvapestore.com\/wp-content\/uploads\/2025\/06\/randm-tornado-vape-9000-vimto-pvafrt9000-768x768.jpg\" class=\"attachment-medium_large size-medium_large\" alt=\"randm tornado 9000 vimto\" aria-describedby=\"gallery-1-3185\" srcset=\"https:\/\/puffvapestore.com\/wp-content\/uploads\/2025\/06\/randm-tornado-vape-9000-vimto-pvafrt9000-768x768.jpg 768w, https:\/\/puffvapestore.com\/wp-content\/uploads\/2025\/06\/randm-tornado-vape-9000-vimto-pvafrt9000-300x300.jpg 300w, https:\/\/puffvapestore.com\/wp-content\/uploads\/2025\/06\/randm-tornado-vape-9000-vimto-pvafrt9000-150x150.jpg 150w, https:\/\/puffvapestore.com\/wp-content\/uploads\/2025\/06\/randm-tornado-vape-9000-vimto-pvafrt9000-600x600.jpg 600w, https:\/\/puffvapestore.com\/wp-content\/uploads\/2025\/06\/randm-tornado-vape-9000-vimto-pvafrt9000-100x100.jpg 100w, https:\/\/puffvapestore.com\/wp-content\/uploads\/2025\/06\/randm-tornado-vape-9000-vimto-pvafrt9000.jpg 1016w\" sizes=\"(max-width: 768px) 100vw, 768px\" \/>\n\t\t\t<\/div>\n\t\t\t\t<figcaption class='wp-caption-text gallery-caption' id='gallery-1-3185'>\n\t\t\t\trandm tornado 9000 vimto\n\t\t\t\t<\/figcaption><\/figure>\n\t\t<\/div>\n\t\t<\/div>\n\t\t\t\t\t\t<\/div>\n\t\t\t\t<\/div>\n\t\t\t\t<\/div>\n\t\t\t\t\t<\/div>\n\t\t\t\t<\/div>\n\t\t<div class=\"elementor-element elementor-element-718b380 e-flex e-con-boxed e-con e-parent\" data-id=\"718b380\" data-element_type=\"container\" data-e-type=\"container\">\n\t\t\t\t\t<div class=\"e-con-inner\">\n\t\t\t\t<div class=\"elementor-element elementor-element-d2cc8fa elementor-widget elementor-widget-text-editor\" data-id=\"d2cc8fa\" data-element_type=\"widget\" data-e-type=\"widget\" data-widget_type=\"text-editor.default\">\n\t\t\t\t<div class=\"elementor-widget-container\">\n\t\t\t\t\t\t\t\t\t<h3>Czy \u017cywotno\u015b\u0107 baterii modelu RandM Tornado 9000 jest wystarczaj\u0105ca do korzystania z 18 ml e-liquidu?<\/h3><p>Tak, jak najbardziej. Elektroniczny papieros RandM Tornado 9000 posiada wbudowan\u0105 bateri\u0119 o pojemno\u015bci 850 mAh. Ta niewielka bateria litowo-jonowa zapewnia zazwyczaj od 300 do 500 pe\u0142nych cykli \u0142adowania i roz\u0142adowania. Aby wypali\u0107 18 ml e-liquidu i uzyska\u0107 9000 zaci\u0105gni\u0119\u0107, przy \u015brednio 600 zaci\u0105gni\u0119ciach na jedno \u0142adowanie, potrzeba tylko oko\u0142o 15 pe\u0142nych \u0142adowa\u0144. Jest to czas wystarczaj\u0105cy do utrzymania \u017cywotno\u015bci akumulatora litowo-jonowego, a jego pojemno\u015b\u0107 cykliczna jest wystarczaj\u0105ca do pokrycia ilo\u015bci u\u017cywanego e-cieczy. Co wi\u0119cej, produkt obs\u0142uguje szybkie \u0142adowanie USB typu C, dzi\u0119ki czemu jest \u0142atwy w u\u017cyciu.<\/p><p>Model RandM Tornado 9000 jest wyposa\u017cony w akumulator litowo-jonowy o pojemno\u015bci 850 mAh i obs\u0142uguje szybkie \u0142adowanie typu C. Chocia\u017c RandM Tornado 9000 jest wyposa\u017cony w akumulator o pojemno\u015bci 850 mAh, pojemno\u015b\u0107 pojedynczego pe\u0142nego na\u0142adowania pozwala tylko na oko\u0142o 200 do 1000 zaci\u0105gni\u0119\u0107, w zale\u017cno\u015bci od czasu trwania i intensywno\u015bci ka\u017cdego zaci\u0105gni\u0119cia (lekka lub g\u0142\u0119boka inhalacja). Tak wi\u0119c, pod wzgl\u0119dem autonomii, pojemno\u015b\u0107 pojedynczego \u0142adowania jest oczywi\u015bcie niewystarczaj\u0105ca do wykonania 9000 zaci\u0105gni\u0119\u0107 lub zu\u017cycia wszystkich 18 ml e-cieczy za jednym razem. Nie jest to jednak wada konstrukcyjna, ale raczej strategia RandM dotycz\u0105ca segmentacji \u017cywotno\u015bci baterii: kilka cykli \u0142adowania umo\u017cliwia zaspokojenie potrzeb zwi\u0105zanych z konsumpcj\u0105 e-cieczy przez ca\u0142y cykl \u017cycia.<\/p><h3>Czy smak RandM Tornado 9000 z czasem zanika?<\/h3><p>Smak RandM Tornado 9000 nie zanika z up\u0142ywem czasu.<\/p><p>Model RandM Tornado 9000 wyposa\u017cony jest w zaawansowany atomizer siatkowy 0,8 ohm i du\u017c\u0105 pojemno\u015b\u0107 18 ml e-liquidu. Jedn\u0105 z jego kluczowych zalet jest sp\u00f3jno\u015b\u0107 smaku przez ca\u0142y cykl u\u017cytkowania. Technologia ta gwarantuje optymaln\u0105 r\u00f3wnowag\u0119 mi\u0119dzy ilo\u015bci\u0105 dymu i smakiem ka\u017cdego zaci\u0105gni\u0119cia, unikaj\u0105c zjawiska wysokiej intensywno\u015bci na pocz\u0105tku waporyzacji i t\u0142umienia w \u015brodku i pod koniec waporyzacji tradycyjnych papieros\u00f3w elektronicznych.<\/p><p>Chocia\u017c technologia urz\u0105dzenia zapewnia stabiln\u0105 wydajno\u015b\u0107, na rzeczywiste doznania smakowe wp\u0142ywa r\u00f3wnie\u017c wra\u017cliwo\u015b\u0107 smakowa u\u017cytkownika. Na przyk\u0142ad, niekt\u00f3re smaki \u00abICE\u00bb, takie jak \u00abICE Mango\u00bb i \u00abICE Watermelon\u00bb, daj\u0105 subiektywne wra\u017cenie \u00abzwi\u0119kszonej \u015bwie\u017co\u015bci i zmniejszonej owocowo\u015bci\u00bb po d\u0142u\u017cszym u\u017cytkowaniu. Nale\u017cy zauwa\u017cy\u0107, \u017ce zmiana ta cz\u0119sto nie jest spowodowana wydajno\u015bci\u0105 urz\u0105dzenia, ale mo\u017ce by\u0107 z\u0142udzeniem sensorycznym spowodowanym zm\u0119czeniem smakiem. D\u0142ugotrwa\u0142e korzystanie z tego samego smaku prowadzi do stopniowej adaptacji smaku do okre\u015blonych sk\u0142adnik\u00f3w, daj\u0105c \u00abmniej intensywne\u00bb doznania.<\/p><p>Je\u015bli czujesz, \u017ce smak sta\u0142 si\u0119 l\u017cejszy, najpierw sprawd\u017a, czy bateria i e-liquid si\u0119 wyczerpa\u0142y. Nast\u0119pnie mo\u017cesz wypr\u00f3bowa\u0107 inne smaki, aby zmniejszy\u0107 zm\u0119czenie smakiem. Na przyk\u0142ad naprzemienne stosowanie smaku \u00abICE\u00bb z \u0142agodniejszymi smakami, takimi jak \u00abmango\u00bb i \u00abkantalupa\u00bb, mo\u017ce pom\u00f3c przywr\u00f3ci\u0107 z\u0142o\u017con\u0105 tekstur\u0119 smaku.<\/p>\t\t\t\t\t\t\t\t<\/div>\n\t\t\t\t<\/div>\n\t\t\t\t\t<\/div>\n\t\t\t\t<\/div>\n\t\t\t\t<\/div>","protected":false},"excerpt":{"rendered":"<p>Go\u00fbt\u00a0: Vimto Le Vimto est une boisson gazeuse britannique classique, m\u00e9lang\u00e9e \u00e0 du cassis, du raisin et des framboises. L&rsquo;ar\u00f4me Vimto du RandM Tornado 9000 restitue parfaitement la saveur embl\u00e9matique de cette boisson, offrant le go\u00fbt aigre-doux de baies riches et de subtiles bulles gazeuses. Note de t\u00eate\u00a0: Riche explosion de fruits noirsDominance de cassis\u00a0: [&hellip;]<\/p>\n","protected":false},"featured_media":3185,"comment_status":"open","ping_status":"closed","template":"","meta":{"site-sidebar-layout":"no-sidebar","site-content-layout":"page-builder","ast-site-content-layout":"normal-width-container","site-content-style":"default","site-sidebar-style":"default","ast-global-header-display":"","ast-banner-title-visibility":"","ast-main-header-display":"","ast-hfb-above-header-display":"","ast-hfb-below-header-display":"","ast-hfb-mobile-header-display":"","site-post-title":"disabled","ast-breadcrumbs-content":"","ast-featured-img":"disabled","footer-sml-layout":"","ast-disable-related-posts":"","theme-transparent-header-meta":"default","adv-header-id-meta":"","stick-header-meta":"default","header-above-stick-meta":"","header-main-stick-meta":"","header-below-stick-meta":"","astra-migrate-meta-layouts":"set","ast-page-background-enabled":"default","ast-page-background-meta":{"desktop":{"background-color":"","background-image":"","background-repeat":"repeat","background-position":"center center","background-size":"auto","background-attachment":"scroll","background-type":"","background-media":"","overlay-type":"","overlay-color":"","overlay-opacity":"","overlay-gradient":""},"tablet":{"background-color":"","background-image":"","background-repeat":"repeat","background-position":"center center","background-size":"auto","background-attachment":"scroll","background-type":"","background-media":"","overlay-type":"","overlay-color":"","overlay-opacity":"","overlay-gradient":""},"mobile":{"background-color":"","background-image":"","background-repeat":"repeat","background-position":"center center","background-size":"auto","background-attachment":"scroll","background-type":"","background-media":"","overlay-type":"","overlay-color":"","overlay-opacity":"","overlay-gradient":""}},"ast-content-background-meta":{"desktop":{"background-color":"var(--ast-global-color-5)","background-image":"","background-repeat":"repeat","background-position":"center center","background-size":"auto","background-attachment":"scroll","background-type":"","background-media":"","overlay-type":"","overlay-color":"","overlay-opacity":"","overlay-gradient":""},"tablet":{"background-color":"var(--ast-global-color-5)","background-image":"","background-repeat":"repeat","background-position":"center center","background-size":"auto","background-attachment":"scroll","background-type":"","background-media":"","overlay-type":"","overlay-color":"","overlay-opacity":"","overlay-gradient":""},"mobile":{"background-color":"var(--ast-global-color-5)","background-image":"","background-repeat":"repeat","background-position":"center center","background-size":"auto","background-attachment":"scroll","background-type":"","background-media":"","overlay-type":"","overlay-color":"","overlay-opacity":"","overlay-gradient":""}}},"product_brand":[42],"product_cat":[43,78,15],"product_tag":[],"class_list":{"0":"post-3387","1":"product","2":"type-product","3":"status-publish","4":"has-post-thumbnail","6":"product_brand-randm-tornado","7":"product_cat-randm-tornado-9000","8":"product_cat-puff-9k","9":"product_cat-magasin-cigarette-electronique","10":"desktop-align-center","11":"tablet-align-center","12":"mobile-align-center","13":"ast-product-gallery-layout-horizontal","14":"ast-product-gallery-with-no-image","15":"ast-product-single-variable","16":"ast-product-tabs-layout-horizontal","17":"ast-qv-on-image","19":"first","20":"outofstock","21":"sale","22":"shipping-taxable","23":"purchasable","24":"product-type-variable","25":"has-default-attributes"},"tiered_pricing_type":"fixed","tiered_pricing_fixed_rules":{"30":8.58,"60":8.13,"100":7.61,"200":7.12,"400":6.86},"tiered_pricing_product_settings":{"layout":"default","base_unit_name":{"singular":null,"plural":null},"default_variation":null},"tiered_pricing_minimum_quantity":null,"tiered_pricing_roles_data":[],"tiered_pricing_percentage_rules":[],"_links":{"self":[{"href":"https:\/\/puffvapestore.com\/pl\/wp-json\/wp\/v2\/product\/3387","targetHints":{"allow":["GET"]}}],"collection":[{"href":"https:\/\/puffvapestore.com\/pl\/wp-json\/wp\/v2\/product"}],"about":[{"href":"https:\/\/puffvapestore.com\/pl\/wp-json\/wp\/v2\/types\/product"}],"replies":[{"embeddable":true,"href":"https:\/\/puffvapestore.com\/pl\/wp-json\/wp\/v2\/comments?post=3387"}],"version-history":[{"count":7,"href":"https:\/\/puffvapestore.com\/pl\/wp-json\/wp\/v2\/product\/3387\/revisions"}],"predecessor-version":[{"id":3999,"href":"https:\/\/puffvapestore.com\/pl\/wp-json\/wp\/v2\/product\/3387\/revisions\/3999"}],"wp:featuredmedia":[{"embeddable":true,"href":"https:\/\/puffvapestore.com\/pl\/wp-json\/wp\/v2\/media\/3185"}],"wp:attachment":[{"href":"https:\/\/puffvapestore.com\/pl\/wp-json\/wp\/v2\/media?parent=3387"}],"wp:term":[{"taxonomy":"product_brand","embeddable":true,"href":"https:\/\/puffvapestore.com\/pl\/wp-json\/wp\/v2\/product_brand?post=3387"},{"taxonomy":"product_cat","embeddable":true,"href":"https:\/\/puffvapestore.com\/pl\/wp-json\/wp\/v2\/product_cat?post=3387"},{"taxonomy":"product_tag","embeddable":true,"href":"https:\/\/puffvapestore.com\/pl\/wp-json\/wp\/v2\/product_tag?post=3387"}],"curies":[{"name":"wp","href":"https:\/\/api.w.org\/{rel}","templated":true}]}}